{"id":121,"date":"2025-09-24T10:22:10","date_gmt":"2025-09-24T08:22:10","guid":{"rendered":"https:\/\/www.dopravnipodnikhk.cz\/?page_id=121"},"modified":"2026-03-17T09:15:27","modified_gmt":"2026-03-17T08:15:27","slug":"dopravak","status":"publish","type":"page","link":"https:\/\/dpmhk.cz\/cz\/o-nas\/dopravak\/","title":{"rendered":"\u010casopis Doprav\u00e1k"},"content":{"rendered":"\t\t<div data-elementor-type=\"wp-page\" data-elementor-id=\"121\" class=\"elementor elementor-121\" wpc-filter-elementor-widget=\"1\" data-elementor-post-type=\"page\">\n\t\t\t\t<div class=\"elementor-element elementor-element-3d5e626 e-flex e-con-boxed e-con e-parent\" data-id=\"3d5e626\" data-element_type=\"container\" data-e-type=\"container\">\n\t\t\t\t\t<div class=\"e-con-inner\">\n\t\t\t\t<div class=\"elementor-element elementor-element-109bfea elementor-widget elementor-widget-breadcrumbs\" data-id=\"109bfea\" data-element_type=\"widget\" data-e-type=\"widget\" data-widget_type=\"breadcrumbs.default\">\n\t\t\t\t<div class=\"elementor-widget-container\">\n\t\t\t\t\t<p id=\"breadcrumbs\"><span><span><a href=\"https:\/\/www.dpmhk.cz\/cz\/\"><span class=\"fa fa-home\" aria-hidden=\"true\"><\/span><span class=\"screen-reader-text\">Dom\u016f<\/span><\/a><\/span><\/span><\/p>\t\t\t\t<\/div>\n\t\t\t\t<\/div>\n\t\t\t\t<div class=\"elementor-element elementor-element-9dbb74b elementor-widget elementor-widget-heading\" data-id=\"9dbb74b\" data-element_type=\"widget\" data-e-type=\"widget\" data-widget_type=\"heading.default\">\n\t\t\t\t<div class=\"elementor-widget-container\">\n\t\t\t\t\t<h1 class=\"elementor-heading-title elementor-size-default\">\u010casopis Doprav\u00e1k<\/h1>\t\t\t\t<\/div>\n\t\t\t\t<\/div>\n\t\t\t\t<div class=\"elementor-element elementor-element-f797506 elementor-widget elementor-widget-heading\" data-id=\"f797506\" data-element_type=\"widget\" data-e-type=\"widget\" data-widget_type=\"heading.default\">\n\t\t\t\t<div class=\"elementor-widget-container\">\n\t\t\t\t\t<h2 class=\"elementor-heading-title elementor-size-default\">Zpravodaj dopravn\u00edho podniku vych\u00e1z\u00ed ka\u017ed\u00e9 dva m\u011bs\u00edce<\/h2>\t\t\t\t<\/div>\n\t\t\t\t<\/div>\n\t\t\t\t<div class=\"elementor-element elementor-element-251b50b elementor-widget elementor-widget-text-editor\" data-id=\"251b50b\" data-element_type=\"widget\" data-e-type=\"widget\" data-widget_type=\"text-editor.default\">\n\t\t\t\t<div class=\"elementor-widget-container\">\n\t\t\t\t\t\t\t\t\t<p>Zpravodaj Doprav\u00e1k vych\u00e1z\u00ed v dopravn\u00edm podniku pro na\u0161e zam\u011bstnance ji\u017e od roku 2002.\u00a0<strong>Od jara 2025 nab\u00edz\u00edme tento \u010dasopis nov\u011b i pro ve\u0159ejnost, kterou chceme nechat v\u00edce nahl\u00e9dnout do d\u011bn\u00ed jedn\u00e9 z nejv\u011bt\u0161\u00edch organizac\u00ed v Hradci Kr\u00e1lov\u00e9.<\/strong>\u00a0\u010casopis vych\u00e1z\u00ed jednou za dva m\u011bs\u00edce. Aktu\u00e1ln\u00ed vyd\u00e1n\u00ed je k dispozici v na\u0161ich <a href=\"https:\/\/www.dpmhk.cz\/kontakty\/zakaznicka-centra-mhd\/\">z\u00e1kaznick\u00fdch centrech<\/a> a tak\u00e9 dal\u0161\u00edch distribu\u010dn\u00edch m\u00edstech po m\u011bst\u011b. Po\u010det v\u00fdtisk\u016f je omezen\u00fd. Ka\u017edop\u00e1dn\u011b zpravodaj nab\u00edz\u00edme tak\u00e9 v elektronick\u00e9 podob\u011b na na\u0161em webu.<\/p>\t\t\t\t\t\t\t\t<\/div>\n\t\t\t\t<\/div>\n\t\t\t\t\t<\/div>\n\t\t\t\t<\/div>\n\t\t<div class=\"elementor-element elementor-element-45a4581 e-flex e-con-boxed e-con e-parent\" data-id=\"45a4581\" data-element_type=\"container\" data-e-type=\"container\">\n\t\t\t\t\t<div class=\"e-con-inner\">\n\t\t\t\t<div class=\"elementor-element elementor-element-bbba27e elementor-widget elementor-widget-heading\" data-id=\"bbba27e\" data-element_type=\"widget\" data-e-type=\"widget\" data-widget_type=\"heading.default\">\n\t\t\t\t<div class=\"elementor-widget-container\">\n\t\t\t\t\t<h3 class=\"elementor-heading-title elementor-size-default\">Ro\u010dn\u00edk 2026<\/h3>\t\t\t\t<\/div>\n\t\t\t\t<\/div>\n\t\t\t\t<div class=\"elementor-element elementor-element-a593e3d elementor-widget elementor-widget-text-editor\" data-id=\"a593e3d\" data-element_type=\"widget\" data-e-type=\"widget\" data-widget_type=\"text-editor.default\">\n\t\t\t\t<div class=\"elementor-widget-container\">\n\t\t\t\t\t\t\t\t\t<p>Se\u0159azeno od nejnov\u011bj\u0161\u00edho vyd\u00e1n\u00ed<\/p>\t\t\t\t\t\t\t\t<\/div>\n\t\t\t\t<\/div>\n\t\t<div class=\"elementor-element elementor-element-2fa5edd e-con-full e-grid e-con e-child\" data-id=\"2fa5edd\" data-element_type=\"container\" data-e-type=\"container\">\n\t\t\t\t<div class=\"elementor-element elementor-element-5df7cff elementor-widget elementor-widget-shortcode\" data-id=\"5df7cff\" data-element_type=\"widget\" data-e-type=\"widget\" data-widget_type=\"shortcode.default\">\n\t\t\t\t<div class=\"elementor-widget-container\">\n\t\t\t\t\t\t\t<div class=\"elementor-shortcode\"><div class=\"_df_thumb \" id=\"df_21745\"  _slug=\"dopravak-1-2026\" data-title=\"dopravak-1-2026\" wpoptions=\"true\" thumb=\"https:\/\/www.dpmhk.cz\/wp-content\/uploads\/2026\/03\/Dopravak-1_2026_titul.jpg\" thumbtype=\"\" >Doprav\u00e1k 1\/2026<\/div><script class=\"df-shortcode-script\" nowprocket type=\"application\/javascript\">window.option_df_21745 = {\"outline\":[],\"autoEnableOutline\":\"false\",\"autoEnableThumbnail\":\"false\",\"overwritePDFOutline\":\"false\",\"direction\":\"1\",\"pageSize\":\"0\",\"source\":\"https:\\\/\\\/www.dpmhk.cz\\\/wp-content\\\/uploads\\\/2026\\\/03\\\/Dopravak-1_2026.pdf\",\"wpOptions\":\"true\"}; if(window.DFLIP && window.DFLIP.parseBooks){window.DFLIP.parseBooks();}<\/script><\/div>\n\t\t\t\t\t\t<\/div>\n\t\t\t\t<\/div>\n\t\t\t\t<\/div>\n\t\t\t\t\t<\/div>\n\t\t\t\t<\/div>\n\t\t<div class=\"elementor-element elementor-element-257bdcd e-flex e-con-boxed e-con e-parent\" data-id=\"257bdcd\" data-element_type=\"container\" data-e-type=\"container\">\n\t\t\t\t\t<div class=\"e-con-inner\">\n\t\t\t\t<div class=\"elementor-element elementor-element-a605a18 elementor-widget elementor-widget-heading\" data-id=\"a605a18\" data-element_type=\"widget\" data-e-type=\"widget\" data-widget_type=\"heading.default\">\n\t\t\t\t<div class=\"elementor-widget-container\">\n\t\t\t\t\t<h3 class=\"elementor-heading-title elementor-size-default\">Ro\u010dn\u00edk 2025<\/h3>\t\t\t\t<\/div>\n\t\t\t\t<\/div>\n\t\t\t\t<div class=\"elementor-element elementor-element-dfd64cb elementor-widget elementor-widget-text-editor\" data-id=\"dfd64cb\" data-element_type=\"widget\" data-e-type=\"widget\" data-widget_type=\"text-editor.default\">\n\t\t\t\t<div class=\"elementor-widget-container\">\n\t\t\t\t\t\t\t\t\t<p>Se\u0159azeno od nejnov\u011bj\u0161\u00edho vyd\u00e1n\u00ed<\/p>\t\t\t\t\t\t\t\t<\/div>\n\t\t\t\t<\/div>\n\t\t<div class=\"elementor-element elementor-element-9a8cc3c e-con-full e-grid e-con e-child\" data-id=\"9a8cc3c\" data-element_type=\"container\" data-e-type=\"container\">\n\t\t\t\t<div class=\"elementor-element elementor-element-2b046ad elementor-widget elementor-widget-shortcode\" data-id=\"2b046ad\" data-element_type=\"widget\" data-e-type=\"widget\" data-widget_type=\"shortcode.default\">\n\t\t\t\t<div class=\"elementor-widget-container\">\n\t\t\t\t\t\t\t<div class=\"elementor-shortcode\"><div class=\"_df_thumb \" id=\"df_10941\"  _slug=\"10941\" data-title=\"dopravak-6\" wpoptions=\"true\" thumb=\"https:\/\/www.dpmhk.cz\/wp-content\/uploads\/2025\/12\/DPMHK_zpravodaj_Dopravak_062025_web-titulka.jpg\" thumbtype=\"\" >Doprav\u00e1k 6<\/div><script class=\"df-shortcode-script\" nowprocket type=\"application\/javascript\">window.option_df_10941 = {\"outline\":[],\"autoEnableOutline\":\"false\",\"autoEnableThumbnail\":\"false\",\"overwritePDFOutline\":\"false\",\"direction\":\"1\",\"pageSize\":\"0\",\"source\":\"https:\\\/\\\/www.dpmhk.cz\\\/wp-content\\\/uploads\\\/2025\\\/12\\\/DPMHK_zpravodaj_Dopravak_062025_web.pdf\",\"wpOptions\":\"true\"}; if(window.DFLIP && window.DFLIP.parseBooks){window.DFLIP.parseBooks();}<\/script><\/div>\n\t\t\t\t\t\t<\/div>\n\t\t\t\t<\/div>\n\t\t\t\t<div class=\"elementor-element elementor-element-e3b79ca elementor-widget elementor-widget-shortcode\" data-id=\"e3b79ca\" data-element_type=\"widget\" data-e-type=\"widget\" data-widget_type=\"shortcode.default\">\n\t\t\t\t<div class=\"elementor-widget-container\">\n\t\t\t\t\t\t\t<div class=\"elementor-shortcode\"><div class=\"_df_thumb \" id=\"df_5807\"  _slug=\"dopravak-5\" data-title=\"dopravak-5\" wpoptions=\"true\" thumb=\"https:\/\/www.dpmhk.cz\/wp-content\/uploads\/2025\/11\/DPMHK_zpravodaj_Dopravak_052025_web-titulka.jpg\" thumbtype=\"\" >Doprav\u00e1k 5<\/div><script class=\"df-shortcode-script\" nowprocket type=\"application\/javascript\">window.option_df_5807 = {\"webgl\":\"true\",\"outline\":[],\"viewerType\":\"flipbook\",\"autoEnableOutline\":\"false\",\"autoEnableThumbnail\":\"false\",\"overwritePDFOutline\":\"false\",\"direction\":\"1\",\"pageSize\":\"0\",\"source\":\"https:\\\/\\\/www.dpmhk.cz\\\/wp-content\\\/uploads\\\/2025\\\/11\\\/Dopravak_052025.pdf\",\"wpOptions\":\"true\"}; if(window.DFLIP && window.DFLIP.parseBooks){window.DFLIP.parseBooks();}<\/script><\/div>\n\t\t\t\t\t\t<\/div>\n\t\t\t\t<\/div>\n\t\t\t\t<div class=\"elementor-element elementor-element-1ec14da elementor-widget elementor-widget-shortcode\" data-id=\"1ec14da\" data-element_type=\"widget\" data-e-type=\"widget\" data-widget_type=\"shortcode.default\">\n\t\t\t\t<div class=\"elementor-widget-container\">\n\t\t\t\t\t\t\t<div class=\"elementor-shortcode\"><div class=\"_df_thumb \" id=\"df_5803\"  _slug=\"dopravak\" data-title=\"dopravak-4\" wpoptions=\"true\" thumb=\"https:\/\/www.dpmhk.cz\/wp-content\/uploads\/2025\/11\/DPMHK_zpravodaj_Dopravak_042025_web-titulka.jpg\" thumbtype=\"\" >Doprav\u00e1k 4<\/div><script class=\"df-shortcode-script\" nowprocket type=\"application\/javascript\">window.option_df_5803 = {\"webgl\":\"true\",\"outline\":[],\"height\":\"100\",\"viewerType\":\"flipbook\",\"autoEnableOutline\":\"false\",\"autoEnableThumbnail\":\"false\",\"overwritePDFOutline\":\"false\",\"direction\":\"1\",\"pageSize\":\"0\",\"source\":\"https:\\\/\\\/www.dpmhk.cz\\\/wp-content\\\/uploads\\\/2025\\\/11\\\/Dopravak_042025.pdf\",\"wpOptions\":\"true\"}; if(window.DFLIP && window.DFLIP.parseBooks){window.DFLIP.parseBooks();}<\/script><\/div>\n\t\t\t\t\t\t<\/div>\n\t\t\t\t<\/div>\n\t\t\t\t<div class=\"elementor-element elementor-element-10f859d elementor-widget elementor-widget-shortcode\" data-id=\"10f859d\" data-element_type=\"widget\" data-e-type=\"widget\" data-widget_type=\"shortcode.default\">\n\t\t\t\t<div class=\"elementor-widget-container\">\n\t\t\t\t\t\t\t<div class=\"elementor-shortcode\"><div class=\"_df_thumb \" id=\"df_5800\"  _slug=\"dopravak-3\" data-title=\"dopravak-3\" wpoptions=\"true\" thumb=\"https:\/\/www.dpmhk.cz\/wp-content\/uploads\/2025\/11\/DPMHK_zpravodaj_Dopravak_032025_web-titulka.jpg\" thumbtype=\"\" >Doprav\u00e1k 3<\/div><script class=\"df-shortcode-script\" nowprocket type=\"application\/javascript\">window.option_df_5800 = {\"outline\":[],\"autoEnableOutline\":\"false\",\"autoEnableThumbnail\":\"false\",\"overwritePDFOutline\":\"false\",\"direction\":\"1\",\"pageSize\":\"0\",\"source\":\"https:\\\/\\\/www.dpmhk.cz\\\/wp-content\\\/uploads\\\/2025\\\/11\\\/Dopravak_032025.pdf\",\"wpOptions\":\"true\"}; if(window.DFLIP && window.DFLIP.parseBooks){window.DFLIP.parseBooks();}<\/script><\/div>\n\t\t\t\t\t\t<\/div>\n\t\t\t\t<\/div>\n\t\t\t\t<div class=\"elementor-element elementor-element-20e0ea5 elementor-widget elementor-widget-shortcode\" data-id=\"20e0ea5\" data-element_type=\"widget\" data-e-type=\"widget\" data-widget_type=\"shortcode.default\">\n\t\t\t\t<div class=\"elementor-widget-container\">\n\t\t\t\t\t\t\t<div class=\"elementor-shortcode\"><div class=\"_df_thumb \" id=\"df_5797\"  _slug=\"dopravak-2\" data-title=\"dopravak-2\" wpoptions=\"true\" thumb=\"https:\/\/www.dpmhk.cz\/wp-content\/uploads\/2025\/11\/DPMHK_zpravodaj_Dopravak_022025_web-titulka.jpg\" thumbtype=\"\" >Doprav\u00e1k 2<\/div><script class=\"df-shortcode-script\" nowprocket type=\"application\/javascript\">window.option_df_5797 = {\"outline\":[],\"autoEnableOutline\":\"false\",\"autoEnableThumbnail\":\"false\",\"overwritePDFOutline\":\"false\",\"direction\":\"1\",\"pageSize\":\"0\",\"source\":\"https:\\\/\\\/www.dpmhk.cz\\\/wp-content\\\/uploads\\\/2025\\\/11\\\/Dopravak_022025.pdf\",\"wpOptions\":\"true\"}; if(window.DFLIP && window.DFLIP.parseBooks){window.DFLIP.parseBooks();}<\/script><\/div>\n\t\t\t\t\t\t<\/div>\n\t\t\t\t<\/div>\n\t\t\t\t<\/div>\n\t\t\t\t\t<\/div>\n\t\t\t\t<\/div>\n\t\t\t\t<\/div>\n\t\t","protected":false},"excerpt":{"rendered":"<p>\u010casopis Doprav\u00e1k Zpravodaj dopravn\u00edho podniku vych\u00e1z\u00ed ka\u017ed\u00e9 dva m\u011bs\u00edce Zpravodaj Doprav\u00e1k vych\u00e1z\u00ed v dopravn\u00edm podniku pro na\u0161e zam\u011bstnance ji\u017e od roku 2002.\u00a0Od jara 2025 nab\u00edz\u00edme tento \u010dasopis nov\u011b i pro ve\u0159ejnost, kterou chceme nechat v\u00edce nahl\u00e9dnout do d\u011bn\u00ed jedn\u00e9 z nejv\u011bt\u0161\u00edch organizac\u00ed v Hradci Kr\u00e1lov\u00e9.\u00a0\u010casopis vych\u00e1z\u00ed jednou za dva m\u011bs\u00edce. Aktu\u00e1ln\u00ed vyd\u00e1n\u00ed je k dispozici [&hellip;]<\/p>\n","protected":false},"author":4,"featured_media":0,"parent":17326,"menu_order":0,"comment_status":"closed","ping_status":"closed","template":"","meta":{"_acf_changed":false,"footnotes":""},"class_list":["post-121","page","type-page","status-publish","hentry"],"acf":[],"yoast_head":"<!-- This site is optimized with the Yoast SEO Premium plugin v27.2 (Yoast SEO v27.3) - https:\/\/yoast.com\/product\/yoast-seo-premium-wordpress\/ -->\n<title>\u010casopis Doprav\u00e1k: D\u011bn\u00ed v dopravn\u00edm podniku - Dopravn\u00ed podnik m\u011bsta Hradce Kr\u00e1lov\u00e9<\/title>\n<meta name=\"description\" content=\"\u010casopis Doprav\u00e1k pro zam\u011bstnance i ve\u0159ejnost. P\u0159e\u010dt\u011bte si aktu\u00e1ln\u00ed vyd\u00e1n\u00ed online nebo si vyzvedn\u011bte ti\u0161t\u011bn\u00e9 v na\u0161ich informa\u010dn\u00edch centrech.\" \/>\n<meta name=\"robots\" content=\"index, follow, max-snippet:-1, max-image-preview:large, max-video-preview:-1\" \/>\n<link rel=\"canonical\" href=\"https:\/\/dpmhk.cz\/cz\/o-nas\/dopravak\/\" \/>\n<meta property=\"og:locale\" content=\"cs_CZ\" \/>\n<meta property=\"og:type\" content=\"article\" \/>\n<meta property=\"og:title\" content=\"\u010casopis Doprav\u00e1k\" \/>\n<meta property=\"og:description\" content=\"\u010casopis Doprav\u00e1k pro zam\u011bstnance i ve\u0159ejnost. P\u0159e\u010dt\u011bte si aktu\u00e1ln\u00ed vyd\u00e1n\u00ed online nebo si vyzvedn\u011bte ti\u0161t\u011bn\u00e9 v na\u0161ich informa\u010dn\u00edch centrech.\" \/>\n<meta property=\"og:url\" content=\"https:\/\/dpmhk.cz\/cz\/o-nas\/dopravak\/\" \/>\n<meta property=\"og:site_name\" content=\"Dopravn\u00ed podnik m\u011bsta Hradce Kr\u00e1lov\u00e9\" \/>\n<meta property=\"article:publisher\" content=\"https:\/\/www.facebook.com\/dopravnipodnikhk\/\" \/>\n<meta property=\"article:modified_time\" content=\"2026-03-17T08:15:27+00:00\" \/>\n<meta property=\"og:image\" content=\"https:\/\/dpmhk.cz\/wp-content\/uploads\/2025\/11\/dopravni-podnik-hk-oznacnik-zastavka.jpg\" \/>\n\t<meta property=\"og:image:width\" content=\"1600\" \/>\n\t<meta property=\"og:image:height\" content=\"1067\" \/>\n\t<meta property=\"og:image:type\" content=\"image\/jpeg\" \/>\n<meta name=\"twitter:card\" content=\"summary_large_image\" \/>\n<meta name=\"twitter:label1\" content=\"Odhadovan\u00e1 doba \u010dten\u00ed\" \/>\n\t<meta name=\"twitter:data1\" content=\"1 minuta\" \/>\n<script type=\"application\/ld+json\" class=\"yoast-schema-graph\">{\"@context\":\"https:\\\/\\\/schema.org\",\"@graph\":[{\"@type\":\"WebPage\",\"@id\":\"https:\\\/\\\/dpmhk.cz\\\/cz\\\/o-nas\\\/dopravak\\\/\",\"url\":\"https:\\\/\\\/dpmhk.cz\\\/cz\\\/o-nas\\\/dopravak\\\/\",\"name\":\"\u010casopis Doprav\u00e1k: D\u011bn\u00ed v dopravn\u00edm podniku - Dopravn\u00ed podnik m\u011bsta Hradce Kr\u00e1lov\u00e9\",\"isPartOf\":{\"@id\":\"https:\\\/\\\/www.dpmhk.cz\\\/cz\\\/#website\"},\"datePublished\":\"2025-09-24T08:22:10+00:00\",\"dateModified\":\"2026-03-17T08:15:27+00:00\",\"description\":\"\u010casopis Doprav\u00e1k pro zam\u011bstnance i ve\u0159ejnost. P\u0159e\u010dt\u011bte si aktu\u00e1ln\u00ed vyd\u00e1n\u00ed online nebo si vyzvedn\u011bte ti\u0161t\u011bn\u00e9 v na\u0161ich informa\u010dn\u00edch centrech.\",\"breadcrumb\":{\"@id\":\"https:\\\/\\\/dpmhk.cz\\\/cz\\\/o-nas\\\/dopravak\\\/#breadcrumb\"},\"inLanguage\":\"cs\",\"potentialAction\":[{\"@type\":\"ReadAction\",\"target\":[\"https:\\\/\\\/dpmhk.cz\\\/cz\\\/o-nas\\\/dopravak\\\/\"]}]},{\"@type\":\"BreadcrumbList\",\"@id\":\"https:\\\/\\\/dpmhk.cz\\\/cz\\\/o-nas\\\/dopravak\\\/#breadcrumb\",\"itemListElement\":[{\"@type\":\"ListItem\",\"position\":1,\"name\":\"Dom\u016f\",\"item\":\"https:\\\/\\\/www.dpmhk.cz\\\/cz\\\/\"},{\"@type\":\"ListItem\",\"position\":2,\"name\":\"O n\u00e1s\",\"item\":\"https:\\\/\\\/www.dpmhk.cz\\\/cz\\\/o-nas\\\/\"},{\"@type\":\"ListItem\",\"position\":3,\"name\":\"\u010casopis Doprav\u00e1k\"}]},{\"@type\":\"WebSite\",\"@id\":\"https:\\\/\\\/www.dpmhk.cz\\\/cz\\\/#website\",\"url\":\"https:\\\/\\\/www.dpmhk.cz\\\/cz\\\/\",\"name\":\"Dopravn\u00ed podnik m\u011bsta Hradce Kr\u00e1lov\u00e9\",\"description\":\"Ofici\u00e1ln\u00ed webov\u00e9 str\u00e1nky\",\"publisher\":{\"@id\":\"https:\\\/\\\/www.dpmhk.cz\\\/cz\\\/#organization\"},\"alternateName\":\"Dopravn\u00ed podnik m\u011bsta Hradce Kr\u00e1lov\u00e9\",\"potentialAction\":[{\"@type\":\"SearchAction\",\"target\":{\"@type\":\"EntryPoint\",\"urlTemplate\":\"https:\\\/\\\/www.dpmhk.cz\\\/cz\\\/?s={search_term_string}\"},\"query-input\":{\"@type\":\"PropertyValueSpecification\",\"valueRequired\":true,\"valueName\":\"search_term_string\"}}],\"inLanguage\":\"cs\"},{\"@type\":[\"Organization\",\"Place\"],\"@id\":\"https:\\\/\\\/www.dpmhk.cz\\\/cz\\\/#organization\",\"name\":\"Dopravn\u00ed podnik m\u011bsta Hradce Kr\u00e1lov\u00e9, a.s.\",\"alternateName\":\"DPmHK\",\"url\":\"https:\\\/\\\/www.dpmhk.cz\\\/cz\\\/\",\"logo\":{\"@id\":\"https:\\\/\\\/dpmhk.cz\\\/cz\\\/o-nas\\\/dopravak\\\/#local-main-organization-logo\"},\"image\":{\"@id\":\"https:\\\/\\\/dpmhk.cz\\\/cz\\\/o-nas\\\/dopravak\\\/#local-main-organization-logo\"},\"sameAs\":[\"https:\\\/\\\/www.facebook.com\\\/dopravnipodnikhk\\\/\",\"https:\\\/\\\/www.instagram.com\\\/dopravnipodnikhk\\\/\",\"https:\\\/\\\/www.youtube.com\\\/@dopravnipodnik-hk\"],\"legalName\":\"Dopravn\u00ed podnik m\u011bsta Hradce Kr\u00e1lov\u00e9, a.s.\",\"foundingDate\":\"1948-04-26\",\"numberOfEmployees\":{\"@type\":\"QuantitativeValue\",\"minValue\":\"201\",\"maxValue\":\"500\"},\"ownershipFundingInfo\":\"https:\\\/\\\/www.dpmhk.cz\\\/cz\\\/o-nas\\\/o-spolecnosti\\\/\",\"actionableFeedbackPolicy\":\"https:\\\/\\\/www.dpmhk.cz\\\/cz\\\/o-nas\\\/dokumenty-formulare\\\/\",\"ethicsPolicy\":\"https:\\\/\\\/www.dpmhk.cz\\\/cz\\\/o-nas\\\/o-spolecnosti\\\/\",\"diversityStaffingReport\":\"https:\\\/\\\/www.dpmhk.cz\\\/cz\\\/kariera\\\/\",\"address\":{\"@id\":\"https:\\\/\\\/dpmhk.cz\\\/cz\\\/o-nas\\\/dopravak\\\/#local-main-place-address\"},\"telephone\":[\"+420 495 089 271\",\"+420 495 546 095\"],\"contactPoint\":{\"@type\":\"ContactPoint\",\"email\":\"info@dpmhk.cz\"},\"openingHoursSpecification\":[{\"@type\":\"OpeningHoursSpecification\",\"dayOfWeek\":[\"Monday\",\"Wednesday\"],\"opens\":\"07:00\",\"closes\":\"17:00\"},{\"@type\":\"OpeningHoursSpecification\",\"dayOfWeek\":[\"Tuesday\",\"Thursday\"],\"opens\":\"07:00\",\"closes\":\"16:30\"},{\"@type\":\"OpeningHoursSpecification\",\"dayOfWeek\":[\"Friday\"],\"opens\":\"07:00\",\"closes\":\"15:00\"},{\"@type\":\"OpeningHoursSpecification\",\"dayOfWeek\":[\"Saturday\",\"Sunday\"],\"opens\":\"00:00\",\"closes\":\"00:00\"}],\"vatID\":\"CZ25267213\",\"taxID\":\"25267213\"},{\"@type\":\"PostalAddress\",\"@id\":\"https:\\\/\\\/dpmhk.cz\\\/cz\\\/o-nas\\\/dopravak\\\/#local-main-place-address\",\"streetAddress\":\"Pouchovsk\u00e1 153\",\"addressLocality\":\"Hradec Kr\u00e1lov\u00e9\",\"postalCode\":\"500 03\",\"addressRegion\":\"Aktivn\u00ed\",\"addressCountry\":\"CZ\"},{\"@type\":\"ImageObject\",\"inLanguage\":\"cs\",\"@id\":\"https:\\\/\\\/dpmhk.cz\\\/cz\\\/o-nas\\\/dopravak\\\/#local-main-organization-logo\",\"url\":\"https:\\\/\\\/dpmhk.cz\\\/wp-content\\\/uploads\\\/2025\\\/11\\\/DP_HK_Logo_cerne2025-1.svg\",\"contentUrl\":\"https:\\\/\\\/dpmhk.cz\\\/wp-content\\\/uploads\\\/2025\\\/11\\\/DP_HK_Logo_cerne2025-1.svg\",\"width\":123,\"height\":60,\"caption\":\"Dopravn\u00ed podnik m\u011bsta Hradce Kr\u00e1lov\u00e9, a.s.\"}]}<\/script>\n<meta name=\"geo.placename\" content=\"Hradec Kr\u00e1lov\u00e9\" \/>\n<meta name=\"geo.region\" content=\"\u010cesk\u00e1 republika\" \/>\n<!-- \/ Yoast SEO Premium plugin. -->","yoast_head_json":{"title":"\u010casopis Doprav\u00e1k: D\u011bn\u00ed v dopravn\u00edm podniku - Dopravn\u00ed podnik m\u011bsta Hradce Kr\u00e1lov\u00e9","description":"\u010casopis Doprav\u00e1k pro zam\u011bstnance i ve\u0159ejnost. P\u0159e\u010dt\u011bte si aktu\u00e1ln\u00ed vyd\u00e1n\u00ed online nebo si vyzvedn\u011bte ti\u0161t\u011bn\u00e9 v na\u0161ich informa\u010dn\u00edch centrech.","robots":{"index":"index","follow":"follow","max-snippet":"max-snippet:-1","max-image-preview":"max-image-preview:large","max-video-preview":"max-video-preview:-1"},"canonical":"https:\/\/dpmhk.cz\/cz\/o-nas\/dopravak\/","og_locale":"cs_CZ","og_type":"article","og_title":"\u010casopis Doprav\u00e1k","og_description":"\u010casopis Doprav\u00e1k pro zam\u011bstnance i ve\u0159ejnost. P\u0159e\u010dt\u011bte si aktu\u00e1ln\u00ed vyd\u00e1n\u00ed online nebo si vyzvedn\u011bte ti\u0161t\u011bn\u00e9 v na\u0161ich informa\u010dn\u00edch centrech.","og_url":"https:\/\/dpmhk.cz\/cz\/o-nas\/dopravak\/","og_site_name":"Dopravn\u00ed podnik m\u011bsta Hradce Kr\u00e1lov\u00e9","article_publisher":"https:\/\/www.facebook.com\/dopravnipodnikhk\/","article_modified_time":"2026-03-17T08:15:27+00:00","og_image":[{"width":1600,"height":1067,"url":"https:\/\/dpmhk.cz\/wp-content\/uploads\/2025\/11\/dopravni-podnik-hk-oznacnik-zastavka.jpg","type":"image\/jpeg"}],"twitter_card":"summary_large_image","twitter_misc":{"Odhadovan\u00e1 doba \u010dten\u00ed":"1 minuta"},"schema":{"@context":"https:\/\/schema.org","@graph":[{"@type":"WebPage","@id":"https:\/\/dpmhk.cz\/cz\/o-nas\/dopravak\/","url":"https:\/\/dpmhk.cz\/cz\/o-nas\/dopravak\/","name":"\u010casopis Doprav\u00e1k: D\u011bn\u00ed v dopravn\u00edm podniku - Dopravn\u00ed podnik m\u011bsta Hradce Kr\u00e1lov\u00e9","isPartOf":{"@id":"https:\/\/www.dpmhk.cz\/cz\/#website"},"datePublished":"2025-09-24T08:22:10+00:00","dateModified":"2026-03-17T08:15:27+00:00","description":"\u010casopis Doprav\u00e1k pro zam\u011bstnance i ve\u0159ejnost. P\u0159e\u010dt\u011bte si aktu\u00e1ln\u00ed vyd\u00e1n\u00ed online nebo si vyzvedn\u011bte ti\u0161t\u011bn\u00e9 v na\u0161ich informa\u010dn\u00edch centrech.","breadcrumb":{"@id":"https:\/\/dpmhk.cz\/cz\/o-nas\/dopravak\/#breadcrumb"},"inLanguage":"cs","potentialAction":[{"@type":"ReadAction","target":["https:\/\/dpmhk.cz\/cz\/o-nas\/dopravak\/"]}]},{"@type":"BreadcrumbList","@id":"https:\/\/dpmhk.cz\/cz\/o-nas\/dopravak\/#breadcrumb","itemListElement":[{"@type":"ListItem","position":1,"name":"Dom\u016f","item":"https:\/\/www.dpmhk.cz\/cz\/"},{"@type":"ListItem","position":2,"name":"O n\u00e1s","item":"https:\/\/www.dpmhk.cz\/cz\/o-nas\/"},{"@type":"ListItem","position":3,"name":"\u010casopis Doprav\u00e1k"}]},{"@type":"WebSite","@id":"https:\/\/www.dpmhk.cz\/cz\/#website","url":"https:\/\/www.dpmhk.cz\/cz\/","name":"Dopravn\u00ed podnik m\u011bsta Hradce Kr\u00e1lov\u00e9","description":"Ofici\u00e1ln\u00ed webov\u00e9 str\u00e1nky","publisher":{"@id":"https:\/\/www.dpmhk.cz\/cz\/#organization"},"alternateName":"Dopravn\u00ed podnik m\u011bsta Hradce Kr\u00e1lov\u00e9","potentialAction":[{"@type":"SearchAction","target":{"@type":"EntryPoint","urlTemplate":"https:\/\/www.dpmhk.cz\/cz\/?s={search_term_string}"},"query-input":{"@type":"PropertyValueSpecification","valueRequired":true,"valueName":"search_term_string"}}],"inLanguage":"cs"},{"@type":["Organization","Place"],"@id":"https:\/\/www.dpmhk.cz\/cz\/#organization","name":"Dopravn\u00ed podnik m\u011bsta Hradce Kr\u00e1lov\u00e9, a.s.","alternateName":"DPmHK","url":"https:\/\/www.dpmhk.cz\/cz\/","logo":{"@id":"https:\/\/dpmhk.cz\/cz\/o-nas\/dopravak\/#local-main-organization-logo"},"image":{"@id":"https:\/\/dpmhk.cz\/cz\/o-nas\/dopravak\/#local-main-organization-logo"},"sameAs":["https:\/\/www.facebook.com\/dopravnipodnikhk\/","https:\/\/www.instagram.com\/dopravnipodnikhk\/","https:\/\/www.youtube.com\/@dopravnipodnik-hk"],"legalName":"Dopravn\u00ed podnik m\u011bsta Hradce Kr\u00e1lov\u00e9, a.s.","foundingDate":"1948-04-26","numberOfEmployees":{"@type":"QuantitativeValue","minValue":"201","maxValue":"500"},"ownershipFundingInfo":"https:\/\/www.dpmhk.cz\/cz\/o-nas\/o-spolecnosti\/","actionableFeedbackPolicy":"https:\/\/www.dpmhk.cz\/cz\/o-nas\/dokumenty-formulare\/","ethicsPolicy":"https:\/\/www.dpmhk.cz\/cz\/o-nas\/o-spolecnosti\/","diversityStaffingReport":"https:\/\/www.dpmhk.cz\/cz\/kariera\/","address":{"@id":"https:\/\/dpmhk.cz\/cz\/o-nas\/dopravak\/#local-main-place-address"},"telephone":["+420 495 089 271","+420 495 546 095"],"contactPoint":{"@type":"ContactPoint","email":"info@dpmhk.cz"},"openingHoursSpecification":[{"@type":"OpeningHoursSpecification","dayOfWeek":["Monday","Wednesday"],"opens":"07:00","closes":"17:00"},{"@type":"OpeningHoursSpecification","dayOfWeek":["Tuesday","Thursday"],"opens":"07:00","closes":"16:30"},{"@type":"OpeningHoursSpecification","dayOfWeek":["Friday"],"opens":"07:00","closes":"15:00"},{"@type":"OpeningHoursSpecification","dayOfWeek":["Saturday","Sunday"],"opens":"00:00","closes":"00:00"}],"vatID":"CZ25267213","taxID":"25267213"},{"@type":"PostalAddress","@id":"https:\/\/dpmhk.cz\/cz\/o-nas\/dopravak\/#local-main-place-address","streetAddress":"Pouchovsk\u00e1 153","addressLocality":"Hradec Kr\u00e1lov\u00e9","postalCode":"500 03","addressRegion":"Aktivn\u00ed","addressCountry":"CZ"},{"@type":"ImageObject","inLanguage":"cs","@id":"https:\/\/dpmhk.cz\/cz\/o-nas\/dopravak\/#local-main-organization-logo","url":"https:\/\/dpmhk.cz\/wp-content\/uploads\/2025\/11\/DP_HK_Logo_cerne2025-1.svg","contentUrl":"https:\/\/dpmhk.cz\/wp-content\/uploads\/2025\/11\/DP_HK_Logo_cerne2025-1.svg","width":123,"height":60,"caption":"Dopravn\u00ed podnik m\u011bsta Hradce Kr\u00e1lov\u00e9, a.s."}]},"geo.placename":"Hradec Kr\u00e1lov\u00e9","geo.region":"\u010cesk\u00e1 republika"},"_links":{"self":[{"href":"https:\/\/dpmhk.cz\/cz\/wp-json\/wp\/v2\/pages\/121","targetHints":{"allow":["GET"]}}],"collection":[{"href":"https:\/\/dpmhk.cz\/cz\/wp-json\/wp\/v2\/pages"}],"about":[{"href":"https:\/\/dpmhk.cz\/cz\/wp-json\/wp\/v2\/types\/page"}],"author":[{"embeddable":true,"href":"https:\/\/dpmhk.cz\/cz\/wp-json\/wp\/v2\/users\/4"}],"replies":[{"embeddable":true,"href":"https:\/\/dpmhk.cz\/cz\/wp-json\/wp\/v2\/comments?post=121"}],"version-history":[{"count":5,"href":"https:\/\/dpmhk.cz\/cz\/wp-json\/wp\/v2\/pages\/121\/revisions"}],"predecessor-version":[{"id":21882,"href":"https:\/\/dpmhk.cz\/cz\/wp-json\/wp\/v2\/pages\/121\/revisions\/21882"}],"up":[{"embeddable":true,"href":"https:\/\/dpmhk.cz\/cz\/wp-json\/wp\/v2\/pages\/17326"}],"wp:attachment":[{"href":"https:\/\/dpmhk.cz\/cz\/wp-json\/wp\/v2\/media?parent=121"}],"curies":[{"name":"wp","href":"https:\/\/api.w.org\/{rel}","templated":true}]}}