{"id":5532,"date":"2025-11-06T10:28:49","date_gmt":"2025-11-06T09:28:49","guid":{"rendered":"https:\/\/www.dopravnipodnikhk.cz\/?page_id=5532"},"modified":"2026-03-16T15:12:54","modified_gmt":"2026-03-16T14:12:54","slug":"akce-pro-verejnost","status":"publish","type":"page","link":"https:\/\/dpmhk.cz\/cz\/o-nas\/akce-pro-verejnost\/","title":{"rendered":"Akce pro ve\u0159ejnost"},"content":{"rendered":"\t\t<div data-elementor-type=\"wp-page\" data-elementor-id=\"5532\" class=\"elementor elementor-5532\" wpc-filter-elementor-widget=\"1\" data-elementor-post-type=\"page\">\n\t\t\t\t<div class=\"elementor-element elementor-element-73230de e-flex e-con-boxed e-con e-parent\" data-id=\"73230de\" data-element_type=\"container\" data-e-type=\"container\">\n\t\t\t\t\t<div class=\"e-con-inner\">\n\t\t\t\t<div class=\"elementor-element elementor-element-1efb8d5 elementor-widget elementor-widget-breadcrumbs\" data-id=\"1efb8d5\" data-element_type=\"widget\" data-e-type=\"widget\" data-widget_type=\"breadcrumbs.default\">\n\t\t\t\t<div class=\"elementor-widget-container\">\n\t\t\t\t\t<p id=\"breadcrumbs\"><span><span><a href=\"https:\/\/www.dpmhk.cz\/cz\/\"><span class=\"fa fa-home\" aria-hidden=\"true\"><\/span><span class=\"screen-reader-text\">Dom\u016f<\/span><\/a><\/span><\/span><\/p>\t\t\t\t<\/div>\n\t\t\t\t<\/div>\n\t\t\t\t<div class=\"elementor-element elementor-element-9dec0d5 elementor-widget elementor-widget-heading\" data-id=\"9dec0d5\" data-element_type=\"widget\" data-e-type=\"widget\" data-widget_type=\"heading.default\">\n\t\t\t\t<div class=\"elementor-widget-container\">\n\t\t\t\t\t<h1 class=\"elementor-heading-title elementor-size-default\">Akce pro ve\u0159ejnost<\/h1>\t\t\t\t<\/div>\n\t\t\t\t<\/div>\n\t\t\t\t\t<\/div>\n\t\t\t\t<\/div>\n\t\t<div class=\"elementor-element elementor-element-07a40f0 e-flex e-con-boxed e-con e-parent\" data-id=\"07a40f0\" data-element_type=\"container\" data-e-type=\"container\">\n\t\t\t\t\t<div class=\"e-con-inner\">\n\t\t\t\t<div class=\"elementor-element elementor-element-2d4232f elementor-grid-3 elementor-grid-tablet-2 elementor-grid-mobile-1 elementor-widget elementor-widget-loop-grid\" data-id=\"2d4232f\" data-element_type=\"widget\" data-e-type=\"widget\" data-settings=\"{&quot;template_id&quot;:&quot;12090&quot;,&quot;pagination_type&quot;:&quot;numbers_and_prev_next&quot;,&quot;row_gap&quot;:{&quot;unit&quot;:&quot;px&quot;,&quot;size&quot;:12,&quot;sizes&quot;:[]},&quot;_skin&quot;:&quot;post&quot;,&quot;columns&quot;:&quot;3&quot;,&quot;columns_tablet&quot;:&quot;2&quot;,&quot;columns_mobile&quot;:&quot;1&quot;,&quot;edit_handle_selector&quot;:&quot;[data-elementor-type=\\&quot;loop-item\\&quot;]&quot;,&quot;pagination_load_type&quot;:&quot;page_reload&quot;,&quot;row_gap_tablet&quot;:{&quot;unit&quot;:&quot;px&quot;,&quot;size&quot;:&quot;&quot;,&quot;sizes&quot;:[]},&quot;row_gap_mobile&quot;:{&quot;unit&quot;:&quot;px&quot;,&quot;size&quot;:&quot;&quot;,&quot;sizes&quot;:[]}}\" data-widget_type=\"loop-grid.post\">\n\t\t\t\t<div class=\"elementor-widget-container\">\n\t\t\t\t\t\t\t<div class=\"elementor-loop-container elementor-grid\" role=\"list\">\n\t\t<style id=\"loop-12090\">.elementor-12090 .elementor-element.elementor-element-56dba06{--display:flex;--border-radius:13px 13px 13px 13px;--margin-top:0px;--margin-bottom:0px;--margin-left:0px;--margin-right:0px;--padding-top:18px;--padding-bottom:0px;--padding-left:0px;--padding-right:0px;}.elementor-12090 .elementor-element.elementor-element-56dba06:not(.elementor-motion-effects-element-type-background), .elementor-12090 .elementor-element.elementor-element-56dba06 > .elementor-motion-effects-container > .elementor-motion-effects-layer{background-color:var( --e-global-color-6aeb312 );}.elementor-12090 .elementor-element.elementor-element-56dba06.e-con{--flex-grow:0;--flex-shrink:0;}.elementor-12090 .elementor-element.elementor-element-75505d9 img{width:1000px;max-width:100%;border-radius:13px 13px 13px 13px;}.elementor-12090 .elementor-element.elementor-element-75505d9{width:var( --container-widget-width, 89.247% );max-width:89.247%;--container-widget-width:89.247%;--container-widget-flex-grow:0;}.elementor-12090 .elementor-element.elementor-element-75505d9.elementor-element{--align-self:center;--flex-grow:0;--flex-shrink:0;}.elementor-12090 .elementor-element.elementor-element-ca44a36{--display:flex;--flex-direction:column;--container-widget-width:calc( ( 1 - var( --container-widget-flex-grow ) ) * 100% );--container-widget-height:initial;--container-widget-flex-grow:0;--container-widget-align-self:initial;--flex-wrap-mobile:wrap;--justify-content:space-around;--align-items:flex-start;--gap:10px 0px;--row-gap:10px;--column-gap:0px;--margin-top:-16px;--margin-bottom:0px;--margin-left:0px;--margin-right:0px;}.elementor-12090 .elementor-element.elementor-element-ca44a36.e-con{--align-self:center;--flex-grow:0;--flex-shrink:0;}.elementor-12090 .elementor-element.elementor-element-fc142cb{text-align:start;font-size:14px;font-weight:600;line-height:15px;letter-spacing:1.1px;color:var( --e-global-color-bd7a887 );}.elementor-12090 .elementor-element.elementor-element-fc142cb a:hover, .elementor-12090 .elementor-element.elementor-element-fc142cb a:focus{color:var( --e-global-color-77868b9 );}.elementor-12090 .elementor-element.elementor-element-fc142cb > .elementor-widget-container{margin:0px 0px 0px 0px;padding:11px 11px 11px 11px;background-color:var( --e-global-color-77868b9 );border-radius:13px 13px 13px 13px;}.elementor-12090 .elementor-element.elementor-element-fc142cb.elementor-element{--align-self:flex-start;--flex-grow:0;--flex-shrink:1;}.elementor-12090 .elementor-element.elementor-element-8824c69 .elementor-heading-title{font-weight:600;line-height:23px;letter-spacing:1px;color:var( --e-global-color-77868b9 );}.elementor-12090 .elementor-element.elementor-element-8824c69 > .elementor-widget-container{margin:0px 0px 0px 0px;padding:0px 0px 0px 0px;}.elementor-12090 .elementor-element.elementor-element-8824c69.elementor-element{--order:99999 \/* order end hack *\/;}.elementor-12090 .elementor-element.elementor-element-6a1eaa2{font-size:14px;}.elementor-12090 .elementor-element.elementor-element-6a1eaa2 > .elementor-widget-container{margin:0px 0px 0px 0px;padding:0px 0px 0px 0px;}.elementor-12090 .elementor-element.elementor-element-6a1eaa2.elementor-element{--align-self:flex-start;--order:99999 \/* order end hack *\/;}.elementor-12090 .elementor-element.elementor-element-349b013 .elementor-heading-title{font-weight:600;text-decoration:underline;letter-spacing:1.1px;color:var( --e-global-color-4ac1cb9 );}.elementor-12090 .elementor-element.elementor-element-349b013 .elementor-heading-title a:hover, .elementor-12090 .elementor-element.elementor-element-349b013 .elementor-heading-title a:focus{color:var( --e-global-color-d66e50f );}.elementor-12090 .elementor-element.elementor-element-349b013.elementor-element{--order:99999 \/* order end hack *\/;}@media(max-width:767px){.elementor-12090 .elementor-element.elementor-element-ca44a36{--width:94%;}}@media(min-width:768px){.elementor-12090 .elementor-element.elementor-element-56dba06{--width:100%;}.elementor-12090 .elementor-element.elementor-element-ca44a36{--width:94%;}}\/* Start custom CSS for image, class: .elementor-element-75505d9 *\/elementor-widget-container {\n    width: 350px;\n  height: 300px;\n  object-fit: cover;\n  display: block;\n}\/* End custom CSS *\/<\/style>\t\t<div data-elementor-type=\"loop-item\" data-elementor-id=\"12090\" class=\"elementor elementor-12090 e-loop-item e-loop-item-7315 post-7315 post type-post status-publish format-standard has-post-thumbnail hentry category-akce-pro-verejnost\" wpc-filter-elementor-widget=\"1\" data-elementor-post-type=\"elementor_library\" data-custom-edit-handle=\"1\">\n\t\t\t<div class=\"elementor-element elementor-element-56dba06 e-con-full e-flex e-con e-parent\" data-id=\"56dba06\" data-element_type=\"container\" data-e-type=\"container\" data-settings=\"{&quot;background_background&quot;:&quot;classic&quot;}\">\n\t\t\t\t<div class=\"elementor-element elementor-element-75505d9 elementor-widget__width-initial elementor-widget elementor-widget-image\" data-id=\"75505d9\" data-element_type=\"widget\" data-e-type=\"widget\" data-widget_type=\"image.default\">\n\t\t\t\t<div class=\"elementor-widget-container\">\n\t\t\t\t\t\t\t\t\t\t\t\t\t\t\t\t<a href=\"https:\/\/dpmhk.cz\/cz\/mikulassky-trolejbus\/\">\n\t\t\t\t\t\t\t<img decoding=\"async\" src=\"https:\/\/dpmhk.cz\/wp-content\/uploads\/elementor\/thumbs\/1458-1-rhn4vx5zek66dnwb3ris4mpr7lwx3gvuzvvarrjm3s.jpg\" title=\"Mikul\u00e1\u0161sk\u00fd trolejbus\" alt=\"Mikul\u00e1\u0161, \u010dert a and\u011bl v mikul\u00e1\u0161sk\u00e9m trolejbusu\" loading=\"lazy\" \/>\t\t\t\t\t\t\t\t<\/a>\n\t\t\t\t\t\t\t\t\t\t\t\t\t\t\t<\/div>\n\t\t\t\t<\/div>\n\t\t<div class=\"elementor-element elementor-element-ca44a36 e-con-full e-flex e-con e-child\" data-id=\"ca44a36\" data-element_type=\"container\" data-e-type=\"container\">\n\t\t\t\t<div class=\"elementor-element elementor-element-fc142cb elementor-widget elementor-widget-text-editor\" data-id=\"fc142cb\" data-element_type=\"widget\" data-e-type=\"widget\" data-widget_type=\"text-editor.default\">\n\t\t\t\t<div class=\"elementor-widget-container\">\n\t\t\t\t\t\t\t\t\t<span>Akce pro ve\u0159ejnost<\/span>\t\t\t\t\t\t\t\t<\/div>\n\t\t\t\t<\/div>\n\t\t\t\t<div class=\"elementor-element elementor-element-8824c69 elementor-widget elementor-widget-heading\" data-id=\"8824c69\" data-element_type=\"widget\" data-e-type=\"widget\" data-widget_type=\"heading.default\">\n\t\t\t\t<div class=\"elementor-widget-container\">\n\t\t\t\t\t<h6 class=\"elementor-heading-title elementor-size-default\"><a href=\"https:\/\/dpmhk.cz\/cz\/mikulassky-trolejbus\/\">Mikul\u00e1\u0161sk\u00fd trolejbus<\/a><\/h6>\t\t\t\t<\/div>\n\t\t\t\t<\/div>\n\t\t\t\t<div class=\"elementor-element elementor-element-6a1eaa2 elementor-widget elementor-widget-text-editor\" data-id=\"6a1eaa2\" data-element_type=\"widget\" data-e-type=\"widget\" data-widget_type=\"text-editor.default\">\n\t\t\t\t<div class=\"elementor-widget-container\">\n\t\t\t\t\t\t\t\t\t12. 11. 2025\t\t\t\t\t\t\t\t<\/div>\n\t\t\t\t<\/div>\n\t\t\t\t<div class=\"elementor-element elementor-element-349b013 elementor-widget elementor-widget-heading\" data-id=\"349b013\" data-element_type=\"widget\" data-e-type=\"widget\" data-widget_type=\"heading.default\">\n\t\t\t\t<div class=\"elementor-widget-container\">\n\t\t\t\t\t<h6 class=\"elementor-heading-title elementor-size-default\"><a href=\"https:\/\/dpmhk.cz\/cz\/mikulassky-trolejbus\/\">V\u00edce informac\u00ed<\/a><\/h6>\t\t\t\t<\/div>\n\t\t\t\t<\/div>\n\t\t\t\t<\/div>\n\t\t\t\t<\/div>\n\t\t\t\t<\/div>\n\t\t\t\t<\/div>\n\t\t\n\t\t\t\t\t\t<\/div>\n\t\t\t\t<\/div>\n\t\t\t\t\t<\/div>\n\t\t\t\t<\/div>\n\t\t<div class=\"elementor-element elementor-element-299d1e2 e-flex e-con-boxed e-con e-parent\" data-id=\"299d1e2\" data-element_type=\"container\" data-e-type=\"container\">\n\t\t\t\t\t<div class=\"e-con-inner\">\n\t\t\t\t<div class=\"elementor-element elementor-element-ff95bd0 elementor-align-center elementor-widget elementor-widget-button\" data-id=\"ff95bd0\" data-element_type=\"widget\" data-e-type=\"widget\" data-widget_type=\"button.default\">\n\t\t\t\t<div class=\"elementor-widget-container\">\n\t\t\t\t\t\t\t\t\t<div class=\"elementor-button-wrapper\">\n\t\t\t\t\t<a class=\"elementor-button elementor-button-link elementor-size-sm\" href=\"https:\/\/www.dpmhk.cz\/cz\/akce-pro-verejnost\/archiv-akce-pro-verejnost\/\">\n\t\t\t\t\t\t<span class=\"elementor-button-content-wrapper\">\n\t\t\t\t\t\t\t\t\t<span class=\"elementor-button-text\">Archiv novinek<\/span>\n\t\t\t\t\t<\/span>\n\t\t\t\t\t<\/a>\n\t\t\t\t<\/div>\n\t\t\t\t\t\t\t\t<\/div>\n\t\t\t\t<\/div>\n\t\t\t\t\t<\/div>\n\t\t\t\t<\/div>\n\t\t\t\t<\/div>\n\t\t","protected":false},"excerpt":{"rendered":"<p>Akce pro ve\u0159ejnost Archiv novinek<\/p>\n","protected":false},"author":4,"featured_media":0,"parent":17326,"menu_order":0,"comment_status":"closed","ping_status":"closed","template":"","meta":{"_acf_changed":false,"footnotes":""},"class_list":["post-5532","page","type-page","status-publish","hentry"],"acf":[],"yoast_head":"<!-- This site is optimized with the Yoast SEO Premium plugin v27.2 (Yoast SEO v27.3) - https:\/\/yoast.com\/product\/yoast-seo-premium-wordpress\/ -->\n<title>Akce pro ve\u0159ejnost: co se chyst\u00e1 v bl\u00edzk\u00e9 dob\u011b - Dopravn\u00ed podnik m\u011bsta Hradce Kr\u00e1lov\u00e9<\/title>\n<meta name=\"description\" content=\"Sledujte akce pro ve\u0159ejnost, kter\u00e9 pro V\u00e1s po\u0159\u00e1d\u00e1 Dopravn\u00ed podnik m\u011bsta Hradce Kr\u00e1lov\u00e9 a nezme\u0161kejte \u017e\u00e1dn\u00e9 d\u016fle\u017eit\u00e9 informace.\" \/>\n<meta name=\"robots\" content=\"index, follow, max-snippet:-1, max-image-preview:large, max-video-preview:-1\" \/>\n<link rel=\"canonical\" href=\"https:\/\/dpmhk.cz\/cz\/o-nas\/akce-pro-verejnost\/\" \/>\n<meta property=\"og:locale\" content=\"cs_CZ\" \/>\n<meta property=\"og:type\" content=\"article\" \/>\n<meta property=\"og:title\" content=\"Akce pro ve\u0159ejnost\" \/>\n<meta property=\"og:description\" content=\"Sledujte akce pro ve\u0159ejnost, kter\u00e9 pro V\u00e1s po\u0159\u00e1d\u00e1 Dopravn\u00ed podnik m\u011bsta Hradce Kr\u00e1lov\u00e9 a nezme\u0161kejte \u017e\u00e1dn\u00e9 d\u016fle\u017eit\u00e9 informace.\" \/>\n<meta property=\"og:url\" content=\"https:\/\/dpmhk.cz\/cz\/o-nas\/akce-pro-verejnost\/\" \/>\n<meta property=\"og:site_name\" content=\"Dopravn\u00ed podnik m\u011bsta Hradce Kr\u00e1lov\u00e9\" \/>\n<meta property=\"article:publisher\" content=\"https:\/\/www.facebook.com\/dopravnipodnikhk\/\" \/>\n<meta property=\"article:modified_time\" content=\"2026-03-16T14:12:54+00:00\" \/>\n<meta property=\"og:image\" content=\"https:\/\/dpmhk.cz\/wp-content\/uploads\/2025\/11\/dopravni-podnik-hk-oznacnik-zastavka.jpg\" \/>\n\t<meta property=\"og:image:width\" content=\"1600\" \/>\n\t<meta property=\"og:image:height\" content=\"1067\" \/>\n\t<meta property=\"og:image:type\" content=\"image\/jpeg\" \/>\n<meta name=\"twitter:card\" content=\"summary_large_image\" \/>\n<meta name=\"twitter:label1\" content=\"Odhadovan\u00e1 doba \u010dten\u00ed\" \/>\n\t<meta name=\"twitter:data1\" content=\"1 minuta\" \/>\n<script type=\"application\/ld+json\" class=\"yoast-schema-graph\">{\"@context\":\"https:\\\/\\\/schema.org\",\"@graph\":[{\"@type\":\"WebPage\",\"@id\":\"https:\\\/\\\/dpmhk.cz\\\/cz\\\/o-nas\\\/akce-pro-verejnost\\\/\",\"url\":\"https:\\\/\\\/dpmhk.cz\\\/cz\\\/o-nas\\\/akce-pro-verejnost\\\/\",\"name\":\"Akce pro ve\u0159ejnost: co se chyst\u00e1 v bl\u00edzk\u00e9 dob\u011b - Dopravn\u00ed podnik m\u011bsta Hradce Kr\u00e1lov\u00e9\",\"isPartOf\":{\"@id\":\"https:\\\/\\\/www.dpmhk.cz\\\/cz\\\/#website\"},\"datePublished\":\"2025-11-06T09:28:49+00:00\",\"dateModified\":\"2026-03-16T14:12:54+00:00\",\"description\":\"Sledujte akce pro ve\u0159ejnost, kter\u00e9 pro V\u00e1s po\u0159\u00e1d\u00e1 Dopravn\u00ed podnik m\u011bsta Hradce Kr\u00e1lov\u00e9 a nezme\u0161kejte \u017e\u00e1dn\u00e9 d\u016fle\u017eit\u00e9 informace.\",\"breadcrumb\":{\"@id\":\"https:\\\/\\\/dpmhk.cz\\\/cz\\\/o-nas\\\/akce-pro-verejnost\\\/#breadcrumb\"},\"inLanguage\":\"cs\",\"potentialAction\":[{\"@type\":\"ReadAction\",\"target\":[\"https:\\\/\\\/dpmhk.cz\\\/cz\\\/o-nas\\\/akce-pro-verejnost\\\/\"]}]},{\"@type\":\"BreadcrumbList\",\"@id\":\"https:\\\/\\\/dpmhk.cz\\\/cz\\\/o-nas\\\/akce-pro-verejnost\\\/#breadcrumb\",\"itemListElement\":[{\"@type\":\"ListItem\",\"position\":1,\"name\":\"Dom\u016f\",\"item\":\"https:\\\/\\\/www.dpmhk.cz\\\/cz\\\/\"},{\"@type\":\"ListItem\",\"position\":2,\"name\":\"O n\u00e1s\",\"item\":\"https:\\\/\\\/www.dpmhk.cz\\\/cz\\\/o-nas\\\/\"},{\"@type\":\"ListItem\",\"position\":3,\"name\":\"Akce pro ve\u0159ejnost\"}]},{\"@type\":\"WebSite\",\"@id\":\"https:\\\/\\\/www.dpmhk.cz\\\/cz\\\/#website\",\"url\":\"https:\\\/\\\/www.dpmhk.cz\\\/cz\\\/\",\"name\":\"Dopravn\u00ed podnik m\u011bsta Hradce Kr\u00e1lov\u00e9\",\"description\":\"Ofici\u00e1ln\u00ed webov\u00e9 str\u00e1nky\",\"publisher\":{\"@id\":\"https:\\\/\\\/www.dpmhk.cz\\\/cz\\\/#organization\"},\"alternateName\":\"Dopravn\u00ed podnik m\u011bsta Hradce Kr\u00e1lov\u00e9\",\"potentialAction\":[{\"@type\":\"SearchAction\",\"target\":{\"@type\":\"EntryPoint\",\"urlTemplate\":\"https:\\\/\\\/www.dpmhk.cz\\\/cz\\\/?s={search_term_string}\"},\"query-input\":{\"@type\":\"PropertyValueSpecification\",\"valueRequired\":true,\"valueName\":\"search_term_string\"}}],\"inLanguage\":\"cs\"},{\"@type\":[\"Organization\",\"Place\"],\"@id\":\"https:\\\/\\\/www.dpmhk.cz\\\/cz\\\/#organization\",\"name\":\"Dopravn\u00ed podnik m\u011bsta Hradce Kr\u00e1lov\u00e9, a.s.\",\"alternateName\":\"DPmHK\",\"url\":\"https:\\\/\\\/www.dpmhk.cz\\\/cz\\\/\",\"logo\":{\"@id\":\"https:\\\/\\\/dpmhk.cz\\\/cz\\\/o-nas\\\/akce-pro-verejnost\\\/#local-main-organization-logo\"},\"image\":{\"@id\":\"https:\\\/\\\/dpmhk.cz\\\/cz\\\/o-nas\\\/akce-pro-verejnost\\\/#local-main-organization-logo\"},\"sameAs\":[\"https:\\\/\\\/www.facebook.com\\\/dopravnipodnikhk\\\/\",\"https:\\\/\\\/www.instagram.com\\\/dopravnipodnikhk\\\/\",\"https:\\\/\\\/www.youtube.com\\\/@dopravnipodnik-hk\"],\"legalName\":\"Dopravn\u00ed podnik m\u011bsta Hradce Kr\u00e1lov\u00e9, a.s.\",\"foundingDate\":\"1948-04-26\",\"numberOfEmployees\":{\"@type\":\"QuantitativeValue\",\"minValue\":\"201\",\"maxValue\":\"500\"},\"ownershipFundingInfo\":\"https:\\\/\\\/www.dpmhk.cz\\\/cz\\\/o-nas\\\/o-spolecnosti\\\/\",\"actionableFeedbackPolicy\":\"https:\\\/\\\/www.dpmhk.cz\\\/cz\\\/o-nas\\\/dokumenty-formulare\\\/\",\"ethicsPolicy\":\"https:\\\/\\\/www.dpmhk.cz\\\/cz\\\/o-nas\\\/o-spolecnosti\\\/\",\"diversityStaffingReport\":\"https:\\\/\\\/www.dpmhk.cz\\\/cz\\\/kariera\\\/\",\"address\":{\"@id\":\"https:\\\/\\\/dpmhk.cz\\\/cz\\\/o-nas\\\/akce-pro-verejnost\\\/#local-main-place-address\"},\"telephone\":[\"+420 495 089 271\",\"+420 495 546 095\"],\"contactPoint\":{\"@type\":\"ContactPoint\",\"email\":\"info@dpmhk.cz\"},\"openingHoursSpecification\":[{\"@type\":\"OpeningHoursSpecification\",\"dayOfWeek\":[\"Monday\",\"Wednesday\"],\"opens\":\"07:00\",\"closes\":\"17:00\"},{\"@type\":\"OpeningHoursSpecification\",\"dayOfWeek\":[\"Tuesday\",\"Thursday\"],\"opens\":\"07:00\",\"closes\":\"16:30\"},{\"@type\":\"OpeningHoursSpecification\",\"dayOfWeek\":[\"Friday\"],\"opens\":\"07:00\",\"closes\":\"15:00\"},{\"@type\":\"OpeningHoursSpecification\",\"dayOfWeek\":[\"Saturday\",\"Sunday\"],\"opens\":\"00:00\",\"closes\":\"00:00\"}],\"vatID\":\"CZ25267213\",\"taxID\":\"25267213\"},{\"@type\":\"PostalAddress\",\"@id\":\"https:\\\/\\\/dpmhk.cz\\\/cz\\\/o-nas\\\/akce-pro-verejnost\\\/#local-main-place-address\",\"streetAddress\":\"Pouchovsk\u00e1 153\",\"addressLocality\":\"Hradec Kr\u00e1lov\u00e9\",\"postalCode\":\"500 03\",\"addressRegion\":\"Aktivn\u00ed\",\"addressCountry\":\"CZ\"},{\"@type\":\"ImageObject\",\"inLanguage\":\"cs\",\"@id\":\"https:\\\/\\\/dpmhk.cz\\\/cz\\\/o-nas\\\/akce-pro-verejnost\\\/#local-main-organization-logo\",\"url\":\"https:\\\/\\\/dpmhk.cz\\\/wp-content\\\/uploads\\\/2025\\\/11\\\/DP_HK_Logo_cerne2025-1.svg\",\"contentUrl\":\"https:\\\/\\\/dpmhk.cz\\\/wp-content\\\/uploads\\\/2025\\\/11\\\/DP_HK_Logo_cerne2025-1.svg\",\"width\":123,\"height\":60,\"caption\":\"Dopravn\u00ed podnik m\u011bsta Hradce Kr\u00e1lov\u00e9, a.s.\"}]}<\/script>\n<meta name=\"geo.placename\" content=\"Hradec Kr\u00e1lov\u00e9\" \/>\n<meta name=\"geo.region\" content=\"\u010cesk\u00e1 republika\" \/>\n<!-- \/ Yoast SEO Premium plugin. -->","yoast_head_json":{"title":"Akce pro ve\u0159ejnost: co se chyst\u00e1 v bl\u00edzk\u00e9 dob\u011b - Dopravn\u00ed podnik m\u011bsta Hradce Kr\u00e1lov\u00e9","description":"Sledujte akce pro ve\u0159ejnost, kter\u00e9 pro V\u00e1s po\u0159\u00e1d\u00e1 Dopravn\u00ed podnik m\u011bsta Hradce Kr\u00e1lov\u00e9 a nezme\u0161kejte \u017e\u00e1dn\u00e9 d\u016fle\u017eit\u00e9 informace.","robots":{"index":"index","follow":"follow","max-snippet":"max-snippet:-1","max-image-preview":"max-image-preview:large","max-video-preview":"max-video-preview:-1"},"canonical":"https:\/\/dpmhk.cz\/cz\/o-nas\/akce-pro-verejnost\/","og_locale":"cs_CZ","og_type":"article","og_title":"Akce pro ve\u0159ejnost","og_description":"Sledujte akce pro ve\u0159ejnost, kter\u00e9 pro V\u00e1s po\u0159\u00e1d\u00e1 Dopravn\u00ed podnik m\u011bsta Hradce Kr\u00e1lov\u00e9 a nezme\u0161kejte \u017e\u00e1dn\u00e9 d\u016fle\u017eit\u00e9 informace.","og_url":"https:\/\/dpmhk.cz\/cz\/o-nas\/akce-pro-verejnost\/","og_site_name":"Dopravn\u00ed podnik m\u011bsta Hradce Kr\u00e1lov\u00e9","article_publisher":"https:\/\/www.facebook.com\/dopravnipodnikhk\/","article_modified_time":"2026-03-16T14:12:54+00:00","og_image":[{"width":1600,"height":1067,"url":"https:\/\/dpmhk.cz\/wp-content\/uploads\/2025\/11\/dopravni-podnik-hk-oznacnik-zastavka.jpg","type":"image\/jpeg"}],"twitter_card":"summary_large_image","twitter_misc":{"Odhadovan\u00e1 doba \u010dten\u00ed":"1 minuta"},"schema":{"@context":"https:\/\/schema.org","@graph":[{"@type":"WebPage","@id":"https:\/\/dpmhk.cz\/cz\/o-nas\/akce-pro-verejnost\/","url":"https:\/\/dpmhk.cz\/cz\/o-nas\/akce-pro-verejnost\/","name":"Akce pro ve\u0159ejnost: co se chyst\u00e1 v bl\u00edzk\u00e9 dob\u011b - Dopravn\u00ed podnik m\u011bsta Hradce Kr\u00e1lov\u00e9","isPartOf":{"@id":"https:\/\/www.dpmhk.cz\/cz\/#website"},"datePublished":"2025-11-06T09:28:49+00:00","dateModified":"2026-03-16T14:12:54+00:00","description":"Sledujte akce pro ve\u0159ejnost, kter\u00e9 pro V\u00e1s po\u0159\u00e1d\u00e1 Dopravn\u00ed podnik m\u011bsta Hradce Kr\u00e1lov\u00e9 a nezme\u0161kejte \u017e\u00e1dn\u00e9 d\u016fle\u017eit\u00e9 informace.","breadcrumb":{"@id":"https:\/\/dpmhk.cz\/cz\/o-nas\/akce-pro-verejnost\/#breadcrumb"},"inLanguage":"cs","potentialAction":[{"@type":"ReadAction","target":["https:\/\/dpmhk.cz\/cz\/o-nas\/akce-pro-verejnost\/"]}]},{"@type":"BreadcrumbList","@id":"https:\/\/dpmhk.cz\/cz\/o-nas\/akce-pro-verejnost\/#breadcrumb","itemListElement":[{"@type":"ListItem","position":1,"name":"Dom\u016f","item":"https:\/\/www.dpmhk.cz\/cz\/"},{"@type":"ListItem","position":2,"name":"O n\u00e1s","item":"https:\/\/www.dpmhk.cz\/cz\/o-nas\/"},{"@type":"ListItem","position":3,"name":"Akce pro ve\u0159ejnost"}]},{"@type":"WebSite","@id":"https:\/\/www.dpmhk.cz\/cz\/#website","url":"https:\/\/www.dpmhk.cz\/cz\/","name":"Dopravn\u00ed podnik m\u011bsta Hradce Kr\u00e1lov\u00e9","description":"Ofici\u00e1ln\u00ed webov\u00e9 str\u00e1nky","publisher":{"@id":"https:\/\/www.dpmhk.cz\/cz\/#organization"},"alternateName":"Dopravn\u00ed podnik m\u011bsta Hradce Kr\u00e1lov\u00e9","potentialAction":[{"@type":"SearchAction","target":{"@type":"EntryPoint","urlTemplate":"https:\/\/www.dpmhk.cz\/cz\/?s={search_term_string}"},"query-input":{"@type":"PropertyValueSpecification","valueRequired":true,"valueName":"search_term_string"}}],"inLanguage":"cs"},{"@type":["Organization","Place"],"@id":"https:\/\/www.dpmhk.cz\/cz\/#organization","name":"Dopravn\u00ed podnik m\u011bsta Hradce Kr\u00e1lov\u00e9, a.s.","alternateName":"DPmHK","url":"https:\/\/www.dpmhk.cz\/cz\/","logo":{"@id":"https:\/\/dpmhk.cz\/cz\/o-nas\/akce-pro-verejnost\/#local-main-organization-logo"},"image":{"@id":"https:\/\/dpmhk.cz\/cz\/o-nas\/akce-pro-verejnost\/#local-main-organization-logo"},"sameAs":["https:\/\/www.facebook.com\/dopravnipodnikhk\/","https:\/\/www.instagram.com\/dopravnipodnikhk\/","https:\/\/www.youtube.com\/@dopravnipodnik-hk"],"legalName":"Dopravn\u00ed podnik m\u011bsta Hradce Kr\u00e1lov\u00e9, a.s.","foundingDate":"1948-04-26","numberOfEmployees":{"@type":"QuantitativeValue","minValue":"201","maxValue":"500"},"ownershipFundingInfo":"https:\/\/www.dpmhk.cz\/cz\/o-nas\/o-spolecnosti\/","actionableFeedbackPolicy":"https:\/\/www.dpmhk.cz\/cz\/o-nas\/dokumenty-formulare\/","ethicsPolicy":"https:\/\/www.dpmhk.cz\/cz\/o-nas\/o-spolecnosti\/","diversityStaffingReport":"https:\/\/www.dpmhk.cz\/cz\/kariera\/","address":{"@id":"https:\/\/dpmhk.cz\/cz\/o-nas\/akce-pro-verejnost\/#local-main-place-address"},"telephone":["+420 495 089 271","+420 495 546 095"],"contactPoint":{"@type":"ContactPoint","email":"info@dpmhk.cz"},"openingHoursSpecification":[{"@type":"OpeningHoursSpecification","dayOfWeek":["Monday","Wednesday"],"opens":"07:00","closes":"17:00"},{"@type":"OpeningHoursSpecification","dayOfWeek":["Tuesday","Thursday"],"opens":"07:00","closes":"16:30"},{"@type":"OpeningHoursSpecification","dayOfWeek":["Friday"],"opens":"07:00","closes":"15:00"},{"@type":"OpeningHoursSpecification","dayOfWeek":["Saturday","Sunday"],"opens":"00:00","closes":"00:00"}],"vatID":"CZ25267213","taxID":"25267213"},{"@type":"PostalAddress","@id":"https:\/\/dpmhk.cz\/cz\/o-nas\/akce-pro-verejnost\/#local-main-place-address","streetAddress":"Pouchovsk\u00e1 153","addressLocality":"Hradec Kr\u00e1lov\u00e9","postalCode":"500 03","addressRegion":"Aktivn\u00ed","addressCountry":"CZ"},{"@type":"ImageObject","inLanguage":"cs","@id":"https:\/\/dpmhk.cz\/cz\/o-nas\/akce-pro-verejnost\/#local-main-organization-logo","url":"https:\/\/dpmhk.cz\/wp-content\/uploads\/2025\/11\/DP_HK_Logo_cerne2025-1.svg","contentUrl":"https:\/\/dpmhk.cz\/wp-content\/uploads\/2025\/11\/DP_HK_Logo_cerne2025-1.svg","width":123,"height":60,"caption":"Dopravn\u00ed podnik m\u011bsta Hradce Kr\u00e1lov\u00e9, a.s."}]},"geo.placename":"Hradec Kr\u00e1lov\u00e9","geo.region":"\u010cesk\u00e1 republika"},"_links":{"self":[{"href":"https:\/\/dpmhk.cz\/cz\/wp-json\/wp\/v2\/pages\/5532","targetHints":{"allow":["GET"]}}],"collection":[{"href":"https:\/\/dpmhk.cz\/cz\/wp-json\/wp\/v2\/pages"}],"about":[{"href":"https:\/\/dpmhk.cz\/cz\/wp-json\/wp\/v2\/types\/page"}],"author":[{"embeddable":true,"href":"https:\/\/dpmhk.cz\/cz\/wp-json\/wp\/v2\/users\/4"}],"replies":[{"embeddable":true,"href":"https:\/\/dpmhk.cz\/cz\/wp-json\/wp\/v2\/comments?post=5532"}],"version-history":[{"count":5,"href":"https:\/\/dpmhk.cz\/cz\/wp-json\/wp\/v2\/pages\/5532\/revisions"}],"predecessor-version":[{"id":21868,"href":"https:\/\/dpmhk.cz\/cz\/wp-json\/wp\/v2\/pages\/5532\/revisions\/21868"}],"up":[{"embeddable":true,"href":"https:\/\/dpmhk.cz\/cz\/wp-json\/wp\/v2\/pages\/17326"}],"wp:attachment":[{"href":"https:\/\/dpmhk.cz\/cz\/wp-json\/wp\/v2\/media?parent=5532"}],"curies":[{"name":"wp","href":"https:\/\/api.w.org\/{rel}","templated":true}]}}