{"id":7056,"date":"2025-11-14T13:44:34","date_gmt":"2025-11-14T12:44:34","guid":{"rendered":"https:\/\/www.dopravnipodnikhk.cz\/?page_id=7056"},"modified":"2026-04-21T15:33:47","modified_gmt":"2026-04-21T13:33:47","slug":"servis-vozidel","status":"publish","type":"page","link":"https:\/\/dpmhk.cz\/cz\/ostatni-sluzby\/servis-vozidel\/","title":{"rendered":"Servis vozidel"},"content":{"rendered":"\t\t<div data-elementor-type=\"wp-page\" data-elementor-id=\"7056\" class=\"elementor elementor-7056\" wpc-filter-elementor-widget=\"1\" data-elementor-post-type=\"page\">\n\t\t\t\t<div class=\"elementor-element elementor-element-f76cfd6 e-flex e-con-boxed e-con e-parent\" data-id=\"f76cfd6\" data-element_type=\"container\" data-e-type=\"container\">\n\t\t\t\t\t<div class=\"e-con-inner\">\n\t\t\t\t<div class=\"elementor-element elementor-element-1441444 elementor-widget elementor-widget-breadcrumbs\" data-id=\"1441444\" data-element_type=\"widget\" data-e-type=\"widget\" data-widget_type=\"breadcrumbs.default\">\n\t\t\t\t<div class=\"elementor-widget-container\">\n\t\t\t\t\t<p id=\"breadcrumbs\"><span><span><a href=\"https:\/\/www.dpmhk.cz\/\"><span class=\"fa fa-home\" aria-hidden=\"true\"><\/span><span class=\"screen-reader-text\">Dom\u016f<\/span><\/a><\/span><\/span><\/p>\t\t\t\t<\/div>\n\t\t\t\t<\/div>\n\t\t<div class=\"elementor-element elementor-element-e81a86c e-con-full e-flex e-con e-child\" data-id=\"e81a86c\" data-element_type=\"container\" data-e-type=\"container\" data-settings=\"{&quot;background_background&quot;:&quot;classic&quot;}\">\n\t\t\t\t<div class=\"elementor-element elementor-element-d4bd610 elementor-widget elementor-widget-heading\" data-id=\"d4bd610\" data-element_type=\"widget\" data-e-type=\"widget\" data-widget_type=\"heading.default\">\n\t\t\t\t<div class=\"elementor-widget-container\">\n\t\t\t\t\t<h1 class=\"elementor-heading-title elementor-size-default\">Servis vozidel Hradec Kr\u00e1lov\u00e9<\/h1>\t\t\t\t<\/div>\n\t\t\t\t<\/div>\n\t\t\t\t<\/div>\n\t\t<div class=\"elementor-element elementor-element-79973b5 e-con-full e-flex e-con e-child\" data-id=\"79973b5\" data-element_type=\"container\" data-e-type=\"container\" data-settings=\"{&quot;background_background&quot;:&quot;classic&quot;}\">\n\t\t\t\t<div class=\"elementor-element elementor-element-10c8284 elementor-widget elementor-widget-text-editor\" data-id=\"10c8284\" data-element_type=\"widget\" data-e-type=\"widget\" data-widget_type=\"text-editor.default\">\n\t\t\t\t<div class=\"elementor-widget-container\">\n\t\t\t\t\t\t\t\t\t<p><strong>Adresa:<br \/><\/strong><a href=\"https:\/\/maps.app.goo.gl\/QPGECf3EATMZZU6w5\">Pouchovsk\u00e1 153<br \/>500 03 Hradec Kr\u00e1lov\u00e9<\/a><\/p><p><strong>Telefon:<br \/><\/strong>NONSTOP servis, autoodtah<br \/><a href=\"tel:+420495 089 246\">495 089 246<\/a><br \/><a href=\"tel:+420721 015 866\">721 015 866<\/a><\/p>\t\t\t\t\t\t\t\t<\/div>\n\t\t\t\t<\/div>\n\t\t\t\t<div class=\"elementor-element elementor-element-895fd7f elementor-widget elementor-widget-text-editor\" data-id=\"895fd7f\" data-element_type=\"widget\" data-e-type=\"widget\" data-widget_type=\"text-editor.default\">\n\t\t\t\t<div class=\"elementor-widget-container\">\n\t\t\t\t\t\t\t\t\t<h5><strong>Otev\u00edrac\u00ed doba<\/strong><\/h5><p>PO 6:00 &#8211; 14:00<br \/>\u00daT 6:00 &#8211; 14:00<br \/>ST 6:00 &#8211; 14:00<br \/>\u010cT 6:00 &#8211; 14:00<br \/>P\u00c1 6:00 &#8211; 14:00<\/p>\t\t\t\t\t\t\t\t<\/div>\n\t\t\t\t<\/div>\n\t\t\t\t<\/div>\n\t\t\t\t\t<\/div>\n\t\t\t\t<\/div>\n\t\t<div class=\"elementor-element elementor-element-461dcfb e-flex e-con-boxed e-con e-parent\" data-id=\"461dcfb\" data-element_type=\"container\" data-e-type=\"container\">\n\t\t\t\t\t<div class=\"e-con-inner\">\n\t\t\t\t\t<\/div>\n\t\t\t\t<\/div>\n\t\t\t\t<\/div>\n\t\t","protected":false},"excerpt":{"rendered":"<p>Servis vozidel Hradec Kr\u00e1lov\u00e9 Adresa:Pouchovsk\u00e1 153500 03 Hradec Kr\u00e1lov\u00e9 Telefon:NONSTOP servis, autoodtah495 089 246721 015 866 Otev\u00edrac\u00ed doba PO 6:00 &#8211; 14:00\u00daT 6:00 &#8211; 14:00ST 6:00 &#8211; 14:00\u010cT 6:00 &#8211; 14:00P\u00c1 6:00 &#8211; 14:00<\/p>\n","protected":false},"author":4,"featured_media":0,"parent":5526,"menu_order":0,"comment_status":"closed","ping_status":"closed","template":"","meta":{"_acf_changed":false,"footnotes":""},"class_list":["post-7056","page","type-page","status-publish","hentry"],"acf":[],"yoast_head":"<!-- This site is optimized with the Yoast SEO Premium plugin v27.4 (Yoast SEO v27.4) - https:\/\/yoast.com\/product\/yoast-seo-premium-wordpress\/ -->\n<title>Servis vozidel a autobus\u016f v Hradci Kr\u00e1lov\u00e9 - Dopravn\u00ed podnik m\u011bsta Hradce Kr\u00e1lov\u00e9<\/title>\n<meta name=\"description\" content=\"Servis vozidel Dopravn\u00edho podniku m\u011bsta Hradce Kr\u00e1lov\u00e9 \u2013 opravy a servis vozidel, autobus\u016f a trolejbus\u016f MHD v\u010detn\u011b nonstop odtahu.\" \/>\n<meta name=\"robots\" content=\"index, follow, max-snippet:-1, max-image-preview:large, max-video-preview:-1\" \/>\n<link rel=\"canonical\" href=\"https:\/\/www.dpmhk.cz\/cz\/ostatni-sluzby\/servis-vozidel\/\" \/>\n<meta property=\"og:locale\" content=\"cs_CZ\" \/>\n<meta property=\"og:type\" content=\"article\" \/>\n<meta property=\"og:title\" content=\"Servis vozidel\" \/>\n<meta property=\"og:description\" content=\"Servis vozidel Dopravn\u00edho podniku m\u011bsta Hradce Kr\u00e1lov\u00e9 \u2013 opravy a servis vozidel, autobus\u016f a trolejbus\u016f MHD v\u010detn\u011b nonstop odtahu.\" \/>\n<meta property=\"og:url\" content=\"https:\/\/www.dpmhk.cz\/cz\/ostatni-sluzby\/servis-vozidel\/\" \/>\n<meta property=\"og:site_name\" content=\"Dopravn\u00ed podnik m\u011bsta Hradce Kr\u00e1lov\u00e9\" \/>\n<meta property=\"article:publisher\" content=\"https:\/\/www.facebook.com\/dopravnipodnikhk\/\" \/>\n<meta property=\"article:modified_time\" content=\"2026-04-21T13:33:47+00:00\" \/>\n<meta property=\"og:image\" content=\"https:\/\/dpmhk.cz\/wp-content\/uploads\/2025\/11\/dopravni-podnik-hk-oznacnik-zastavka.jpg\" \/>\n\t<meta property=\"og:image:width\" content=\"1600\" \/>\n\t<meta property=\"og:image:height\" content=\"1067\" \/>\n\t<meta property=\"og:image:type\" content=\"image\/jpeg\" \/>\n<meta name=\"twitter:card\" content=\"summary_large_image\" \/>\n<meta name=\"twitter:label1\" content=\"Odhadovan\u00e1 doba \u010dten\u00ed\" \/>\n\t<meta name=\"twitter:data1\" content=\"1 minuta\" \/>\n<script type=\"application\/ld+json\" class=\"yoast-schema-graph\">{\"@context\":\"https:\\\/\\\/schema.org\",\"@graph\":[{\"@type\":\"WebPage\",\"@id\":\"https:\\\/\\\/www.dpmhk.cz\\\/ostatni-sluzby\\\/servis-vozidel\\\/\",\"url\":\"https:\\\/\\\/www.dpmhk.cz\\\/cz\\\/ostatni-sluzby\\\/servis-vozidel\\\/\",\"name\":\"Servis vozidel a autobus\u016f v Hradci Kr\u00e1lov\u00e9 - Dopravn\u00ed podnik m\u011bsta Hradce Kr\u00e1lov\u00e9\",\"isPartOf\":{\"@id\":\"https:\\\/\\\/www.dpmhk.cz\\\/cz\\\/#website\"},\"datePublished\":\"2025-11-14T12:44:34+00:00\",\"dateModified\":\"2026-04-21T13:33:47+00:00\",\"description\":\"Servis vozidel Dopravn\u00edho podniku m\u011bsta Hradce Kr\u00e1lov\u00e9 \u2013 opravy a servis vozidel, autobus\u016f a trolejbus\u016f MHD v\u010detn\u011b nonstop odtahu.\",\"breadcrumb\":{\"@id\":\"https:\\\/\\\/www.dpmhk.cz\\\/cz\\\/ostatni-sluzby\\\/servis-vozidel\\\/#breadcrumb\"},\"inLanguage\":\"cs\",\"potentialAction\":[{\"@type\":\"ReadAction\",\"target\":[\"https:\\\/\\\/www.dpmhk.cz\\\/cz\\\/ostatni-sluzby\\\/servis-vozidel\\\/\"]}]},{\"@type\":\"BreadcrumbList\",\"@id\":\"https:\\\/\\\/www.dpmhk.cz\\\/cz\\\/ostatni-sluzby\\\/servis-vozidel\\\/#breadcrumb\",\"itemListElement\":[{\"@type\":\"ListItem\",\"position\":1,\"name\":\"Dom\u016f\",\"item\":\"https:\\\/\\\/www.dpmhk.cz\\\/\"},{\"@type\":\"ListItem\",\"position\":2,\"name\":\"Ostatn\u00ed slu\u017eby\",\"item\":\"https:\\\/\\\/dpmhk.cz\\\/cz\\\/ostatni-sluzby\\\/\"},{\"@type\":\"ListItem\",\"position\":3,\"name\":\"Servis vozidel\"}]},{\"@type\":\"WebSite\",\"@id\":\"https:\\\/\\\/www.dpmhk.cz\\\/cz\\\/#website\",\"url\":\"https:\\\/\\\/www.dpmhk.cz\\\/cz\\\/\",\"name\":\"Dopravn\u00ed podnik m\u011bsta Hradce Kr\u00e1lov\u00e9\",\"description\":\"Ofici\u00e1ln\u00ed webov\u00e9 str\u00e1nky\",\"publisher\":{\"@id\":\"https:\\\/\\\/www.dpmhk.cz\\\/cz\\\/#organization\"},\"alternateName\":\"Dopravn\u00ed podnik m\u011bsta Hradce Kr\u00e1lov\u00e9\",\"potentialAction\":[{\"@type\":\"SearchAction\",\"target\":{\"@type\":\"EntryPoint\",\"urlTemplate\":\"https:\\\/\\\/www.dpmhk.cz\\\/cz\\\/?s={search_term_string}\"},\"query-input\":{\"@type\":\"PropertyValueSpecification\",\"valueRequired\":true,\"valueName\":\"search_term_string\"}}],\"inLanguage\":\"cs\"},{\"@type\":[\"Organization\",\"Place\"],\"@id\":\"https:\\\/\\\/www.dpmhk.cz\\\/cz\\\/#organization\",\"name\":\"Dopravn\u00ed podnik m\u011bsta Hradce Kr\u00e1lov\u00e9, a.s.\",\"alternateName\":\"DPmHK\",\"url\":\"https:\\\/\\\/www.dpmhk.cz\\\/cz\\\/\",\"logo\":{\"@id\":\"https:\\\/\\\/www.dpmhk.cz\\\/cz\\\/ostatni-sluzby\\\/servis-vozidel\\\/#local-main-organization-logo\"},\"image\":{\"@id\":\"https:\\\/\\\/www.dpmhk.cz\\\/cz\\\/ostatni-sluzby\\\/servis-vozidel\\\/#local-main-organization-logo\"},\"sameAs\":[\"https:\\\/\\\/www.facebook.com\\\/dopravnipodnikhk\\\/\",\"https:\\\/\\\/www.instagram.com\\\/dopravnipodnikhk\\\/\",\"https:\\\/\\\/www.youtube.com\\\/@dopravnipodnik-hk\"],\"legalName\":\"Dopravn\u00ed podnik m\u011bsta Hradce Kr\u00e1lov\u00e9, a.s.\",\"foundingDate\":\"1948-04-26\",\"numberOfEmployees\":{\"@type\":\"QuantitativeValue\",\"minValue\":\"201\",\"maxValue\":\"500\"},\"ownershipFundingInfo\":\"https:\\\/\\\/dpmhk.cz\\\/cz\\\/o-nas\\\/o-spolecnosti\\\/\",\"actionableFeedbackPolicy\":\"https:\\\/\\\/dpmhk.cz\\\/cz\\\/o-nas\\\/dokumenty-formulare\\\/\",\"ethicsPolicy\":\"https:\\\/\\\/dpmhk.cz\\\/cz\\\/o-nas\\\/o-spolecnosti\\\/\",\"diversityStaffingReport\":\"https:\\\/\\\/dpmhk.cz\\\/cz\\\/kariera\\\/\",\"address\":{\"@id\":\"https:\\\/\\\/www.dpmhk.cz\\\/cz\\\/ostatni-sluzby\\\/servis-vozidel\\\/#local-main-place-address\"},\"telephone\":[\"+420 495 089 271\",\"+420 495 546 095\"],\"contactPoint\":{\"@type\":\"ContactPoint\",\"email\":\"info@dpmhk.cz\"},\"openingHoursSpecification\":[{\"@type\":\"OpeningHoursSpecification\",\"dayOfWeek\":[\"Monday\",\"Wednesday\"],\"opens\":\"07:00\",\"closes\":\"17:00\"},{\"@type\":\"OpeningHoursSpecification\",\"dayOfWeek\":[\"Tuesday\",\"Thursday\"],\"opens\":\"07:00\",\"closes\":\"16:30\"},{\"@type\":\"OpeningHoursSpecification\",\"dayOfWeek\":[\"Friday\"],\"opens\":\"07:00\",\"closes\":\"15:00\"},{\"@type\":\"OpeningHoursSpecification\",\"dayOfWeek\":[\"Saturday\",\"Sunday\"],\"opens\":\"00:00\",\"closes\":\"00:00\"}],\"vatID\":\"CZ25267213\",\"taxID\":\"25267213\"},{\"@type\":\"PostalAddress\",\"@id\":\"https:\\\/\\\/www.dpmhk.cz\\\/cz\\\/ostatni-sluzby\\\/servis-vozidel\\\/#local-main-place-address\",\"streetAddress\":\"Pouchovsk\u00e1 153\",\"addressLocality\":\"Hradec Kr\u00e1lov\u00e9\",\"postalCode\":\"500 03\",\"addressRegion\":\"Aktivn\u00ed\",\"addressCountry\":\"CZ\"},{\"@type\":\"ImageObject\",\"inLanguage\":\"cs\",\"@id\":\"https:\\\/\\\/www.dpmhk.cz\\\/cz\\\/ostatni-sluzby\\\/servis-vozidel\\\/#local-main-organization-logo\",\"url\":\"https:\\\/\\\/dpmhk.cz\\\/wp-content\\\/uploads\\\/2025\\\/11\\\/DP_HK_Logo_cerne2025-1.svg\",\"contentUrl\":\"https:\\\/\\\/dpmhk.cz\\\/wp-content\\\/uploads\\\/2025\\\/11\\\/DP_HK_Logo_cerne2025-1.svg\",\"width\":123,\"height\":60,\"caption\":\"Dopravn\u00ed podnik m\u011bsta Hradce Kr\u00e1lov\u00e9, a.s.\"}]}<\/script>\n<meta name=\"geo.placename\" content=\"Hradec Kr\u00e1lov\u00e9\" \/>\n<meta name=\"geo.region\" content=\"\u010cesk\u00e1 republika\" \/>\n<!-- \/ Yoast SEO Premium plugin. -->","yoast_head_json":{"title":"Servis vozidel a autobus\u016f v Hradci Kr\u00e1lov\u00e9 - Dopravn\u00ed podnik m\u011bsta Hradce Kr\u00e1lov\u00e9","description":"Servis vozidel Dopravn\u00edho podniku m\u011bsta Hradce Kr\u00e1lov\u00e9 \u2013 opravy a servis vozidel, autobus\u016f a trolejbus\u016f MHD v\u010detn\u011b nonstop odtahu.","robots":{"index":"index","follow":"follow","max-snippet":"max-snippet:-1","max-image-preview":"max-image-preview:large","max-video-preview":"max-video-preview:-1"},"canonical":"https:\/\/www.dpmhk.cz\/cz\/ostatni-sluzby\/servis-vozidel\/","og_locale":"cs_CZ","og_type":"article","og_title":"Servis vozidel","og_description":"Servis vozidel Dopravn\u00edho podniku m\u011bsta Hradce Kr\u00e1lov\u00e9 \u2013 opravy a servis vozidel, autobus\u016f a trolejbus\u016f MHD v\u010detn\u011b nonstop odtahu.","og_url":"https:\/\/www.dpmhk.cz\/cz\/ostatni-sluzby\/servis-vozidel\/","og_site_name":"Dopravn\u00ed podnik m\u011bsta Hradce Kr\u00e1lov\u00e9","article_publisher":"https:\/\/www.facebook.com\/dopravnipodnikhk\/","article_modified_time":"2026-04-21T13:33:47+00:00","og_image":[{"width":1600,"height":1067,"url":"https:\/\/dpmhk.cz\/wp-content\/uploads\/2025\/11\/dopravni-podnik-hk-oznacnik-zastavka.jpg","type":"image\/jpeg"}],"twitter_card":"summary_large_image","twitter_misc":{"Odhadovan\u00e1 doba \u010dten\u00ed":"1 minuta"},"schema":{"@context":"https:\/\/schema.org","@graph":[{"@type":"WebPage","@id":"https:\/\/www.dpmhk.cz\/ostatni-sluzby\/servis-vozidel\/","url":"https:\/\/www.dpmhk.cz\/cz\/ostatni-sluzby\/servis-vozidel\/","name":"Servis vozidel a autobus\u016f v Hradci Kr\u00e1lov\u00e9 - Dopravn\u00ed podnik m\u011bsta Hradce Kr\u00e1lov\u00e9","isPartOf":{"@id":"https:\/\/www.dpmhk.cz\/cz\/#website"},"datePublished":"2025-11-14T12:44:34+00:00","dateModified":"2026-04-21T13:33:47+00:00","description":"Servis vozidel Dopravn\u00edho podniku m\u011bsta Hradce Kr\u00e1lov\u00e9 \u2013 opravy a servis vozidel, autobus\u016f a trolejbus\u016f MHD v\u010detn\u011b nonstop odtahu.","breadcrumb":{"@id":"https:\/\/www.dpmhk.cz\/cz\/ostatni-sluzby\/servis-vozidel\/#breadcrumb"},"inLanguage":"cs","potentialAction":[{"@type":"ReadAction","target":["https:\/\/www.dpmhk.cz\/cz\/ostatni-sluzby\/servis-vozidel\/"]}]},{"@type":"BreadcrumbList","@id":"https:\/\/www.dpmhk.cz\/cz\/ostatni-sluzby\/servis-vozidel\/#breadcrumb","itemListElement":[{"@type":"ListItem","position":1,"name":"Dom\u016f","item":"https:\/\/www.dpmhk.cz\/"},{"@type":"ListItem","position":2,"name":"Ostatn\u00ed slu\u017eby","item":"https:\/\/dpmhk.cz\/cz\/ostatni-sluzby\/"},{"@type":"ListItem","position":3,"name":"Servis vozidel"}]},{"@type":"WebSite","@id":"https:\/\/www.dpmhk.cz\/cz\/#website","url":"https:\/\/www.dpmhk.cz\/cz\/","name":"Dopravn\u00ed podnik m\u011bsta Hradce Kr\u00e1lov\u00e9","description":"Ofici\u00e1ln\u00ed webov\u00e9 str\u00e1nky","publisher":{"@id":"https:\/\/www.dpmhk.cz\/cz\/#organization"},"alternateName":"Dopravn\u00ed podnik m\u011bsta Hradce Kr\u00e1lov\u00e9","potentialAction":[{"@type":"SearchAction","target":{"@type":"EntryPoint","urlTemplate":"https:\/\/www.dpmhk.cz\/cz\/?s={search_term_string}"},"query-input":{"@type":"PropertyValueSpecification","valueRequired":true,"valueName":"search_term_string"}}],"inLanguage":"cs"},{"@type":["Organization","Place"],"@id":"https:\/\/www.dpmhk.cz\/cz\/#organization","name":"Dopravn\u00ed podnik m\u011bsta Hradce Kr\u00e1lov\u00e9, a.s.","alternateName":"DPmHK","url":"https:\/\/www.dpmhk.cz\/cz\/","logo":{"@id":"https:\/\/www.dpmhk.cz\/cz\/ostatni-sluzby\/servis-vozidel\/#local-main-organization-logo"},"image":{"@id":"https:\/\/www.dpmhk.cz\/cz\/ostatni-sluzby\/servis-vozidel\/#local-main-organization-logo"},"sameAs":["https:\/\/www.facebook.com\/dopravnipodnikhk\/","https:\/\/www.instagram.com\/dopravnipodnikhk\/","https:\/\/www.youtube.com\/@dopravnipodnik-hk"],"legalName":"Dopravn\u00ed podnik m\u011bsta Hradce Kr\u00e1lov\u00e9, a.s.","foundingDate":"1948-04-26","numberOfEmployees":{"@type":"QuantitativeValue","minValue":"201","maxValue":"500"},"ownershipFundingInfo":"https:\/\/dpmhk.cz\/cz\/o-nas\/o-spolecnosti\/","actionableFeedbackPolicy":"https:\/\/dpmhk.cz\/cz\/o-nas\/dokumenty-formulare\/","ethicsPolicy":"https:\/\/dpmhk.cz\/cz\/o-nas\/o-spolecnosti\/","diversityStaffingReport":"https:\/\/dpmhk.cz\/cz\/kariera\/","address":{"@id":"https:\/\/www.dpmhk.cz\/cz\/ostatni-sluzby\/servis-vozidel\/#local-main-place-address"},"telephone":["+420 495 089 271","+420 495 546 095"],"contactPoint":{"@type":"ContactPoint","email":"info@dpmhk.cz"},"openingHoursSpecification":[{"@type":"OpeningHoursSpecification","dayOfWeek":["Monday","Wednesday"],"opens":"07:00","closes":"17:00"},{"@type":"OpeningHoursSpecification","dayOfWeek":["Tuesday","Thursday"],"opens":"07:00","closes":"16:30"},{"@type":"OpeningHoursSpecification","dayOfWeek":["Friday"],"opens":"07:00","closes":"15:00"},{"@type":"OpeningHoursSpecification","dayOfWeek":["Saturday","Sunday"],"opens":"00:00","closes":"00:00"}],"vatID":"CZ25267213","taxID":"25267213"},{"@type":"PostalAddress","@id":"https:\/\/www.dpmhk.cz\/cz\/ostatni-sluzby\/servis-vozidel\/#local-main-place-address","streetAddress":"Pouchovsk\u00e1 153","addressLocality":"Hradec Kr\u00e1lov\u00e9","postalCode":"500 03","addressRegion":"Aktivn\u00ed","addressCountry":"CZ"},{"@type":"ImageObject","inLanguage":"cs","@id":"https:\/\/www.dpmhk.cz\/cz\/ostatni-sluzby\/servis-vozidel\/#local-main-organization-logo","url":"https:\/\/dpmhk.cz\/wp-content\/uploads\/2025\/11\/DP_HK_Logo_cerne2025-1.svg","contentUrl":"https:\/\/dpmhk.cz\/wp-content\/uploads\/2025\/11\/DP_HK_Logo_cerne2025-1.svg","width":123,"height":60,"caption":"Dopravn\u00ed podnik m\u011bsta Hradce Kr\u00e1lov\u00e9, a.s."}]},"geo.placename":"Hradec Kr\u00e1lov\u00e9","geo.region":"\u010cesk\u00e1 republika"},"_links":{"self":[{"href":"https:\/\/dpmhk.cz\/cz\/wp-json\/wp\/v2\/pages\/7056","targetHints":{"allow":["GET"]}}],"collection":[{"href":"https:\/\/dpmhk.cz\/cz\/wp-json\/wp\/v2\/pages"}],"about":[{"href":"https:\/\/dpmhk.cz\/cz\/wp-json\/wp\/v2\/types\/page"}],"author":[{"embeddable":true,"href":"https:\/\/dpmhk.cz\/cz\/wp-json\/wp\/v2\/users\/4"}],"replies":[{"embeddable":true,"href":"https:\/\/dpmhk.cz\/cz\/wp-json\/wp\/v2\/comments?post=7056"}],"version-history":[{"count":5,"href":"https:\/\/dpmhk.cz\/cz\/wp-json\/wp\/v2\/pages\/7056\/revisions"}],"predecessor-version":[{"id":23436,"href":"https:\/\/dpmhk.cz\/cz\/wp-json\/wp\/v2\/pages\/7056\/revisions\/23436"}],"up":[{"embeddable":true,"href":"https:\/\/dpmhk.cz\/cz\/wp-json\/wp\/v2\/pages\/5526"}],"wp:attachment":[{"href":"https:\/\/dpmhk.cz\/cz\/wp-json\/wp\/v2\/media?parent=7056"}],"curies":[{"name":"wp","href":"https:\/\/api.w.org\/{rel}","templated":true}]}}