{"id":7360,"date":"2025-11-19T08:47:57","date_gmt":"2025-11-19T07:47:57","guid":{"rendered":"https:\/\/www.dopravnipodnikhk.cz\/?page_id=7360"},"modified":"2026-03-31T14:23:05","modified_gmt":"2026-03-31T12:23:05","slug":"technicke-parametry","status":"publish","type":"page","link":"https:\/\/dpmhk.cz\/cz\/ostatni-sluzby\/turisticky-vlacek\/technicke-parametry\/","title":{"rendered":"Technick\u00e9 parametry"},"content":{"rendered":"\t\t<div data-elementor-type=\"wp-page\" data-elementor-id=\"7360\" class=\"elementor elementor-7360\" wpc-filter-elementor-widget=\"1\" data-elementor-post-type=\"page\">\n\t\t\t\t<div class=\"elementor-element elementor-element-fb75b57 e-flex e-con-boxed e-con e-parent\" data-id=\"fb75b57\" data-element_type=\"container\" data-e-type=\"container\">\n\t\t\t\t\t<div class=\"e-con-inner\">\n\t\t\t\t<div class=\"elementor-element elementor-element-c5578fe elementor-widget elementor-widget-breadcrumbs\" data-id=\"c5578fe\" data-element_type=\"widget\" data-e-type=\"widget\" data-widget_type=\"breadcrumbs.default\">\n\t\t\t\t<div class=\"elementor-widget-container\">\n\t\t\t\t\t<p id=\"breadcrumbs\"><span><span><a href=\"https:\/\/www.dpmhk.cz\/cz\/\"><span class=\"fa fa-home\" aria-hidden=\"true\"><\/span><span class=\"screen-reader-text\">Dom\u016f<\/span><\/a><\/span><\/span><\/p>\t\t\t\t<\/div>\n\t\t\t\t<\/div>\n\t\t\t\t<div class=\"elementor-element elementor-element-d3a9b34 elementor-widget elementor-widget-heading\" data-id=\"d3a9b34\" data-element_type=\"widget\" data-e-type=\"widget\" data-widget_type=\"heading.default\">\n\t\t\t\t<div class=\"elementor-widget-container\">\n\t\t\t\t\t<h1 class=\"elementor-heading-title elementor-size-default\">Technick\u00e9 parametry<\/h1>\t\t\t\t<\/div>\n\t\t\t\t<\/div>\n\t\t<div class=\"elementor-element elementor-element-cd77561 e-con-full e-flex e-con e-child\" data-id=\"cd77561\" data-element_type=\"container\" data-e-type=\"container\" data-settings=\"{&quot;background_background&quot;:&quot;classic&quot;}\">\n\t\t<div class=\"elementor-element elementor-element-4ff494a e-con-full e-flex e-con e-child\" data-id=\"4ff494a\" data-element_type=\"container\" data-e-type=\"container\" data-settings=\"{&quot;background_background&quot;:&quot;classic&quot;}\">\n\t\t<div class=\"elementor-element elementor-element-4cd34d5 e-con-full e-flex e-con e-child\" data-id=\"4cd34d5\" data-element_type=\"container\" data-e-type=\"container\" data-settings=\"{&quot;background_background&quot;:&quot;classic&quot;}\">\n\t\t\t\t<div class=\"elementor-element elementor-element-173c5d6 elementor-widget elementor-widget-heading\" data-id=\"173c5d6\" data-element_type=\"widget\" data-e-type=\"widget\" data-widget_type=\"heading.default\">\n\t\t\t\t<div class=\"elementor-widget-container\">\n\t\t\t\t\t<h2 class=\"elementor-heading-title elementor-size-default\">Lokomotiva<\/h2>\t\t\t\t<\/div>\n\t\t\t\t<\/div>\n\t\t\t\t<div class=\"elementor-element elementor-element-939d250 elementor-widget elementor-widget-text-editor\" data-id=\"939d250\" data-element_type=\"widget\" data-e-type=\"widget\" data-widget_type=\"text-editor.default\">\n\t\t\t\t<div class=\"elementor-widget-container\">\n\t\t\t\t\t\t\t\t\t<ul><li>pohon obou n\u00e1prav<\/li><li>d\/\u0161\/v: 4850\/1695\/2400 mm<\/li><li>max. rychlost: 25 km\/hod<\/li><li>obsah motoru: 2600 ccm<\/li><li>palivo: benz\u00edn BA 95<\/li><li>stoupavost: 12%<\/li><\/ul>\t\t\t\t\t\t\t\t<\/div>\n\t\t\t\t<\/div>\n\t\t\t\t<\/div>\n\t\t<div class=\"elementor-element elementor-element-e53e29f e-con-full e-flex e-con e-child\" data-id=\"e53e29f\" data-element_type=\"container\" data-e-type=\"container\" data-settings=\"{&quot;background_background&quot;:&quot;classic&quot;}\">\n\t\t\t\t<div class=\"elementor-element elementor-element-8fb8967 elementor-widget elementor-widget-heading\" data-id=\"8fb8967\" data-element_type=\"widget\" data-e-type=\"widget\" data-widget_type=\"heading.default\">\n\t\t\t\t<div class=\"elementor-widget-container\">\n\t\t\t\t\t<h2 class=\"elementor-heading-title elementor-size-default\">Vag\u00f3nky<\/h2>\t\t\t\t<\/div>\n\t\t\t\t<\/div>\n\t\t\t\t<div class=\"elementor-element elementor-element-e203f78 elementor-widget elementor-widget-text-editor\" data-id=\"e203f78\" data-element_type=\"widget\" data-e-type=\"widget\" data-widget_type=\"text-editor.default\">\n\t\t\t\t<div class=\"elementor-widget-container\">\n\t\t\t\t\t\t\t\t\t<ul><li>12 m\u00edst k sezen\u00ed (jeden vag\u00f3nek, celkem m\u00e1 souprava 3 vag\u00f3nky)<\/li><li>mo\u017enost bo\u010dn\u00edho zakryt\u00ed p\u0159i nep\u0159\u00edzniv\u00e9m po\u010das\u00ed<\/li><li>brzd\u011bn\u00e9<\/li><li>ozvu\u010den\u00e9<\/li><\/ul>\t\t\t\t\t\t\t\t<\/div>\n\t\t\t\t<\/div>\n\t\t\t\t<\/div>\n\t\t<div class=\"elementor-element elementor-element-4c0becd e-con-full e-flex e-con e-child\" data-id=\"4c0becd\" data-element_type=\"container\" data-e-type=\"container\" data-settings=\"{&quot;background_background&quot;:&quot;classic&quot;}\">\n\t\t\t\t<div class=\"elementor-element elementor-element-fee709f elementor-widget elementor-widget-heading\" data-id=\"fee709f\" data-element_type=\"widget\" data-e-type=\"widget\" data-widget_type=\"heading.default\">\n\t\t\t\t<div class=\"elementor-widget-container\">\n\t\t\t\t\t<h2 class=\"elementor-heading-title elementor-size-default\">Souprava<\/h2>\t\t\t\t<\/div>\n\t\t\t\t<\/div>\n\t\t\t\t<div class=\"elementor-element elementor-element-3012f50 elementor-widget elementor-widget-text-editor\" data-id=\"3012f50\" data-element_type=\"widget\" data-e-type=\"widget\" data-widget_type=\"text-editor.default\">\n\t\t\t\t<div class=\"elementor-widget-container\">\n\t\t\t\t\t\t\t\t\t<ul><li>d\u00e9lka: 18,1 m (lokomotiva a t\u0159i vag\u00f3nky)<\/li><li>polom\u011br ot\u00e1\u010den\u00ed: 7 m<\/li><\/ul>\t\t\t\t\t\t\t\t<\/div>\n\t\t\t\t<\/div>\n\t\t\t\t<\/div>\n\t\t<div class=\"elementor-element elementor-element-60545a8 e-con-full e-flex e-con e-child\" data-id=\"60545a8\" data-element_type=\"container\" data-e-type=\"container\" data-settings=\"{&quot;background_background&quot;:&quot;classic&quot;}\">\n\t\t\t\t<div class=\"elementor-element elementor-element-ff778ef elementor-widget elementor-widget-heading\" data-id=\"ff778ef\" data-element_type=\"widget\" data-e-type=\"widget\" data-widget_type=\"heading.default\">\n\t\t\t\t<div class=\"elementor-widget-container\">\n\t\t\t\t\t<h2 class=\"elementor-heading-title elementor-size-default\">V\u00fdrobce<\/h2>\t\t\t\t<\/div>\n\t\t\t\t<\/div>\n\t\t\t\t<div class=\"elementor-element elementor-element-241a36f elementor-widget elementor-widget-text-editor\" data-id=\"241a36f\" data-element_type=\"widget\" data-e-type=\"widget\" data-widget_type=\"text-editor.default\">\n\t\t\t\t<div class=\"elementor-widget-container\">\n\t\t\t\t\t\t\t\t\t<ul><li>Peterka &amp; synov\u00e9, Bat\u0148ovice, \u010cR<\/li><\/ul>\t\t\t\t\t\t\t\t<\/div>\n\t\t\t\t<\/div>\n\t\t\t\t<\/div>\n\t\t\t\t<\/div>\n\t\t<div class=\"elementor-element elementor-element-98da5b2 e-con-full e-flex e-con e-child\" data-id=\"98da5b2\" data-element_type=\"container\" data-e-type=\"container\">\n\t\t\t\t<div class=\"elementor-element elementor-element-ef67478 elementor-widget elementor-widget-image\" data-id=\"ef67478\" data-element_type=\"widget\" data-e-type=\"widget\" data-widget_type=\"image.default\">\n\t\t\t\t<div class=\"elementor-widget-container\">\n\t\t\t\t\t\t\t\t\t\t\t\t\t\t\t<img fetchpriority=\"high\" decoding=\"async\" width=\"800\" height=\"534\" src=\"https:\/\/dpmhk.cz\/wp-content\/uploads\/2026\/03\/PVZ_0990.jpg\" class=\"attachment-large size-large wp-image-22494\" alt=\"Lokomotiva turistick\u00e9ho vl\u00e1\u010dku na parkovi\u0161ti u Zd\u011bn\u00e9 boudy\" srcset=\"https:\/\/dpmhk.cz\/wp-content\/uploads\/2026\/03\/PVZ_0990.jpg 1600w, https:\/\/dpmhk.cz\/wp-content\/uploads\/2026\/03\/PVZ_0990-300x200.jpg 300w, https:\/\/dpmhk.cz\/wp-content\/uploads\/2026\/03\/PVZ_0990-768x512.jpg 768w, https:\/\/dpmhk.cz\/wp-content\/uploads\/2026\/03\/PVZ_0990-1536x1024.jpg 1536w, https:\/\/dpmhk.cz\/wp-content\/uploads\/2026\/03\/PVZ_0990-18x12.jpg 18w\" sizes=\"(max-width: 800px) 100vw, 800px\" \/>\t\t\t\t\t\t\t\t\t\t\t\t\t\t\t<\/div>\n\t\t\t\t<\/div>\n\t\t\t\t<div class=\"elementor-element elementor-element-9b46c5c elementor-widget elementor-widget-image\" data-id=\"9b46c5c\" data-element_type=\"widget\" data-e-type=\"widget\" data-widget_type=\"image.default\">\n\t\t\t\t<div class=\"elementor-widget-container\">\n\t\t\t\t\t\t\t\t\t\t\t\t\t\t\t<img decoding=\"async\" width=\"800\" height=\"534\" src=\"https:\/\/dpmhk.cz\/wp-content\/uploads\/2026\/03\/PVZ_1161.jpg\" class=\"attachment-large size-large wp-image-22496\" alt=\"Vag\u00f3nky turistick\u00e9 vl\u00e1\u010dku, kter\u00fd proj\u00ed\u017ed\u00ed okolo Ryt\u00ed\u0159sk\u00e9ho hradi\u0161t\u011b\" srcset=\"https:\/\/dpmhk.cz\/wp-content\/uploads\/2026\/03\/PVZ_1161.jpg 1600w, https:\/\/dpmhk.cz\/wp-content\/uploads\/2026\/03\/PVZ_1161-300x200.jpg 300w, https:\/\/dpmhk.cz\/wp-content\/uploads\/2026\/03\/PVZ_1161-768x512.jpg 768w, https:\/\/dpmhk.cz\/wp-content\/uploads\/2026\/03\/PVZ_1161-1536x1024.jpg 1536w, https:\/\/dpmhk.cz\/wp-content\/uploads\/2026\/03\/PVZ_1161-18x12.jpg 18w\" sizes=\"(max-width: 800px) 100vw, 800px\" \/>\t\t\t\t\t\t\t\t\t\t\t\t\t\t\t<\/div>\n\t\t\t\t<\/div>\n\t\t\t\t<\/div>\n\t\t\t\t<\/div>\n\t\t\t\t\t<\/div>\n\t\t\t\t<\/div>\n\t\t\t\t<\/div>\n\t\t","protected":false},"excerpt":{"rendered":"<p>Technick\u00e9 parametry Lokomotiva pohon obou n\u00e1prav d\/\u0161\/v: 4850\/1695\/2400 mm max. rychlost: 25 km\/hod obsah motoru: 2600 ccm palivo: benz\u00edn BA 95 stoupavost: 12% Vag\u00f3nky 12 m\u00edst k sezen\u00ed (jeden vag\u00f3nek, celkem m\u00e1 souprava 3 vag\u00f3nky) mo\u017enost bo\u010dn\u00edho zakryt\u00ed p\u0159i nep\u0159\u00edzniv\u00e9m po\u010das\u00ed brzd\u011bn\u00e9 ozvu\u010den\u00e9 Souprava d\u00e9lka: 18,1 m (lokomotiva a t\u0159i vag\u00f3nky) polom\u011br ot\u00e1\u010den\u00ed: 7 m [&hellip;]<\/p>\n","protected":false},"author":4,"featured_media":0,"parent":7050,"menu_order":0,"comment_status":"closed","ping_status":"closed","template":"","meta":{"_acf_changed":false,"footnotes":""},"class_list":["post-7360","page","type-page","status-publish","hentry"],"acf":[],"yoast_head":"<!-- This site is optimized with the Yoast SEO Premium plugin v27.3 (Yoast SEO v27.3) - https:\/\/yoast.com\/product\/yoast-seo-premium-wordpress\/ -->\n<title>Technick\u00e9 parametry turistick\u00e9ho vl\u00e1\u010dku - Dopravn\u00ed podnik m\u011bsta Hradce Kr\u00e1lov\u00e9<\/title>\n<meta name=\"description\" content=\"Zjist\u011bte v\u00edce o technick\u00fdch parametrech na\u0161eho turistick\u00e9ho vl\u00e1\u010dku, kter\u00fd nab\u00edz\u00ed 12 m\u00edst k sezen\u00ed v ka\u017ed\u00e9m ze t\u0159\u00ed vag\u00f3nk\u016f.\" \/>\n<meta name=\"robots\" content=\"index, follow, max-snippet:-1, max-image-preview:large, max-video-preview:-1\" \/>\n<link rel=\"canonical\" href=\"https:\/\/www.dpmhk.cz\/ostatni-sluzby\/turisticky-vlacek\/technicke-parametry\/\" \/>\n<meta property=\"og:locale\" content=\"cs_CZ\" \/>\n<meta property=\"og:type\" content=\"article\" \/>\n<meta property=\"og:title\" content=\"Technick\u00e9 parametry\" \/>\n<meta property=\"og:description\" content=\"Zjist\u011bte v\u00edce o technick\u00fdch parametrech na\u0161eho turistick\u00e9ho vl\u00e1\u010dku, kter\u00fd nab\u00edz\u00ed 12 m\u00edst k sezen\u00ed v ka\u017ed\u00e9m ze t\u0159\u00ed vag\u00f3nk\u016f.\" \/>\n<meta property=\"og:url\" content=\"https:\/\/www.dpmhk.cz\/ostatni-sluzby\/turisticky-vlacek\/technicke-parametry\/\" \/>\n<meta property=\"og:site_name\" content=\"Dopravn\u00ed podnik m\u011bsta Hradce Kr\u00e1lov\u00e9\" \/>\n<meta property=\"article:publisher\" content=\"https:\/\/www.facebook.com\/dopravnipodnikhk\/\" \/>\n<meta property=\"article:modified_time\" content=\"2026-03-31T12:23:05+00:00\" \/>\n<meta property=\"og:image\" content=\"https:\/\/dpmhk.cz\/wp-content\/uploads\/2026\/03\/PVZ_0990.jpg\" \/>\n\t<meta property=\"og:image:width\" content=\"1600\" \/>\n\t<meta property=\"og:image:height\" content=\"1067\" \/>\n\t<meta property=\"og:image:type\" content=\"image\/jpeg\" \/>\n<meta name=\"twitter:card\" content=\"summary_large_image\" \/>\n<meta name=\"twitter:label1\" content=\"Odhadovan\u00e1 doba \u010dten\u00ed\" \/>\n\t<meta name=\"twitter:data1\" content=\"1 minuta\" \/>\n<script type=\"application\/ld+json\" class=\"yoast-schema-graph\">{\"@context\":\"https:\\\/\\\/schema.org\",\"@graph\":[{\"@type\":\"WebPage\",\"@id\":\"https:\\\/\\\/www.dpmhk.cz\\\/ostatni-sluzby\\\/turisticky-vlacek\\\/technicke-parametry\\\/\",\"url\":\"https:\\\/\\\/www.dpmhk.cz\\\/ostatni-sluzby\\\/turisticky-vlacek\\\/technicke-parametry\\\/\",\"name\":\"Technick\u00e9 parametry turistick\u00e9ho vl\u00e1\u010dku - Dopravn\u00ed podnik m\u011bsta Hradce Kr\u00e1lov\u00e9\",\"isPartOf\":{\"@id\":\"https:\\\/\\\/www.dpmhk.cz\\\/cz\\\/#website\"},\"primaryImageOfPage\":{\"@id\":\"https:\\\/\\\/www.dpmhk.cz\\\/ostatni-sluzby\\\/turisticky-vlacek\\\/technicke-parametry\\\/#primaryimage\"},\"image\":{\"@id\":\"https:\\\/\\\/www.dpmhk.cz\\\/ostatni-sluzby\\\/turisticky-vlacek\\\/technicke-parametry\\\/#primaryimage\"},\"thumbnailUrl\":\"https:\\\/\\\/www.dpmhk.cz\\\/wp-content\\\/uploads\\\/2026\\\/03\\\/PVZ_0990.jpg\",\"datePublished\":\"2025-11-19T07:47:57+00:00\",\"dateModified\":\"2026-03-31T12:23:05+00:00\",\"description\":\"Zjist\u011bte v\u00edce o technick\u00fdch parametrech na\u0161eho turistick\u00e9ho vl\u00e1\u010dku, kter\u00fd nab\u00edz\u00ed 12 m\u00edst k sezen\u00ed v ka\u017ed\u00e9m ze t\u0159\u00ed vag\u00f3nk\u016f.\",\"breadcrumb\":{\"@id\":\"https:\\\/\\\/www.dpmhk.cz\\\/ostatni-sluzby\\\/turisticky-vlacek\\\/technicke-parametry\\\/#breadcrumb\"},\"inLanguage\":\"cs\",\"potentialAction\":[{\"@type\":\"ReadAction\",\"target\":[\"https:\\\/\\\/www.dpmhk.cz\\\/ostatni-sluzby\\\/turisticky-vlacek\\\/technicke-parametry\\\/\"]}]},{\"@type\":\"ImageObject\",\"inLanguage\":\"cs\",\"@id\":\"https:\\\/\\\/www.dpmhk.cz\\\/ostatni-sluzby\\\/turisticky-vlacek\\\/technicke-parametry\\\/#primaryimage\",\"url\":\"https:\\\/\\\/www.dpmhk.cz\\\/wp-content\\\/uploads\\\/2026\\\/03\\\/PVZ_0990.jpg\",\"contentUrl\":\"https:\\\/\\\/www.dpmhk.cz\\\/wp-content\\\/uploads\\\/2026\\\/03\\\/PVZ_0990.jpg\"},{\"@type\":\"BreadcrumbList\",\"@id\":\"https:\\\/\\\/www.dpmhk.cz\\\/ostatni-sluzby\\\/turisticky-vlacek\\\/technicke-parametry\\\/#breadcrumb\",\"itemListElement\":[{\"@type\":\"ListItem\",\"position\":1,\"name\":\"Dom\u016f\",\"item\":\"https:\\\/\\\/www.dpmhk.cz\\\/cz\\\/\"},{\"@type\":\"ListItem\",\"position\":2,\"name\":\"Ostatn\u00ed slu\u017eby\",\"item\":\"https:\\\/\\\/www.dpmhk.cz\\\/ostatni-sluzby\\\/\"},{\"@type\":\"ListItem\",\"position\":3,\"name\":\"Turistick\u00fd vl\u00e1\u010dek\",\"item\":\"https:\\\/\\\/www.dpmhk.cz\\\/ostatni-sluzby\\\/turisticky-vlacek\\\/\"},{\"@type\":\"ListItem\",\"position\":4,\"name\":\"Technick\u00e9 parametry\"}]},{\"@type\":\"WebSite\",\"@id\":\"https:\\\/\\\/www.dpmhk.cz\\\/cz\\\/#website\",\"url\":\"https:\\\/\\\/www.dpmhk.cz\\\/cz\\\/\",\"name\":\"Dopravn\u00ed podnik m\u011bsta Hradce Kr\u00e1lov\u00e9\",\"description\":\"Ofici\u00e1ln\u00ed webov\u00e9 str\u00e1nky\",\"publisher\":{\"@id\":\"https:\\\/\\\/www.dpmhk.cz\\\/cz\\\/#organization\"},\"alternateName\":\"Dopravn\u00ed podnik m\u011bsta Hradce Kr\u00e1lov\u00e9\",\"potentialAction\":[{\"@type\":\"SearchAction\",\"target\":{\"@type\":\"EntryPoint\",\"urlTemplate\":\"https:\\\/\\\/www.dpmhk.cz\\\/cz\\\/?s={search_term_string}\"},\"query-input\":{\"@type\":\"PropertyValueSpecification\",\"valueRequired\":true,\"valueName\":\"search_term_string\"}}],\"inLanguage\":\"cs\"},{\"@type\":[\"Organization\",\"Place\"],\"@id\":\"https:\\\/\\\/www.dpmhk.cz\\\/cz\\\/#organization\",\"name\":\"Dopravn\u00ed podnik m\u011bsta Hradce Kr\u00e1lov\u00e9, a.s.\",\"alternateName\":\"DPmHK\",\"url\":\"https:\\\/\\\/www.dpmhk.cz\\\/cz\\\/\",\"logo\":{\"@id\":\"https:\\\/\\\/www.dpmhk.cz\\\/ostatni-sluzby\\\/turisticky-vlacek\\\/technicke-parametry\\\/#local-main-organization-logo\"},\"image\":{\"@id\":\"https:\\\/\\\/www.dpmhk.cz\\\/ostatni-sluzby\\\/turisticky-vlacek\\\/technicke-parametry\\\/#local-main-organization-logo\"},\"sameAs\":[\"https:\\\/\\\/www.facebook.com\\\/dopravnipodnikhk\\\/\",\"https:\\\/\\\/www.instagram.com\\\/dopravnipodnikhk\\\/\",\"https:\\\/\\\/www.youtube.com\\\/@dopravnipodnik-hk\"],\"legalName\":\"Dopravn\u00ed podnik m\u011bsta Hradce Kr\u00e1lov\u00e9, a.s.\",\"foundingDate\":\"1948-04-26\",\"numberOfEmployees\":{\"@type\":\"QuantitativeValue\",\"minValue\":\"201\",\"maxValue\":\"500\"},\"ownershipFundingInfo\":\"https:\\\/\\\/www.dpmhk.cz\\\/cz\\\/o-nas\\\/o-spolecnosti\\\/\",\"actionableFeedbackPolicy\":\"https:\\\/\\\/www.dpmhk.cz\\\/cz\\\/o-nas\\\/dokumenty-formulare\\\/\",\"ethicsPolicy\":\"https:\\\/\\\/www.dpmhk.cz\\\/cz\\\/o-nas\\\/o-spolecnosti\\\/\",\"diversityStaffingReport\":\"https:\\\/\\\/www.dpmhk.cz\\\/cz\\\/kariera\\\/\",\"address\":{\"@id\":\"https:\\\/\\\/www.dpmhk.cz\\\/ostatni-sluzby\\\/turisticky-vlacek\\\/technicke-parametry\\\/#local-main-place-address\"},\"telephone\":[\"+420 495 089 271\",\"+420 495 546 095\"],\"contactPoint\":{\"@type\":\"ContactPoint\",\"email\":\"info@dpmhk.cz\"},\"openingHoursSpecification\":[{\"@type\":\"OpeningHoursSpecification\",\"dayOfWeek\":[\"Monday\",\"Wednesday\"],\"opens\":\"07:00\",\"closes\":\"17:00\"},{\"@type\":\"OpeningHoursSpecification\",\"dayOfWeek\":[\"Tuesday\",\"Thursday\"],\"opens\":\"07:00\",\"closes\":\"16:30\"},{\"@type\":\"OpeningHoursSpecification\",\"dayOfWeek\":[\"Friday\"],\"opens\":\"07:00\",\"closes\":\"15:00\"},{\"@type\":\"OpeningHoursSpecification\",\"dayOfWeek\":[\"Saturday\",\"Sunday\"],\"opens\":\"00:00\",\"closes\":\"00:00\"}],\"vatID\":\"CZ25267213\",\"taxID\":\"25267213\"},{\"@type\":\"PostalAddress\",\"@id\":\"https:\\\/\\\/www.dpmhk.cz\\\/ostatni-sluzby\\\/turisticky-vlacek\\\/technicke-parametry\\\/#local-main-place-address\",\"streetAddress\":\"Pouchovsk\u00e1 153\",\"addressLocality\":\"Hradec Kr\u00e1lov\u00e9\",\"postalCode\":\"500 03\",\"addressRegion\":\"Aktivn\u00ed\",\"addressCountry\":\"CZ\"},{\"@type\":\"ImageObject\",\"inLanguage\":\"cs\",\"@id\":\"https:\\\/\\\/www.dpmhk.cz\\\/ostatni-sluzby\\\/turisticky-vlacek\\\/technicke-parametry\\\/#local-main-organization-logo\",\"url\":\"https:\\\/\\\/dpmhk.cz\\\/wp-content\\\/uploads\\\/2025\\\/11\\\/DP_HK_Logo_cerne2025-1.svg\",\"contentUrl\":\"https:\\\/\\\/dpmhk.cz\\\/wp-content\\\/uploads\\\/2025\\\/11\\\/DP_HK_Logo_cerne2025-1.svg\",\"width\":123,\"height\":60,\"caption\":\"Dopravn\u00ed podnik m\u011bsta Hradce Kr\u00e1lov\u00e9, a.s.\"}]}<\/script>\n<meta name=\"geo.placename\" content=\"Hradec Kr\u00e1lov\u00e9\" \/>\n<meta name=\"geo.region\" content=\"\u010cesk\u00e1 republika\" \/>\n<!-- \/ Yoast SEO Premium plugin. -->","yoast_head_json":{"title":"Technick\u00e9 parametry turistick\u00e9ho vl\u00e1\u010dku - Dopravn\u00ed podnik m\u011bsta Hradce Kr\u00e1lov\u00e9","description":"Zjist\u011bte v\u00edce o technick\u00fdch parametrech na\u0161eho turistick\u00e9ho vl\u00e1\u010dku, kter\u00fd nab\u00edz\u00ed 12 m\u00edst k sezen\u00ed v ka\u017ed\u00e9m ze t\u0159\u00ed vag\u00f3nk\u016f.","robots":{"index":"index","follow":"follow","max-snippet":"max-snippet:-1","max-image-preview":"max-image-preview:large","max-video-preview":"max-video-preview:-1"},"canonical":"https:\/\/www.dpmhk.cz\/ostatni-sluzby\/turisticky-vlacek\/technicke-parametry\/","og_locale":"cs_CZ","og_type":"article","og_title":"Technick\u00e9 parametry","og_description":"Zjist\u011bte v\u00edce o technick\u00fdch parametrech na\u0161eho turistick\u00e9ho vl\u00e1\u010dku, kter\u00fd nab\u00edz\u00ed 12 m\u00edst k sezen\u00ed v ka\u017ed\u00e9m ze t\u0159\u00ed vag\u00f3nk\u016f.","og_url":"https:\/\/www.dpmhk.cz\/ostatni-sluzby\/turisticky-vlacek\/technicke-parametry\/","og_site_name":"Dopravn\u00ed podnik m\u011bsta Hradce Kr\u00e1lov\u00e9","article_publisher":"https:\/\/www.facebook.com\/dopravnipodnikhk\/","article_modified_time":"2026-03-31T12:23:05+00:00","og_image":[{"width":1600,"height":1067,"url":"https:\/\/dpmhk.cz\/wp-content\/uploads\/2026\/03\/PVZ_0990.jpg","type":"image\/jpeg"}],"twitter_card":"summary_large_image","twitter_misc":{"Odhadovan\u00e1 doba \u010dten\u00ed":"1 minuta"},"schema":{"@context":"https:\/\/schema.org","@graph":[{"@type":"WebPage","@id":"https:\/\/www.dpmhk.cz\/ostatni-sluzby\/turisticky-vlacek\/technicke-parametry\/","url":"https:\/\/www.dpmhk.cz\/ostatni-sluzby\/turisticky-vlacek\/technicke-parametry\/","name":"Technick\u00e9 parametry turistick\u00e9ho vl\u00e1\u010dku - Dopravn\u00ed podnik m\u011bsta Hradce Kr\u00e1lov\u00e9","isPartOf":{"@id":"https:\/\/www.dpmhk.cz\/cz\/#website"},"primaryImageOfPage":{"@id":"https:\/\/www.dpmhk.cz\/ostatni-sluzby\/turisticky-vlacek\/technicke-parametry\/#primaryimage"},"image":{"@id":"https:\/\/www.dpmhk.cz\/ostatni-sluzby\/turisticky-vlacek\/technicke-parametry\/#primaryimage"},"thumbnailUrl":"https:\/\/www.dpmhk.cz\/wp-content\/uploads\/2026\/03\/PVZ_0990.jpg","datePublished":"2025-11-19T07:47:57+00:00","dateModified":"2026-03-31T12:23:05+00:00","description":"Zjist\u011bte v\u00edce o technick\u00fdch parametrech na\u0161eho turistick\u00e9ho vl\u00e1\u010dku, kter\u00fd nab\u00edz\u00ed 12 m\u00edst k sezen\u00ed v ka\u017ed\u00e9m ze t\u0159\u00ed vag\u00f3nk\u016f.","breadcrumb":{"@id":"https:\/\/www.dpmhk.cz\/ostatni-sluzby\/turisticky-vlacek\/technicke-parametry\/#breadcrumb"},"inLanguage":"cs","potentialAction":[{"@type":"ReadAction","target":["https:\/\/www.dpmhk.cz\/ostatni-sluzby\/turisticky-vlacek\/technicke-parametry\/"]}]},{"@type":"ImageObject","inLanguage":"cs","@id":"https:\/\/www.dpmhk.cz\/ostatni-sluzby\/turisticky-vlacek\/technicke-parametry\/#primaryimage","url":"https:\/\/www.dpmhk.cz\/wp-content\/uploads\/2026\/03\/PVZ_0990.jpg","contentUrl":"https:\/\/www.dpmhk.cz\/wp-content\/uploads\/2026\/03\/PVZ_0990.jpg"},{"@type":"BreadcrumbList","@id":"https:\/\/www.dpmhk.cz\/ostatni-sluzby\/turisticky-vlacek\/technicke-parametry\/#breadcrumb","itemListElement":[{"@type":"ListItem","position":1,"name":"Dom\u016f","item":"https:\/\/www.dpmhk.cz\/cz\/"},{"@type":"ListItem","position":2,"name":"Ostatn\u00ed slu\u017eby","item":"https:\/\/www.dpmhk.cz\/ostatni-sluzby\/"},{"@type":"ListItem","position":3,"name":"Turistick\u00fd vl\u00e1\u010dek","item":"https:\/\/www.dpmhk.cz\/ostatni-sluzby\/turisticky-vlacek\/"},{"@type":"ListItem","position":4,"name":"Technick\u00e9 parametry"}]},{"@type":"WebSite","@id":"https:\/\/www.dpmhk.cz\/cz\/#website","url":"https:\/\/www.dpmhk.cz\/cz\/","name":"Dopravn\u00ed podnik m\u011bsta Hradce Kr\u00e1lov\u00e9","description":"Ofici\u00e1ln\u00ed webov\u00e9 str\u00e1nky","publisher":{"@id":"https:\/\/www.dpmhk.cz\/cz\/#organization"},"alternateName":"Dopravn\u00ed podnik m\u011bsta Hradce Kr\u00e1lov\u00e9","potentialAction":[{"@type":"SearchAction","target":{"@type":"EntryPoint","urlTemplate":"https:\/\/www.dpmhk.cz\/cz\/?s={search_term_string}"},"query-input":{"@type":"PropertyValueSpecification","valueRequired":true,"valueName":"search_term_string"}}],"inLanguage":"cs"},{"@type":["Organization","Place"],"@id":"https:\/\/www.dpmhk.cz\/cz\/#organization","name":"Dopravn\u00ed podnik m\u011bsta Hradce Kr\u00e1lov\u00e9, a.s.","alternateName":"DPmHK","url":"https:\/\/www.dpmhk.cz\/cz\/","logo":{"@id":"https:\/\/www.dpmhk.cz\/ostatni-sluzby\/turisticky-vlacek\/technicke-parametry\/#local-main-organization-logo"},"image":{"@id":"https:\/\/www.dpmhk.cz\/ostatni-sluzby\/turisticky-vlacek\/technicke-parametry\/#local-main-organization-logo"},"sameAs":["https:\/\/www.facebook.com\/dopravnipodnikhk\/","https:\/\/www.instagram.com\/dopravnipodnikhk\/","https:\/\/www.youtube.com\/@dopravnipodnik-hk"],"legalName":"Dopravn\u00ed podnik m\u011bsta Hradce Kr\u00e1lov\u00e9, a.s.","foundingDate":"1948-04-26","numberOfEmployees":{"@type":"QuantitativeValue","minValue":"201","maxValue":"500"},"ownershipFundingInfo":"https:\/\/www.dpmhk.cz\/cz\/o-nas\/o-spolecnosti\/","actionableFeedbackPolicy":"https:\/\/www.dpmhk.cz\/cz\/o-nas\/dokumenty-formulare\/","ethicsPolicy":"https:\/\/www.dpmhk.cz\/cz\/o-nas\/o-spolecnosti\/","diversityStaffingReport":"https:\/\/www.dpmhk.cz\/cz\/kariera\/","address":{"@id":"https:\/\/www.dpmhk.cz\/ostatni-sluzby\/turisticky-vlacek\/technicke-parametry\/#local-main-place-address"},"telephone":["+420 495 089 271","+420 495 546 095"],"contactPoint":{"@type":"ContactPoint","email":"info@dpmhk.cz"},"openingHoursSpecification":[{"@type":"OpeningHoursSpecification","dayOfWeek":["Monday","Wednesday"],"opens":"07:00","closes":"17:00"},{"@type":"OpeningHoursSpecification","dayOfWeek":["Tuesday","Thursday"],"opens":"07:00","closes":"16:30"},{"@type":"OpeningHoursSpecification","dayOfWeek":["Friday"],"opens":"07:00","closes":"15:00"},{"@type":"OpeningHoursSpecification","dayOfWeek":["Saturday","Sunday"],"opens":"00:00","closes":"00:00"}],"vatID":"CZ25267213","taxID":"25267213"},{"@type":"PostalAddress","@id":"https:\/\/www.dpmhk.cz\/ostatni-sluzby\/turisticky-vlacek\/technicke-parametry\/#local-main-place-address","streetAddress":"Pouchovsk\u00e1 153","addressLocality":"Hradec Kr\u00e1lov\u00e9","postalCode":"500 03","addressRegion":"Aktivn\u00ed","addressCountry":"CZ"},{"@type":"ImageObject","inLanguage":"cs","@id":"https:\/\/www.dpmhk.cz\/ostatni-sluzby\/turisticky-vlacek\/technicke-parametry\/#local-main-organization-logo","url":"https:\/\/dpmhk.cz\/wp-content\/uploads\/2025\/11\/DP_HK_Logo_cerne2025-1.svg","contentUrl":"https:\/\/dpmhk.cz\/wp-content\/uploads\/2025\/11\/DP_HK_Logo_cerne2025-1.svg","width":123,"height":60,"caption":"Dopravn\u00ed podnik m\u011bsta Hradce Kr\u00e1lov\u00e9, a.s."}]},"geo.placename":"Hradec Kr\u00e1lov\u00e9","geo.region":"\u010cesk\u00e1 republika"},"_links":{"self":[{"href":"https:\/\/dpmhk.cz\/cz\/wp-json\/wp\/v2\/pages\/7360","targetHints":{"allow":["GET"]}}],"collection":[{"href":"https:\/\/dpmhk.cz\/cz\/wp-json\/wp\/v2\/pages"}],"about":[{"href":"https:\/\/dpmhk.cz\/cz\/wp-json\/wp\/v2\/types\/page"}],"author":[{"embeddable":true,"href":"https:\/\/dpmhk.cz\/cz\/wp-json\/wp\/v2\/users\/4"}],"replies":[{"embeddable":true,"href":"https:\/\/dpmhk.cz\/cz\/wp-json\/wp\/v2\/comments?post=7360"}],"version-history":[{"count":5,"href":"https:\/\/dpmhk.cz\/cz\/wp-json\/wp\/v2\/pages\/7360\/revisions"}],"predecessor-version":[{"id":22502,"href":"https:\/\/dpmhk.cz\/cz\/wp-json\/wp\/v2\/pages\/7360\/revisions\/22502"}],"up":[{"embeddable":true,"href":"https:\/\/dpmhk.cz\/cz\/wp-json\/wp\/v2\/pages\/7050"}],"wp:attachment":[{"href":"https:\/\/dpmhk.cz\/cz\/wp-json\/wp\/v2\/media?parent=7360"}],"curies":[{"name":"wp","href":"https:\/\/api.w.org\/{rel}","templated":true}]}}