{"id":7484,"date":"2025-11-19T11:12:24","date_gmt":"2025-11-19T10:12:24","guid":{"rendered":"https:\/\/www.dopravnipodnikhk.cz\/?page_id=7484"},"modified":"2026-03-12T10:16:47","modified_gmt":"2026-03-12T09:16:47","slug":"papirove-jizdenky","status":"publish","type":"page","link":"https:\/\/dpmhk.cz\/cz\/jizdenky\/zpusob-nakupu-jizdenky\/papirove-jizdenky\/","title":{"rendered":"Pap\u00edrov\u00e9 j\u00edzdenky"},"content":{"rendered":"\t\t<div data-elementor-type=\"wp-page\" data-elementor-id=\"7484\" class=\"elementor elementor-7484\" wpc-filter-elementor-widget=\"1\" data-elementor-post-type=\"page\">\n\t\t\t\t<div class=\"elementor-element elementor-element-2069f75 e-flex e-con-boxed e-con e-parent\" data-id=\"2069f75\" data-element_type=\"container\" data-e-type=\"container\">\n\t\t\t\t\t<div class=\"e-con-inner\">\n\t\t\t\t<div class=\"elementor-element elementor-element-8abe7c2 elementor-widget elementor-widget-breadcrumbs\" data-id=\"8abe7c2\" data-element_type=\"widget\" data-e-type=\"widget\" data-widget_type=\"breadcrumbs.default\">\n\t\t\t\t<div class=\"elementor-widget-container\">\n\t\t\t\t\t<p id=\"breadcrumbs\"><span><span><a href=\"https:\/\/www.dpmhk.cz\/cz\/\"><span class=\"fa fa-home\" aria-hidden=\"true\"><\/span><span class=\"screen-reader-text\">Dom\u016f<\/span><\/a><\/span><\/span><\/p>\t\t\t\t<\/div>\n\t\t\t\t<\/div>\n\t\t\t\t<div class=\"elementor-element elementor-element-162df80 elementor-widget elementor-widget-heading\" data-id=\"162df80\" data-element_type=\"widget\" data-e-type=\"widget\" data-widget_type=\"heading.default\">\n\t\t\t\t<div class=\"elementor-widget-container\">\n\t\t\t\t\t<h1 class=\"elementor-heading-title elementor-size-default\">Pap\u00edrov\u00e9 j\u00edzdenky<\/h1>\t\t\t\t<\/div>\n\t\t\t\t<\/div>\n\t\t<div class=\"elementor-element elementor-element-0e1e175 e-grid e-con-full e-con e-child\" data-id=\"0e1e175\" data-element_type=\"container\" data-e-type=\"container\">\n\t\t<div class=\"elementor-element elementor-element-4da3cf5 e-con-full e-flex e-con e-child\" data-id=\"4da3cf5\" data-element_type=\"container\" data-e-type=\"container\">\n\t\t\t\t<div class=\"elementor-element elementor-element-7ce2c91 elementor-widget elementor-widget-text-editor\" data-id=\"7ce2c91\" data-element_type=\"widget\" data-e-type=\"widget\" data-widget_type=\"text-editor.default\">\n\t\t\t\t<div class=\"elementor-widget-container\">\n\t\t\t\t\t\t\t\t\t<p>Pro j\u00edzdu v Hradeck\u00e9 MHD lze vyu\u017e\u00edt st\u00e1le je\u0161t\u011b i pap\u00edrov\u00e9 j\u00edzdenky. Jsou v\u017edy platn\u00e9 na jednu j\u00edzdu a prod\u00e1vaj\u00ed se ve dvou variant\u00e1ch:<\/p><ul><li>zlevn\u011bn\u00e9 (d\u00edt\u011b 16 &#8211; 14,99 nebo senior 65+) za 14 K\u010d<\/li><li>z\u00e1kladn\u00ed (dosp\u011bl\u00fd) za 25 K\u010d<\/li><\/ul><p>Koupit je m\u016f\u017eete v <a href=\"https:\/\/www.dpmhk.cz\/kontakty\/zakaznicka-centra-mhd\/\">z\u00e1kaznick\u00fdch centrech<\/a> nebo u vybran\u00fdch partner\u016f.<\/p>\t\t\t\t\t\t\t\t<\/div>\n\t\t\t\t<\/div>\n\t\t\t\t<\/div>\n\t\t<div class=\"elementor-element elementor-element-4f01aa2 e-con-full e-flex e-con e-child\" data-id=\"4f01aa2\" data-element_type=\"container\" data-e-type=\"container\">\n\t\t\t\t<div class=\"elementor-element elementor-element-d59e40c elementor-widget elementor-widget-image\" data-id=\"d59e40c\" data-element_type=\"widget\" data-e-type=\"widget\" data-widget_type=\"image.default\">\n\t\t\t\t<div class=\"elementor-widget-container\">\n\t\t\t\t\t\t\t\t\t\t\t\t\t\t\t<img fetchpriority=\"high\" decoding=\"async\" width=\"800\" height=\"533\" src=\"https:\/\/dpmhk.cz\/wp-content\/uploads\/2025\/11\/papirove-jizdenky-2025.jpg\" class=\"attachment-large size-large wp-image-7547\" alt=\"Pap\u00edrov\u00e9 j\u00edzdenky MHD Hradec Kr\u00e1lov\u00e9 polo\u017een\u00e9 na stole\" srcset=\"https:\/\/dpmhk.cz\/wp-content\/uploads\/2025\/11\/papirove-jizdenky-2025.jpg 1600w, https:\/\/dpmhk.cz\/wp-content\/uploads\/2025\/11\/papirove-jizdenky-2025-300x200.jpg 300w, https:\/\/dpmhk.cz\/wp-content\/uploads\/2025\/11\/papirove-jizdenky-2025-768x512.jpg 768w, https:\/\/dpmhk.cz\/wp-content\/uploads\/2025\/11\/papirove-jizdenky-2025-1536x1023.jpg 1536w, https:\/\/dpmhk.cz\/wp-content\/uploads\/2025\/11\/papirove-jizdenky-2025-18x12.jpg 18w\" sizes=\"(max-width: 800px) 100vw, 800px\" \/>\t\t\t\t\t\t\t\t\t\t\t\t\t\t\t<\/div>\n\t\t\t\t<\/div>\n\t\t\t\t<\/div>\n\t\t\t\t<\/div>\n\t\t\t\t\t<\/div>\n\t\t\t\t<\/div>\n\t\t\t\t<\/div>\n\t\t","protected":false},"excerpt":{"rendered":"<p>Pap\u00edrov\u00e9 j\u00edzdenky Pro j\u00edzdu v Hradeck\u00e9 MHD lze vyu\u017e\u00edt st\u00e1le je\u0161t\u011b i pap\u00edrov\u00e9 j\u00edzdenky. Jsou v\u017edy platn\u00e9 na jednu j\u00edzdu a prod\u00e1vaj\u00ed se ve dvou variant\u00e1ch: zlevn\u011bn\u00e9 (d\u00edt\u011b 16 &#8211; 14,99 nebo senior 65+) za 14 K\u010d z\u00e1kladn\u00ed (dosp\u011bl\u00fd) za 25 K\u010d Koupit je m\u016f\u017eete v z\u00e1kaznick\u00fdch centrech nebo u vybran\u00fdch partner\u016f.<\/p>\n","protected":false},"author":1,"featured_media":0,"parent":12543,"menu_order":0,"comment_status":"closed","ping_status":"closed","template":"","meta":{"_acf_changed":false,"footnotes":""},"class_list":["post-7484","page","type-page","status-publish","hentry"],"acf":[],"yoast_head":"<!-- This site is optimized with the Yoast SEO Premium plugin v27.2 (Yoast SEO v27.3) - https:\/\/yoast.com\/product\/yoast-seo-premium-wordpress\/ -->\n<title>Pap\u00edrov\u00e9 j\u00edzdenky jsou st\u00e1le platn\u00e9 pro jednu j\u00edzdu - Dopravn\u00ed podnik m\u011bsta Hradce Kr\u00e1lov\u00e9<\/title>\n<meta name=\"description\" content=\"Pap\u00edrov\u00e9 j\u00edzdenky jsou st\u00e1le v prodeji. Plat\u00ed v\u017edy pro jednu j\u00edzdu. P\u0159e\u010dt\u011bte si, kdo je m\u016f\u017ee vyu\u017e\u00edvat, kolik stoj\u00ed a kde je z\u00edskat.\" \/>\n<meta name=\"robots\" content=\"index, follow, max-snippet:-1, max-image-preview:large, max-video-preview:-1\" \/>\n<link rel=\"canonical\" href=\"https:\/\/www.dpmhk.cz\/cz\/jizdenky\/zpusob-nakupu-jizdenky\/papirove-jizdenky\/\" \/>\n<meta property=\"og:locale\" content=\"cs_CZ\" \/>\n<meta property=\"og:type\" content=\"article\" \/>\n<meta property=\"og:title\" content=\"Pap\u00edrov\u00e9 j\u00edzdenky\" \/>\n<meta property=\"og:description\" content=\"Pap\u00edrov\u00e9 j\u00edzdenky jsou st\u00e1le v prodeji. Plat\u00ed v\u017edy pro jednu j\u00edzdu. P\u0159e\u010dt\u011bte si, kdo je m\u016f\u017ee vyu\u017e\u00edvat, kolik stoj\u00ed a kde je z\u00edskat.\" \/>\n<meta property=\"og:url\" content=\"https:\/\/www.dpmhk.cz\/cz\/jizdenky\/zpusob-nakupu-jizdenky\/papirove-jizdenky\/\" \/>\n<meta property=\"og:site_name\" content=\"Dopravn\u00ed podnik m\u011bsta Hradce Kr\u00e1lov\u00e9\" \/>\n<meta property=\"article:publisher\" content=\"https:\/\/www.facebook.com\/dopravnipodnikhk\/\" \/>\n<meta property=\"article:modified_time\" content=\"2026-03-12T09:16:47+00:00\" \/>\n<meta property=\"og:image\" content=\"https:\/\/www.dpmhk.cz\/wp-content\/uploads\/2025\/11\/papirove-jizdenky-2025.jpg\" \/>\n<meta name=\"twitter:card\" content=\"summary_large_image\" \/>\n<meta name=\"twitter:label1\" content=\"Odhadovan\u00e1 doba \u010dten\u00ed\" \/>\n\t<meta name=\"twitter:data1\" content=\"1 minuta\" \/>\n<script type=\"application\/ld+json\" class=\"yoast-schema-graph\">{\"@context\":\"https:\\\/\\\/schema.org\",\"@graph\":[{\"@type\":\"WebPage\",\"@id\":\"https:\\\/\\\/www.dpmhk.cz\\\/cz\\\/jizdenky\\\/zpusob-nakupu-jizdenky\\\/papirove-jizdenky\\\/\",\"url\":\"https:\\\/\\\/www.dpmhk.cz\\\/cz\\\/jizdenky\\\/zpusob-nakupu-jizdenky\\\/papirove-jizdenky\\\/\",\"name\":\"Pap\u00edrov\u00e9 j\u00edzdenky jsou st\u00e1le platn\u00e9 pro jednu j\u00edzdu - Dopravn\u00ed podnik m\u011bsta Hradce Kr\u00e1lov\u00e9\",\"isPartOf\":{\"@id\":\"https:\\\/\\\/www.dpmhk.cz\\\/cz\\\/#website\"},\"primaryImageOfPage\":{\"@id\":\"https:\\\/\\\/www.dpmhk.cz\\\/cz\\\/jizdenky\\\/zpusob-nakupu-jizdenky\\\/papirove-jizdenky\\\/#primaryimage\"},\"image\":{\"@id\":\"https:\\\/\\\/www.dpmhk.cz\\\/cz\\\/jizdenky\\\/zpusob-nakupu-jizdenky\\\/papirove-jizdenky\\\/#primaryimage\"},\"thumbnailUrl\":\"https:\\\/\\\/www.dpmhk.cz\\\/wp-content\\\/uploads\\\/2025\\\/11\\\/papirove-jizdenky-2025.jpg\",\"datePublished\":\"2025-11-19T10:12:24+00:00\",\"dateModified\":\"2026-03-12T09:16:47+00:00\",\"description\":\"Pap\u00edrov\u00e9 j\u00edzdenky jsou st\u00e1le v prodeji. Plat\u00ed v\u017edy pro jednu j\u00edzdu. P\u0159e\u010dt\u011bte si, kdo je m\u016f\u017ee vyu\u017e\u00edvat, kolik stoj\u00ed a kde je z\u00edskat.\",\"breadcrumb\":{\"@id\":\"https:\\\/\\\/www.dpmhk.cz\\\/cz\\\/jizdenky\\\/zpusob-nakupu-jizdenky\\\/papirove-jizdenky\\\/#breadcrumb\"},\"inLanguage\":\"cs\",\"potentialAction\":[{\"@type\":\"ReadAction\",\"target\":[\"https:\\\/\\\/www.dpmhk.cz\\\/cz\\\/jizdenky\\\/zpusob-nakupu-jizdenky\\\/papirove-jizdenky\\\/\"]}]},{\"@type\":\"ImageObject\",\"inLanguage\":\"cs\",\"@id\":\"https:\\\/\\\/www.dpmhk.cz\\\/cz\\\/jizdenky\\\/zpusob-nakupu-jizdenky\\\/papirove-jizdenky\\\/#primaryimage\",\"url\":\"https:\\\/\\\/www.dpmhk.cz\\\/wp-content\\\/uploads\\\/2025\\\/11\\\/papirove-jizdenky-2025.jpg\",\"contentUrl\":\"https:\\\/\\\/www.dpmhk.cz\\\/wp-content\\\/uploads\\\/2025\\\/11\\\/papirove-jizdenky-2025.jpg\"},{\"@type\":\"BreadcrumbList\",\"@id\":\"https:\\\/\\\/www.dpmhk.cz\\\/cz\\\/jizdenky\\\/zpusob-nakupu-jizdenky\\\/papirove-jizdenky\\\/#breadcrumb\",\"itemListElement\":[{\"@type\":\"ListItem\",\"position\":1,\"name\":\"Dom\u016f\",\"item\":\"https:\\\/\\\/www.dpmhk.cz\\\/cz\\\/\"},{\"@type\":\"ListItem\",\"position\":2,\"name\":\"J\u00edzdenky\",\"item\":\"https:\\\/\\\/www.dpmhk.cz\\\/cz\\\/jizdenky\\\/\"},{\"@type\":\"ListItem\",\"position\":3,\"name\":\"Zp\u016fsob n\u00e1kupu j\u00edzdenky\",\"item\":\"https:\\\/\\\/www.dpmhk.cz\\\/cz\\\/jizdenky\\\/zpusob-nakupu-jizdenky\\\/\"},{\"@type\":\"ListItem\",\"position\":4,\"name\":\"Pap\u00edrov\u00e9 j\u00edzdenky\"}]},{\"@type\":\"WebSite\",\"@id\":\"https:\\\/\\\/www.dpmhk.cz\\\/cz\\\/#website\",\"url\":\"https:\\\/\\\/www.dpmhk.cz\\\/cz\\\/\",\"name\":\"Dopravn\u00ed podnik m\u011bsta Hradce Kr\u00e1lov\u00e9\",\"description\":\"Ofici\u00e1ln\u00ed webov\u00e9 str\u00e1nky\",\"publisher\":{\"@id\":\"https:\\\/\\\/www.dpmhk.cz\\\/cz\\\/#organization\"},\"alternateName\":\"Dopravn\u00ed podnik m\u011bsta Hradce Kr\u00e1lov\u00e9\",\"potentialAction\":[{\"@type\":\"SearchAction\",\"target\":{\"@type\":\"EntryPoint\",\"urlTemplate\":\"https:\\\/\\\/www.dpmhk.cz\\\/cz\\\/?s={search_term_string}\"},\"query-input\":{\"@type\":\"PropertyValueSpecification\",\"valueRequired\":true,\"valueName\":\"search_term_string\"}}],\"inLanguage\":\"cs\"},{\"@type\":[\"Organization\",\"Place\"],\"@id\":\"https:\\\/\\\/www.dpmhk.cz\\\/cz\\\/#organization\",\"name\":\"Dopravn\u00ed podnik m\u011bsta Hradce Kr\u00e1lov\u00e9, a.s.\",\"alternateName\":\"DPmHK\",\"url\":\"https:\\\/\\\/www.dpmhk.cz\\\/cz\\\/\",\"logo\":{\"@id\":\"https:\\\/\\\/www.dpmhk.cz\\\/cz\\\/jizdenky\\\/zpusob-nakupu-jizdenky\\\/papirove-jizdenky\\\/#local-main-organization-logo\"},\"image\":{\"@id\":\"https:\\\/\\\/www.dpmhk.cz\\\/cz\\\/jizdenky\\\/zpusob-nakupu-jizdenky\\\/papirove-jizdenky\\\/#local-main-organization-logo\"},\"sameAs\":[\"https:\\\/\\\/www.facebook.com\\\/dopravnipodnikhk\\\/\",\"https:\\\/\\\/www.instagram.com\\\/dopravnipodnikhk\\\/\",\"https:\\\/\\\/www.youtube.com\\\/@dopravnipodnik-hk\"],\"legalName\":\"Dopravn\u00ed podnik m\u011bsta Hradce Kr\u00e1lov\u00e9, a.s.\",\"foundingDate\":\"1948-04-26\",\"numberOfEmployees\":{\"@type\":\"QuantitativeValue\",\"minValue\":\"201\",\"maxValue\":\"500\"},\"ownershipFundingInfo\":\"https:\\\/\\\/www.dpmhk.cz\\\/cz\\\/o-nas\\\/o-spolecnosti\\\/\",\"actionableFeedbackPolicy\":\"https:\\\/\\\/www.dpmhk.cz\\\/cz\\\/o-nas\\\/dokumenty-formulare\\\/\",\"ethicsPolicy\":\"https:\\\/\\\/www.dpmhk.cz\\\/cz\\\/o-nas\\\/o-spolecnosti\\\/\",\"diversityStaffingReport\":\"https:\\\/\\\/www.dpmhk.cz\\\/cz\\\/kariera\\\/\",\"address\":{\"@id\":\"https:\\\/\\\/www.dpmhk.cz\\\/cz\\\/jizdenky\\\/zpusob-nakupu-jizdenky\\\/papirove-jizdenky\\\/#local-main-place-address\"},\"telephone\":[\"+420 495 089 271\",\"+420 495 546 095\"],\"contactPoint\":{\"@type\":\"ContactPoint\",\"email\":\"info@dpmhk.cz\"},\"openingHoursSpecification\":[{\"@type\":\"OpeningHoursSpecification\",\"dayOfWeek\":[\"Monday\",\"Wednesday\"],\"opens\":\"07:00\",\"closes\":\"17:00\"},{\"@type\":\"OpeningHoursSpecification\",\"dayOfWeek\":[\"Tuesday\",\"Thursday\"],\"opens\":\"07:00\",\"closes\":\"16:30\"},{\"@type\":\"OpeningHoursSpecification\",\"dayOfWeek\":[\"Friday\"],\"opens\":\"07:00\",\"closes\":\"15:00\"},{\"@type\":\"OpeningHoursSpecification\",\"dayOfWeek\":[\"Saturday\",\"Sunday\"],\"opens\":\"00:00\",\"closes\":\"00:00\"}],\"vatID\":\"CZ25267213\",\"taxID\":\"25267213\"},{\"@type\":\"PostalAddress\",\"@id\":\"https:\\\/\\\/www.dpmhk.cz\\\/cz\\\/jizdenky\\\/zpusob-nakupu-jizdenky\\\/papirove-jizdenky\\\/#local-main-place-address\",\"streetAddress\":\"Pouchovsk\u00e1 153\",\"addressLocality\":\"Hradec Kr\u00e1lov\u00e9\",\"postalCode\":\"500 03\",\"addressRegion\":\"Aktivn\u00ed\",\"addressCountry\":\"CZ\"},{\"@type\":\"ImageObject\",\"inLanguage\":\"cs\",\"@id\":\"https:\\\/\\\/www.dpmhk.cz\\\/cz\\\/jizdenky\\\/zpusob-nakupu-jizdenky\\\/papirove-jizdenky\\\/#local-main-organization-logo\",\"url\":\"https:\\\/\\\/dpmhk.cz\\\/wp-content\\\/uploads\\\/2025\\\/11\\\/DP_HK_Logo_cerne2025-1.svg\",\"contentUrl\":\"https:\\\/\\\/dpmhk.cz\\\/wp-content\\\/uploads\\\/2025\\\/11\\\/DP_HK_Logo_cerne2025-1.svg\",\"width\":123,\"height\":60,\"caption\":\"Dopravn\u00ed podnik m\u011bsta Hradce Kr\u00e1lov\u00e9, a.s.\"}]}<\/script>\n<meta name=\"geo.placename\" content=\"Hradec Kr\u00e1lov\u00e9\" \/>\n<meta name=\"geo.region\" content=\"\u010cesk\u00e1 republika\" \/>\n<!-- \/ Yoast SEO Premium plugin. -->","yoast_head_json":{"title":"Pap\u00edrov\u00e9 j\u00edzdenky jsou st\u00e1le platn\u00e9 pro jednu j\u00edzdu - Dopravn\u00ed podnik m\u011bsta Hradce Kr\u00e1lov\u00e9","description":"Pap\u00edrov\u00e9 j\u00edzdenky jsou st\u00e1le v prodeji. Plat\u00ed v\u017edy pro jednu j\u00edzdu. P\u0159e\u010dt\u011bte si, kdo je m\u016f\u017ee vyu\u017e\u00edvat, kolik stoj\u00ed a kde je z\u00edskat.","robots":{"index":"index","follow":"follow","max-snippet":"max-snippet:-1","max-image-preview":"max-image-preview:large","max-video-preview":"max-video-preview:-1"},"canonical":"https:\/\/www.dpmhk.cz\/cz\/jizdenky\/zpusob-nakupu-jizdenky\/papirove-jizdenky\/","og_locale":"cs_CZ","og_type":"article","og_title":"Pap\u00edrov\u00e9 j\u00edzdenky","og_description":"Pap\u00edrov\u00e9 j\u00edzdenky jsou st\u00e1le v prodeji. Plat\u00ed v\u017edy pro jednu j\u00edzdu. P\u0159e\u010dt\u011bte si, kdo je m\u016f\u017ee vyu\u017e\u00edvat, kolik stoj\u00ed a kde je z\u00edskat.","og_url":"https:\/\/www.dpmhk.cz\/cz\/jizdenky\/zpusob-nakupu-jizdenky\/papirove-jizdenky\/","og_site_name":"Dopravn\u00ed podnik m\u011bsta Hradce Kr\u00e1lov\u00e9","article_publisher":"https:\/\/www.facebook.com\/dopravnipodnikhk\/","article_modified_time":"2026-03-12T09:16:47+00:00","og_image":[{"url":"https:\/\/www.dpmhk.cz\/wp-content\/uploads\/2025\/11\/papirove-jizdenky-2025.jpg","type":"","width":"","height":""}],"twitter_card":"summary_large_image","twitter_misc":{"Odhadovan\u00e1 doba \u010dten\u00ed":"1 minuta"},"schema":{"@context":"https:\/\/schema.org","@graph":[{"@type":"WebPage","@id":"https:\/\/www.dpmhk.cz\/cz\/jizdenky\/zpusob-nakupu-jizdenky\/papirove-jizdenky\/","url":"https:\/\/www.dpmhk.cz\/cz\/jizdenky\/zpusob-nakupu-jizdenky\/papirove-jizdenky\/","name":"Pap\u00edrov\u00e9 j\u00edzdenky jsou st\u00e1le platn\u00e9 pro jednu j\u00edzdu - Dopravn\u00ed podnik m\u011bsta Hradce Kr\u00e1lov\u00e9","isPartOf":{"@id":"https:\/\/www.dpmhk.cz\/cz\/#website"},"primaryImageOfPage":{"@id":"https:\/\/www.dpmhk.cz\/cz\/jizdenky\/zpusob-nakupu-jizdenky\/papirove-jizdenky\/#primaryimage"},"image":{"@id":"https:\/\/www.dpmhk.cz\/cz\/jizdenky\/zpusob-nakupu-jizdenky\/papirove-jizdenky\/#primaryimage"},"thumbnailUrl":"https:\/\/www.dpmhk.cz\/wp-content\/uploads\/2025\/11\/papirove-jizdenky-2025.jpg","datePublished":"2025-11-19T10:12:24+00:00","dateModified":"2026-03-12T09:16:47+00:00","description":"Pap\u00edrov\u00e9 j\u00edzdenky jsou st\u00e1le v prodeji. Plat\u00ed v\u017edy pro jednu j\u00edzdu. P\u0159e\u010dt\u011bte si, kdo je m\u016f\u017ee vyu\u017e\u00edvat, kolik stoj\u00ed a kde je z\u00edskat.","breadcrumb":{"@id":"https:\/\/www.dpmhk.cz\/cz\/jizdenky\/zpusob-nakupu-jizdenky\/papirove-jizdenky\/#breadcrumb"},"inLanguage":"cs","potentialAction":[{"@type":"ReadAction","target":["https:\/\/www.dpmhk.cz\/cz\/jizdenky\/zpusob-nakupu-jizdenky\/papirove-jizdenky\/"]}]},{"@type":"ImageObject","inLanguage":"cs","@id":"https:\/\/www.dpmhk.cz\/cz\/jizdenky\/zpusob-nakupu-jizdenky\/papirove-jizdenky\/#primaryimage","url":"https:\/\/www.dpmhk.cz\/wp-content\/uploads\/2025\/11\/papirove-jizdenky-2025.jpg","contentUrl":"https:\/\/www.dpmhk.cz\/wp-content\/uploads\/2025\/11\/papirove-jizdenky-2025.jpg"},{"@type":"BreadcrumbList","@id":"https:\/\/www.dpmhk.cz\/cz\/jizdenky\/zpusob-nakupu-jizdenky\/papirove-jizdenky\/#breadcrumb","itemListElement":[{"@type":"ListItem","position":1,"name":"Dom\u016f","item":"https:\/\/www.dpmhk.cz\/cz\/"},{"@type":"ListItem","position":2,"name":"J\u00edzdenky","item":"https:\/\/www.dpmhk.cz\/cz\/jizdenky\/"},{"@type":"ListItem","position":3,"name":"Zp\u016fsob n\u00e1kupu j\u00edzdenky","item":"https:\/\/www.dpmhk.cz\/cz\/jizdenky\/zpusob-nakupu-jizdenky\/"},{"@type":"ListItem","position":4,"name":"Pap\u00edrov\u00e9 j\u00edzdenky"}]},{"@type":"WebSite","@id":"https:\/\/www.dpmhk.cz\/cz\/#website","url":"https:\/\/www.dpmhk.cz\/cz\/","name":"Dopravn\u00ed podnik m\u011bsta Hradce Kr\u00e1lov\u00e9","description":"Ofici\u00e1ln\u00ed webov\u00e9 str\u00e1nky","publisher":{"@id":"https:\/\/www.dpmhk.cz\/cz\/#organization"},"alternateName":"Dopravn\u00ed podnik m\u011bsta Hradce Kr\u00e1lov\u00e9","potentialAction":[{"@type":"SearchAction","target":{"@type":"EntryPoint","urlTemplate":"https:\/\/www.dpmhk.cz\/cz\/?s={search_term_string}"},"query-input":{"@type":"PropertyValueSpecification","valueRequired":true,"valueName":"search_term_string"}}],"inLanguage":"cs"},{"@type":["Organization","Place"],"@id":"https:\/\/www.dpmhk.cz\/cz\/#organization","name":"Dopravn\u00ed podnik m\u011bsta Hradce Kr\u00e1lov\u00e9, a.s.","alternateName":"DPmHK","url":"https:\/\/www.dpmhk.cz\/cz\/","logo":{"@id":"https:\/\/www.dpmhk.cz\/cz\/jizdenky\/zpusob-nakupu-jizdenky\/papirove-jizdenky\/#local-main-organization-logo"},"image":{"@id":"https:\/\/www.dpmhk.cz\/cz\/jizdenky\/zpusob-nakupu-jizdenky\/papirove-jizdenky\/#local-main-organization-logo"},"sameAs":["https:\/\/www.facebook.com\/dopravnipodnikhk\/","https:\/\/www.instagram.com\/dopravnipodnikhk\/","https:\/\/www.youtube.com\/@dopravnipodnik-hk"],"legalName":"Dopravn\u00ed podnik m\u011bsta Hradce Kr\u00e1lov\u00e9, a.s.","foundingDate":"1948-04-26","numberOfEmployees":{"@type":"QuantitativeValue","minValue":"201","maxValue":"500"},"ownershipFundingInfo":"https:\/\/www.dpmhk.cz\/cz\/o-nas\/o-spolecnosti\/","actionableFeedbackPolicy":"https:\/\/www.dpmhk.cz\/cz\/o-nas\/dokumenty-formulare\/","ethicsPolicy":"https:\/\/www.dpmhk.cz\/cz\/o-nas\/o-spolecnosti\/","diversityStaffingReport":"https:\/\/www.dpmhk.cz\/cz\/kariera\/","address":{"@id":"https:\/\/www.dpmhk.cz\/cz\/jizdenky\/zpusob-nakupu-jizdenky\/papirove-jizdenky\/#local-main-place-address"},"telephone":["+420 495 089 271","+420 495 546 095"],"contactPoint":{"@type":"ContactPoint","email":"info@dpmhk.cz"},"openingHoursSpecification":[{"@type":"OpeningHoursSpecification","dayOfWeek":["Monday","Wednesday"],"opens":"07:00","closes":"17:00"},{"@type":"OpeningHoursSpecification","dayOfWeek":["Tuesday","Thursday"],"opens":"07:00","closes":"16:30"},{"@type":"OpeningHoursSpecification","dayOfWeek":["Friday"],"opens":"07:00","closes":"15:00"},{"@type":"OpeningHoursSpecification","dayOfWeek":["Saturday","Sunday"],"opens":"00:00","closes":"00:00"}],"vatID":"CZ25267213","taxID":"25267213"},{"@type":"PostalAddress","@id":"https:\/\/www.dpmhk.cz\/cz\/jizdenky\/zpusob-nakupu-jizdenky\/papirove-jizdenky\/#local-main-place-address","streetAddress":"Pouchovsk\u00e1 153","addressLocality":"Hradec Kr\u00e1lov\u00e9","postalCode":"500 03","addressRegion":"Aktivn\u00ed","addressCountry":"CZ"},{"@type":"ImageObject","inLanguage":"cs","@id":"https:\/\/www.dpmhk.cz\/cz\/jizdenky\/zpusob-nakupu-jizdenky\/papirove-jizdenky\/#local-main-organization-logo","url":"https:\/\/dpmhk.cz\/wp-content\/uploads\/2025\/11\/DP_HK_Logo_cerne2025-1.svg","contentUrl":"https:\/\/dpmhk.cz\/wp-content\/uploads\/2025\/11\/DP_HK_Logo_cerne2025-1.svg","width":123,"height":60,"caption":"Dopravn\u00ed podnik m\u011bsta Hradce Kr\u00e1lov\u00e9, a.s."}]},"geo.placename":"Hradec Kr\u00e1lov\u00e9","geo.region":"\u010cesk\u00e1 republika"},"_links":{"self":[{"href":"https:\/\/dpmhk.cz\/cz\/wp-json\/wp\/v2\/pages\/7484","targetHints":{"allow":["GET"]}}],"collection":[{"href":"https:\/\/dpmhk.cz\/cz\/wp-json\/wp\/v2\/pages"}],"about":[{"href":"https:\/\/dpmhk.cz\/cz\/wp-json\/wp\/v2\/types\/page"}],"author":[{"embeddable":true,"href":"https:\/\/dpmhk.cz\/cz\/wp-json\/wp\/v2\/users\/1"}],"replies":[{"embeddable":true,"href":"https:\/\/dpmhk.cz\/cz\/wp-json\/wp\/v2\/comments?post=7484"}],"version-history":[{"count":5,"href":"https:\/\/dpmhk.cz\/cz\/wp-json\/wp\/v2\/pages\/7484\/revisions"}],"predecessor-version":[{"id":21590,"href":"https:\/\/dpmhk.cz\/cz\/wp-json\/wp\/v2\/pages\/7484\/revisions\/21590"}],"up":[{"embeddable":true,"href":"https:\/\/dpmhk.cz\/cz\/wp-json\/wp\/v2\/pages\/12543"}],"wp:attachment":[{"href":"https:\/\/dpmhk.cz\/cz\/wp-json\/wp\/v2\/media?parent=7484"}],"curies":[{"name":"wp","href":"https:\/\/api.w.org\/{rel}","templated":true}]}}