{"id":7489,"date":"2025-11-19T11:14:35","date_gmt":"2025-11-19T10:14:35","guid":{"rendered":"https:\/\/www.dopravnipodnikhk.cz\/?page_id=7489"},"modified":"2026-03-12T10:16:20","modified_gmt":"2026-03-12T09:16:20","slug":"jizdenky-u-ridice","status":"publish","type":"page","link":"https:\/\/dpmhk.cz\/cz\/jizdenky\/zpusob-nakupu-jizdenky\/jizdenky-u-ridice\/","title":{"rendered":"J\u00edzdenky u \u0159idi\u010de"},"content":{"rendered":"\t\t<div data-elementor-type=\"wp-page\" data-elementor-id=\"7489\" class=\"elementor elementor-7489\" wpc-filter-elementor-widget=\"1\" data-elementor-post-type=\"page\">\n\t\t\t\t<div class=\"elementor-element elementor-element-0cfd892 e-flex e-con-boxed e-con e-parent\" data-id=\"0cfd892\" data-element_type=\"container\" data-e-type=\"container\">\n\t\t\t\t\t<div class=\"e-con-inner\">\n\t\t\t\t<div class=\"elementor-element elementor-element-e16324e elementor-widget elementor-widget-breadcrumbs\" data-id=\"e16324e\" data-element_type=\"widget\" data-e-type=\"widget\" data-widget_type=\"breadcrumbs.default\">\n\t\t\t\t<div class=\"elementor-widget-container\">\n\t\t\t\t\t<p id=\"breadcrumbs\"><span><span><a href=\"https:\/\/www.dpmhk.cz\/cz\/\"><span class=\"fa fa-home\" aria-hidden=\"true\"><\/span><span class=\"screen-reader-text\">Dom\u016f<\/span><\/a><\/span><\/span><\/p>\t\t\t\t<\/div>\n\t\t\t\t<\/div>\n\t\t\t\t<div class=\"elementor-element elementor-element-4cf7d47 elementor-widget elementor-widget-heading\" data-id=\"4cf7d47\" data-element_type=\"widget\" data-e-type=\"widget\" data-widget_type=\"heading.default\">\n\t\t\t\t<div class=\"elementor-widget-container\">\n\t\t\t\t\t<h1 class=\"elementor-heading-title elementor-size-default\">J\u00edzdenky u \u0159idi\u010de<\/h1>\t\t\t\t<\/div>\n\t\t\t\t<\/div>\n\t\t<div class=\"elementor-element elementor-element-d401eb6 e-grid e-con-full e-con e-child\" data-id=\"d401eb6\" data-element_type=\"container\" data-e-type=\"container\">\n\t\t<div class=\"elementor-element elementor-element-daaef62 e-con-full e-flex e-con e-child\" data-id=\"daaef62\" data-element_type=\"container\" data-e-type=\"container\">\n\t\t\t\t<div class=\"elementor-element elementor-element-5ea296a elementor-widget elementor-widget-text-editor\" data-id=\"5ea296a\" data-element_type=\"widget\" data-e-type=\"widget\" data-widget_type=\"text-editor.default\">\n\t\t\t\t<div class=\"elementor-widget-container\">\n\t\t\t\t\t\t\t\t\t<p>J\u00edzdenky u \u0159idi\u010de je mo\u017en\u00e9 zakoupit <strong>pouze v hotovosti<\/strong>. K dispozici jsou tyto <strong>varianty p\u0159estupn\u00edch j\u00edzdenek<\/strong>:<\/p><ul><li>zlevn\u011bn\u00e9 (d\u00edt\u011b 6 &#8211; 14,99 nebo senior 65+) za 15 K\u010d<\/li><li>z\u00e1kladn\u00ed (dosp\u011bl\u00fd) za 30 K\u010d<\/li><li>24 hod. pro v\u0161echny kategorie za 100 K\u010d<\/li><\/ul><p><strong>V r\u00e1mci nep\u0159estupn\u00ed j\u00edzdenky<\/strong> pak je\u0161t\u011b:<\/p><ul><li>j\u00edzda na no\u010dn\u00ed lince pro v\u0161echny kategorie za 30 K\u010d<\/li><\/ul>\t\t\t\t\t\t\t\t<\/div>\n\t\t\t\t<\/div>\n\t\t\t\t<\/div>\n\t\t<div class=\"elementor-element elementor-element-ece69ed e-con-full e-flex e-con e-child\" data-id=\"ece69ed\" data-element_type=\"container\" data-e-type=\"container\">\n\t\t\t\t<div class=\"elementor-element elementor-element-921f684 elementor-widget elementor-widget-image\" data-id=\"921f684\" data-element_type=\"widget\" data-e-type=\"widget\" data-widget_type=\"image.default\">\n\t\t\t\t<div class=\"elementor-widget-container\">\n\t\t\t\t\t\t\t\t\t\t\t\t\t\t\t<img fetchpriority=\"high\" decoding=\"async\" width=\"800\" height=\"534\" src=\"https:\/\/dpmhk.cz\/wp-content\/uploads\/2026\/01\/jizdenka-u-ridice.jpg\" class=\"attachment-large size-large wp-image-12943\" alt=\"Ruka cestuj\u00edc\u00edho d\u00e1v\u00e1 \u0159idi\u010di drobn\u00e9 pen\u00edze p\u0159i koupi j\u00edzdenky\" srcset=\"https:\/\/dpmhk.cz\/wp-content\/uploads\/2026\/01\/jizdenka-u-ridice.jpg 1600w, https:\/\/dpmhk.cz\/wp-content\/uploads\/2026\/01\/jizdenka-u-ridice-300x200.jpg 300w, https:\/\/dpmhk.cz\/wp-content\/uploads\/2026\/01\/jizdenka-u-ridice-768x512.jpg 768w, https:\/\/dpmhk.cz\/wp-content\/uploads\/2026\/01\/jizdenka-u-ridice-1536x1024.jpg 1536w, https:\/\/dpmhk.cz\/wp-content\/uploads\/2026\/01\/jizdenka-u-ridice-18x12.jpg 18w\" sizes=\"(max-width: 800px) 100vw, 800px\" \/>\t\t\t\t\t\t\t\t\t\t\t\t\t\t\t<\/div>\n\t\t\t\t<\/div>\n\t\t\t\t<\/div>\n\t\t\t\t<\/div>\n\t\t\t\t\t<\/div>\n\t\t\t\t<\/div>\n\t\t\t\t<\/div>\n\t\t","protected":false},"excerpt":{"rendered":"<p>J\u00edzdenky u \u0159idi\u010de J\u00edzdenky u \u0159idi\u010de je mo\u017en\u00e9 zakoupit pouze v hotovosti. K dispozici jsou tyto varianty p\u0159estupn\u00edch j\u00edzdenek: zlevn\u011bn\u00e9 (d\u00edt\u011b 6 &#8211; 14,99 nebo senior 65+) za 15 K\u010d z\u00e1kladn\u00ed (dosp\u011bl\u00fd) za 30 K\u010d 24 hod. pro v\u0161echny kategorie za 100 K\u010d V r\u00e1mci nep\u0159estupn\u00ed j\u00edzdenky pak je\u0161t\u011b: j\u00edzda na no\u010dn\u00ed lince pro v\u0161echny [&hellip;]<\/p>\n","protected":false},"author":1,"featured_media":0,"parent":12543,"menu_order":0,"comment_status":"closed","ping_status":"closed","template":"","meta":{"_acf_changed":false,"footnotes":""},"class_list":["post-7489","page","type-page","status-publish","hentry"],"acf":[],"yoast_head":"<!-- This site is optimized with the Yoast SEO Premium plugin v27.2 (Yoast SEO v27.3) - https:\/\/yoast.com\/product\/yoast-seo-premium-wordpress\/ -->\n<title>J\u00edzdenky u \u0159idi\u010de: Informace pro cestuj\u00edc\u00ed - Dopravn\u00ed podnik m\u011bsta Hradce Kr\u00e1lov\u00e9<\/title>\n<meta name=\"description\" content=\"Z\u00edskejte informace o j\u00edzdenk\u00e1ch u \u0159idi\u010de. Prozkoumejte ceny z\u00e1kladn\u00edch a zlevn\u011bn\u00fdch j\u00edzdenek pro cestuj\u00edc\u00ed.\" \/>\n<meta name=\"robots\" content=\"index, follow, max-snippet:-1, max-image-preview:large, max-video-preview:-1\" \/>\n<link rel=\"canonical\" href=\"https:\/\/www.dpmhk.cz\/cz\/jizdenky\/zpusob-nakupu-jizdenky\/jizdenky-u-ridice\/\" \/>\n<meta property=\"og:locale\" content=\"cs_CZ\" \/>\n<meta property=\"og:type\" content=\"article\" \/>\n<meta property=\"og:title\" content=\"J\u00edzdenky u \u0159idi\u010de\" \/>\n<meta property=\"og:description\" content=\"Z\u00edskejte informace o j\u00edzdenk\u00e1ch u \u0159idi\u010de. Prozkoumejte ceny z\u00e1kladn\u00edch a zlevn\u011bn\u00fdch j\u00edzdenek pro cestuj\u00edc\u00ed.\" \/>\n<meta property=\"og:url\" content=\"https:\/\/www.dpmhk.cz\/cz\/jizdenky\/zpusob-nakupu-jizdenky\/jizdenky-u-ridice\/\" \/>\n<meta property=\"og:site_name\" content=\"Dopravn\u00ed podnik m\u011bsta Hradce Kr\u00e1lov\u00e9\" \/>\n<meta property=\"article:publisher\" content=\"https:\/\/www.facebook.com\/dopravnipodnikhk\/\" \/>\n<meta property=\"article:modified_time\" content=\"2026-03-12T09:16:20+00:00\" \/>\n<meta property=\"og:image\" content=\"https:\/\/www.dpmhk.cz\/wp-content\/uploads\/2026\/01\/jizdenka-u-ridice.jpg\" \/>\n<meta name=\"twitter:card\" content=\"summary_large_image\" \/>\n<meta name=\"twitter:label1\" content=\"Odhadovan\u00e1 doba \u010dten\u00ed\" \/>\n\t<meta name=\"twitter:data1\" content=\"1 minuta\" \/>\n<script type=\"application\/ld+json\" class=\"yoast-schema-graph\">{\"@context\":\"https:\\\/\\\/schema.org\",\"@graph\":[{\"@type\":\"WebPage\",\"@id\":\"https:\\\/\\\/www.dpmhk.cz\\\/cz\\\/jizdenky\\\/zpusob-nakupu-jizdenky\\\/jizdenky-u-ridice\\\/\",\"url\":\"https:\\\/\\\/www.dpmhk.cz\\\/cz\\\/jizdenky\\\/zpusob-nakupu-jizdenky\\\/jizdenky-u-ridice\\\/\",\"name\":\"J\u00edzdenky u \u0159idi\u010de: Informace pro cestuj\u00edc\u00ed - Dopravn\u00ed podnik m\u011bsta Hradce Kr\u00e1lov\u00e9\",\"isPartOf\":{\"@id\":\"https:\\\/\\\/www.dpmhk.cz\\\/cz\\\/#website\"},\"primaryImageOfPage\":{\"@id\":\"https:\\\/\\\/www.dpmhk.cz\\\/cz\\\/jizdenky\\\/zpusob-nakupu-jizdenky\\\/jizdenky-u-ridice\\\/#primaryimage\"},\"image\":{\"@id\":\"https:\\\/\\\/www.dpmhk.cz\\\/cz\\\/jizdenky\\\/zpusob-nakupu-jizdenky\\\/jizdenky-u-ridice\\\/#primaryimage\"},\"thumbnailUrl\":\"https:\\\/\\\/www.dpmhk.cz\\\/wp-content\\\/uploads\\\/2026\\\/01\\\/jizdenka-u-ridice.jpg\",\"datePublished\":\"2025-11-19T10:14:35+00:00\",\"dateModified\":\"2026-03-12T09:16:20+00:00\",\"description\":\"Z\u00edskejte informace o j\u00edzdenk\u00e1ch u \u0159idi\u010de. Prozkoumejte ceny z\u00e1kladn\u00edch a zlevn\u011bn\u00fdch j\u00edzdenek pro cestuj\u00edc\u00ed.\",\"breadcrumb\":{\"@id\":\"https:\\\/\\\/www.dpmhk.cz\\\/cz\\\/jizdenky\\\/zpusob-nakupu-jizdenky\\\/jizdenky-u-ridice\\\/#breadcrumb\"},\"inLanguage\":\"cs\",\"potentialAction\":[{\"@type\":\"ReadAction\",\"target\":[\"https:\\\/\\\/www.dpmhk.cz\\\/cz\\\/jizdenky\\\/zpusob-nakupu-jizdenky\\\/jizdenky-u-ridice\\\/\"]}]},{\"@type\":\"ImageObject\",\"inLanguage\":\"cs\",\"@id\":\"https:\\\/\\\/www.dpmhk.cz\\\/cz\\\/jizdenky\\\/zpusob-nakupu-jizdenky\\\/jizdenky-u-ridice\\\/#primaryimage\",\"url\":\"https:\\\/\\\/www.dpmhk.cz\\\/wp-content\\\/uploads\\\/2026\\\/01\\\/jizdenka-u-ridice.jpg\",\"contentUrl\":\"https:\\\/\\\/www.dpmhk.cz\\\/wp-content\\\/uploads\\\/2026\\\/01\\\/jizdenka-u-ridice.jpg\"},{\"@type\":\"BreadcrumbList\",\"@id\":\"https:\\\/\\\/www.dpmhk.cz\\\/cz\\\/jizdenky\\\/zpusob-nakupu-jizdenky\\\/jizdenky-u-ridice\\\/#breadcrumb\",\"itemListElement\":[{\"@type\":\"ListItem\",\"position\":1,\"name\":\"Dom\u016f\",\"item\":\"https:\\\/\\\/www.dpmhk.cz\\\/cz\\\/\"},{\"@type\":\"ListItem\",\"position\":2,\"name\":\"J\u00edzdenky\",\"item\":\"https:\\\/\\\/www.dpmhk.cz\\\/cz\\\/jizdenky\\\/\"},{\"@type\":\"ListItem\",\"position\":3,\"name\":\"Zp\u016fsob n\u00e1kupu j\u00edzdenky\",\"item\":\"https:\\\/\\\/www.dpmhk.cz\\\/cz\\\/jizdenky\\\/zpusob-nakupu-jizdenky\\\/\"},{\"@type\":\"ListItem\",\"position\":4,\"name\":\"J\u00edzdenky u \u0159idi\u010de\"}]},{\"@type\":\"WebSite\",\"@id\":\"https:\\\/\\\/www.dpmhk.cz\\\/cz\\\/#website\",\"url\":\"https:\\\/\\\/www.dpmhk.cz\\\/cz\\\/\",\"name\":\"Dopravn\u00ed podnik m\u011bsta Hradce Kr\u00e1lov\u00e9\",\"description\":\"Ofici\u00e1ln\u00ed webov\u00e9 str\u00e1nky\",\"publisher\":{\"@id\":\"https:\\\/\\\/www.dpmhk.cz\\\/cz\\\/#organization\"},\"alternateName\":\"Dopravn\u00ed podnik m\u011bsta Hradce Kr\u00e1lov\u00e9\",\"potentialAction\":[{\"@type\":\"SearchAction\",\"target\":{\"@type\":\"EntryPoint\",\"urlTemplate\":\"https:\\\/\\\/www.dpmhk.cz\\\/cz\\\/?s={search_term_string}\"},\"query-input\":{\"@type\":\"PropertyValueSpecification\",\"valueRequired\":true,\"valueName\":\"search_term_string\"}}],\"inLanguage\":\"cs\"},{\"@type\":[\"Organization\",\"Place\"],\"@id\":\"https:\\\/\\\/www.dpmhk.cz\\\/cz\\\/#organization\",\"name\":\"Dopravn\u00ed podnik m\u011bsta Hradce Kr\u00e1lov\u00e9, a.s.\",\"alternateName\":\"DPmHK\",\"url\":\"https:\\\/\\\/www.dpmhk.cz\\\/cz\\\/\",\"logo\":{\"@id\":\"https:\\\/\\\/www.dpmhk.cz\\\/cz\\\/jizdenky\\\/zpusob-nakupu-jizdenky\\\/jizdenky-u-ridice\\\/#local-main-organization-logo\"},\"image\":{\"@id\":\"https:\\\/\\\/www.dpmhk.cz\\\/cz\\\/jizdenky\\\/zpusob-nakupu-jizdenky\\\/jizdenky-u-ridice\\\/#local-main-organization-logo\"},\"sameAs\":[\"https:\\\/\\\/www.facebook.com\\\/dopravnipodnikhk\\\/\",\"https:\\\/\\\/www.instagram.com\\\/dopravnipodnikhk\\\/\",\"https:\\\/\\\/www.youtube.com\\\/@dopravnipodnik-hk\"],\"legalName\":\"Dopravn\u00ed podnik m\u011bsta Hradce Kr\u00e1lov\u00e9, a.s.\",\"foundingDate\":\"1948-04-26\",\"numberOfEmployees\":{\"@type\":\"QuantitativeValue\",\"minValue\":\"201\",\"maxValue\":\"500\"},\"ownershipFundingInfo\":\"https:\\\/\\\/www.dpmhk.cz\\\/cz\\\/o-nas\\\/o-spolecnosti\\\/\",\"actionableFeedbackPolicy\":\"https:\\\/\\\/www.dpmhk.cz\\\/cz\\\/o-nas\\\/dokumenty-formulare\\\/\",\"ethicsPolicy\":\"https:\\\/\\\/www.dpmhk.cz\\\/cz\\\/o-nas\\\/o-spolecnosti\\\/\",\"diversityStaffingReport\":\"https:\\\/\\\/www.dpmhk.cz\\\/cz\\\/kariera\\\/\",\"address\":{\"@id\":\"https:\\\/\\\/www.dpmhk.cz\\\/cz\\\/jizdenky\\\/zpusob-nakupu-jizdenky\\\/jizdenky-u-ridice\\\/#local-main-place-address\"},\"telephone\":[\"+420 495 089 271\",\"+420 495 546 095\"],\"contactPoint\":{\"@type\":\"ContactPoint\",\"email\":\"info@dpmhk.cz\"},\"openingHoursSpecification\":[{\"@type\":\"OpeningHoursSpecification\",\"dayOfWeek\":[\"Monday\",\"Wednesday\"],\"opens\":\"07:00\",\"closes\":\"17:00\"},{\"@type\":\"OpeningHoursSpecification\",\"dayOfWeek\":[\"Tuesday\",\"Thursday\"],\"opens\":\"07:00\",\"closes\":\"16:30\"},{\"@type\":\"OpeningHoursSpecification\",\"dayOfWeek\":[\"Friday\"],\"opens\":\"07:00\",\"closes\":\"15:00\"},{\"@type\":\"OpeningHoursSpecification\",\"dayOfWeek\":[\"Saturday\",\"Sunday\"],\"opens\":\"00:00\",\"closes\":\"00:00\"}],\"vatID\":\"CZ25267213\",\"taxID\":\"25267213\"},{\"@type\":\"PostalAddress\",\"@id\":\"https:\\\/\\\/www.dpmhk.cz\\\/cz\\\/jizdenky\\\/zpusob-nakupu-jizdenky\\\/jizdenky-u-ridice\\\/#local-main-place-address\",\"streetAddress\":\"Pouchovsk\u00e1 153\",\"addressLocality\":\"Hradec Kr\u00e1lov\u00e9\",\"postalCode\":\"500 03\",\"addressRegion\":\"Aktivn\u00ed\",\"addressCountry\":\"CZ\"},{\"@type\":\"ImageObject\",\"inLanguage\":\"cs\",\"@id\":\"https:\\\/\\\/www.dpmhk.cz\\\/cz\\\/jizdenky\\\/zpusob-nakupu-jizdenky\\\/jizdenky-u-ridice\\\/#local-main-organization-logo\",\"url\":\"https:\\\/\\\/dpmhk.cz\\\/wp-content\\\/uploads\\\/2025\\\/11\\\/DP_HK_Logo_cerne2025-1.svg\",\"contentUrl\":\"https:\\\/\\\/dpmhk.cz\\\/wp-content\\\/uploads\\\/2025\\\/11\\\/DP_HK_Logo_cerne2025-1.svg\",\"width\":123,\"height\":60,\"caption\":\"Dopravn\u00ed podnik m\u011bsta Hradce Kr\u00e1lov\u00e9, a.s.\"}]}<\/script>\n<meta name=\"geo.placename\" content=\"Hradec Kr\u00e1lov\u00e9\" \/>\n<meta name=\"geo.region\" content=\"\u010cesk\u00e1 republika\" \/>\n<!-- \/ Yoast SEO Premium plugin. -->","yoast_head_json":{"title":"J\u00edzdenky u \u0159idi\u010de: Informace pro cestuj\u00edc\u00ed - Dopravn\u00ed podnik m\u011bsta Hradce Kr\u00e1lov\u00e9","description":"Z\u00edskejte informace o j\u00edzdenk\u00e1ch u \u0159idi\u010de. Prozkoumejte ceny z\u00e1kladn\u00edch a zlevn\u011bn\u00fdch j\u00edzdenek pro cestuj\u00edc\u00ed.","robots":{"index":"index","follow":"follow","max-snippet":"max-snippet:-1","max-image-preview":"max-image-preview:large","max-video-preview":"max-video-preview:-1"},"canonical":"https:\/\/www.dpmhk.cz\/cz\/jizdenky\/zpusob-nakupu-jizdenky\/jizdenky-u-ridice\/","og_locale":"cs_CZ","og_type":"article","og_title":"J\u00edzdenky u \u0159idi\u010de","og_description":"Z\u00edskejte informace o j\u00edzdenk\u00e1ch u \u0159idi\u010de. Prozkoumejte ceny z\u00e1kladn\u00edch a zlevn\u011bn\u00fdch j\u00edzdenek pro cestuj\u00edc\u00ed.","og_url":"https:\/\/www.dpmhk.cz\/cz\/jizdenky\/zpusob-nakupu-jizdenky\/jizdenky-u-ridice\/","og_site_name":"Dopravn\u00ed podnik m\u011bsta Hradce Kr\u00e1lov\u00e9","article_publisher":"https:\/\/www.facebook.com\/dopravnipodnikhk\/","article_modified_time":"2026-03-12T09:16:20+00:00","og_image":[{"url":"https:\/\/www.dpmhk.cz\/wp-content\/uploads\/2026\/01\/jizdenka-u-ridice.jpg","type":"","width":"","height":""}],"twitter_card":"summary_large_image","twitter_misc":{"Odhadovan\u00e1 doba \u010dten\u00ed":"1 minuta"},"schema":{"@context":"https:\/\/schema.org","@graph":[{"@type":"WebPage","@id":"https:\/\/www.dpmhk.cz\/cz\/jizdenky\/zpusob-nakupu-jizdenky\/jizdenky-u-ridice\/","url":"https:\/\/www.dpmhk.cz\/cz\/jizdenky\/zpusob-nakupu-jizdenky\/jizdenky-u-ridice\/","name":"J\u00edzdenky u \u0159idi\u010de: Informace pro cestuj\u00edc\u00ed - Dopravn\u00ed podnik m\u011bsta Hradce Kr\u00e1lov\u00e9","isPartOf":{"@id":"https:\/\/www.dpmhk.cz\/cz\/#website"},"primaryImageOfPage":{"@id":"https:\/\/www.dpmhk.cz\/cz\/jizdenky\/zpusob-nakupu-jizdenky\/jizdenky-u-ridice\/#primaryimage"},"image":{"@id":"https:\/\/www.dpmhk.cz\/cz\/jizdenky\/zpusob-nakupu-jizdenky\/jizdenky-u-ridice\/#primaryimage"},"thumbnailUrl":"https:\/\/www.dpmhk.cz\/wp-content\/uploads\/2026\/01\/jizdenka-u-ridice.jpg","datePublished":"2025-11-19T10:14:35+00:00","dateModified":"2026-03-12T09:16:20+00:00","description":"Z\u00edskejte informace o j\u00edzdenk\u00e1ch u \u0159idi\u010de. Prozkoumejte ceny z\u00e1kladn\u00edch a zlevn\u011bn\u00fdch j\u00edzdenek pro cestuj\u00edc\u00ed.","breadcrumb":{"@id":"https:\/\/www.dpmhk.cz\/cz\/jizdenky\/zpusob-nakupu-jizdenky\/jizdenky-u-ridice\/#breadcrumb"},"inLanguage":"cs","potentialAction":[{"@type":"ReadAction","target":["https:\/\/www.dpmhk.cz\/cz\/jizdenky\/zpusob-nakupu-jizdenky\/jizdenky-u-ridice\/"]}]},{"@type":"ImageObject","inLanguage":"cs","@id":"https:\/\/www.dpmhk.cz\/cz\/jizdenky\/zpusob-nakupu-jizdenky\/jizdenky-u-ridice\/#primaryimage","url":"https:\/\/www.dpmhk.cz\/wp-content\/uploads\/2026\/01\/jizdenka-u-ridice.jpg","contentUrl":"https:\/\/www.dpmhk.cz\/wp-content\/uploads\/2026\/01\/jizdenka-u-ridice.jpg"},{"@type":"BreadcrumbList","@id":"https:\/\/www.dpmhk.cz\/cz\/jizdenky\/zpusob-nakupu-jizdenky\/jizdenky-u-ridice\/#breadcrumb","itemListElement":[{"@type":"ListItem","position":1,"name":"Dom\u016f","item":"https:\/\/www.dpmhk.cz\/cz\/"},{"@type":"ListItem","position":2,"name":"J\u00edzdenky","item":"https:\/\/www.dpmhk.cz\/cz\/jizdenky\/"},{"@type":"ListItem","position":3,"name":"Zp\u016fsob n\u00e1kupu j\u00edzdenky","item":"https:\/\/www.dpmhk.cz\/cz\/jizdenky\/zpusob-nakupu-jizdenky\/"},{"@type":"ListItem","position":4,"name":"J\u00edzdenky u \u0159idi\u010de"}]},{"@type":"WebSite","@id":"https:\/\/www.dpmhk.cz\/cz\/#website","url":"https:\/\/www.dpmhk.cz\/cz\/","name":"Dopravn\u00ed podnik m\u011bsta Hradce Kr\u00e1lov\u00e9","description":"Ofici\u00e1ln\u00ed webov\u00e9 str\u00e1nky","publisher":{"@id":"https:\/\/www.dpmhk.cz\/cz\/#organization"},"alternateName":"Dopravn\u00ed podnik m\u011bsta Hradce Kr\u00e1lov\u00e9","potentialAction":[{"@type":"SearchAction","target":{"@type":"EntryPoint","urlTemplate":"https:\/\/www.dpmhk.cz\/cz\/?s={search_term_string}"},"query-input":{"@type":"PropertyValueSpecification","valueRequired":true,"valueName":"search_term_string"}}],"inLanguage":"cs"},{"@type":["Organization","Place"],"@id":"https:\/\/www.dpmhk.cz\/cz\/#organization","name":"Dopravn\u00ed podnik m\u011bsta Hradce Kr\u00e1lov\u00e9, a.s.","alternateName":"DPmHK","url":"https:\/\/www.dpmhk.cz\/cz\/","logo":{"@id":"https:\/\/www.dpmhk.cz\/cz\/jizdenky\/zpusob-nakupu-jizdenky\/jizdenky-u-ridice\/#local-main-organization-logo"},"image":{"@id":"https:\/\/www.dpmhk.cz\/cz\/jizdenky\/zpusob-nakupu-jizdenky\/jizdenky-u-ridice\/#local-main-organization-logo"},"sameAs":["https:\/\/www.facebook.com\/dopravnipodnikhk\/","https:\/\/www.instagram.com\/dopravnipodnikhk\/","https:\/\/www.youtube.com\/@dopravnipodnik-hk"],"legalName":"Dopravn\u00ed podnik m\u011bsta Hradce Kr\u00e1lov\u00e9, a.s.","foundingDate":"1948-04-26","numberOfEmployees":{"@type":"QuantitativeValue","minValue":"201","maxValue":"500"},"ownershipFundingInfo":"https:\/\/www.dpmhk.cz\/cz\/o-nas\/o-spolecnosti\/","actionableFeedbackPolicy":"https:\/\/www.dpmhk.cz\/cz\/o-nas\/dokumenty-formulare\/","ethicsPolicy":"https:\/\/www.dpmhk.cz\/cz\/o-nas\/o-spolecnosti\/","diversityStaffingReport":"https:\/\/www.dpmhk.cz\/cz\/kariera\/","address":{"@id":"https:\/\/www.dpmhk.cz\/cz\/jizdenky\/zpusob-nakupu-jizdenky\/jizdenky-u-ridice\/#local-main-place-address"},"telephone":["+420 495 089 271","+420 495 546 095"],"contactPoint":{"@type":"ContactPoint","email":"info@dpmhk.cz"},"openingHoursSpecification":[{"@type":"OpeningHoursSpecification","dayOfWeek":["Monday","Wednesday"],"opens":"07:00","closes":"17:00"},{"@type":"OpeningHoursSpecification","dayOfWeek":["Tuesday","Thursday"],"opens":"07:00","closes":"16:30"},{"@type":"OpeningHoursSpecification","dayOfWeek":["Friday"],"opens":"07:00","closes":"15:00"},{"@type":"OpeningHoursSpecification","dayOfWeek":["Saturday","Sunday"],"opens":"00:00","closes":"00:00"}],"vatID":"CZ25267213","taxID":"25267213"},{"@type":"PostalAddress","@id":"https:\/\/www.dpmhk.cz\/cz\/jizdenky\/zpusob-nakupu-jizdenky\/jizdenky-u-ridice\/#local-main-place-address","streetAddress":"Pouchovsk\u00e1 153","addressLocality":"Hradec Kr\u00e1lov\u00e9","postalCode":"500 03","addressRegion":"Aktivn\u00ed","addressCountry":"CZ"},{"@type":"ImageObject","inLanguage":"cs","@id":"https:\/\/www.dpmhk.cz\/cz\/jizdenky\/zpusob-nakupu-jizdenky\/jizdenky-u-ridice\/#local-main-organization-logo","url":"https:\/\/dpmhk.cz\/wp-content\/uploads\/2025\/11\/DP_HK_Logo_cerne2025-1.svg","contentUrl":"https:\/\/dpmhk.cz\/wp-content\/uploads\/2025\/11\/DP_HK_Logo_cerne2025-1.svg","width":123,"height":60,"caption":"Dopravn\u00ed podnik m\u011bsta Hradce Kr\u00e1lov\u00e9, a.s."}]},"geo.placename":"Hradec Kr\u00e1lov\u00e9","geo.region":"\u010cesk\u00e1 republika"},"_links":{"self":[{"href":"https:\/\/dpmhk.cz\/cz\/wp-json\/wp\/v2\/pages\/7489","targetHints":{"allow":["GET"]}}],"collection":[{"href":"https:\/\/dpmhk.cz\/cz\/wp-json\/wp\/v2\/pages"}],"about":[{"href":"https:\/\/dpmhk.cz\/cz\/wp-json\/wp\/v2\/types\/page"}],"author":[{"embeddable":true,"href":"https:\/\/dpmhk.cz\/cz\/wp-json\/wp\/v2\/users\/1"}],"replies":[{"embeddable":true,"href":"https:\/\/dpmhk.cz\/cz\/wp-json\/wp\/v2\/comments?post=7489"}],"version-history":[{"count":5,"href":"https:\/\/dpmhk.cz\/cz\/wp-json\/wp\/v2\/pages\/7489\/revisions"}],"predecessor-version":[{"id":21589,"href":"https:\/\/dpmhk.cz\/cz\/wp-json\/wp\/v2\/pages\/7489\/revisions\/21589"}],"up":[{"embeddable":true,"href":"https:\/\/dpmhk.cz\/cz\/wp-json\/wp\/v2\/pages\/12543"}],"wp:attachment":[{"href":"https:\/\/dpmhk.cz\/cz\/wp-json\/wp\/v2\/media?parent=7489"}],"curies":[{"name":"wp","href":"https:\/\/api.w.org\/{rel}","templated":true}]}}