{"id":7715,"date":"2025-11-20T08:23:22","date_gmt":"2025-11-20T07:23:22","guid":{"rendered":"https:\/\/www.dopravnipodnikhk.cz\/?page_id=7715"},"modified":"2026-05-07T11:22:46","modified_gmt":"2026-05-07T09:22:46","slug":"integrovany-system-rizeni","status":"publish","type":"page","link":"https:\/\/dpmhk.cz\/cz\/o-nas\/o-spolecnosti\/integrovany-system-rizeni\/","title":{"rendered":"Integrovan\u00fd syst\u00e9m \u0159\u00edzen\u00ed"},"content":{"rendered":"\t\t<div data-elementor-type=\"wp-page\" data-elementor-id=\"7715\" class=\"elementor elementor-7715\" wpc-filter-elementor-widget=\"1\" data-elementor-post-type=\"page\">\n\t\t\t\t<div class=\"elementor-element elementor-element-0315f35 e-flex e-con-boxed e-con e-parent\" data-id=\"0315f35\" data-element_type=\"container\" data-e-type=\"container\">\n\t\t\t\t\t<div class=\"e-con-inner\">\n\t\t\t\t<div class=\"elementor-element elementor-element-5ee0aca elementor-widget elementor-widget-breadcrumbs\" data-id=\"5ee0aca\" data-element_type=\"widget\" data-e-type=\"widget\" data-widget_type=\"breadcrumbs.default\">\n\t\t\t\t<div class=\"elementor-widget-container\">\n\t\t\t\t\t<p id=\"breadcrumbs\"><span><span><a href=\"https:\/\/www.dpmhk.cz\/\"><span class=\"fa fa-home\" aria-hidden=\"true\"><\/span><span class=\"screen-reader-text\">Dom\u016f<\/span><\/a><\/span><\/span><\/p>\t\t\t\t<\/div>\n\t\t\t\t<\/div>\n\t\t\t\t\t<\/div>\n\t\t\t\t<\/div>\n\t\t<div class=\"elementor-element elementor-element-5925999 e-flex e-con-boxed e-con e-parent\" data-id=\"5925999\" data-element_type=\"container\" data-e-type=\"container\">\n\t\t\t\t\t<div class=\"e-con-inner\">\n\t\t\t\t<div class=\"elementor-element elementor-element-5b2390d elementor-widget__width-initial elementor-widget-mobile__width-initial elementor-widget elementor-widget-heading\" data-id=\"5b2390d\" data-element_type=\"widget\" data-e-type=\"widget\" data-widget_type=\"heading.default\">\n\t\t\t\t<div class=\"elementor-widget-container\">\n\t\t\t\t\t<h1 class=\"elementor-heading-title elementor-size-default\">Normy ISO<\/h1>\t\t\t\t<\/div>\n\t\t\t\t<\/div>\n\t\t\t\t\t<\/div>\n\t\t\t\t<\/div>\n\t\t<div class=\"elementor-element elementor-element-ec5e3b3 e-flex e-con-boxed e-con e-parent\" data-id=\"ec5e3b3\" data-element_type=\"container\" data-e-type=\"container\">\n\t\t\t\t\t<div class=\"e-con-inner\">\n\t\t\t\t<div class=\"elementor-element elementor-element-5fdc752 elementor-widget__width-initial elementor-widget elementor-widget-text-editor\" data-id=\"5fdc752\" data-element_type=\"widget\" data-e-type=\"widget\" data-widget_type=\"text-editor.default\">\n\t\t\t\t<div class=\"elementor-widget-container\">\n\t\t\t\t\t\t\t\t\t<p>Hlavn\u00edm c\u00edlem spole\u010dnosti Dopravn\u00ed podnik m\u011bsta Hradce Kr\u00e1lov\u00e9, a.s. je poskytov\u00e1n\u00ed kvalitn\u00edch a spolehliv\u00fdch slu\u017eeb sv\u00fdm z\u00e1kazn\u00edk\u016fm a cestuj\u00edc\u00edm. Proto spole\u010dnost zavedla syst\u00e9m \u0159\u00edzen\u00ed jakosti podle normy\u00a0<strong>ISO 9001<\/strong>pro provozy m\u011bstsk\u00e1 hromadn\u00e1 doprava, servis autobus\u016f a trolejbus\u016f a lakov\u00e1n\u00ed vozidel. Sou\u010dasn\u011b se zaveden\u00edm syst\u00e9mu \u0159\u00edzen\u00ed kvality prob\u011bhla implementace norem\u00a0<strong>ISO 14001<\/strong>pro zv\u00fd\u0161en\u00ed ochrany \u017eivotn\u00edho prost\u0159ed\u00ed a\u00a0<strong>ISO 45001<\/strong>, kter\u00e1 zabezpe\u010duje standardy ochrany vlastn\u00edch zam\u011bstnanc\u016f, n\u00e1v\u0161t\u011bvn\u00edk\u016f a cestuj\u00edc\u00edch p\u0159ed mo\u017en\u00fdm ohro\u017een\u00edm jejich zdrav\u00ed.<\/p><p>Certifika\u010dn\u00ed audit byl proveden akreditovanou firmou CERT-ACO, s.r.o. ve dnech 27.-28.6.2006. C\u00edlem zaveden\u00e9ho\u00a0<strong>Integrovan\u00e9ho syst\u00e9mu \u0159\u00edzen\u00ed\u00a0<\/strong>je z\u00e1m\u011br spole\u010dnosti poskytovat sv\u00fdm z\u00e1kazn\u00edk\u016fm a cestuj\u00edc\u00edm slu\u017eby na vysok\u00e9 \u00farovni kvality prost\u0159ednictv\u00edm odborn\u011b \u0161kolen\u00fdch zam\u011bstnanc\u016f, kte\u0159\u00ed disponuj\u00ed po\u017eadovan\u00fdmi zku\u0161enostmi a znalostmi. Z\u00e1rove\u0148 jsou prokazateln\u011b dodr\u017eov\u00e1ny nejen z\u00e1konn\u00e9, ale i dal\u0161\u00ed p\u0159edpisy, kter\u00e9 slou\u017e\u00ed k ochran\u011b bezpe\u010dnosti zam\u011bstnanc\u016f a dal\u0161\u00edch zainteresovan\u00fdch stran a d\u00e1le k ochran\u011b \u017eivotn\u00edho prost\u0159ed\u00ed v maxim\u00e1ln\u00ed mo\u017en\u00e9 m\u00ed\u0159e. Podle v\u00fd\u0161e zm\u00edn\u011bn\u00fdch norem je dr\u017eitel certifik\u00e1t\u016f povinen ka\u017edoro\u010dn\u011b prokazovat shodu sv\u00fdch \u010dinnost\u00ed s t\u011bmito normami a nad\u00e1le cel\u00fd syst\u00e9m rozv\u00edjet a zdokonalovat.<\/p>\t\t\t\t\t\t\t\t<\/div>\n\t\t\t\t<\/div>\n\t\t\t\t\t<\/div>\n\t\t\t\t<\/div>\n\t\t<div class=\"elementor-element elementor-element-07268d0 e-flex e-con-boxed e-con e-parent\" data-id=\"07268d0\" data-element_type=\"container\" data-e-type=\"container\">\n\t\t\t\t\t<div class=\"e-con-inner\">\n\t\t\t\t<div class=\"elementor-element elementor-element-7b3d651 elementor-widget elementor-widget-heading\" data-id=\"7b3d651\" data-element_type=\"widget\" data-e-type=\"widget\" data-widget_type=\"heading.default\">\n\t\t\t\t<div class=\"elementor-widget-container\">\n\t\t\t\t\t<h2 class=\"elementor-heading-title elementor-size-default\">Soubory ke sta\u017een\u00ed<\/h2>\t\t\t\t<\/div>\n\t\t\t\t<\/div>\n\t\t\t\t\t<\/div>\n\t\t\t\t<\/div>\n\t\t<div class=\"elementor-element elementor-element-69bb109 e-flex e-con-boxed e-con e-parent\" data-id=\"69bb109\" data-element_type=\"container\" data-e-type=\"container\">\n\t\t\t\t\t<div class=\"e-con-inner\">\n\t\t\t\t<div class=\"elementor-element elementor-element-0e17f58 elementor-align-start elementor-icon-list--layout-traditional elementor-list-item-link-full_width elementor-widget elementor-widget-icon-list\" data-id=\"0e17f58\" data-element_type=\"widget\" data-e-type=\"widget\" data-widget_type=\"icon-list.default\">\n\t\t\t\t<div class=\"elementor-widget-container\">\n\t\t\t\t\t\t\t<ul class=\"elementor-icon-list-items\">\n\t\t\t\t\t\t\t<li class=\"elementor-icon-list-item\">\n\t\t\t\t\t\t\t\t\t\t\t<a href=\"https:\/\/www.dpmhk.cz\/wp-content\/uploads\/2025\/11\/Strategicke_cile_2024_2027.pdf\">\n\n\t\t\t\t\t\t\t\t\t\t\t\t<span class=\"elementor-icon-list-icon\">\n\t\t\t\t\t\t\t<i aria-hidden=\"true\" class=\"far fa-file-pdf\"><\/i>\t\t\t\t\t\t<\/span>\n\t\t\t\t\t\t\t\t\t\t<span class=\"elementor-icon-list-text\">Strategick\u00e9 c\u00edle na roky 2024 - 2027<\/span>\n\t\t\t\t\t\t\t\t\t\t\t<\/a>\n\t\t\t\t\t\t\t\t\t<\/li>\n\t\t\t\t\t\t\t\t<li class=\"elementor-icon-list-item\">\n\t\t\t\t\t\t\t\t\t\t\t<a href=\"https:\/\/www.dpmhk.cz\/wp-content\/uploads\/2025\/11\/Politika_a_cile_na_roky_2025_2027.pdf\">\n\n\t\t\t\t\t\t\t\t\t\t\t\t<span class=\"elementor-icon-list-icon\">\n\t\t\t\t\t\t\t<i aria-hidden=\"true\" class=\"far fa-file-pdf\"><\/i>\t\t\t\t\t\t<\/span>\n\t\t\t\t\t\t\t\t\t\t<span class=\"elementor-icon-list-text\">Politika a c\u00edle na roky 2025 - 2027<\/span>\n\t\t\t\t\t\t\t\t\t\t\t<\/a>\n\t\t\t\t\t\t\t\t\t<\/li>\n\t\t\t\t\t\t\t\t<li class=\"elementor-icon-list-item\">\n\t\t\t\t\t\t\t\t\t\t\t<a href=\"https:\/\/www.dpmhk.cz\/wp-content\/uploads\/2025\/11\/Certifikat_ISO_9001.pdf\">\n\n\t\t\t\t\t\t\t\t\t\t\t\t<span class=\"elementor-icon-list-icon\">\n\t\t\t\t\t\t\t<i aria-hidden=\"true\" class=\"far fa-file-pdf\"><\/i>\t\t\t\t\t\t<\/span>\n\t\t\t\t\t\t\t\t\t\t<span class=\"elementor-icon-list-text\">Certifik\u00e1t ISO 9001:2015<\/span>\n\t\t\t\t\t\t\t\t\t\t\t<\/a>\n\t\t\t\t\t\t\t\t\t<\/li>\n\t\t\t\t\t\t\t\t<li class=\"elementor-icon-list-item\">\n\t\t\t\t\t\t\t\t\t\t\t<a href=\"https:\/\/www.dpmhk.cz\/wp-content\/uploads\/2025\/11\/Certifikat_ISO_14001.pdf\">\n\n\t\t\t\t\t\t\t\t\t\t\t\t<span class=\"elementor-icon-list-icon\">\n\t\t\t\t\t\t\t<i aria-hidden=\"true\" class=\"far fa-file-pdf\"><\/i>\t\t\t\t\t\t<\/span>\n\t\t\t\t\t\t\t\t\t\t<span class=\"elementor-icon-list-text\">Certifik\u00e1t ISO 14001:2015<\/span>\n\t\t\t\t\t\t\t\t\t\t\t<\/a>\n\t\t\t\t\t\t\t\t\t<\/li>\n\t\t\t\t\t\t\t\t<li class=\"elementor-icon-list-item\">\n\t\t\t\t\t\t\t\t\t\t\t<a href=\"https:\/\/www.dpmhk.cz\/wp-content\/uploads\/2025\/11\/Certifikat_ISO_45001.pdf\">\n\n\t\t\t\t\t\t\t\t\t\t\t\t<span class=\"elementor-icon-list-icon\">\n\t\t\t\t\t\t\t<i aria-hidden=\"true\" class=\"far fa-file-pdf\"><\/i>\t\t\t\t\t\t<\/span>\n\t\t\t\t\t\t\t\t\t\t<span class=\"elementor-icon-list-text\">Certifik\u00e1t ISO 45001:2018<\/span>\n\t\t\t\t\t\t\t\t\t\t\t<\/a>\n\t\t\t\t\t\t\t\t\t<\/li>\n\t\t\t\t\t\t<\/ul>\n\t\t\t\t\t\t<\/div>\n\t\t\t\t<\/div>\n\t\t\t\t\t<\/div>\n\t\t\t\t<\/div>\n\t\t\t\t<\/div>\n\t\t","protected":false},"excerpt":{"rendered":"<p>Normy ISO Hlavn\u00edm c\u00edlem spole\u010dnosti Dopravn\u00ed podnik m\u011bsta Hradce Kr\u00e1lov\u00e9, a.s. je poskytov\u00e1n\u00ed kvalitn\u00edch a spolehliv\u00fdch slu\u017eeb sv\u00fdm z\u00e1kazn\u00edk\u016fm a cestuj\u00edc\u00edm. Proto spole\u010dnost zavedla syst\u00e9m \u0159\u00edzen\u00ed jakosti podle normy\u00a0ISO 9001pro provozy m\u011bstsk\u00e1 hromadn\u00e1 doprava, servis autobus\u016f a trolejbus\u016f a lakov\u00e1n\u00ed vozidel. Sou\u010dasn\u011b se zaveden\u00edm syst\u00e9mu \u0159\u00edzen\u00ed kvality prob\u011bhla implementace norem\u00a0ISO 14001pro zv\u00fd\u0161en\u00ed ochrany \u017eivotn\u00edho prost\u0159ed\u00ed [&hellip;]<\/p>\n","protected":false},"author":4,"featured_media":0,"parent":5217,"menu_order":0,"comment_status":"closed","ping_status":"closed","template":"","meta":{"_acf_changed":false,"footnotes":""},"class_list":["post-7715","page","type-page","status-publish","hentry"],"acf":[],"yoast_head":"<!-- This site is optimized with the Yoast SEO Premium plugin v27.5 (Yoast SEO v27.6) - https:\/\/yoast.com\/product\/yoast-seo-premium-wordpress\/ -->\n<title>Integrovan\u00fd syst\u00e9m \u0159\u00edzen\u00ed - Dopravn\u00ed podnik m\u011bsta Hradce Kr\u00e1lov\u00e9<\/title>\n<meta name=\"description\" content=\"ISO syst\u00e9m \u0159\u00edzen\u00ed DPmHK \u2013 zaji\u0161t\u011bn\u00ed kvality, bezpe\u010dnosti a ochrany \u017eivotn\u00edho prost\u0159ed\u00ed p\u0159i provozu MHD a servisn\u00edch slu\u017eb\u00e1ch.\" \/>\n<meta name=\"robots\" content=\"index, follow, max-snippet:-1, max-image-preview:large, max-video-preview:-1\" \/>\n<link rel=\"canonical\" href=\"https:\/\/www.dpmhk.cz\/cz\/o-nas\/o-spolecnosti\/integrovany-system-rizeni\/\" \/>\n<meta property=\"og:locale\" content=\"cs_CZ\" \/>\n<meta property=\"og:type\" content=\"article\" \/>\n<meta property=\"og:title\" content=\"Integrovan\u00fd syst\u00e9m \u0159\u00edzen\u00ed\" \/>\n<meta property=\"og:description\" content=\"ISO syst\u00e9m \u0159\u00edzen\u00ed DPmHK \u2013 zaji\u0161t\u011bn\u00ed kvality, bezpe\u010dnosti a ochrany \u017eivotn\u00edho prost\u0159ed\u00ed p\u0159i provozu MHD a servisn\u00edch slu\u017eb\u00e1ch.\" \/>\n<meta property=\"og:url\" content=\"https:\/\/www.dpmhk.cz\/cz\/o-nas\/o-spolecnosti\/integrovany-system-rizeni\/\" \/>\n<meta property=\"og:site_name\" content=\"Dopravn\u00ed podnik m\u011bsta Hradce Kr\u00e1lov\u00e9\" \/>\n<meta property=\"article:publisher\" content=\"https:\/\/www.facebook.com\/dopravnipodnikhk\/\" \/>\n<meta property=\"article:modified_time\" content=\"2026-05-07T09:22:46+00:00\" \/>\n<meta property=\"og:image\" content=\"https:\/\/dpmhk.cz\/wp-content\/uploads\/2025\/11\/dopravni-podnik-hk-oznacnik-zastavka.jpg\" \/>\n\t<meta property=\"og:image:width\" content=\"1600\" \/>\n\t<meta property=\"og:image:height\" content=\"1067\" \/>\n\t<meta property=\"og:image:type\" content=\"image\/jpeg\" \/>\n<meta name=\"twitter:card\" content=\"summary_large_image\" \/>\n<meta name=\"twitter:label1\" content=\"Odhadovan\u00e1 doba \u010dten\u00ed\" \/>\n\t<meta name=\"twitter:data1\" content=\"2 minuty\" \/>\n<script type=\"application\/ld+json\" class=\"yoast-schema-graph\">{\"@context\":\"https:\\\/\\\/schema.org\",\"@graph\":[{\"@type\":\"WebPage\",\"@id\":\"https:\\\/\\\/www.dpmhk.cz\\\/cz\\\/o-nas\\\/o-spolecnosti\\\/integrovany-system-rizeni\\\/\",\"url\":\"https:\\\/\\\/www.dpmhk.cz\\\/cz\\\/o-nas\\\/o-spolecnosti\\\/integrovany-system-rizeni\\\/\",\"name\":\"Integrovan\u00fd syst\u00e9m \u0159\u00edzen\u00ed - Dopravn\u00ed podnik m\u011bsta Hradce Kr\u00e1lov\u00e9\",\"isPartOf\":{\"@id\":\"https:\\\/\\\/www.dpmhk.cz\\\/cz\\\/#website\"},\"datePublished\":\"2025-11-20T07:23:22+00:00\",\"dateModified\":\"2026-05-07T09:22:46+00:00\",\"description\":\"ISO syst\u00e9m \u0159\u00edzen\u00ed DPmHK \u2013 zaji\u0161t\u011bn\u00ed kvality, bezpe\u010dnosti a ochrany \u017eivotn\u00edho prost\u0159ed\u00ed p\u0159i provozu MHD a servisn\u00edch slu\u017eb\u00e1ch.\",\"breadcrumb\":{\"@id\":\"https:\\\/\\\/www.dpmhk.cz\\\/cz\\\/o-nas\\\/o-spolecnosti\\\/integrovany-system-rizeni\\\/#breadcrumb\"},\"inLanguage\":\"cs\",\"potentialAction\":[{\"@type\":\"ReadAction\",\"target\":[\"https:\\\/\\\/www.dpmhk.cz\\\/cz\\\/o-nas\\\/o-spolecnosti\\\/integrovany-system-rizeni\\\/\"]}]},{\"@type\":\"BreadcrumbList\",\"@id\":\"https:\\\/\\\/www.dpmhk.cz\\\/cz\\\/o-nas\\\/o-spolecnosti\\\/integrovany-system-rizeni\\\/#breadcrumb\",\"itemListElement\":[{\"@type\":\"ListItem\",\"position\":1,\"name\":\"Dom\u016f\",\"item\":\"https:\\\/\\\/www.dpmhk.cz\\\/\"},{\"@type\":\"ListItem\",\"position\":2,\"name\":\"O n\u00e1s\",\"item\":\"https:\\\/\\\/www.dpmhk.cz\\\/o-nas\\\/\"},{\"@type\":\"ListItem\",\"position\":3,\"name\":\"O spole\u010dnosti\",\"item\":\"https:\\\/\\\/www.dpmhk.cz\\\/o-nas\\\/o-spolecnosti\\\/\"},{\"@type\":\"ListItem\",\"position\":4,\"name\":\"Integrovan\u00fd syst\u00e9m \u0159\u00edzen\u00ed\"}]},{\"@type\":\"WebSite\",\"@id\":\"https:\\\/\\\/www.dpmhk.cz\\\/cz\\\/#website\",\"url\":\"https:\\\/\\\/www.dpmhk.cz\\\/cz\\\/\",\"name\":\"Dopravn\u00ed podnik m\u011bsta Hradce Kr\u00e1lov\u00e9\",\"description\":\"Ofici\u00e1ln\u00ed webov\u00e9 str\u00e1nky\",\"publisher\":{\"@id\":\"https:\\\/\\\/www.dpmhk.cz\\\/cz\\\/#organization\"},\"alternateName\":\"Dopravn\u00ed podnik m\u011bsta Hradce Kr\u00e1lov\u00e9\",\"potentialAction\":[{\"@type\":\"SearchAction\",\"target\":{\"@type\":\"EntryPoint\",\"urlTemplate\":\"https:\\\/\\\/www.dpmhk.cz\\\/cz\\\/?s={search_term_string}\"},\"query-input\":{\"@type\":\"PropertyValueSpecification\",\"valueRequired\":true,\"valueName\":\"search_term_string\"}}],\"inLanguage\":\"cs\"},{\"@type\":[\"Organization\",\"Place\"],\"@id\":\"https:\\\/\\\/www.dpmhk.cz\\\/cz\\\/#organization\",\"name\":\"Dopravn\u00ed podnik m\u011bsta Hradce Kr\u00e1lov\u00e9, a.s.\",\"alternateName\":\"DPmHK\",\"url\":\"https:\\\/\\\/www.dpmhk.cz\\\/cz\\\/\",\"logo\":{\"@id\":\"https:\\\/\\\/www.dpmhk.cz\\\/cz\\\/o-nas\\\/o-spolecnosti\\\/integrovany-system-rizeni\\\/#local-main-organization-logo\"},\"image\":{\"@id\":\"https:\\\/\\\/www.dpmhk.cz\\\/cz\\\/o-nas\\\/o-spolecnosti\\\/integrovany-system-rizeni\\\/#local-main-organization-logo\"},\"sameAs\":[\"https:\\\/\\\/www.facebook.com\\\/dopravnipodnikhk\\\/\",\"https:\\\/\\\/www.instagram.com\\\/dopravnipodnikhk\\\/\",\"https:\\\/\\\/www.youtube.com\\\/@dopravnipodnik-hk\"],\"legalName\":\"Dopravn\u00ed podnik m\u011bsta Hradce Kr\u00e1lov\u00e9, a.s.\",\"foundingDate\":\"1948-04-26\",\"numberOfEmployees\":{\"@type\":\"QuantitativeValue\",\"minValue\":\"201\",\"maxValue\":\"500\"},\"ownershipFundingInfo\":\"https:\\\/\\\/www.dpmhk.cz\\\/o-nas\\\/o-spolecnosti\\\/\",\"actionableFeedbackPolicy\":\"https:\\\/\\\/www.dpmhk.cz\\\/o-nas\\\/dokumenty-formulare\\\/\",\"ethicsPolicy\":\"https:\\\/\\\/www.dpmhk.cz\\\/o-nas\\\/o-spolecnosti\\\/\",\"diversityStaffingReport\":\"https:\\\/\\\/dpmhk.cz\\\/cz\\\/kariera\\\/\",\"address\":{\"@id\":\"https:\\\/\\\/www.dpmhk.cz\\\/cz\\\/o-nas\\\/o-spolecnosti\\\/integrovany-system-rizeni\\\/#local-main-place-address\"},\"telephone\":[\"+420 495 089 271\",\"+420 495 546 095\"],\"contactPoint\":{\"@type\":\"ContactPoint\",\"email\":\"info@dpmhk.cz\"},\"openingHoursSpecification\":[{\"@type\":\"OpeningHoursSpecification\",\"dayOfWeek\":[\"Monday\",\"Wednesday\"],\"opens\":\"07:00\",\"closes\":\"17:00\"},{\"@type\":\"OpeningHoursSpecification\",\"dayOfWeek\":[\"Tuesday\",\"Thursday\"],\"opens\":\"07:00\",\"closes\":\"16:30\"},{\"@type\":\"OpeningHoursSpecification\",\"dayOfWeek\":[\"Friday\"],\"opens\":\"07:00\",\"closes\":\"15:00\"},{\"@type\":\"OpeningHoursSpecification\",\"dayOfWeek\":[\"Saturday\",\"Sunday\"],\"opens\":\"00:00\",\"closes\":\"00:00\"}],\"vatID\":\"CZ25267213\",\"taxID\":\"25267213\"},{\"@type\":\"PostalAddress\",\"@id\":\"https:\\\/\\\/www.dpmhk.cz\\\/cz\\\/o-nas\\\/o-spolecnosti\\\/integrovany-system-rizeni\\\/#local-main-place-address\",\"streetAddress\":\"Pouchovsk\u00e1 153\",\"addressLocality\":\"Hradec Kr\u00e1lov\u00e9\",\"postalCode\":\"500 03\",\"addressRegion\":\"Aktivn\u00ed\",\"addressCountry\":\"CZ\"},{\"@type\":\"ImageObject\",\"inLanguage\":\"cs\",\"@id\":\"https:\\\/\\\/www.dpmhk.cz\\\/cz\\\/o-nas\\\/o-spolecnosti\\\/integrovany-system-rizeni\\\/#local-main-organization-logo\",\"url\":\"https:\\\/\\\/dpmhk.cz\\\/wp-content\\\/uploads\\\/2025\\\/11\\\/DP_HK_Logo_cerne2025-1.svg\",\"contentUrl\":\"https:\\\/\\\/dpmhk.cz\\\/wp-content\\\/uploads\\\/2025\\\/11\\\/DP_HK_Logo_cerne2025-1.svg\",\"width\":123,\"height\":60,\"caption\":\"Dopravn\u00ed podnik m\u011bsta Hradce Kr\u00e1lov\u00e9, a.s.\"}]}<\/script>\n<meta name=\"geo.placename\" content=\"Hradec Kr\u00e1lov\u00e9\" \/>\n<meta name=\"geo.region\" content=\"\u010cesk\u00e1 republika\" \/>\n<!-- \/ Yoast SEO Premium plugin. -->","yoast_head_json":{"title":"Integrovan\u00fd syst\u00e9m \u0159\u00edzen\u00ed - Dopravn\u00ed podnik m\u011bsta Hradce Kr\u00e1lov\u00e9","description":"ISO syst\u00e9m \u0159\u00edzen\u00ed DPmHK \u2013 zaji\u0161t\u011bn\u00ed kvality, bezpe\u010dnosti a ochrany \u017eivotn\u00edho prost\u0159ed\u00ed p\u0159i provozu MHD a servisn\u00edch slu\u017eb\u00e1ch.","robots":{"index":"index","follow":"follow","max-snippet":"max-snippet:-1","max-image-preview":"max-image-preview:large","max-video-preview":"max-video-preview:-1"},"canonical":"https:\/\/www.dpmhk.cz\/cz\/o-nas\/o-spolecnosti\/integrovany-system-rizeni\/","og_locale":"cs_CZ","og_type":"article","og_title":"Integrovan\u00fd syst\u00e9m \u0159\u00edzen\u00ed","og_description":"ISO syst\u00e9m \u0159\u00edzen\u00ed DPmHK \u2013 zaji\u0161t\u011bn\u00ed kvality, bezpe\u010dnosti a ochrany \u017eivotn\u00edho prost\u0159ed\u00ed p\u0159i provozu MHD a servisn\u00edch slu\u017eb\u00e1ch.","og_url":"https:\/\/www.dpmhk.cz\/cz\/o-nas\/o-spolecnosti\/integrovany-system-rizeni\/","og_site_name":"Dopravn\u00ed podnik m\u011bsta Hradce Kr\u00e1lov\u00e9","article_publisher":"https:\/\/www.facebook.com\/dopravnipodnikhk\/","article_modified_time":"2026-05-07T09:22:46+00:00","og_image":[{"width":1600,"height":1067,"url":"https:\/\/dpmhk.cz\/wp-content\/uploads\/2025\/11\/dopravni-podnik-hk-oznacnik-zastavka.jpg","type":"image\/jpeg"}],"twitter_card":"summary_large_image","twitter_misc":{"Odhadovan\u00e1 doba \u010dten\u00ed":"2 minuty"},"schema":{"@context":"https:\/\/schema.org","@graph":[{"@type":"WebPage","@id":"https:\/\/www.dpmhk.cz\/cz\/o-nas\/o-spolecnosti\/integrovany-system-rizeni\/","url":"https:\/\/www.dpmhk.cz\/cz\/o-nas\/o-spolecnosti\/integrovany-system-rizeni\/","name":"Integrovan\u00fd syst\u00e9m \u0159\u00edzen\u00ed - Dopravn\u00ed podnik m\u011bsta Hradce Kr\u00e1lov\u00e9","isPartOf":{"@id":"https:\/\/www.dpmhk.cz\/cz\/#website"},"datePublished":"2025-11-20T07:23:22+00:00","dateModified":"2026-05-07T09:22:46+00:00","description":"ISO syst\u00e9m \u0159\u00edzen\u00ed DPmHK \u2013 zaji\u0161t\u011bn\u00ed kvality, bezpe\u010dnosti a ochrany \u017eivotn\u00edho prost\u0159ed\u00ed p\u0159i provozu MHD a servisn\u00edch slu\u017eb\u00e1ch.","breadcrumb":{"@id":"https:\/\/www.dpmhk.cz\/cz\/o-nas\/o-spolecnosti\/integrovany-system-rizeni\/#breadcrumb"},"inLanguage":"cs","potentialAction":[{"@type":"ReadAction","target":["https:\/\/www.dpmhk.cz\/cz\/o-nas\/o-spolecnosti\/integrovany-system-rizeni\/"]}]},{"@type":"BreadcrumbList","@id":"https:\/\/www.dpmhk.cz\/cz\/o-nas\/o-spolecnosti\/integrovany-system-rizeni\/#breadcrumb","itemListElement":[{"@type":"ListItem","position":1,"name":"Dom\u016f","item":"https:\/\/www.dpmhk.cz\/"},{"@type":"ListItem","position":2,"name":"O n\u00e1s","item":"https:\/\/www.dpmhk.cz\/o-nas\/"},{"@type":"ListItem","position":3,"name":"O spole\u010dnosti","item":"https:\/\/www.dpmhk.cz\/o-nas\/o-spolecnosti\/"},{"@type":"ListItem","position":4,"name":"Integrovan\u00fd syst\u00e9m \u0159\u00edzen\u00ed"}]},{"@type":"WebSite","@id":"https:\/\/www.dpmhk.cz\/cz\/#website","url":"https:\/\/www.dpmhk.cz\/cz\/","name":"Dopravn\u00ed podnik m\u011bsta Hradce Kr\u00e1lov\u00e9","description":"Ofici\u00e1ln\u00ed webov\u00e9 str\u00e1nky","publisher":{"@id":"https:\/\/www.dpmhk.cz\/cz\/#organization"},"alternateName":"Dopravn\u00ed podnik m\u011bsta Hradce Kr\u00e1lov\u00e9","potentialAction":[{"@type":"SearchAction","target":{"@type":"EntryPoint","urlTemplate":"https:\/\/www.dpmhk.cz\/cz\/?s={search_term_string}"},"query-input":{"@type":"PropertyValueSpecification","valueRequired":true,"valueName":"search_term_string"}}],"inLanguage":"cs"},{"@type":["Organization","Place"],"@id":"https:\/\/www.dpmhk.cz\/cz\/#organization","name":"Dopravn\u00ed podnik m\u011bsta Hradce Kr\u00e1lov\u00e9, a.s.","alternateName":"DPmHK","url":"https:\/\/www.dpmhk.cz\/cz\/","logo":{"@id":"https:\/\/www.dpmhk.cz\/cz\/o-nas\/o-spolecnosti\/integrovany-system-rizeni\/#local-main-organization-logo"},"image":{"@id":"https:\/\/www.dpmhk.cz\/cz\/o-nas\/o-spolecnosti\/integrovany-system-rizeni\/#local-main-organization-logo"},"sameAs":["https:\/\/www.facebook.com\/dopravnipodnikhk\/","https:\/\/www.instagram.com\/dopravnipodnikhk\/","https:\/\/www.youtube.com\/@dopravnipodnik-hk"],"legalName":"Dopravn\u00ed podnik m\u011bsta Hradce Kr\u00e1lov\u00e9, a.s.","foundingDate":"1948-04-26","numberOfEmployees":{"@type":"QuantitativeValue","minValue":"201","maxValue":"500"},"ownershipFundingInfo":"https:\/\/www.dpmhk.cz\/o-nas\/o-spolecnosti\/","actionableFeedbackPolicy":"https:\/\/www.dpmhk.cz\/o-nas\/dokumenty-formulare\/","ethicsPolicy":"https:\/\/www.dpmhk.cz\/o-nas\/o-spolecnosti\/","diversityStaffingReport":"https:\/\/dpmhk.cz\/cz\/kariera\/","address":{"@id":"https:\/\/www.dpmhk.cz\/cz\/o-nas\/o-spolecnosti\/integrovany-system-rizeni\/#local-main-place-address"},"telephone":["+420 495 089 271","+420 495 546 095"],"contactPoint":{"@type":"ContactPoint","email":"info@dpmhk.cz"},"openingHoursSpecification":[{"@type":"OpeningHoursSpecification","dayOfWeek":["Monday","Wednesday"],"opens":"07:00","closes":"17:00"},{"@type":"OpeningHoursSpecification","dayOfWeek":["Tuesday","Thursday"],"opens":"07:00","closes":"16:30"},{"@type":"OpeningHoursSpecification","dayOfWeek":["Friday"],"opens":"07:00","closes":"15:00"},{"@type":"OpeningHoursSpecification","dayOfWeek":["Saturday","Sunday"],"opens":"00:00","closes":"00:00"}],"vatID":"CZ25267213","taxID":"25267213"},{"@type":"PostalAddress","@id":"https:\/\/www.dpmhk.cz\/cz\/o-nas\/o-spolecnosti\/integrovany-system-rizeni\/#local-main-place-address","streetAddress":"Pouchovsk\u00e1 153","addressLocality":"Hradec Kr\u00e1lov\u00e9","postalCode":"500 03","addressRegion":"Aktivn\u00ed","addressCountry":"CZ"},{"@type":"ImageObject","inLanguage":"cs","@id":"https:\/\/www.dpmhk.cz\/cz\/o-nas\/o-spolecnosti\/integrovany-system-rizeni\/#local-main-organization-logo","url":"https:\/\/dpmhk.cz\/wp-content\/uploads\/2025\/11\/DP_HK_Logo_cerne2025-1.svg","contentUrl":"https:\/\/dpmhk.cz\/wp-content\/uploads\/2025\/11\/DP_HK_Logo_cerne2025-1.svg","width":123,"height":60,"caption":"Dopravn\u00ed podnik m\u011bsta Hradce Kr\u00e1lov\u00e9, a.s."}]},"geo.placename":"Hradec Kr\u00e1lov\u00e9","geo.region":"\u010cesk\u00e1 republika"},"_links":{"self":[{"href":"https:\/\/dpmhk.cz\/cz\/wp-json\/wp\/v2\/pages\/7715","targetHints":{"allow":["GET"]}}],"collection":[{"href":"https:\/\/dpmhk.cz\/cz\/wp-json\/wp\/v2\/pages"}],"about":[{"href":"https:\/\/dpmhk.cz\/cz\/wp-json\/wp\/v2\/types\/page"}],"author":[{"embeddable":true,"href":"https:\/\/dpmhk.cz\/cz\/wp-json\/wp\/v2\/users\/4"}],"replies":[{"embeddable":true,"href":"https:\/\/dpmhk.cz\/cz\/wp-json\/wp\/v2\/comments?post=7715"}],"version-history":[{"count":5,"href":"https:\/\/dpmhk.cz\/cz\/wp-json\/wp\/v2\/pages\/7715\/revisions"}],"predecessor-version":[{"id":24084,"href":"https:\/\/dpmhk.cz\/cz\/wp-json\/wp\/v2\/pages\/7715\/revisions\/24084"}],"up":[{"embeddable":true,"href":"https:\/\/dpmhk.cz\/cz\/wp-json\/wp\/v2\/pages\/5217"}],"wp:attachment":[{"href":"https:\/\/dpmhk.cz\/cz\/wp-json\/wp\/v2\/media?parent=7715"}],"curies":[{"name":"wp","href":"https:\/\/api.w.org\/{rel}","templated":true}]}}