{"id":7717,"date":"2025-11-20T08:23:51","date_gmt":"2025-11-20T07:23:51","guid":{"rendered":"https:\/\/www.dopravnipodnikhk.cz\/?page_id=7717"},"modified":"2026-02-27T07:53:47","modified_gmt":"2026-02-27T06:53:47","slug":"struktura-vozidel-mhd-k-31-12-2024","status":"publish","type":"page","link":"https:\/\/dpmhk.cz\/cz\/o-nas\/o-spolecnosti\/struktura-vozidel-mhd-k-31-12-2024\/","title":{"rendered":"Struktura vozidel MHD k 31. 12. 2024"},"content":{"rendered":"\t\t<div data-elementor-type=\"wp-page\" data-elementor-id=\"7717\" class=\"elementor elementor-7717\" wpc-filter-elementor-widget=\"1\" data-elementor-post-type=\"page\">\n\t\t\t\t<div class=\"elementor-element elementor-element-8159e63 e-flex e-con-boxed e-con e-parent\" data-id=\"8159e63\" data-element_type=\"container\" data-e-type=\"container\">\n\t\t\t\t\t<div class=\"e-con-inner\">\n\t\t\t\t<div class=\"elementor-element elementor-element-dc19acc elementor-widget elementor-widget-wp-widget-bcn_widget\" data-id=\"dc19acc\" data-element_type=\"widget\" data-e-type=\"widget\" data-widget_type=\"wp-widget-bcn_widget.default\">\n\t\t\t\t<div class=\"elementor-widget-container\">\n\t\t\t\t\t<nav aria-label=\"Breadcrumb\" class=\"breadcrumbs\" vocab=\"https:\/\/schema.org\/\" typeof=\"BreadcrumbList\"><span property=\"itemListElement\" typeof=\"ListItem\"><a property=\"item\" typeof=\"WebPage\" title=\"P\u0159ej\u00edt na Dopravn\u00ed podnik m\u011bsta Hradce Kr\u00e1lov\u00e9.\" href=\"https:\/\/dpmhk.cz\/cz\" class=\"home\" aria-current=\"page\"><span property=\"name\" class=\"sr-only\">Dom\u016f<\/span><i class=\"fa fa-home\" aria-hidden=\"rute\"><\/i><\/a><meta property=\"position\" content=\"1\"><\/span><\/nav>\t\t\t\t<\/div>\n\t\t\t\t<\/div>\n\t\t\t\t<div class=\"elementor-element elementor-element-0d82384 elementor-widget elementor-widget-heading\" data-id=\"0d82384\" data-element_type=\"widget\" data-e-type=\"widget\" data-widget_type=\"heading.default\">\n\t\t\t\t<div class=\"elementor-widget-container\">\n\t\t\t\t\t<h1 class=\"elementor-heading-title elementor-size-default\">Struktura vozidel MHD k 31. 12. 2024<\/h1>\t\t\t\t<\/div>\n\t\t\t\t<\/div>\n\t\t\t\t\t<\/div>\n\t\t\t\t<\/div>\n\t\t<div class=\"elementor-element elementor-element-c36e0c1 e-flex e-con-boxed e-con e-parent\" data-id=\"c36e0c1\" data-element_type=\"container\" data-e-type=\"container\">\n\t\t\t\t\t<div class=\"e-con-inner\">\n\t\t\t\t<div class=\"elementor-element elementor-element-16da8d8 elementor-widget__width-initial elementor-widget elementor-widget-text-editor\" data-id=\"16da8d8\" data-element_type=\"widget\" data-e-type=\"widget\" data-widget_type=\"text-editor.default\">\n\t\t\t\t<div class=\"elementor-widget-container\">\n\t\t\t\t\t\t\t\t\t<h2><strong>1. Autobusy<\/strong><\/h2><table class=\"table_styled table_styled_left\" border=\"0\" cellspacing=\"1\" cellpadding=\"1\"><tbody><tr><th>N\u00e1zev typu<\/th><th>emisn\u00ed limit<\/th><th>pozn\u00e1mka<\/th><th>po\u010det kus\u016f<\/th><\/tr><tr><td>IRISBUS PS09D1<\/td><td>E3<\/td><td>(12 m)<\/td><td>3<\/td><\/tr><tr><td>IRISBUS PS09D1 CITELIS<\/td><td>E4<\/td><td>(12 m)<\/td><td>12<\/td><\/tr><tr><td>IRISBUS PU09D1 CITELIS<\/td><td>E3<\/td><td>(18 m)<\/td><td>2<\/td><\/tr><tr><td>IRISBUS PU09D1 CITELIS<\/td><td>E4<\/td><td>(18 m)<\/td><td>11<\/td><\/tr><tr><td>IRISBUS PU09D1 CITELIS<\/td><td>E5<\/td><td>(18 m)<\/td><td>6<\/td><\/tr><tr><td>IVECO URBANWAY<\/td><td>E6<\/td><td>(12 m)<\/td><td>13<\/td><\/tr><tr><td>IVECO URBANWAY<\/td><td>E6-STEP D<\/td><td>(12 m)<\/td><td>10<\/td><\/tr><tr><td>IVECO URBANWAY<\/td><td>E6-STEP E<\/td><td>(12 m)<\/td><td>11<\/td><\/tr><tr><td>SOR NS 12 &#8211; DIESEL<\/td><td>E6<\/td><td>(12 m)<\/td><td>6<\/td><\/tr><tr><td>SOR NS 18 &#8211; DIESEL<\/td><td>E6<\/td><td>(18 m)<\/td><td>4<\/td><\/tr><tr><td colspan=\"3\"><strong>CELKEM<\/strong><\/td><td><strong>78<\/strong><\/td><\/tr><tr><td colspan=\"3\"><strong>z toho 12 m<\/strong><\/td><td><strong>55<\/strong><\/td><\/tr><tr><td colspan=\"3\"><strong>z toho 18 m<\/strong><\/td><td><strong>23<\/strong><\/td><\/tr><\/tbody><\/table><h4>\u00a0<\/h4><h2><strong>2. Elektrobusy<\/strong><\/h2><table class=\"table_styled table_styled_left\" border=\"0\" cellspacing=\"1\" cellpadding=\"1\"><tbody><tr><th>N\u00e1zev typu<\/th><th>pozn\u00e1mka<\/th><th>po\u010det kus\u016f<\/th><\/tr><tr><td>SOR IEBN 9,5<\/td><td>(9,5m)<\/td><td>1<\/td><\/tr><tr><td>SOR IEBN 11<\/td><td>(11m)<\/td><td>1<\/td><\/tr><tr><td>SOR NS 12 &#8211; ELECTRIC<\/td><td>(12m)<\/td><td>20<\/td><\/tr><tr><td colspan=\"2\"><strong>CELKEM<\/strong><\/td><td><strong>22<\/strong><\/td><\/tr><tr><td colspan=\"3\">\u00a0<\/td><\/tr><tr><td colspan=\"2\"><strong>CELKEM Autobusy + Elektrobusy<\/strong><\/td><td><strong>100<\/strong><\/td><\/tr><\/tbody><\/table><h4>\u00a0<\/h4><h2><strong>3. Trolejbusy<\/strong><\/h2><table class=\"table_styled table_styled_left\" border=\"0\" cellspacing=\"1\" cellpadding=\"1\"><tbody><tr><th>N\u00e1zev typu<\/th><th>pozn\u00e1mka<\/th><th>po\u010det kus\u016f<\/th><\/tr><tr><td>\u0160KODA 30 TR SOR<\/td><td>(12m)<\/td><td>18<\/td><\/tr><tr><td>\u0160KODA 31 TR SOR<\/td><td>(18m)<\/td><td>13<\/td><\/tr><tr><td>\u0160KODA 30 TR SOR TNB<\/td><td>(12m)<\/td><td>10<\/td><\/tr><tr><td colspan=\"2\"><strong>CELKEM<\/strong><\/td><td><strong>41<\/strong><\/td><\/tr><tr><td colspan=\"3\">\u00a0<\/td><\/tr><tr><td colspan=\"2\"><strong>CELKEM Autobusy + Elektrobusy + Trolejbusy<\/strong><\/td><td><strong>141<\/strong><\/td><\/tr><\/tbody><\/table>\t\t\t\t\t\t\t\t<\/div>\n\t\t\t\t<\/div>\n\t\t\t\t<div class=\"elementor-element elementor-element-a53bb2a elementor-widget__width-initial elementor-widget-mobile__width-initial elementor-widget elementor-widget-text-editor\" data-id=\"a53bb2a\" data-element_type=\"widget\" data-e-type=\"widget\" data-widget_type=\"text-editor.default\">\n\t\t\t\t<div class=\"elementor-widget-container\">\n\t\t\t\t\t\t\t\t\t<p>Vozidla m\u011bstsk\u00e9 hromadn\u00e9 dopravy ujela za rok 2023 pro zaji\u0161t\u011bn\u00ed smluvn\u011b stanoven\u00e9ho rozsahu dopravy celkem 5 440 471 kilometr\u016f.<\/p><p>M\u011bstsk\u00e1 hromadn\u00e1 doprava byla zaji\u0161\u0165ov\u00e1na v s\u00edti celkem 42 linek, z nich\u017e 8 linek bylo trolejbusov\u00fdch a na celkem 406 zast\u00e1vk\u00e1ch. Celkov\u00e1 d\u00e9lka linek \u010dinila 338 km.<\/p><p>Pod\u00edl n\u00edzkopodla\u017en\u00edch vozidel \u010dinil v roce 2023 celkem 100 % a v\u0161echna vozidla m\u011bstsk\u00e9 hromadn\u00e9 dopravy jsou vybavena informa\u010dn\u00edm syst\u00e9mem pro cestuj\u00edc\u00ed se zrakov\u00fdm handicapem.<\/p><p>Spole\u010dnost p\u0159epravila v roce 2023 celkem 36 440 tis. osob.<\/p>\t\t\t\t\t\t\t\t<\/div>\n\t\t\t\t<\/div>\n\t\t\t\t<div class=\"elementor-element elementor-element-c99c1fa elementor-widget elementor-widget-heading\" data-id=\"c99c1fa\" data-element_type=\"widget\" data-e-type=\"widget\" data-widget_type=\"heading.default\">\n\t\t\t\t<div class=\"elementor-widget-container\">\n\t\t\t\t\t<h3 class=\"elementor-heading-title elementor-size-default\">Vozov\u00fd park<\/h3>\t\t\t\t<\/div>\n\t\t\t\t<\/div>\n\t\t\t\t<div class=\"elementor-element elementor-element-091fb40 elementor-widget__width-initial elementor-widget elementor-widget-image\" data-id=\"091fb40\" data-element_type=\"widget\" data-e-type=\"widget\" data-widget_type=\"image.default\">\n\t\t\t\t<div class=\"elementor-widget-container\">\n\t\t\t\t\t\t\t\t\t\t\t\t\t\t\t<img fetchpriority=\"high\" decoding=\"async\" width=\"680\" height=\"981\" src=\"https:\/\/dpmhk.cz\/wp-content\/uploads\/2025\/11\/Vozovy-park-2023.jpg\" class=\"attachment-large size-large wp-image-8465\" alt=\"Obr\u00e1zek jednotliv\u00fdch autobus\u016f a trolejbus\u016f MHD HK v roce 2024\" srcset=\"https:\/\/dpmhk.cz\/wp-content\/uploads\/2025\/11\/Vozovy-park-2023.jpg 680w, https:\/\/dpmhk.cz\/wp-content\/uploads\/2025\/11\/Vozovy-park-2023-208x300.jpg 208w, https:\/\/dpmhk.cz\/wp-content\/uploads\/2025\/11\/Vozovy-park-2023-8x12.jpg 8w\" sizes=\"(max-width: 680px) 100vw, 680px\" \/>\t\t\t\t\t\t\t\t\t\t\t\t\t\t\t<\/div>\n\t\t\t\t<\/div>\n\t\t\t\t\t<\/div>\n\t\t\t\t<\/div>\n\t\t\t\t<\/div>\n\t\t","protected":false},"excerpt":{"rendered":"<p>Struktura vozidel MHD k 31. 12. 2024 1. Autobusy N\u00e1zev typu emisn\u00ed limit pozn\u00e1mka po\u010det kus\u016f IRISBUS PS09D1 E3 (12 m) 3 IRISBUS PS09D1 CITELIS E4 (12 m) 12 IRISBUS PU09D1 CITELIS E3 (18 m) 2 IRISBUS PU09D1 CITELIS E4 (18 m) 11 IRISBUS PU09D1 CITELIS E5 (18 m) 6 IVECO URBANWAY E6 (12 m) [&hellip;]<\/p>\n","protected":false},"author":4,"featured_media":0,"parent":5217,"menu_order":0,"comment_status":"closed","ping_status":"closed","template":"","meta":{"_acf_changed":false,"footnotes":""},"class_list":["post-7717","page","type-page","status-publish","hentry"],"acf":[],"yoast_head":"<!-- This site is optimized with the Yoast SEO Premium plugin v27.3 (Yoast SEO v27.3) - https:\/\/yoast.com\/product\/yoast-seo-premium-wordpress\/ -->\n<title>Struktura vozidel MHD k 31. 12. 2024 - Dopravn\u00ed podnik m\u011bsta Hradce Kr\u00e1lov\u00e9<\/title>\n<meta name=\"description\" content=\"Struktura vozidel MHD DPmHK k\u202f31.\u202f12.\u202f2024 \u2013 p\u0159ehled autobus\u016f, elektrobus\u016f a trolejbus\u016f ve flotile m\u011bstsk\u00e9 dopravy.\" \/>\n<meta name=\"robots\" content=\"index, follow, max-snippet:-1, max-image-preview:large, max-video-preview:-1\" \/>\n<link rel=\"canonical\" href=\"https:\/\/www.dpmhk.cz\/o-nas\/o-spolecnosti\/struktura-vozidel-mhd-k-31-12-2024\/\" \/>\n<meta property=\"og:locale\" content=\"cs_CZ\" \/>\n<meta property=\"og:type\" content=\"article\" \/>\n<meta property=\"og:title\" content=\"Struktura vozidel MHD k 31. 12. 2024\" \/>\n<meta property=\"og:description\" content=\"Struktura vozidel MHD DPmHK k\u202f31.\u202f12.\u202f2024 \u2013 p\u0159ehled autobus\u016f, elektrobus\u016f a trolejbus\u016f ve flotile m\u011bstsk\u00e9 dopravy.\" \/>\n<meta property=\"og:url\" content=\"https:\/\/www.dpmhk.cz\/o-nas\/o-spolecnosti\/struktura-vozidel-mhd-k-31-12-2024\/\" \/>\n<meta property=\"og:site_name\" content=\"Dopravn\u00ed podnik m\u011bsta Hradce Kr\u00e1lov\u00e9\" \/>\n<meta property=\"article:publisher\" content=\"https:\/\/www.facebook.com\/dopravnipodnikhk\/\" \/>\n<meta property=\"article:modified_time\" content=\"2026-02-27T06:53:47+00:00\" \/>\n<meta property=\"og:image\" content=\"https:\/\/www.dpmhk.cz\/wp-content\/uploads\/2025\/11\/Vozovy-park-2023.jpg\" \/>\n<meta name=\"twitter:card\" content=\"summary_large_image\" \/>\n<meta name=\"twitter:label1\" content=\"Odhadovan\u00e1 doba \u010dten\u00ed\" \/>\n\t<meta name=\"twitter:data1\" content=\"2 minuty\" \/>\n<script type=\"application\/ld+json\" class=\"yoast-schema-graph\">{\"@context\":\"https:\\\/\\\/schema.org\",\"@graph\":[{\"@type\":\"WebPage\",\"@id\":\"https:\\\/\\\/www.dpmhk.cz\\\/o-nas\\\/o-spolecnosti\\\/struktura-vozidel-mhd-k-31-12-2024\\\/\",\"url\":\"https:\\\/\\\/www.dpmhk.cz\\\/o-nas\\\/o-spolecnosti\\\/struktura-vozidel-mhd-k-31-12-2024\\\/\",\"name\":\"Struktura vozidel MHD k 31. 12. 2024 - Dopravn\u00ed podnik m\u011bsta Hradce Kr\u00e1lov\u00e9\",\"isPartOf\":{\"@id\":\"https:\\\/\\\/www.dpmhk.cz\\\/cz\\\/#website\"},\"primaryImageOfPage\":{\"@id\":\"https:\\\/\\\/www.dpmhk.cz\\\/o-nas\\\/o-spolecnosti\\\/struktura-vozidel-mhd-k-31-12-2024\\\/#primaryimage\"},\"image\":{\"@id\":\"https:\\\/\\\/www.dpmhk.cz\\\/o-nas\\\/o-spolecnosti\\\/struktura-vozidel-mhd-k-31-12-2024\\\/#primaryimage\"},\"thumbnailUrl\":\"https:\\\/\\\/www.dpmhk.cz\\\/wp-content\\\/uploads\\\/2025\\\/11\\\/Vozovy-park-2023.jpg\",\"datePublished\":\"2025-11-20T07:23:51+00:00\",\"dateModified\":\"2026-02-27T06:53:47+00:00\",\"description\":\"Struktura vozidel MHD DPmHK k\u202f31.\u202f12.\u202f2024 \u2013 p\u0159ehled autobus\u016f, elektrobus\u016f a trolejbus\u016f ve flotile m\u011bstsk\u00e9 dopravy.\",\"breadcrumb\":{\"@id\":\"https:\\\/\\\/www.dpmhk.cz\\\/o-nas\\\/o-spolecnosti\\\/struktura-vozidel-mhd-k-31-12-2024\\\/#breadcrumb\"},\"inLanguage\":\"cs\",\"potentialAction\":[{\"@type\":\"ReadAction\",\"target\":[\"https:\\\/\\\/www.dpmhk.cz\\\/o-nas\\\/o-spolecnosti\\\/struktura-vozidel-mhd-k-31-12-2024\\\/\"]}]},{\"@type\":\"ImageObject\",\"inLanguage\":\"cs\",\"@id\":\"https:\\\/\\\/www.dpmhk.cz\\\/o-nas\\\/o-spolecnosti\\\/struktura-vozidel-mhd-k-31-12-2024\\\/#primaryimage\",\"url\":\"https:\\\/\\\/www.dpmhk.cz\\\/wp-content\\\/uploads\\\/2025\\\/11\\\/Vozovy-park-2023.jpg\",\"contentUrl\":\"https:\\\/\\\/www.dpmhk.cz\\\/wp-content\\\/uploads\\\/2025\\\/11\\\/Vozovy-park-2023.jpg\"},{\"@type\":\"BreadcrumbList\",\"@id\":\"https:\\\/\\\/www.dpmhk.cz\\\/o-nas\\\/o-spolecnosti\\\/struktura-vozidel-mhd-k-31-12-2024\\\/#breadcrumb\",\"itemListElement\":[{\"@type\":\"ListItem\",\"position\":1,\"name\":\"Dom\u016f\",\"item\":\"https:\\\/\\\/www.dpmhk.cz\\\/cz\\\/\"},{\"@type\":\"ListItem\",\"position\":2,\"name\":\"O n\u00e1s\",\"item\":\"https:\\\/\\\/www.dpmhk.cz\\\/cz\\\/o-nas\\\/\"},{\"@type\":\"ListItem\",\"position\":3,\"name\":\"O spole\u010dnosti\",\"item\":\"https:\\\/\\\/www.dpmhk.cz\\\/cz\\\/o-nas\\\/o-spolecnosti\\\/\"},{\"@type\":\"ListItem\",\"position\":4,\"name\":\"Struktura vozidel MHD k 31. 12. 2024\"}]},{\"@type\":\"WebSite\",\"@id\":\"https:\\\/\\\/www.dpmhk.cz\\\/cz\\\/#website\",\"url\":\"https:\\\/\\\/www.dpmhk.cz\\\/cz\\\/\",\"name\":\"Dopravn\u00ed podnik m\u011bsta Hradce Kr\u00e1lov\u00e9\",\"description\":\"Ofici\u00e1ln\u00ed webov\u00e9 str\u00e1nky\",\"publisher\":{\"@id\":\"https:\\\/\\\/www.dpmhk.cz\\\/cz\\\/#organization\"},\"alternateName\":\"Dopravn\u00ed podnik m\u011bsta Hradce Kr\u00e1lov\u00e9\",\"potentialAction\":[{\"@type\":\"SearchAction\",\"target\":{\"@type\":\"EntryPoint\",\"urlTemplate\":\"https:\\\/\\\/www.dpmhk.cz\\\/cz\\\/?s={search_term_string}\"},\"query-input\":{\"@type\":\"PropertyValueSpecification\",\"valueRequired\":true,\"valueName\":\"search_term_string\"}}],\"inLanguage\":\"cs\"},{\"@type\":[\"Organization\",\"Place\"],\"@id\":\"https:\\\/\\\/www.dpmhk.cz\\\/cz\\\/#organization\",\"name\":\"Dopravn\u00ed podnik m\u011bsta Hradce Kr\u00e1lov\u00e9, a.s.\",\"alternateName\":\"DPmHK\",\"url\":\"https:\\\/\\\/www.dpmhk.cz\\\/cz\\\/\",\"logo\":{\"@id\":\"https:\\\/\\\/www.dpmhk.cz\\\/o-nas\\\/o-spolecnosti\\\/struktura-vozidel-mhd-k-31-12-2024\\\/#local-main-organization-logo\"},\"image\":{\"@id\":\"https:\\\/\\\/www.dpmhk.cz\\\/o-nas\\\/o-spolecnosti\\\/struktura-vozidel-mhd-k-31-12-2024\\\/#local-main-organization-logo\"},\"sameAs\":[\"https:\\\/\\\/www.facebook.com\\\/dopravnipodnikhk\\\/\",\"https:\\\/\\\/www.instagram.com\\\/dopravnipodnikhk\\\/\",\"https:\\\/\\\/www.youtube.com\\\/@dopravnipodnik-hk\"],\"legalName\":\"Dopravn\u00ed podnik m\u011bsta Hradce Kr\u00e1lov\u00e9, a.s.\",\"foundingDate\":\"1948-04-26\",\"numberOfEmployees\":{\"@type\":\"QuantitativeValue\",\"minValue\":\"201\",\"maxValue\":\"500\"},\"ownershipFundingInfo\":\"https:\\\/\\\/www.dpmhk.cz\\\/cz\\\/o-nas\\\/o-spolecnosti\\\/\",\"actionableFeedbackPolicy\":\"https:\\\/\\\/www.dpmhk.cz\\\/cz\\\/o-nas\\\/dokumenty-formulare\\\/\",\"ethicsPolicy\":\"https:\\\/\\\/www.dpmhk.cz\\\/cz\\\/o-nas\\\/o-spolecnosti\\\/\",\"diversityStaffingReport\":\"https:\\\/\\\/www.dpmhk.cz\\\/cz\\\/kariera\\\/\",\"address\":{\"@id\":\"https:\\\/\\\/www.dpmhk.cz\\\/o-nas\\\/o-spolecnosti\\\/struktura-vozidel-mhd-k-31-12-2024\\\/#local-main-place-address\"},\"telephone\":[\"+420 495 089 271\",\"+420 495 546 095\"],\"contactPoint\":{\"@type\":\"ContactPoint\",\"email\":\"info@dpmhk.cz\"},\"openingHoursSpecification\":[{\"@type\":\"OpeningHoursSpecification\",\"dayOfWeek\":[\"Monday\",\"Wednesday\"],\"opens\":\"07:00\",\"closes\":\"17:00\"},{\"@type\":\"OpeningHoursSpecification\",\"dayOfWeek\":[\"Tuesday\",\"Thursday\"],\"opens\":\"07:00\",\"closes\":\"16:30\"},{\"@type\":\"OpeningHoursSpecification\",\"dayOfWeek\":[\"Friday\"],\"opens\":\"07:00\",\"closes\":\"15:00\"},{\"@type\":\"OpeningHoursSpecification\",\"dayOfWeek\":[\"Saturday\",\"Sunday\"],\"opens\":\"00:00\",\"closes\":\"00:00\"}],\"vatID\":\"CZ25267213\",\"taxID\":\"25267213\"},{\"@type\":\"PostalAddress\",\"@id\":\"https:\\\/\\\/www.dpmhk.cz\\\/o-nas\\\/o-spolecnosti\\\/struktura-vozidel-mhd-k-31-12-2024\\\/#local-main-place-address\",\"streetAddress\":\"Pouchovsk\u00e1 153\",\"addressLocality\":\"Hradec Kr\u00e1lov\u00e9\",\"postalCode\":\"500 03\",\"addressRegion\":\"Aktivn\u00ed\",\"addressCountry\":\"CZ\"},{\"@type\":\"ImageObject\",\"inLanguage\":\"cs\",\"@id\":\"https:\\\/\\\/www.dpmhk.cz\\\/o-nas\\\/o-spolecnosti\\\/struktura-vozidel-mhd-k-31-12-2024\\\/#local-main-organization-logo\",\"url\":\"https:\\\/\\\/dpmhk.cz\\\/wp-content\\\/uploads\\\/2025\\\/11\\\/DP_HK_Logo_cerne2025-1.svg\",\"contentUrl\":\"https:\\\/\\\/dpmhk.cz\\\/wp-content\\\/uploads\\\/2025\\\/11\\\/DP_HK_Logo_cerne2025-1.svg\",\"width\":123,\"height\":60,\"caption\":\"Dopravn\u00ed podnik m\u011bsta Hradce Kr\u00e1lov\u00e9, a.s.\"}]}<\/script>\n<meta name=\"geo.placename\" content=\"Hradec Kr\u00e1lov\u00e9\" \/>\n<meta name=\"geo.region\" content=\"\u010cesk\u00e1 republika\" \/>\n<!-- \/ Yoast SEO Premium plugin. -->","yoast_head_json":{"title":"Struktura vozidel MHD k 31. 12. 2024 - Dopravn\u00ed podnik m\u011bsta Hradce Kr\u00e1lov\u00e9","description":"Struktura vozidel MHD DPmHK k\u202f31.\u202f12.\u202f2024 \u2013 p\u0159ehled autobus\u016f, elektrobus\u016f a trolejbus\u016f ve flotile m\u011bstsk\u00e9 dopravy.","robots":{"index":"index","follow":"follow","max-snippet":"max-snippet:-1","max-image-preview":"max-image-preview:large","max-video-preview":"max-video-preview:-1"},"canonical":"https:\/\/www.dpmhk.cz\/o-nas\/o-spolecnosti\/struktura-vozidel-mhd-k-31-12-2024\/","og_locale":"cs_CZ","og_type":"article","og_title":"Struktura vozidel MHD k 31. 12. 2024","og_description":"Struktura vozidel MHD DPmHK k\u202f31.\u202f12.\u202f2024 \u2013 p\u0159ehled autobus\u016f, elektrobus\u016f a trolejbus\u016f ve flotile m\u011bstsk\u00e9 dopravy.","og_url":"https:\/\/www.dpmhk.cz\/o-nas\/o-spolecnosti\/struktura-vozidel-mhd-k-31-12-2024\/","og_site_name":"Dopravn\u00ed podnik m\u011bsta Hradce Kr\u00e1lov\u00e9","article_publisher":"https:\/\/www.facebook.com\/dopravnipodnikhk\/","article_modified_time":"2026-02-27T06:53:47+00:00","og_image":[{"url":"https:\/\/www.dpmhk.cz\/wp-content\/uploads\/2025\/11\/Vozovy-park-2023.jpg","type":"","width":"","height":""}],"twitter_card":"summary_large_image","twitter_misc":{"Odhadovan\u00e1 doba \u010dten\u00ed":"2 minuty"},"schema":{"@context":"https:\/\/schema.org","@graph":[{"@type":"WebPage","@id":"https:\/\/www.dpmhk.cz\/o-nas\/o-spolecnosti\/struktura-vozidel-mhd-k-31-12-2024\/","url":"https:\/\/www.dpmhk.cz\/o-nas\/o-spolecnosti\/struktura-vozidel-mhd-k-31-12-2024\/","name":"Struktura vozidel MHD k 31. 12. 2024 - Dopravn\u00ed podnik m\u011bsta Hradce Kr\u00e1lov\u00e9","isPartOf":{"@id":"https:\/\/www.dpmhk.cz\/cz\/#website"},"primaryImageOfPage":{"@id":"https:\/\/www.dpmhk.cz\/o-nas\/o-spolecnosti\/struktura-vozidel-mhd-k-31-12-2024\/#primaryimage"},"image":{"@id":"https:\/\/www.dpmhk.cz\/o-nas\/o-spolecnosti\/struktura-vozidel-mhd-k-31-12-2024\/#primaryimage"},"thumbnailUrl":"https:\/\/www.dpmhk.cz\/wp-content\/uploads\/2025\/11\/Vozovy-park-2023.jpg","datePublished":"2025-11-20T07:23:51+00:00","dateModified":"2026-02-27T06:53:47+00:00","description":"Struktura vozidel MHD DPmHK k\u202f31.\u202f12.\u202f2024 \u2013 p\u0159ehled autobus\u016f, elektrobus\u016f a trolejbus\u016f ve flotile m\u011bstsk\u00e9 dopravy.","breadcrumb":{"@id":"https:\/\/www.dpmhk.cz\/o-nas\/o-spolecnosti\/struktura-vozidel-mhd-k-31-12-2024\/#breadcrumb"},"inLanguage":"cs","potentialAction":[{"@type":"ReadAction","target":["https:\/\/www.dpmhk.cz\/o-nas\/o-spolecnosti\/struktura-vozidel-mhd-k-31-12-2024\/"]}]},{"@type":"ImageObject","inLanguage":"cs","@id":"https:\/\/www.dpmhk.cz\/o-nas\/o-spolecnosti\/struktura-vozidel-mhd-k-31-12-2024\/#primaryimage","url":"https:\/\/www.dpmhk.cz\/wp-content\/uploads\/2025\/11\/Vozovy-park-2023.jpg","contentUrl":"https:\/\/www.dpmhk.cz\/wp-content\/uploads\/2025\/11\/Vozovy-park-2023.jpg"},{"@type":"BreadcrumbList","@id":"https:\/\/www.dpmhk.cz\/o-nas\/o-spolecnosti\/struktura-vozidel-mhd-k-31-12-2024\/#breadcrumb","itemListElement":[{"@type":"ListItem","position":1,"name":"Dom\u016f","item":"https:\/\/www.dpmhk.cz\/cz\/"},{"@type":"ListItem","position":2,"name":"O n\u00e1s","item":"https:\/\/www.dpmhk.cz\/cz\/o-nas\/"},{"@type":"ListItem","position":3,"name":"O spole\u010dnosti","item":"https:\/\/www.dpmhk.cz\/cz\/o-nas\/o-spolecnosti\/"},{"@type":"ListItem","position":4,"name":"Struktura vozidel MHD k 31. 12. 2024"}]},{"@type":"WebSite","@id":"https:\/\/www.dpmhk.cz\/cz\/#website","url":"https:\/\/www.dpmhk.cz\/cz\/","name":"Dopravn\u00ed podnik m\u011bsta Hradce Kr\u00e1lov\u00e9","description":"Ofici\u00e1ln\u00ed webov\u00e9 str\u00e1nky","publisher":{"@id":"https:\/\/www.dpmhk.cz\/cz\/#organization"},"alternateName":"Dopravn\u00ed podnik m\u011bsta Hradce Kr\u00e1lov\u00e9","potentialAction":[{"@type":"SearchAction","target":{"@type":"EntryPoint","urlTemplate":"https:\/\/www.dpmhk.cz\/cz\/?s={search_term_string}"},"query-input":{"@type":"PropertyValueSpecification","valueRequired":true,"valueName":"search_term_string"}}],"inLanguage":"cs"},{"@type":["Organization","Place"],"@id":"https:\/\/www.dpmhk.cz\/cz\/#organization","name":"Dopravn\u00ed podnik m\u011bsta Hradce Kr\u00e1lov\u00e9, a.s.","alternateName":"DPmHK","url":"https:\/\/www.dpmhk.cz\/cz\/","logo":{"@id":"https:\/\/www.dpmhk.cz\/o-nas\/o-spolecnosti\/struktura-vozidel-mhd-k-31-12-2024\/#local-main-organization-logo"},"image":{"@id":"https:\/\/www.dpmhk.cz\/o-nas\/o-spolecnosti\/struktura-vozidel-mhd-k-31-12-2024\/#local-main-organization-logo"},"sameAs":["https:\/\/www.facebook.com\/dopravnipodnikhk\/","https:\/\/www.instagram.com\/dopravnipodnikhk\/","https:\/\/www.youtube.com\/@dopravnipodnik-hk"],"legalName":"Dopravn\u00ed podnik m\u011bsta Hradce Kr\u00e1lov\u00e9, a.s.","foundingDate":"1948-04-26","numberOfEmployees":{"@type":"QuantitativeValue","minValue":"201","maxValue":"500"},"ownershipFundingInfo":"https:\/\/www.dpmhk.cz\/cz\/o-nas\/o-spolecnosti\/","actionableFeedbackPolicy":"https:\/\/www.dpmhk.cz\/cz\/o-nas\/dokumenty-formulare\/","ethicsPolicy":"https:\/\/www.dpmhk.cz\/cz\/o-nas\/o-spolecnosti\/","diversityStaffingReport":"https:\/\/www.dpmhk.cz\/cz\/kariera\/","address":{"@id":"https:\/\/www.dpmhk.cz\/o-nas\/o-spolecnosti\/struktura-vozidel-mhd-k-31-12-2024\/#local-main-place-address"},"telephone":["+420 495 089 271","+420 495 546 095"],"contactPoint":{"@type":"ContactPoint","email":"info@dpmhk.cz"},"openingHoursSpecification":[{"@type":"OpeningHoursSpecification","dayOfWeek":["Monday","Wednesday"],"opens":"07:00","closes":"17:00"},{"@type":"OpeningHoursSpecification","dayOfWeek":["Tuesday","Thursday"],"opens":"07:00","closes":"16:30"},{"@type":"OpeningHoursSpecification","dayOfWeek":["Friday"],"opens":"07:00","closes":"15:00"},{"@type":"OpeningHoursSpecification","dayOfWeek":["Saturday","Sunday"],"opens":"00:00","closes":"00:00"}],"vatID":"CZ25267213","taxID":"25267213"},{"@type":"PostalAddress","@id":"https:\/\/www.dpmhk.cz\/o-nas\/o-spolecnosti\/struktura-vozidel-mhd-k-31-12-2024\/#local-main-place-address","streetAddress":"Pouchovsk\u00e1 153","addressLocality":"Hradec Kr\u00e1lov\u00e9","postalCode":"500 03","addressRegion":"Aktivn\u00ed","addressCountry":"CZ"},{"@type":"ImageObject","inLanguage":"cs","@id":"https:\/\/www.dpmhk.cz\/o-nas\/o-spolecnosti\/struktura-vozidel-mhd-k-31-12-2024\/#local-main-organization-logo","url":"https:\/\/dpmhk.cz\/wp-content\/uploads\/2025\/11\/DP_HK_Logo_cerne2025-1.svg","contentUrl":"https:\/\/dpmhk.cz\/wp-content\/uploads\/2025\/11\/DP_HK_Logo_cerne2025-1.svg","width":123,"height":60,"caption":"Dopravn\u00ed podnik m\u011bsta Hradce Kr\u00e1lov\u00e9, a.s."}]},"geo.placename":"Hradec Kr\u00e1lov\u00e9","geo.region":"\u010cesk\u00e1 republika"},"_links":{"self":[{"href":"https:\/\/dpmhk.cz\/cz\/wp-json\/wp\/v2\/pages\/7717","targetHints":{"allow":["GET"]}}],"collection":[{"href":"https:\/\/dpmhk.cz\/cz\/wp-json\/wp\/v2\/pages"}],"about":[{"href":"https:\/\/dpmhk.cz\/cz\/wp-json\/wp\/v2\/types\/page"}],"author":[{"embeddable":true,"href":"https:\/\/dpmhk.cz\/cz\/wp-json\/wp\/v2\/users\/4"}],"replies":[{"embeddable":true,"href":"https:\/\/dpmhk.cz\/cz\/wp-json\/wp\/v2\/comments?post=7717"}],"version-history":[{"count":5,"href":"https:\/\/dpmhk.cz\/cz\/wp-json\/wp\/v2\/pages\/7717\/revisions"}],"predecessor-version":[{"id":20020,"href":"https:\/\/dpmhk.cz\/cz\/wp-json\/wp\/v2\/pages\/7717\/revisions\/20020"}],"up":[{"embeddable":true,"href":"https:\/\/dpmhk.cz\/cz\/wp-json\/wp\/v2\/pages\/5217"}],"wp:attachment":[{"href":"https:\/\/dpmhk.cz\/cz\/wp-json\/wp\/v2\/media?parent=7717"}],"curies":[{"name":"wp","href":"https:\/\/api.w.org\/{rel}","templated":true}]}}