{"id":8776,"date":"2025-11-26T18:07:17","date_gmt":"2025-11-26T17:07:17","guid":{"rendered":"https:\/\/www.dopravnipodnikhk.cz\/?page_id=8776"},"modified":"2026-03-26T22:02:16","modified_gmt":"2026-03-26T21:02:16","slug":"vysledky-jizdniho-radu","status":"publish","type":"page","link":"https:\/\/dpmhk.cz\/cz\/jizdni-rady\/jizdni-rady-vyhledavani\/vysledky-jizdniho-radu\/","title":{"rendered":"Jizdni-rad-vysledky"},"content":{"rendered":"\t\t<div data-elementor-type=\"wp-page\" data-elementor-id=\"8776\" class=\"elementor elementor-8776\" wpc-filter-elementor-widget=\"1\" data-elementor-post-type=\"page\">\n\t\t\t\t<div class=\"elementor-element elementor-element-4187365 e-flex e-con-boxed e-con e-parent\" data-id=\"4187365\" data-element_type=\"container\" data-e-type=\"container\">\n\t\t\t\t\t<div class=\"e-con-inner\">\n\t\t\t\t\t<\/div>\n\t\t\t\t<\/div>\n\t\t<div class=\"elementor-element elementor-element-90a372d e-flex e-con-boxed e-con e-parent\" data-id=\"90a372d\" data-element_type=\"container\" data-e-type=\"container\" data-settings=\"{&quot;background_background&quot;:&quot;classic&quot;}\">\n\t\t\t\t\t<div class=\"e-con-inner\">\n\t\t\t\t<div class=\"elementor-element elementor-element-83afcbc elementor-widget elementor-widget-shortcode\" data-id=\"83afcbc\" data-element_type=\"widget\" data-e-type=\"widget\" data-widget_type=\"shortcode.default\">\n\t\t\t\t<div class=\"elementor-widget-container\">\n\t\t\t\t\t\t\t<div class=\"elementor-shortcode\"><div class=\"form-container\">\n    <div class=\"main-container\">\n        <div class=\"headers\">\n                <div class=\"header-container\" >\n                    <p>Spojen\u00ed<\/p>\n                <\/div>\n                <div class=\"header-container\" id=\"selected-header\">\n                    <p>J\u00edzdn\u00ed \u0159\u00e1dy<\/p>\n                <\/div>\n                <div class=\"header-container\" >\n                    <p>Odjezdy<\/p>\n                <\/div>\n            <\/div>\n\n        <div class=\"spoj-container hidden\">\n            <div class=\"map-container hidden\">\n                <div id=\"map\"><\/div>\n            <\/div>\n            <form class=\"vyhledavac-form\" method=\"post\">\n                <div class=\"input\">\n                    <label for=\"departure-input\">Odkud<\/label>\n                    <div class=\"separator-line\"><\/div>\n                    <input  id=\"departure-input\" type=\"text\" placeholder=\"Vyberte zast\u00e1vku\" autocomplete=\"off\" readonly onfocus=\"this.removeAttribute('readonly');\" \/>\n                    <div id=\"departure-items\" class=\"search-items-container hidden\">\n                        <ul class=\"search-items\"><\/ul>\n                    <\/div>\n                <\/div>\n\n                <div id=\"swap-btn\" class=\"switch-btn\">\n                    <img decoding=\"async\" src=\"https:\/\/dpmhk.cz\/wp-content\/plugins\/Spoje-vyhledavac\/assets\/styles\/swap.svg\"\n                        alt=\"swap\" width=\"30\" height=\"30\" \/>\n                    <a href=\"#\"><\/a>\n                <\/div>\n\n                <div class=\"input\">\n                    <label for=\"arrival-input\">Kam<\/label>\n                    <div class=\"separator-line\"><\/div>\n                    <input  id=\"arrival-input\" type=\"text\" placeholder=\"Vyberte zast\u00e1vku\" autocomplete=\"off\" readonly onfocus=\"this.removeAttribute('readonly');\" \/>\n                    <div id=\"arrival-items\" class=\"search-items-container hidden\">\n                        <ul class=\"search-items\"><\/ul>\n                    <\/div>\n                <\/div>\n\n                <div class=\"dateSelection\">\n                    <div class=\"dateInput\">\n                        <input id=\"myDate\" type=\"date\" \/>\n                    <\/div>\n                    <div class=\"timeInput\">\n                        <input id=\"timeInput\" type=\"time\" \/>\n                    <\/div>\n                <\/div>\n                <div id=\"loading-circle0\" class=\"loading hidden\"><\/div>\n                <button id=\"submit-btn\" type=\"submit\">Vyhledat<\/button>\n            <\/form>\n        <\/div>\n\n        <div class=\"spoj-container \">\n\t\t\t<form class=\"vyhledavac-form\" method=\"post\">\n\t\t\t\t<div class=\"input\">\n\t\t\t\t\t<label for=\"lines-input\">Linka<\/label>\n\t\t\t\t\t<div class=\"separator-line\"><\/div>\n\t\t\t\t\t<input id=\"lines-input\" type=\"text\" placeholder=\"Vyberte linku\" autocomplete=\"off\" readonly onfocus=\"this.removeAttribute('readonly');\"\/>\n\t\t\t\t\t<div id=\"lines-items\" class=\"search-items-container hidden\">\n\t\t\t\t\t\t<ul class=\"search-items\"><\/ul>\n\t\t\t\t\t<\/div>\n\t\t\t\t<\/div>\n\n\t\t\t\t<div class=\"input\">\n\t\t\t\t\t<label for=\"direction-input\">Sm\u011br<\/label>\n\t\t\t\t\t<div class=\"separator-line\"><\/div>\n\t\t\t\t\t<input id=\"direction-input\" type=\"text\" placeholder=\"Vyberte sm\u011br\" readonly onfocus=\"this.removeAttribute('readonly');\" \/>\n\t\t\t\t\t<div id=\"direction-items\" class=\"search-items-container hidden\">\n\t\t\t\t\t\t<ul class=\"search-items\"><\/ul>\n\t\t\t\t\t<\/div>\n\t\t\t\t<\/div>\n\n\t\t\t\t<div class=\"input\">\n\t\t\t\t\t<label for=\"station-input\">Zast\u00e1vka<\/label>\n\t\t\t\t\t<div class=\"separator-line\"><\/div>\n\t\t\t\t\t<input id=\"station-input\" type=\"text\" placeholder=\"Vyberte zast\u00e1vku\" autocomplete=\"off\" readonly onfocus=\"this.removeAttribute('readonly');\" \/>\n\t\t\t\t\t<div id=\"stations-items\" class=\"search-items-container hidden\">\n\t\t\t\t\t\t<ul class=\"search-items\"><\/ul>\n\t\t\t\t\t<\/div>\n\t\t\t\t<\/div>\n\n\t\t\t\t<div class=\"input\">\n\t\t\t\t\t<label for=\"JRdate\">Datum<\/label>\n\t\t\t\t\t<div class=\"separator-line\"><\/div>\n\t\t\t\t\t<input id=\"JRdate\" type=\"date\" \/>\n\t\t\t\t<\/div>\n\t\t\t\t<div id=\"loading-circle1\" class=\"loading hidden\"><\/div>\n\t\t\t\t<button class=\"submitBtn\" id=\"JRsubmit-btn\">Vyhledat<\/button>\n\t\t\t<\/form>\n\t\t<\/div>\n        <div class=\"spoj-container hidden\">\n            <form class=\"vyhledavac-form\" method=\"post\">\n                <div class=\"input\">\n                    <label for=\"Dep-station-input\">Ze zast\u00e1vky<\/label>\n                    <div class=\"separator-line\"><\/div>\n                    <input  id=\"Dep-station-input\" type=\"text\" placeholder=\"Vyberte zast\u00e1vku\" autocomplete=\"off\" readonly onfocus=\"this.removeAttribute('readonly');\" \/>\n                    <div id=\"Dep-stations-items\" class=\"search-items-container hidden\">\n                        <ul class=\"search-items\"><\/ul>\n                    <\/div>\n                <\/div>\n\n                <div class=\"input\">\n                    <label for=\"Dep-date\">Datum<\/label>\n                    <div class=\"separator-line\"><\/div>\n                    <input id=\"Dep-date\" type=\"date\" \/>\n                <\/div>\n                <div id=\"loading-circle2\" class=\"loading hidden\"><\/div>\n                <button class=\"submitBtn\" id=\"Dep-submit-btn\">Vyhledat<\/button>\n            <\/form>\n        <\/div>\n    <\/div>\n<\/div>\n\n<\/div>\n\t\t\t\t\t\t<\/div>\n\t\t\t\t<\/div>\n\t\t\t\t\t<\/div>\n\t\t\t\t<\/div>\n\t\t<div class=\"elementor-element elementor-element-dff69ad e-flex e-con-boxed e-con e-parent\" data-id=\"dff69ad\" data-element_type=\"container\" data-e-type=\"container\">\n\t\t\t\t\t<div class=\"e-con-inner\">\n\t\t\t\t<div class=\"elementor-element elementor-element-8801a8d elementor-widget elementor-widget-shortcode\" data-id=\"8801a8d\" data-element_type=\"widget\" data-e-type=\"widget\" data-widget_type=\"shortcode.default\">\n\t\t\t\t<div class=\"elementor-widget-container\">\n\t\t\t\t\t\t\t<div class=\"elementor-shortcode\"><h1 style=\"font-size: 35px; text-align: center; font-weight: 700;\">\n\tVyberte po\u017eadovan\u00fd \u010das:\n<\/h1>\n\n<div id=\"jr-container\" class=\"jr-wrapper\"><\/div>\n<\/div>\n\t\t\t\t\t\t<\/div>\n\t\t\t\t<\/div>\n\t\t\t\t\t<\/div>\n\t\t\t\t<\/div>\n\t\t\t\t<\/div>\n\t\t","protected":false},"excerpt":{"rendered":"","protected":false},"author":2,"featured_media":0,"parent":96,"menu_order":0,"comment_status":"closed","ping_status":"closed","template":"","meta":{"_acf_changed":false,"footnotes":""},"class_list":["post-8776","page","type-page","status-publish","hentry"],"acf":[],"yoast_head":"<!-- This site is optimized with the Yoast SEO Premium plugin v27.3 (Yoast SEO v27.4) - https:\/\/yoast.com\/product\/yoast-seo-premium-wordpress\/ -->\n<title>V\u00fdsledky hled\u00e1n\u00ed v j\u00edzdn\u00edch \u0159\u00e1dech - Dopravn\u00ed podnik m\u011bsta Hradce Kr\u00e1lov\u00e9<\/title>\n<meta name=\"description\" content=\"V\u00fdsledek j\u00edzdn\u00edho \u0159\u00e1du: jakou linkou, v kolik hodin, jak\u00e1 zast\u00e1vka. S n\u00e1mi v\u017edy dojedete tam, kam pot\u0159ebujete.\" \/>\n<meta name=\"robots\" content=\"index, follow, max-snippet:-1, max-image-preview:large, max-video-preview:-1\" \/>\n<link rel=\"canonical\" href=\"https:\/\/www.dpmhk.cz\/cz\/jizdni-rady\/jizdni-rady-vyhledavani\/vysledky-jizdniho-radu\/\" \/>\n<meta property=\"og:locale\" content=\"cs_CZ\" \/>\n<meta property=\"og:type\" content=\"article\" \/>\n<meta property=\"og:title\" content=\"Jizdni-rad-vysledky\" \/>\n<meta property=\"og:description\" content=\"V\u00fdsledek j\u00edzdn\u00edho \u0159\u00e1du: jakou linkou, v kolik hodin, jak\u00e1 zast\u00e1vka. S n\u00e1mi v\u017edy dojedete tam, kam pot\u0159ebujete.\" \/>\n<meta property=\"og:url\" content=\"https:\/\/www.dpmhk.cz\/cz\/jizdni-rady\/jizdni-rady-vyhledavani\/vysledky-jizdniho-radu\/\" \/>\n<meta property=\"og:site_name\" content=\"Dopravn\u00ed podnik m\u011bsta Hradce Kr\u00e1lov\u00e9\" \/>\n<meta property=\"article:publisher\" content=\"https:\/\/www.facebook.com\/dopravnipodnikhk\/\" \/>\n<meta property=\"article:modified_time\" content=\"2026-03-26T21:02:16+00:00\" \/>\n<meta property=\"og:image\" content=\"https:\/\/dpmhk.cz\/wp-content\/uploads\/2025\/11\/dopravni-podnik-hk-oznacnik-zastavka.jpg\" \/>\n\t<meta property=\"og:image:width\" content=\"1600\" \/>\n\t<meta property=\"og:image:height\" content=\"1067\" \/>\n\t<meta property=\"og:image:type\" content=\"image\/jpeg\" \/>\n<meta name=\"twitter:card\" content=\"summary_large_image\" \/>\n<meta name=\"twitter:label1\" content=\"Odhadovan\u00e1 doba \u010dten\u00ed\" \/>\n\t<meta name=\"twitter:data1\" content=\"1 minuta\" \/>\n<script type=\"application\/ld+json\" class=\"yoast-schema-graph\">{\"@context\":\"https:\\\/\\\/schema.org\",\"@graph\":[{\"@type\":\"WebPage\",\"@id\":\"https:\\\/\\\/www.dpmhk.cz\\\/cz\\\/jizdni-rady\\\/jizdni-rady-vyhledavani\\\/vysledky-jizdniho-radu\\\/\",\"url\":\"https:\\\/\\\/www.dpmhk.cz\\\/cz\\\/jizdni-rady\\\/jizdni-rady-vyhledavani\\\/vysledky-jizdniho-radu\\\/\",\"name\":\"V\u00fdsledky hled\u00e1n\u00ed v j\u00edzdn\u00edch \u0159\u00e1dech - Dopravn\u00ed podnik m\u011bsta Hradce Kr\u00e1lov\u00e9\",\"isPartOf\":{\"@id\":\"https:\\\/\\\/www.dpmhk.cz\\\/cz\\\/#website\"},\"datePublished\":\"2025-11-26T17:07:17+00:00\",\"dateModified\":\"2026-03-26T21:02:16+00:00\",\"description\":\"V\u00fdsledek j\u00edzdn\u00edho \u0159\u00e1du: jakou linkou, v kolik hodin, jak\u00e1 zast\u00e1vka. S n\u00e1mi v\u017edy dojedete tam, kam pot\u0159ebujete.\",\"breadcrumb\":{\"@id\":\"https:\\\/\\\/www.dpmhk.cz\\\/cz\\\/jizdni-rady\\\/jizdni-rady-vyhledavani\\\/vysledky-jizdniho-radu\\\/#breadcrumb\"},\"inLanguage\":\"cs\",\"potentialAction\":[{\"@type\":\"ReadAction\",\"target\":[\"https:\\\/\\\/www.dpmhk.cz\\\/cz\\\/jizdni-rady\\\/jizdni-rady-vyhledavani\\\/vysledky-jizdniho-radu\\\/\"]}]},{\"@type\":\"BreadcrumbList\",\"@id\":\"https:\\\/\\\/www.dpmhk.cz\\\/cz\\\/jizdni-rady\\\/jizdni-rady-vyhledavani\\\/vysledky-jizdniho-radu\\\/#breadcrumb\",\"itemListElement\":[{\"@type\":\"ListItem\",\"position\":1,\"name\":\"Dom\u016f\",\"item\":\"https:\\\/\\\/www.dpmhk.cz\\\/cz\\\/\"},{\"@type\":\"ListItem\",\"position\":2,\"name\":\"J\u00edzdn\u00ed \u0159\u00e1dy\",\"item\":\"https:\\\/\\\/www.dpmhk.cz\\\/cz\\\/jizdni-rady\\\/\"},{\"@type\":\"ListItem\",\"position\":3,\"name\":\"Vyhled\u00e1v\u00e1n\u00ed v j\u00edzdn\u00edch \u0159\u00e1dech\",\"item\":\"https:\\\/\\\/www.dpmhk.cz\\\/cz\\\/jizdni-rady\\\/jizdni-rady-vyhledavani\\\/\"},{\"@type\":\"ListItem\",\"position\":4,\"name\":\"V\u00fdsledky vyhled\u00e1v\u00e1n\u00ed\"}]},{\"@type\":\"WebSite\",\"@id\":\"https:\\\/\\\/www.dpmhk.cz\\\/cz\\\/#website\",\"url\":\"https:\\\/\\\/www.dpmhk.cz\\\/cz\\\/\",\"name\":\"Dopravn\u00ed podnik m\u011bsta Hradce Kr\u00e1lov\u00e9\",\"description\":\"Ofici\u00e1ln\u00ed webov\u00e9 str\u00e1nky\",\"publisher\":{\"@id\":\"https:\\\/\\\/www.dpmhk.cz\\\/cz\\\/#organization\"},\"alternateName\":\"Dopravn\u00ed podnik m\u011bsta Hradce Kr\u00e1lov\u00e9\",\"potentialAction\":[{\"@type\":\"SearchAction\",\"target\":{\"@type\":\"EntryPoint\",\"urlTemplate\":\"https:\\\/\\\/www.dpmhk.cz\\\/cz\\\/?s={search_term_string}\"},\"query-input\":{\"@type\":\"PropertyValueSpecification\",\"valueRequired\":true,\"valueName\":\"search_term_string\"}}],\"inLanguage\":\"cs\"},{\"@type\":[\"Organization\",\"Place\"],\"@id\":\"https:\\\/\\\/www.dpmhk.cz\\\/cz\\\/#organization\",\"name\":\"Dopravn\u00ed podnik m\u011bsta Hradce Kr\u00e1lov\u00e9, a.s.\",\"alternateName\":\"DPmHK\",\"url\":\"https:\\\/\\\/www.dpmhk.cz\\\/cz\\\/\",\"logo\":{\"@id\":\"https:\\\/\\\/www.dpmhk.cz\\\/cz\\\/jizdni-rady\\\/jizdni-rady-vyhledavani\\\/vysledky-jizdniho-radu\\\/#local-main-organization-logo\"},\"image\":{\"@id\":\"https:\\\/\\\/www.dpmhk.cz\\\/cz\\\/jizdni-rady\\\/jizdni-rady-vyhledavani\\\/vysledky-jizdniho-radu\\\/#local-main-organization-logo\"},\"sameAs\":[\"https:\\\/\\\/www.facebook.com\\\/dopravnipodnikhk\\\/\",\"https:\\\/\\\/www.instagram.com\\\/dopravnipodnikhk\\\/\",\"https:\\\/\\\/www.youtube.com\\\/@dopravnipodnik-hk\"],\"legalName\":\"Dopravn\u00ed podnik m\u011bsta Hradce Kr\u00e1lov\u00e9, a.s.\",\"foundingDate\":\"1948-04-26\",\"numberOfEmployees\":{\"@type\":\"QuantitativeValue\",\"minValue\":\"201\",\"maxValue\":\"500\"},\"ownershipFundingInfo\":\"https:\\\/\\\/www.dpmhk.cz\\\/cz\\\/o-nas\\\/o-spolecnosti\\\/\",\"actionableFeedbackPolicy\":\"https:\\\/\\\/www.dpmhk.cz\\\/cz\\\/o-nas\\\/dokumenty-formulare\\\/\",\"ethicsPolicy\":\"https:\\\/\\\/www.dpmhk.cz\\\/cz\\\/o-nas\\\/o-spolecnosti\\\/\",\"diversityStaffingReport\":\"https:\\\/\\\/www.dpmhk.cz\\\/cz\\\/kariera\\\/\",\"address\":{\"@id\":\"https:\\\/\\\/www.dpmhk.cz\\\/cz\\\/jizdni-rady\\\/jizdni-rady-vyhledavani\\\/vysledky-jizdniho-radu\\\/#local-main-place-address\"},\"telephone\":[\"+420 495 089 271\",\"+420 495 546 095\"],\"contactPoint\":{\"@type\":\"ContactPoint\",\"email\":\"info@dpmhk.cz\"},\"openingHoursSpecification\":[{\"@type\":\"OpeningHoursSpecification\",\"dayOfWeek\":[\"Monday\",\"Wednesday\"],\"opens\":\"07:00\",\"closes\":\"17:00\"},{\"@type\":\"OpeningHoursSpecification\",\"dayOfWeek\":[\"Tuesday\",\"Thursday\"],\"opens\":\"07:00\",\"closes\":\"16:30\"},{\"@type\":\"OpeningHoursSpecification\",\"dayOfWeek\":[\"Friday\"],\"opens\":\"07:00\",\"closes\":\"15:00\"},{\"@type\":\"OpeningHoursSpecification\",\"dayOfWeek\":[\"Saturday\",\"Sunday\"],\"opens\":\"00:00\",\"closes\":\"00:00\"}],\"vatID\":\"CZ25267213\",\"taxID\":\"25267213\"},{\"@type\":\"PostalAddress\",\"@id\":\"https:\\\/\\\/www.dpmhk.cz\\\/cz\\\/jizdni-rady\\\/jizdni-rady-vyhledavani\\\/vysledky-jizdniho-radu\\\/#local-main-place-address\",\"streetAddress\":\"Pouchovsk\u00e1 153\",\"addressLocality\":\"Hradec Kr\u00e1lov\u00e9\",\"postalCode\":\"500 03\",\"addressRegion\":\"Aktivn\u00ed\",\"addressCountry\":\"CZ\"},{\"@type\":\"ImageObject\",\"inLanguage\":\"cs\",\"@id\":\"https:\\\/\\\/www.dpmhk.cz\\\/cz\\\/jizdni-rady\\\/jizdni-rady-vyhledavani\\\/vysledky-jizdniho-radu\\\/#local-main-organization-logo\",\"url\":\"https:\\\/\\\/dpmhk.cz\\\/wp-content\\\/uploads\\\/2025\\\/11\\\/DP_HK_Logo_cerne2025-1.svg\",\"contentUrl\":\"https:\\\/\\\/dpmhk.cz\\\/wp-content\\\/uploads\\\/2025\\\/11\\\/DP_HK_Logo_cerne2025-1.svg\",\"width\":123,\"height\":60,\"caption\":\"Dopravn\u00ed podnik m\u011bsta Hradce Kr\u00e1lov\u00e9, a.s.\"}]}<\/script>\n<meta name=\"geo.placename\" content=\"Hradec Kr\u00e1lov\u00e9\" \/>\n<meta name=\"geo.region\" content=\"\u010cesk\u00e1 republika\" \/>\n<!-- \/ Yoast SEO Premium plugin. -->","yoast_head_json":{"title":"V\u00fdsledky hled\u00e1n\u00ed v j\u00edzdn\u00edch \u0159\u00e1dech - Dopravn\u00ed podnik m\u011bsta Hradce Kr\u00e1lov\u00e9","description":"V\u00fdsledek j\u00edzdn\u00edho \u0159\u00e1du: jakou linkou, v kolik hodin, jak\u00e1 zast\u00e1vka. S n\u00e1mi v\u017edy dojedete tam, kam pot\u0159ebujete.","robots":{"index":"index","follow":"follow","max-snippet":"max-snippet:-1","max-image-preview":"max-image-preview:large","max-video-preview":"max-video-preview:-1"},"canonical":"https:\/\/www.dpmhk.cz\/cz\/jizdni-rady\/jizdni-rady-vyhledavani\/vysledky-jizdniho-radu\/","og_locale":"cs_CZ","og_type":"article","og_title":"Jizdni-rad-vysledky","og_description":"V\u00fdsledek j\u00edzdn\u00edho \u0159\u00e1du: jakou linkou, v kolik hodin, jak\u00e1 zast\u00e1vka. S n\u00e1mi v\u017edy dojedete tam, kam pot\u0159ebujete.","og_url":"https:\/\/www.dpmhk.cz\/cz\/jizdni-rady\/jizdni-rady-vyhledavani\/vysledky-jizdniho-radu\/","og_site_name":"Dopravn\u00ed podnik m\u011bsta Hradce Kr\u00e1lov\u00e9","article_publisher":"https:\/\/www.facebook.com\/dopravnipodnikhk\/","article_modified_time":"2026-03-26T21:02:16+00:00","og_image":[{"width":1600,"height":1067,"url":"https:\/\/dpmhk.cz\/wp-content\/uploads\/2025\/11\/dopravni-podnik-hk-oznacnik-zastavka.jpg","type":"image\/jpeg"}],"twitter_card":"summary_large_image","twitter_misc":{"Odhadovan\u00e1 doba \u010dten\u00ed":"1 minuta"},"schema":{"@context":"https:\/\/schema.org","@graph":[{"@type":"WebPage","@id":"https:\/\/www.dpmhk.cz\/cz\/jizdni-rady\/jizdni-rady-vyhledavani\/vysledky-jizdniho-radu\/","url":"https:\/\/www.dpmhk.cz\/cz\/jizdni-rady\/jizdni-rady-vyhledavani\/vysledky-jizdniho-radu\/","name":"V\u00fdsledky hled\u00e1n\u00ed v j\u00edzdn\u00edch \u0159\u00e1dech - Dopravn\u00ed podnik m\u011bsta Hradce Kr\u00e1lov\u00e9","isPartOf":{"@id":"https:\/\/www.dpmhk.cz\/cz\/#website"},"datePublished":"2025-11-26T17:07:17+00:00","dateModified":"2026-03-26T21:02:16+00:00","description":"V\u00fdsledek j\u00edzdn\u00edho \u0159\u00e1du: jakou linkou, v kolik hodin, jak\u00e1 zast\u00e1vka. S n\u00e1mi v\u017edy dojedete tam, kam pot\u0159ebujete.","breadcrumb":{"@id":"https:\/\/www.dpmhk.cz\/cz\/jizdni-rady\/jizdni-rady-vyhledavani\/vysledky-jizdniho-radu\/#breadcrumb"},"inLanguage":"cs","potentialAction":[{"@type":"ReadAction","target":["https:\/\/www.dpmhk.cz\/cz\/jizdni-rady\/jizdni-rady-vyhledavani\/vysledky-jizdniho-radu\/"]}]},{"@type":"BreadcrumbList","@id":"https:\/\/www.dpmhk.cz\/cz\/jizdni-rady\/jizdni-rady-vyhledavani\/vysledky-jizdniho-radu\/#breadcrumb","itemListElement":[{"@type":"ListItem","position":1,"name":"Dom\u016f","item":"https:\/\/www.dpmhk.cz\/cz\/"},{"@type":"ListItem","position":2,"name":"J\u00edzdn\u00ed \u0159\u00e1dy","item":"https:\/\/www.dpmhk.cz\/cz\/jizdni-rady\/"},{"@type":"ListItem","position":3,"name":"Vyhled\u00e1v\u00e1n\u00ed v j\u00edzdn\u00edch \u0159\u00e1dech","item":"https:\/\/www.dpmhk.cz\/cz\/jizdni-rady\/jizdni-rady-vyhledavani\/"},{"@type":"ListItem","position":4,"name":"V\u00fdsledky vyhled\u00e1v\u00e1n\u00ed"}]},{"@type":"WebSite","@id":"https:\/\/www.dpmhk.cz\/cz\/#website","url":"https:\/\/www.dpmhk.cz\/cz\/","name":"Dopravn\u00ed podnik m\u011bsta Hradce Kr\u00e1lov\u00e9","description":"Ofici\u00e1ln\u00ed webov\u00e9 str\u00e1nky","publisher":{"@id":"https:\/\/www.dpmhk.cz\/cz\/#organization"},"alternateName":"Dopravn\u00ed podnik m\u011bsta Hradce Kr\u00e1lov\u00e9","potentialAction":[{"@type":"SearchAction","target":{"@type":"EntryPoint","urlTemplate":"https:\/\/www.dpmhk.cz\/cz\/?s={search_term_string}"},"query-input":{"@type":"PropertyValueSpecification","valueRequired":true,"valueName":"search_term_string"}}],"inLanguage":"cs"},{"@type":["Organization","Place"],"@id":"https:\/\/www.dpmhk.cz\/cz\/#organization","name":"Dopravn\u00ed podnik m\u011bsta Hradce Kr\u00e1lov\u00e9, a.s.","alternateName":"DPmHK","url":"https:\/\/www.dpmhk.cz\/cz\/","logo":{"@id":"https:\/\/www.dpmhk.cz\/cz\/jizdni-rady\/jizdni-rady-vyhledavani\/vysledky-jizdniho-radu\/#local-main-organization-logo"},"image":{"@id":"https:\/\/www.dpmhk.cz\/cz\/jizdni-rady\/jizdni-rady-vyhledavani\/vysledky-jizdniho-radu\/#local-main-organization-logo"},"sameAs":["https:\/\/www.facebook.com\/dopravnipodnikhk\/","https:\/\/www.instagram.com\/dopravnipodnikhk\/","https:\/\/www.youtube.com\/@dopravnipodnik-hk"],"legalName":"Dopravn\u00ed podnik m\u011bsta Hradce Kr\u00e1lov\u00e9, a.s.","foundingDate":"1948-04-26","numberOfEmployees":{"@type":"QuantitativeValue","minValue":"201","maxValue":"500"},"ownershipFundingInfo":"https:\/\/www.dpmhk.cz\/cz\/o-nas\/o-spolecnosti\/","actionableFeedbackPolicy":"https:\/\/www.dpmhk.cz\/cz\/o-nas\/dokumenty-formulare\/","ethicsPolicy":"https:\/\/www.dpmhk.cz\/cz\/o-nas\/o-spolecnosti\/","diversityStaffingReport":"https:\/\/www.dpmhk.cz\/cz\/kariera\/","address":{"@id":"https:\/\/www.dpmhk.cz\/cz\/jizdni-rady\/jizdni-rady-vyhledavani\/vysledky-jizdniho-radu\/#local-main-place-address"},"telephone":["+420 495 089 271","+420 495 546 095"],"contactPoint":{"@type":"ContactPoint","email":"info@dpmhk.cz"},"openingHoursSpecification":[{"@type":"OpeningHoursSpecification","dayOfWeek":["Monday","Wednesday"],"opens":"07:00","closes":"17:00"},{"@type":"OpeningHoursSpecification","dayOfWeek":["Tuesday","Thursday"],"opens":"07:00","closes":"16:30"},{"@type":"OpeningHoursSpecification","dayOfWeek":["Friday"],"opens":"07:00","closes":"15:00"},{"@type":"OpeningHoursSpecification","dayOfWeek":["Saturday","Sunday"],"opens":"00:00","closes":"00:00"}],"vatID":"CZ25267213","taxID":"25267213"},{"@type":"PostalAddress","@id":"https:\/\/www.dpmhk.cz\/cz\/jizdni-rady\/jizdni-rady-vyhledavani\/vysledky-jizdniho-radu\/#local-main-place-address","streetAddress":"Pouchovsk\u00e1 153","addressLocality":"Hradec Kr\u00e1lov\u00e9","postalCode":"500 03","addressRegion":"Aktivn\u00ed","addressCountry":"CZ"},{"@type":"ImageObject","inLanguage":"cs","@id":"https:\/\/www.dpmhk.cz\/cz\/jizdni-rady\/jizdni-rady-vyhledavani\/vysledky-jizdniho-radu\/#local-main-organization-logo","url":"https:\/\/dpmhk.cz\/wp-content\/uploads\/2025\/11\/DP_HK_Logo_cerne2025-1.svg","contentUrl":"https:\/\/dpmhk.cz\/wp-content\/uploads\/2025\/11\/DP_HK_Logo_cerne2025-1.svg","width":123,"height":60,"caption":"Dopravn\u00ed podnik m\u011bsta Hradce Kr\u00e1lov\u00e9, a.s."}]},"geo.placename":"Hradec Kr\u00e1lov\u00e9","geo.region":"\u010cesk\u00e1 republika"},"_links":{"self":[{"href":"https:\/\/dpmhk.cz\/cz\/wp-json\/wp\/v2\/pages\/8776","targetHints":{"allow":["GET"]}}],"collection":[{"href":"https:\/\/dpmhk.cz\/cz\/wp-json\/wp\/v2\/pages"}],"about":[{"href":"https:\/\/dpmhk.cz\/cz\/wp-json\/wp\/v2\/types\/page"}],"author":[{"embeddable":true,"href":"https:\/\/dpmhk.cz\/cz\/wp-json\/wp\/v2\/users\/2"}],"replies":[{"embeddable":true,"href":"https:\/\/dpmhk.cz\/cz\/wp-json\/wp\/v2\/comments?post=8776"}],"version-history":[{"count":5,"href":"https:\/\/dpmhk.cz\/cz\/wp-json\/wp\/v2\/pages\/8776\/revisions"}],"predecessor-version":[{"id":22374,"href":"https:\/\/dpmhk.cz\/cz\/wp-json\/wp\/v2\/pages\/8776\/revisions\/22374"}],"up":[{"embeddable":true,"href":"https:\/\/dpmhk.cz\/cz\/wp-json\/wp\/v2\/pages\/96"}],"wp:attachment":[{"href":"https:\/\/dpmhk.cz\/cz\/wp-json\/wp\/v2\/media?parent=8776"}],"curies":[{"name":"wp","href":"https:\/\/api.w.org\/{rel}","templated":true}]}}