{"id":21359,"date":"2026-03-11T09:52:01","date_gmt":"2026-03-11T08:52:01","guid":{"rendered":"https:\/\/www.dpmhk.cz\/?page_id=21359"},"modified":"2026-04-20T14:25:25","modified_gmt":"2026-04-20T12:25:25","slug":"boarding-stops","status":"publish","type":"page","link":"https:\/\/dpmhk.cz\/en\/ostatni-sluzby\/skibus\/nastupni-zastavky\/","title":{"rendered":"Boarding stops"},"content":{"rendered":"<div data-elementor-type=\"wp-page\" data-elementor-id=\"21359\" class=\"elementor elementor-21359\" wpc-filter-elementor-widget=\"1\" data-elementor-post-type=\"page\">\n\t\t\t\t<div class=\"elementor-element elementor-element-f52626f e-flex e-con-boxed e-con e-parent\" data-id=\"f52626f\" data-element_type=\"container\" data-e-type=\"container\">\n\t\t\t\t\t<div class=\"e-con-inner\">\n\t\t\t\t<div class=\"elementor-element elementor-element-ab02e7d elementor-widget elementor-widget-breadcrumbs\" data-id=\"ab02e7d\" data-element_type=\"widget\" data-e-type=\"widget\" data-widget_type=\"breadcrumbs.default\">\n\t\t\t\t<div class=\"elementor-widget-container\">\n\t\t\t\t\t<p id=\"breadcrumbs\"><span><span><a href=\"https:\/\/dpmhk.cz\/en\/\"><span class=\"fa fa-home\" aria-hidden=\"true\"><\/span><span class=\"screen-reader-text\">Home<\/span><\/a><\/span><\/span><\/p>\t\t\t\t<\/div>\n\t\t\t\t<\/div>\n\t\t\t\t<div class=\"elementor-element elementor-element-12c6845 elementor-widget elementor-widget-heading\" data-id=\"12c6845\" data-element_type=\"widget\" data-e-type=\"widget\" data-widget_type=\"heading.default\">\n\t\t\t\t<div class=\"elementor-widget-container\">\n\t\t\t\t\t<h1 class=\"elementor-heading-title elementor-size-default\">Boarding stops<\/h1>\t\t\t\t<\/div>\n\t\t\t\t<\/div>\n\t\t\t\t<div class=\"elementor-element elementor-element-35d2392 elementor-widget elementor-widget-heading\" data-id=\"35d2392\" data-element_type=\"widget\" data-e-type=\"widget\" data-widget_type=\"heading.default\">\n\t\t\t\t<div class=\"elementor-widget-container\">\n\t\t\t\t\t<h2 class=\"elementor-heading-title elementor-size-default\">Departure from HK<\/h2>\t\t\t\t<\/div>\n\t\t\t\t<\/div>\n\t\t\t\t<div class=\"elementor-element elementor-element-dad71e0 elementor-widget elementor-widget-text-editor\" data-id=\"dad71e0\" data-element_type=\"widget\" data-e-type=\"widget\" data-widget_type=\"text-editor.default\">\n\t\t\t\t<div class=\"elementor-widget-container\">\n\t\t\t\t\t\t\t\t\t<ul><li>stops marked with the SKIBUS sign<\/li><\/ul>\t\t\t\t\t\t\t\t<\/div>\n\t\t\t\t<\/div>\n\t\t\t\t<div class=\"elementor-element elementor-element-4fe0d7e elementor-align-center elementor-icon-list--layout-traditional elementor-list-item-link-full_width elementor-widget elementor-widget-icon-list\" data-id=\"4fe0d7e\" data-element_type=\"widget\" data-e-type=\"widget\" data-widget_type=\"icon-list.default\">\n\t\t\t\t<div class=\"elementor-widget-container\">\n\t\t\t\t\t\t\t<ul class=\"elementor-icon-list-items\">\n\t\t\t\t\t\t\t<li class=\"elementor-icon-list-item\">\n\t\t\t\t\t\t\t\t\t\t\t<span class=\"elementor-icon-list-icon\">\n\t\t\t\t\t\t\t<i aria-hidden=\"true\" class=\"far fa-clock\"><\/i>\t\t\t\t\t\t<\/span>\n\t\t\t\t\t\t\t\t\t\t<span class=\"elementor-icon-list-text\">7:15 Podz\u00e1m\u010d\u00ed<\/span>\n\t\t\t\t\t\t\t\t\t<\/li>\n\t\t\t\t\t\t\t\t<li class=\"elementor-icon-list-item\">\n\t\t\t\t\t\t\t\t\t\t\t<span class=\"elementor-icon-list-icon\">\n\t\t\t\t\t\t\t<i aria-hidden=\"true\" class=\"fas fa-clock\"><\/i>\t\t\t\t\t\t<\/span>\n\t\t\t\t\t\t\t\t\t\t<span class=\"elementor-icon-list-text\">7:20 Benesovka<\/span>\n\t\t\t\t\t\t\t\t\t<\/li>\n\t\t\t\t\t\t\t\t<li class=\"elementor-icon-list-item\">\n\t\t\t\t\t\t\t\t\t\t\t<span class=\"elementor-icon-list-icon\">\n\t\t\t\t\t\t\t<i aria-hidden=\"true\" class=\"far fa-clock\"><\/i>\t\t\t\t\t\t<\/span>\n\t\t\t\t\t\t\t\t\t\t<span class=\"elementor-icon-list-text\">7:25 Hotel Garni<\/span>\n\t\t\t\t\t\t\t\t\t<\/li>\n\t\t\t\t\t\t\t\t<li class=\"elementor-icon-list-item\">\n\t\t\t\t\t\t\t\t\t\t\t<span class=\"elementor-icon-list-icon\">\n\t\t\t\t\t\t\t<i aria-hidden=\"true\" class=\"fas fa-clock\"><\/i>\t\t\t\t\t\t<\/span>\n\t\t\t\t\t\t\t\t\t\t<span class=\"elementor-icon-list-text\">7:40 Terminal of public transport (platform I3)<\/span>\n\t\t\t\t\t\t\t\t\t<\/li>\n\t\t\t\t\t\t\t\t<li class=\"elementor-icon-list-item\">\n\t\t\t\t\t\t\t\t\t\t\t<span class=\"elementor-icon-list-icon\">\n\t\t\t\t\t\t\t<i aria-hidden=\"true\" class=\"far fa-clock\"><\/i>\t\t\t\t\t\t<\/span>\n\t\t\t\t\t\t\t\t\t\t<span class=\"elementor-icon-list-text\">7:50 Adalbertinum<\/span>\n\t\t\t\t\t\t\t\t\t<\/li>\n\t\t\t\t\t\t\t\t<li class=\"elementor-icon-list-item\">\n\t\t\t\t\t\t\t\t\t\t\t<span class=\"elementor-icon-list-icon\">\n\t\t\t\t\t\t\t<i aria-hidden=\"true\" class=\"fas fa-clock\"><\/i>\t\t\t\t\t\t<\/span>\n\t\t\t\t\t\t\t\t\t\t<span class=\"elementor-icon-list-text\">8:00 Alessandria<\/span>\n\t\t\t\t\t\t\t\t\t<\/li>\n\t\t\t\t\t\t<\/ul>\n\t\t\t\t\t\t<\/div>\n\t\t\t\t<\/div>\n\t\t\t\t<div class=\"elementor-element elementor-element-5c7a769 elementor-widget elementor-widget-heading\" data-id=\"5c7a769\" data-element_type=\"widget\" data-e-type=\"widget\" data-widget_type=\"heading.default\">\n\t\t\t\t<div class=\"elementor-widget-container\">\n\t\t\t\t\t<h2 class=\"elementor-heading-title elementor-size-default\">Departure from De\u0161tn\u00e1<\/h2>\t\t\t\t<\/div>\n\t\t\t\t<\/div>\n\t\t\t\t<div class=\"elementor-element elementor-element-d26bc75 elementor-align-center elementor-icon-list--layout-traditional elementor-list-item-link-full_width elementor-widget elementor-widget-icon-list\" data-id=\"d26bc75\" data-element_type=\"widget\" data-e-type=\"widget\" data-widget_type=\"icon-list.default\">\n\t\t\t\t<div class=\"elementor-widget-container\">\n\t\t\t\t\t\t\t<ul class=\"elementor-icon-list-items\">\n\t\t\t\t\t\t\t<li class=\"elementor-icon-list-item\">\n\t\t\t\t\t\t\t\t\t\t\t<span class=\"elementor-icon-list-icon\">\n\t\t\t\t\t\t\t<i aria-hidden=\"true\" class=\"far fa-clock\"><\/i>\t\t\t\t\t\t<\/span>\n\t\t\t\t\t\t\t\t\t\t<span class=\"elementor-icon-list-text\">16:15 parking under the ski slope<\/span>\n\t\t\t\t\t\t\t\t\t<\/li>\n\t\t\t\t\t\t<\/ul>\n\t\t\t\t\t\t<\/div>\n\t\t\t\t<\/div>\n\t\t\t\t\t<\/div>\n\t\t\t\t<\/div>\n\t\t\t\t<\/div>","protected":false},"excerpt":{"rendered":"<p>N\u00e1stupn\u00ed zast\u00e1vky Odjezd z HK zast\u00e1vky ozna\u010deny n\u00e1pisem SKIBUS 7:15 Podz\u00e1m\u010d\u00ed 7:20 Bene\u0161ovka 7:25 Hotel Garni 7:40 Termin\u00e1l hromadn\u00e9 dopravy (n\u00e1stupi\u0161t\u011b I3) 7:50 Adalbertinum 8:00 Alessandria Odjezd z De\u0161tn\u00e9 16:15 parkovi\u0161t\u011b pod sjezdovkou<\/p>","protected":false},"author":4,"featured_media":0,"parent":7053,"menu_order":0,"comment_status":"closed","ping_status":"closed","template":"","meta":{"_acf_changed":false,"footnotes":""},"class_list":["post-21359","page","type-page","status-publish","hentry"],"acf":[],"yoast_head":"<!-- This site is optimized with the Yoast SEO Premium plugin v27.4 (Yoast SEO v27.4) - https:\/\/yoast.com\/product\/yoast-seo-premium-wordpress\/ -->\n<title>N\u00e1stupn\u00ed zast\u00e1vky Skibusu v aktu\u00e1ln\u00ed sez\u00f3n\u011b - Dopravn\u00ed podnik m\u011bsta Hradce Kr\u00e1lov\u00e9<\/title>\n<meta name=\"description\" content=\"Vyrazte s n\u00e1mi za ly\u017eov\u00e1n\u00edm. Pod\u00edvejte se, ze kter\u00fdch zast\u00e1vek a v kolik hodin skibus odj\u00ed\u017ed\u00ed a vyberte si tu nejbli\u017e\u0161\u00ed.\" \/>\n<meta name=\"robots\" content=\"index, follow, max-snippet:-1, max-image-preview:large, max-video-preview:-1\" \/>\n<link rel=\"canonical\" href=\"https:\/\/www.dpmhk.cz\/ostatni-sluzby\/skibus\/nastupni-zastavky\/\" \/>\n<meta property=\"og:locale\" content=\"en_US\" \/>\n<meta property=\"og:type\" content=\"article\" \/>\n<meta property=\"og:title\" content=\"N\u00e1stupn\u00ed zast\u00e1vky\" \/>\n<meta property=\"og:description\" content=\"Vyrazte s n\u00e1mi za ly\u017eov\u00e1n\u00edm. Pod\u00edvejte se, ze kter\u00fdch zast\u00e1vek a v kolik hodin skibus odj\u00ed\u017ed\u00ed a vyberte si tu nejbli\u017e\u0161\u00ed.\" \/>\n<meta property=\"og:url\" content=\"https:\/\/www.dpmhk.cz\/ostatni-sluzby\/skibus\/nastupni-zastavky\/\" \/>\n<meta property=\"og:site_name\" content=\"Dopravn\u00ed podnik m\u011bsta Hradce Kr\u00e1lov\u00e9\" \/>\n<meta property=\"article:publisher\" content=\"https:\/\/www.facebook.com\/dopravnipodnikhk\/\" \/>\n<meta property=\"article:modified_time\" content=\"2026-04-20T12:25:25+00:00\" \/>\n<meta property=\"og:image\" content=\"https:\/\/dpmhk.cz\/wp-content\/uploads\/2025\/11\/dopravni-podnik-hk-oznacnik-zastavka.jpg\" \/>\n\t<meta property=\"og:image:width\" content=\"1600\" \/>\n\t<meta property=\"og:image:height\" content=\"1067\" \/>\n\t<meta property=\"og:image:type\" content=\"image\/jpeg\" \/>\n<meta name=\"twitter:card\" content=\"summary_large_image\" \/>\n<meta name=\"twitter:label1\" content=\"Est. reading time\" \/>\n\t<meta name=\"twitter:data1\" content=\"1 minute\" \/>\n<script type=\"application\/ld+json\" class=\"yoast-schema-graph\">{\"@context\":\"https:\\\/\\\/schema.org\",\"@graph\":[{\"@type\":\"WebPage\",\"@id\":\"https:\\\/\\\/www.dpmhk.cz\\\/ostatni-sluzby\\\/skibus\\\/nastupni-zastavky\\\/\",\"url\":\"https:\\\/\\\/www.dpmhk.cz\\\/ostatni-sluzby\\\/skibus\\\/nastupni-zastavky\\\/\",\"name\":\"N\u00e1stupn\u00ed zast\u00e1vky Skibusu v aktu\u00e1ln\u00ed sez\u00f3n\u011b - Dopravn\u00ed podnik m\u011bsta Hradce Kr\u00e1lov\u00e9\",\"isPartOf\":{\"@id\":\"https:\\\/\\\/www.dpmhk.cz\\\/cz\\\/#website\"},\"datePublished\":\"2026-03-11T08:52:01+00:00\",\"dateModified\":\"2026-04-20T12:25:25+00:00\",\"description\":\"Vyrazte s n\u00e1mi za ly\u017eov\u00e1n\u00edm. Pod\u00edvejte se, ze kter\u00fdch zast\u00e1vek a v kolik hodin skibus odj\u00ed\u017ed\u00ed a vyberte si tu nejbli\u017e\u0161\u00ed.\",\"breadcrumb\":{\"@id\":\"https:\\\/\\\/www.dpmhk.cz\\\/ostatni-sluzby\\\/skibus\\\/nastupni-zastavky\\\/#breadcrumb\"},\"inLanguage\":\"en-US\",\"potentialAction\":[{\"@type\":\"ReadAction\",\"target\":[\"https:\\\/\\\/www.dpmhk.cz\\\/ostatni-sluzby\\\/skibus\\\/nastupni-zastavky\\\/\"]}]},{\"@type\":\"BreadcrumbList\",\"@id\":\"https:\\\/\\\/www.dpmhk.cz\\\/ostatni-sluzby\\\/skibus\\\/nastupni-zastavky\\\/#breadcrumb\",\"itemListElement\":[{\"@type\":\"ListItem\",\"position\":1,\"name\":\"Dom\u016f\",\"item\":\"https:\\\/\\\/www.dpmhk.cz\\\/\"},{\"@type\":\"ListItem\",\"position\":2,\"name\":\"Ostatn\u00ed slu\u017eby\",\"item\":\"https:\\\/\\\/dpmhk.cz\\\/cz\\\/ostatni-sluzby\\\/\"},{\"@type\":\"ListItem\",\"position\":3,\"name\":\"Skibus\",\"item\":\"https:\\\/\\\/www.dpmhk.cz\\\/en\\\/last-services\\\/skibus\\\/\"},{\"@type\":\"ListItem\",\"position\":4,\"name\":\"N\u00e1stupn\u00ed zast\u00e1vky\"}]},{\"@type\":\"WebSite\",\"@id\":\"https:\\\/\\\/www.dpmhk.cz\\\/cz\\\/#website\",\"url\":\"https:\\\/\\\/www.dpmhk.cz\\\/cz\\\/\",\"name\":\"Dopravn\u00ed podnik m\u011bsta Hradce Kr\u00e1lov\u00e9\",\"description\":\"Ofici\u00e1ln\u00ed webov\u00e9 str\u00e1nky\",\"publisher\":{\"@id\":\"https:\\\/\\\/www.dpmhk.cz\\\/cz\\\/#organization\"},\"alternateName\":\"Dopravn\u00ed podnik m\u011bsta Hradce Kr\u00e1lov\u00e9\",\"potentialAction\":[{\"@type\":\"SearchAction\",\"target\":{\"@type\":\"EntryPoint\",\"urlTemplate\":\"https:\\\/\\\/www.dpmhk.cz\\\/cz\\\/?s={search_term_string}\"},\"query-input\":{\"@type\":\"PropertyValueSpecification\",\"valueRequired\":true,\"valueName\":\"search_term_string\"}}],\"inLanguage\":\"en-US\"},{\"@type\":[\"Organization\",\"Place\"],\"@id\":\"https:\\\/\\\/www.dpmhk.cz\\\/cz\\\/#organization\",\"name\":\"Dopravn\u00ed podnik m\u011bsta Hradce Kr\u00e1lov\u00e9, a.s.\",\"alternateName\":\"DPmHK\",\"url\":\"https:\\\/\\\/www.dpmhk.cz\\\/cz\\\/\",\"logo\":{\"@id\":\"https:\\\/\\\/www.dpmhk.cz\\\/ostatni-sluzby\\\/skibus\\\/nastupni-zastavky\\\/#local-main-organization-logo\"},\"image\":{\"@id\":\"https:\\\/\\\/www.dpmhk.cz\\\/ostatni-sluzby\\\/skibus\\\/nastupni-zastavky\\\/#local-main-organization-logo\"},\"sameAs\":[\"https:\\\/\\\/www.facebook.com\\\/dopravnipodnikhk\\\/\",\"https:\\\/\\\/www.instagram.com\\\/dopravnipodnikhk\\\/\",\"https:\\\/\\\/www.youtube.com\\\/@dopravnipodnik-hk\"],\"legalName\":\"Dopravn\u00ed podnik m\u011bsta Hradce Kr\u00e1lov\u00e9, a.s.\",\"foundingDate\":\"1948-04-26\",\"numberOfEmployees\":{\"@type\":\"QuantitativeValue\",\"minValue\":\"201\",\"maxValue\":\"500\"},\"ownershipFundingInfo\":\"https:\\\/\\\/dpmhk.cz\\\/cz\\\/o-nas\\\/o-spolecnosti\\\/\",\"actionableFeedbackPolicy\":\"https:\\\/\\\/dpmhk.cz\\\/cz\\\/o-nas\\\/dokumenty-formulare\\\/\",\"ethicsPolicy\":\"https:\\\/\\\/dpmhk.cz\\\/cz\\\/o-nas\\\/o-spolecnosti\\\/\",\"diversityStaffingReport\":\"https:\\\/\\\/dpmhk.cz\\\/cz\\\/kariera\\\/\",\"address\":{\"@id\":\"https:\\\/\\\/www.dpmhk.cz\\\/ostatni-sluzby\\\/skibus\\\/nastupni-zastavky\\\/#local-main-place-address\"},\"telephone\":[\"+420 495 089 271\",\"+420 495 546 095\"],\"contactPoint\":{\"@type\":\"ContactPoint\",\"email\":\"info@dpmhk.cz\"},\"openingHoursSpecification\":[{\"@type\":\"OpeningHoursSpecification\",\"dayOfWeek\":[\"Monday\",\"Wednesday\"],\"opens\":\"07:00\",\"closes\":\"17:00\"},{\"@type\":\"OpeningHoursSpecification\",\"dayOfWeek\":[\"Tuesday\",\"Thursday\"],\"opens\":\"07:00\",\"closes\":\"16:30\"},{\"@type\":\"OpeningHoursSpecification\",\"dayOfWeek\":[\"Friday\"],\"opens\":\"07:00\",\"closes\":\"15:00\"},{\"@type\":\"OpeningHoursSpecification\",\"dayOfWeek\":[\"Saturday\",\"Sunday\"],\"opens\":\"00:00\",\"closes\":\"00:00\"}],\"vatID\":\"CZ25267213\",\"taxID\":\"25267213\"},{\"@type\":\"PostalAddress\",\"@id\":\"https:\\\/\\\/www.dpmhk.cz\\\/ostatni-sluzby\\\/skibus\\\/nastupni-zastavky\\\/#local-main-place-address\",\"streetAddress\":\"Pouchovsk\u00e1 153\",\"addressLocality\":\"Hradec Kr\u00e1lov\u00e9\",\"postalCode\":\"500 03\",\"addressRegion\":\"Aktivn\u00ed\",\"addressCountry\":\"CZ\"},{\"@type\":\"ImageObject\",\"inLanguage\":\"en-US\",\"@id\":\"https:\\\/\\\/www.dpmhk.cz\\\/ostatni-sluzby\\\/skibus\\\/nastupni-zastavky\\\/#local-main-organization-logo\",\"url\":\"https:\\\/\\\/dpmhk.cz\\\/wp-content\\\/uploads\\\/2025\\\/11\\\/DP_HK_Logo_cerne2025-1.svg\",\"contentUrl\":\"https:\\\/\\\/dpmhk.cz\\\/wp-content\\\/uploads\\\/2025\\\/11\\\/DP_HK_Logo_cerne2025-1.svg\",\"width\":123,\"height\":60,\"caption\":\"Dopravn\u00ed podnik m\u011bsta Hradce Kr\u00e1lov\u00e9, a.s.\"}]}<\/script>\n<meta name=\"geo.placename\" content=\"Hradec Kr\u00e1lov\u00e9\" \/>\n<meta name=\"geo.region\" content=\"Czech Republic\" \/>\n<!-- \/ Yoast SEO Premium plugin. -->","yoast_head_json":{"title":"N\u00e1stupn\u00ed zast\u00e1vky Skibusu v aktu\u00e1ln\u00ed sez\u00f3n\u011b - Dopravn\u00ed podnik m\u011bsta Hradce Kr\u00e1lov\u00e9","description":"Vyrazte s n\u00e1mi za ly\u017eov\u00e1n\u00edm. Pod\u00edvejte se, ze kter\u00fdch zast\u00e1vek a v kolik hodin skibus odj\u00ed\u017ed\u00ed a vyberte si tu nejbli\u017e\u0161\u00ed.","robots":{"index":"index","follow":"follow","max-snippet":"max-snippet:-1","max-image-preview":"max-image-preview:large","max-video-preview":"max-video-preview:-1"},"canonical":"https:\/\/www.dpmhk.cz\/ostatni-sluzby\/skibus\/nastupni-zastavky\/","og_locale":"en_US","og_type":"article","og_title":"N\u00e1stupn\u00ed zast\u00e1vky","og_description":"Vyrazte s n\u00e1mi za ly\u017eov\u00e1n\u00edm. Pod\u00edvejte se, ze kter\u00fdch zast\u00e1vek a v kolik hodin skibus odj\u00ed\u017ed\u00ed a vyberte si tu nejbli\u017e\u0161\u00ed.","og_url":"https:\/\/www.dpmhk.cz\/ostatni-sluzby\/skibus\/nastupni-zastavky\/","og_site_name":"Dopravn\u00ed podnik m\u011bsta Hradce Kr\u00e1lov\u00e9","article_publisher":"https:\/\/www.facebook.com\/dopravnipodnikhk\/","article_modified_time":"2026-04-20T12:25:25+00:00","og_image":[{"width":1600,"height":1067,"url":"https:\/\/dpmhk.cz\/wp-content\/uploads\/2025\/11\/dopravni-podnik-hk-oznacnik-zastavka.jpg","type":"image\/jpeg"}],"twitter_card":"summary_large_image","twitter_misc":{"Est. reading time":"1 minute"},"schema":{"@context":"https:\/\/schema.org","@graph":[{"@type":"WebPage","@id":"https:\/\/www.dpmhk.cz\/ostatni-sluzby\/skibus\/nastupni-zastavky\/","url":"https:\/\/www.dpmhk.cz\/ostatni-sluzby\/skibus\/nastupni-zastavky\/","name":"N\u00e1stupn\u00ed zast\u00e1vky Skibusu v aktu\u00e1ln\u00ed sez\u00f3n\u011b - Dopravn\u00ed podnik m\u011bsta Hradce Kr\u00e1lov\u00e9","isPartOf":{"@id":"https:\/\/www.dpmhk.cz\/cz\/#website"},"datePublished":"2026-03-11T08:52:01+00:00","dateModified":"2026-04-20T12:25:25+00:00","description":"Vyrazte s n\u00e1mi za ly\u017eov\u00e1n\u00edm. Pod\u00edvejte se, ze kter\u00fdch zast\u00e1vek a v kolik hodin skibus odj\u00ed\u017ed\u00ed a vyberte si tu nejbli\u017e\u0161\u00ed.","breadcrumb":{"@id":"https:\/\/www.dpmhk.cz\/ostatni-sluzby\/skibus\/nastupni-zastavky\/#breadcrumb"},"inLanguage":"en-US","potentialAction":[{"@type":"ReadAction","target":["https:\/\/www.dpmhk.cz\/ostatni-sluzby\/skibus\/nastupni-zastavky\/"]}]},{"@type":"BreadcrumbList","@id":"https:\/\/www.dpmhk.cz\/ostatni-sluzby\/skibus\/nastupni-zastavky\/#breadcrumb","itemListElement":[{"@type":"ListItem","position":1,"name":"Dom\u016f","item":"https:\/\/www.dpmhk.cz\/"},{"@type":"ListItem","position":2,"name":"Ostatn\u00ed slu\u017eby","item":"https:\/\/dpmhk.cz\/cz\/ostatni-sluzby\/"},{"@type":"ListItem","position":3,"name":"Skibus","item":"https:\/\/www.dpmhk.cz\/en\/last-services\/skibus\/"},{"@type":"ListItem","position":4,"name":"N\u00e1stupn\u00ed zast\u00e1vky"}]},{"@type":"WebSite","@id":"https:\/\/www.dpmhk.cz\/cz\/#website","url":"https:\/\/www.dpmhk.cz\/cz\/","name":"Hradec Kr\u00e1lov\u00e9 City Transport Company","description":"Official website","publisher":{"@id":"https:\/\/www.dpmhk.cz\/cz\/#organization"},"alternateName":"Dopravn\u00ed podnik m\u011bsta Hradce Kr\u00e1lov\u00e9","potentialAction":[{"@type":"SearchAction","target":{"@type":"EntryPoint","urlTemplate":"https:\/\/www.dpmhk.cz\/cz\/?s={search_term_string}"},"query-input":{"@type":"PropertyValueSpecification","valueRequired":true,"valueName":"search_term_string"}}],"inLanguage":"en-US"},{"@type":["Organization","Place"],"@id":"https:\/\/www.dpmhk.cz\/cz\/#organization","name":"Hradec Kr\u00e1lov\u00e9 City Transport Company, a.s.","alternateName":"DPmHK","url":"https:\/\/www.dpmhk.cz\/cz\/","logo":{"@id":"https:\/\/www.dpmhk.cz\/ostatni-sluzby\/skibus\/nastupni-zastavky\/#local-main-organization-logo"},"image":{"@id":"https:\/\/www.dpmhk.cz\/ostatni-sluzby\/skibus\/nastupni-zastavky\/#local-main-organization-logo"},"sameAs":["https:\/\/www.facebook.com\/dopravnipodnikhk\/","https:\/\/www.instagram.com\/dopravnipodnikhk\/","https:\/\/www.youtube.com\/@dopravnipodnik-hk"],"legalName":"Dopravn\u00ed podnik m\u011bsta Hradce Kr\u00e1lov\u00e9, a.s.","foundingDate":"1948-04-26","numberOfEmployees":{"@type":"QuantitativeValue","minValue":"201","maxValue":"500"},"ownershipFundingInfo":"https:\/\/dpmhk.cz\/cz\/o-nas\/o-spolecnosti\/","actionableFeedbackPolicy":"https:\/\/dpmhk.cz\/cz\/o-nas\/dokumenty-formulare\/","ethicsPolicy":"https:\/\/dpmhk.cz\/cz\/o-nas\/o-spolecnosti\/","diversityStaffingReport":"https:\/\/dpmhk.cz\/cz\/kariera\/","address":{"@id":"https:\/\/www.dpmhk.cz\/ostatni-sluzby\/skibus\/nastupni-zastavky\/#local-main-place-address"},"telephone":["+420 495 089 271","+420 495 546 095"],"contactPoint":{"@type":"ContactPoint","email":"info@dpmhk.cz"},"openingHoursSpecification":[{"@type":"OpeningHoursSpecification","dayOfWeek":["Monday","Wednesday"],"opens":"07:00","closes":"17:00"},{"@type":"OpeningHoursSpecification","dayOfWeek":["Tuesday","Thursday"],"opens":"07:00","closes":"16:30"},{"@type":"OpeningHoursSpecification","dayOfWeek":["Friday"],"opens":"07:00","closes":"15:00"},{"@type":"OpeningHoursSpecification","dayOfWeek":["Saturday","Sunday"],"opens":"00:00","closes":"00:00"}],"vatID":"CZ25267213","taxID":"25267213"},{"@type":"PostalAddress","@id":"https:\/\/www.dpmhk.cz\/ostatni-sluzby\/skibus\/nastupni-zastavky\/#local-main-place-address","streetAddress":"Pouchovsk\u00e1 153","addressLocality":"Hradec Kr\u00e1lov\u00e9","postalCode":"500 03","addressRegion":"Aktivn\u00ed","addressCountry":"CZ"},{"@type":"ImageObject","inLanguage":"en-US","@id":"https:\/\/www.dpmhk.cz\/ostatni-sluzby\/skibus\/nastupni-zastavky\/#local-main-organization-logo","url":"https:\/\/dpmhk.cz\/wp-content\/uploads\/2025\/11\/DP_HK_Logo_cerne2025-1.svg","contentUrl":"https:\/\/dpmhk.cz\/wp-content\/uploads\/2025\/11\/DP_HK_Logo_cerne2025-1.svg","width":123,"height":60,"caption":"Dopravn\u00ed podnik m\u011bsta Hradce Kr\u00e1lov\u00e9, a.s."}]},"geo.placename":"Hradec Kr\u00e1lov\u00e9","geo.region":"Czech Republic"},"_links":{"self":[{"href":"https:\/\/dpmhk.cz\/en\/wp-json\/wp\/v2\/pages\/21359","targetHints":{"allow":["GET"]}}],"collection":[{"href":"https:\/\/dpmhk.cz\/en\/wp-json\/wp\/v2\/pages"}],"about":[{"href":"https:\/\/dpmhk.cz\/en\/wp-json\/wp\/v2\/types\/page"}],"author":[{"embeddable":true,"href":"https:\/\/dpmhk.cz\/en\/wp-json\/wp\/v2\/users\/4"}],"replies":[{"embeddable":true,"href":"https:\/\/dpmhk.cz\/en\/wp-json\/wp\/v2\/comments?post=21359"}],"version-history":[{"count":4,"href":"https:\/\/dpmhk.cz\/en\/wp-json\/wp\/v2\/pages\/21359\/revisions"}],"predecessor-version":[{"id":23296,"href":"https:\/\/dpmhk.cz\/en\/wp-json\/wp\/v2\/pages\/21359\/revisions\/23296"}],"up":[{"embeddable":true,"href":"https:\/\/dpmhk.cz\/en\/wp-json\/wp\/v2\/pages\/7053"}],"wp:attachment":[{"href":"https:\/\/dpmhk.cz\/en\/wp-json\/wp\/v2\/media?parent=21359"}],"curies":[{"name":"wp","href":"https:\/\/api.w.org\/{rel}","templated":true}]}}