{"id":7336,"date":"2025-11-19T08:33:45","date_gmt":"2025-11-19T07:33:45","guid":{"rendered":"https:\/\/www.dopravnipodnikhk.cz\/?page_id=7336"},"modified":"2026-04-20T09:48:42","modified_gmt":"2026-04-20T07:48:42","slug":"menu","status":"publish","type":"page","link":"https:\/\/dpmhk.cz\/en\/ostatni-sluzby\/zajezdova-doprava\/nabidka\/","title":{"rendered":"Offer"},"content":{"rendered":"<div data-elementor-type=\"wp-page\" data-elementor-id=\"7336\" class=\"elementor elementor-7336\" wpc-filter-elementor-widget=\"1\" data-elementor-post-type=\"page\">\n\t\t\t\t<div class=\"elementor-element elementor-element-dee7eb0 e-flex e-con-boxed e-con e-parent\" data-id=\"dee7eb0\" data-element_type=\"container\" data-e-type=\"container\">\n\t\t\t\t\t<div class=\"e-con-inner\">\n\t\t\t\t<div class=\"elementor-element elementor-element-bce2e9e elementor-widget elementor-widget-breadcrumbs\" data-id=\"bce2e9e\" data-element_type=\"widget\" data-e-type=\"widget\" data-widget_type=\"breadcrumbs.default\">\n\t\t\t\t<div class=\"elementor-widget-container\">\n\t\t\t\t\t<p id=\"breadcrumbs\"><span><span><a href=\"https:\/\/dpmhk.cz\/en\/\"><span class=\"fa fa-home\" aria-hidden=\"true\"><\/span><span class=\"screen-reader-text\">Home<\/span><\/a><\/span><\/span><\/p>\t\t\t\t<\/div>\n\t\t\t\t<\/div>\n\t\t\t\t<div class=\"elementor-element elementor-element-d461d31 elementor-widget elementor-widget-heading\" data-id=\"d461d31\" data-element_type=\"widget\" data-e-type=\"widget\" data-widget_type=\"heading.default\">\n\t\t\t\t<div class=\"elementor-widget-container\">\n\t\t\t\t\t<h1 class=\"elementor-heading-title elementor-size-default\">Offer<\/h1>\t\t\t\t<\/div>\n\t\t\t\t<\/div>\n\t\t\t\t\t<\/div>\n\t\t\t\t<\/div>\n\t\t<div class=\"elementor-element elementor-element-f7e8523 e-flex e-con-boxed e-con e-parent\" data-id=\"f7e8523\" data-element_type=\"container\" data-e-type=\"container\">\n\t\t\t\t\t<div class=\"e-con-inner\">\n\t\t<div class=\"elementor-element elementor-element-6a04e80 e-con-full e-flex e-con e-child\" data-id=\"6a04e80\" data-element_type=\"container\" data-e-type=\"container\" data-settings=\"{&quot;background_background&quot;:&quot;classic&quot;}\">\n\t\t\t\t<div class=\"elementor-element elementor-element-402b5de elementor-widget elementor-widget-heading\" data-id=\"402b5de\" data-element_type=\"widget\" data-e-type=\"widget\" data-widget_type=\"heading.default\">\n\t\t\t\t<div class=\"elementor-widget-container\">\n\t\t\t\t\t<h2 class=\"elementor-heading-title elementor-size-default\">Tour transport Hradec Kr\u00e1lov\u00e9 City Transport Company a.s.<\/h2>\t\t\t\t<\/div>\n\t\t\t\t<\/div>\n\t\t\t\t<div class=\"elementor-element elementor-element-2f7beed elementor-widget elementor-widget-text-editor\" data-id=\"2f7beed\" data-element_type=\"widget\" data-e-type=\"widget\" data-widget_type=\"text-editor.default\">\n\t\t\t\t<div class=\"elementor-widget-container\">\n\t\t\t\t\t\t\t\t\t<p>Operation of the office in the headquarters of DPmHK, Pouchovsk\u00e1 Street:\u00a0<\/p><p><strong>Monday to Friday - 7:00 a.m. to 3:00 p.m.<\/strong><\/p><h3><strong>Contacts:<\/strong><\/h3><ul><li>Phone: <a href=\"tel:+420495089258\">495 089 258<\/a>\u00a0<\/li><li>Mobile:\u00a0<a href=\"tel:+420734385557\">734\u00a0358 557<\/a><\/li><li>Fax: 495 089 258<\/li><li>Email:\u00a0<a href=\"mailto:zajezdovka@dpmhk.cz\">zajezdovka@dpmhk.cz<\/a><\/li><\/ul><p>\u00a0Prices are negotiable according to the conditions of each tour.<\/p><h3><strong>Offer:<\/strong><\/h3><p><strong>Car<\/strong><br \/>MAN R07 - capacity 49 seats, equipment: air conditioning, DVD, WC<\/p><p>MAN R08 - Capacity 57 seats, equipment: air conditioning, DVD, WC<\/p><p>We offer domestic and international transport with luxury MAN buses and SOR long-distance buses with experienced drivers for:<\/p><ul><li>companies and institutions (kindergartens, schools, excursions, swimming, trips, etc.)<\/li><li>sports clubs (transport to training camps, ski training, etc.)<\/li><li>travel agencies (holiday tours, day trips, sightseeing tours throughout Europe, etc.)<\/li><li>private events (weddings, wine cellar)<\/li><\/ul>\t\t\t\t\t\t\t\t<\/div>\n\t\t\t\t<\/div>\n\t\t<div class=\"elementor-element elementor-element-2bae519 e-con-full e-flex e-con e-child\" data-id=\"2bae519\" data-element_type=\"container\" data-e-type=\"container\" data-settings=\"{&quot;background_background&quot;:&quot;classic&quot;}\">\n\t\t\t\t<div class=\"elementor-element elementor-element-d23b961 elementor-widget elementor-widget-image\" data-id=\"d23b961\" data-element_type=\"widget\" data-e-type=\"widget\" data-widget_type=\"image.default\">\n\t\t\t\t<div class=\"elementor-widget-container\">\n\t\t\t\t\t\t\t\t\t\t\t\t\t\t\t<img fetchpriority=\"high\" decoding=\"async\" width=\"768\" height=\"476\" src=\"https:\/\/dpmhk.cz\/wp-content\/uploads\/2025\/12\/MAN_DISP-768x476.jpg\" class=\"attachment-medium_large size-medium_large wp-image-11225\" alt=\"Tour bus in front of the HK public transport dispatching centre\" srcset=\"https:\/\/dpmhk.cz\/wp-content\/uploads\/2025\/12\/MAN_DISP-768x476.jpg 768w, https:\/\/dpmhk.cz\/wp-content\/uploads\/2025\/12\/MAN_DISP-300x186.jpg 300w, https:\/\/dpmhk.cz\/wp-content\/uploads\/2025\/12\/MAN_DISP-1600x991.jpg 1600w, https:\/\/dpmhk.cz\/wp-content\/uploads\/2025\/12\/MAN_DISP-1536x951.jpg 1536w, https:\/\/dpmhk.cz\/wp-content\/uploads\/2025\/12\/MAN_DISP-2048x1269.jpg 2048w, https:\/\/dpmhk.cz\/wp-content\/uploads\/2025\/12\/MAN_DISP-18x12.jpg 18w\" sizes=\"(max-width: 768px) 100vw, 768px\" \/>\t\t\t\t\t\t\t\t\t\t\t\t\t\t\t<\/div>\n\t\t\t\t<\/div>\n\t\t\t\t<div class=\"elementor-element elementor-element-e57bd7a elementor-widget elementor-widget-image\" data-id=\"e57bd7a\" data-element_type=\"widget\" data-e-type=\"widget\" data-widget_type=\"image.default\">\n\t\t\t\t<div class=\"elementor-widget-container\">\n\t\t\t\t\t\t\t\t\t\t\t\t\t\t\t<img decoding=\"async\" width=\"768\" height=\"476\" src=\"https:\/\/dpmhk.cz\/wp-content\/uploads\/2025\/12\/Svatba_ZD-768x476.png\" class=\"attachment-medium_large size-medium_large wp-image-11224\" alt=\"Rented HK public transport bus for the purpose of a wedding in the city centre\" srcset=\"https:\/\/dpmhk.cz\/wp-content\/uploads\/2025\/12\/Svatba_ZD-768x476.png 768w, https:\/\/dpmhk.cz\/wp-content\/uploads\/2025\/12\/Svatba_ZD-300x186.png 300w, https:\/\/dpmhk.cz\/wp-content\/uploads\/2025\/12\/Svatba_ZD-1600x991.png 1600w, https:\/\/dpmhk.cz\/wp-content\/uploads\/2025\/12\/Svatba_ZD-1536x951.png 1536w, https:\/\/dpmhk.cz\/wp-content\/uploads\/2025\/12\/Svatba_ZD-2048x1269.png 2048w, https:\/\/dpmhk.cz\/wp-content\/uploads\/2025\/12\/Svatba_ZD-18x12.png 18w\" sizes=\"(max-width: 768px) 100vw, 768px\" \/>\t\t\t\t\t\t\t\t\t\t\t\t\t\t\t<\/div>\n\t\t\t\t<\/div>\n\t\t\t\t<\/div>\n\t\t\t\t<div class=\"elementor-element elementor-element-b3a776f elementor-widget elementor-widget-text-editor\" data-id=\"b3a776f\" data-element_type=\"widget\" data-e-type=\"widget\" data-widget_type=\"text-editor.default\">\n\t\t\t\t<div class=\"elementor-widget-container\">\n\t\t\t\t\t\t\t\t\t<p>MAN buses meet the emission standards for entry into all European cities.<\/p>\t\t\t\t\t\t\t\t<\/div>\n\t\t\t\t<\/div>\n\t\t\t\t<\/div>\n\t\t\t\t\t<\/div>\n\t\t\t\t<\/div>\n\t\t\t\t<\/div>","protected":false},"excerpt":{"rendered":"<p>Nab\u00eddka Z\u00e1jezdov\u00e1 doprava Dopravn\u00ed podnik m\u011bsta Hradce Kr\u00e1lov\u00e9 a.s. Provoz kancel\u00e1\u0159e v\u00a0s\u00eddle DPmHK, Pouchovsk\u00e1 ul.:\u00a0 Pond\u011bl\u00ed a\u017e p\u00e1tek &#8211; 7:00 &#8211; 15:00 hod. Kontakty: Telefon: 495 089 258\u00a0 Mobil:\u00a0734\u00a0358 557 Fax: 495 089 258 Email:\u00a0zajezdovka@dpmhk.cz \u00a0Ceny smluvn\u00ed podle podm\u00ednek jednotliv\u00fdch z\u00e1jezd\u016f. Nab\u00eddka: V\u016fzMAN R07 &#8211; kapacita 49 m\u00edst, vybaven\u00ed: klimatizace, DVD, WC MAN R08 &#8211; [&hellip;]<\/p>\n","protected":false},"author":4,"featured_media":0,"parent":7047,"menu_order":0,"comment_status":"closed","ping_status":"closed","template":"","meta":{"_acf_changed":false,"footnotes":""},"class_list":["post-7336","page","type-page","status-publish","hentry"],"acf":[],"yoast_head":"<!-- This site is optimized with the Yoast SEO Premium plugin v27.4 (Yoast SEO v27.4) - https:\/\/yoast.com\/product\/yoast-seo-premium-wordpress\/ -->\n<title>Nab\u00eddka z\u00e1jezdov\u00e9 dopravy pro firmy, instituce, soukrom\u00e9 akce - Dopravn\u00ed podnik m\u011bsta Hradce Kr\u00e1lov\u00e9<\/title>\n<meta name=\"description\" content=\"Vyberte si z\u00e1jezdovou dopravu DPmHK pro firmy, \u0161koln\u00ed v\u00fdlety, sportovn\u00ed akce a soukrom\u00e9 oslavy s kvalitn\u00edmi busy a profesion\u00e1ln\u00edmi \u0159idi\u010di.\" \/>\n<meta name=\"robots\" content=\"index, follow, max-snippet:-1, max-image-preview:large, max-video-preview:-1\" \/>\n<link rel=\"canonical\" href=\"https:\/\/www.dpmhk.cz\/ostatni-sluzby\/zajezdova-doprava\/nabidka\/\" \/>\n<meta property=\"og:locale\" content=\"en_US\" \/>\n<meta property=\"og:type\" content=\"article\" \/>\n<meta property=\"og:title\" content=\"Nab\u00eddka\" \/>\n<meta property=\"og:description\" content=\"Vyberte si z\u00e1jezdovou dopravu DPmHK pro firmy, \u0161koln\u00ed v\u00fdlety, sportovn\u00ed akce a soukrom\u00e9 oslavy s kvalitn\u00edmi busy a profesion\u00e1ln\u00edmi \u0159idi\u010di.\" \/>\n<meta property=\"og:url\" content=\"https:\/\/www.dpmhk.cz\/ostatni-sluzby\/zajezdova-doprava\/nabidka\/\" \/>\n<meta property=\"og:site_name\" content=\"Dopravn\u00ed podnik m\u011bsta Hradce Kr\u00e1lov\u00e9\" \/>\n<meta property=\"article:publisher\" content=\"https:\/\/www.facebook.com\/dopravnipodnikhk\/\" \/>\n<meta property=\"article:modified_time\" content=\"2026-04-20T07:48:42+00:00\" \/>\n<meta property=\"og:image\" content=\"https:\/\/www.dpmhk.cz\/wp-content\/uploads\/2025\/12\/MAN_DISP-768x476.jpg\" \/>\n<meta name=\"twitter:card\" content=\"summary_large_image\" \/>\n<meta name=\"twitter:label1\" content=\"Est. reading time\" \/>\n\t<meta name=\"twitter:data1\" content=\"2 minutes\" \/>\n<script type=\"application\/ld+json\" class=\"yoast-schema-graph\">{\"@context\":\"https:\\\/\\\/schema.org\",\"@graph\":[{\"@type\":\"WebPage\",\"@id\":\"https:\\\/\\\/www.dpmhk.cz\\\/ostatni-sluzby\\\/zajezdova-doprava\\\/nabidka\\\/\",\"url\":\"https:\\\/\\\/www.dpmhk.cz\\\/ostatni-sluzby\\\/zajezdova-doprava\\\/nabidka\\\/\",\"name\":\"Nab\u00eddka z\u00e1jezdov\u00e9 dopravy pro firmy, instituce, soukrom\u00e9 akce - Dopravn\u00ed podnik m\u011bsta Hradce Kr\u00e1lov\u00e9\",\"isPartOf\":{\"@id\":\"https:\\\/\\\/www.dpmhk.cz\\\/cz\\\/#website\"},\"primaryImageOfPage\":{\"@id\":\"https:\\\/\\\/www.dpmhk.cz\\\/ostatni-sluzby\\\/zajezdova-doprava\\\/nabidka\\\/#primaryimage\"},\"image\":{\"@id\":\"https:\\\/\\\/www.dpmhk.cz\\\/ostatni-sluzby\\\/zajezdova-doprava\\\/nabidka\\\/#primaryimage\"},\"thumbnailUrl\":\"https:\\\/\\\/www.dpmhk.cz\\\/wp-content\\\/uploads\\\/2025\\\/12\\\/MAN_DISP-768x476.jpg\",\"datePublished\":\"2025-11-19T07:33:45+00:00\",\"dateModified\":\"2026-04-20T07:48:42+00:00\",\"description\":\"Vyberte si z\u00e1jezdovou dopravu DPmHK pro firmy, \u0161koln\u00ed v\u00fdlety, sportovn\u00ed akce a soukrom\u00e9 oslavy s kvalitn\u00edmi busy a profesion\u00e1ln\u00edmi \u0159idi\u010di.\",\"breadcrumb\":{\"@id\":\"https:\\\/\\\/www.dpmhk.cz\\\/ostatni-sluzby\\\/zajezdova-doprava\\\/nabidka\\\/#breadcrumb\"},\"inLanguage\":\"en-US\",\"potentialAction\":[{\"@type\":\"ReadAction\",\"target\":[\"https:\\\/\\\/www.dpmhk.cz\\\/ostatni-sluzby\\\/zajezdova-doprava\\\/nabidka\\\/\"]}]},{\"@type\":\"ImageObject\",\"inLanguage\":\"en-US\",\"@id\":\"https:\\\/\\\/www.dpmhk.cz\\\/ostatni-sluzby\\\/zajezdova-doprava\\\/nabidka\\\/#primaryimage\",\"url\":\"https:\\\/\\\/www.dpmhk.cz\\\/wp-content\\\/uploads\\\/2025\\\/12\\\/MAN_DISP-768x476.jpg\",\"contentUrl\":\"https:\\\/\\\/www.dpmhk.cz\\\/wp-content\\\/uploads\\\/2025\\\/12\\\/MAN_DISP-768x476.jpg\"},{\"@type\":\"BreadcrumbList\",\"@id\":\"https:\\\/\\\/www.dpmhk.cz\\\/ostatni-sluzby\\\/zajezdova-doprava\\\/nabidka\\\/#breadcrumb\",\"itemListElement\":[{\"@type\":\"ListItem\",\"position\":1,\"name\":\"Dom\u016f\",\"item\":\"https:\\\/\\\/www.dpmhk.cz\\\/\"},{\"@type\":\"ListItem\",\"position\":2,\"name\":\"Ostatn\u00ed slu\u017eby\",\"item\":\"https:\\\/\\\/dpmhk.cz\\\/cz\\\/ostatni-sluzby\\\/\"},{\"@type\":\"ListItem\",\"position\":3,\"name\":\"Z\u00e1jezdov\u00e1 doprava\",\"item\":\"https:\\\/\\\/www.dpmhk.cz\\\/ostatni-sluzby\\\/zajezdova-doprava\\\/\"},{\"@type\":\"ListItem\",\"position\":4,\"name\":\"Nab\u00eddka\"}]},{\"@type\":\"WebSite\",\"@id\":\"https:\\\/\\\/www.dpmhk.cz\\\/cz\\\/#website\",\"url\":\"https:\\\/\\\/www.dpmhk.cz\\\/cz\\\/\",\"name\":\"Dopravn\u00ed podnik m\u011bsta Hradce Kr\u00e1lov\u00e9\",\"description\":\"Ofici\u00e1ln\u00ed webov\u00e9 str\u00e1nky\",\"publisher\":{\"@id\":\"https:\\\/\\\/www.dpmhk.cz\\\/cz\\\/#organization\"},\"alternateName\":\"Dopravn\u00ed podnik m\u011bsta Hradce Kr\u00e1lov\u00e9\",\"potentialAction\":[{\"@type\":\"SearchAction\",\"target\":{\"@type\":\"EntryPoint\",\"urlTemplate\":\"https:\\\/\\\/www.dpmhk.cz\\\/cz\\\/?s={search_term_string}\"},\"query-input\":{\"@type\":\"PropertyValueSpecification\",\"valueRequired\":true,\"valueName\":\"search_term_string\"}}],\"inLanguage\":\"en-US\"},{\"@type\":[\"Organization\",\"Place\"],\"@id\":\"https:\\\/\\\/www.dpmhk.cz\\\/cz\\\/#organization\",\"name\":\"Dopravn\u00ed podnik m\u011bsta Hradce Kr\u00e1lov\u00e9, a.s.\",\"alternateName\":\"DPmHK\",\"url\":\"https:\\\/\\\/www.dpmhk.cz\\\/cz\\\/\",\"logo\":{\"@id\":\"https:\\\/\\\/www.dpmhk.cz\\\/ostatni-sluzby\\\/zajezdova-doprava\\\/nabidka\\\/#local-main-organization-logo\"},\"image\":{\"@id\":\"https:\\\/\\\/www.dpmhk.cz\\\/ostatni-sluzby\\\/zajezdova-doprava\\\/nabidka\\\/#local-main-organization-logo\"},\"sameAs\":[\"https:\\\/\\\/www.facebook.com\\\/dopravnipodnikhk\\\/\",\"https:\\\/\\\/www.instagram.com\\\/dopravnipodnikhk\\\/\",\"https:\\\/\\\/www.youtube.com\\\/@dopravnipodnik-hk\"],\"legalName\":\"Dopravn\u00ed podnik m\u011bsta Hradce Kr\u00e1lov\u00e9, a.s.\",\"foundingDate\":\"1948-04-26\",\"numberOfEmployees\":{\"@type\":\"QuantitativeValue\",\"minValue\":\"201\",\"maxValue\":\"500\"},\"ownershipFundingInfo\":\"https:\\\/\\\/dpmhk.cz\\\/cz\\\/o-nas\\\/o-spolecnosti\\\/\",\"actionableFeedbackPolicy\":\"https:\\\/\\\/dpmhk.cz\\\/cz\\\/o-nas\\\/dokumenty-formulare\\\/\",\"ethicsPolicy\":\"https:\\\/\\\/dpmhk.cz\\\/cz\\\/o-nas\\\/o-spolecnosti\\\/\",\"diversityStaffingReport\":\"https:\\\/\\\/dpmhk.cz\\\/cz\\\/kariera\\\/\",\"address\":{\"@id\":\"https:\\\/\\\/www.dpmhk.cz\\\/ostatni-sluzby\\\/zajezdova-doprava\\\/nabidka\\\/#local-main-place-address\"},\"telephone\":[\"+420 495 089 271\",\"+420 495 546 095\"],\"contactPoint\":{\"@type\":\"ContactPoint\",\"email\":\"info@dpmhk.cz\"},\"openingHoursSpecification\":[{\"@type\":\"OpeningHoursSpecification\",\"dayOfWeek\":[\"Monday\",\"Wednesday\"],\"opens\":\"07:00\",\"closes\":\"17:00\"},{\"@type\":\"OpeningHoursSpecification\",\"dayOfWeek\":[\"Tuesday\",\"Thursday\"],\"opens\":\"07:00\",\"closes\":\"16:30\"},{\"@type\":\"OpeningHoursSpecification\",\"dayOfWeek\":[\"Friday\"],\"opens\":\"07:00\",\"closes\":\"15:00\"},{\"@type\":\"OpeningHoursSpecification\",\"dayOfWeek\":[\"Saturday\",\"Sunday\"],\"opens\":\"00:00\",\"closes\":\"00:00\"}],\"vatID\":\"CZ25267213\",\"taxID\":\"25267213\"},{\"@type\":\"PostalAddress\",\"@id\":\"https:\\\/\\\/www.dpmhk.cz\\\/ostatni-sluzby\\\/zajezdova-doprava\\\/nabidka\\\/#local-main-place-address\",\"streetAddress\":\"Pouchovsk\u00e1 153\",\"addressLocality\":\"Hradec Kr\u00e1lov\u00e9\",\"postalCode\":\"500 03\",\"addressRegion\":\"Aktivn\u00ed\",\"addressCountry\":\"CZ\"},{\"@type\":\"ImageObject\",\"inLanguage\":\"en-US\",\"@id\":\"https:\\\/\\\/www.dpmhk.cz\\\/ostatni-sluzby\\\/zajezdova-doprava\\\/nabidka\\\/#local-main-organization-logo\",\"url\":\"https:\\\/\\\/dpmhk.cz\\\/wp-content\\\/uploads\\\/2025\\\/11\\\/DP_HK_Logo_cerne2025-1.svg\",\"contentUrl\":\"https:\\\/\\\/dpmhk.cz\\\/wp-content\\\/uploads\\\/2025\\\/11\\\/DP_HK_Logo_cerne2025-1.svg\",\"width\":123,\"height\":60,\"caption\":\"Dopravn\u00ed podnik m\u011bsta Hradce Kr\u00e1lov\u00e9, a.s.\"}]}<\/script>\n<meta name=\"geo.placename\" content=\"Hradec Kr\u00e1lov\u00e9\" \/>\n<meta name=\"geo.region\" content=\"Czech Republic\" \/>\n<!-- \/ Yoast SEO Premium plugin. -->","yoast_head_json":{"title":"Offer of tour transport for companies, institutions, private events - Hradec Kr\u00e1lov\u00e9 City Transport Company","description":"Choose DPmHK tour transport for companies, school trips, sporting events and private parties with quality buses and professional drivers.","robots":{"index":"index","follow":"follow","max-snippet":"max-snippet:-1","max-image-preview":"max-image-preview:large","max-video-preview":"max-video-preview:-1"},"canonical":"https:\/\/www.dpmhk.cz\/ostatni-sluzby\/zajezdova-doprava\/nabidka\/","og_locale":"en_US","og_type":"article","og_title":"Nab\u00eddka","og_description":"Vyberte si z\u00e1jezdovou dopravu DPmHK pro firmy, \u0161koln\u00ed v\u00fdlety, sportovn\u00ed akce a soukrom\u00e9 oslavy s kvalitn\u00edmi busy a profesion\u00e1ln\u00edmi \u0159idi\u010di.","og_url":"https:\/\/www.dpmhk.cz\/ostatni-sluzby\/zajezdova-doprava\/nabidka\/","og_site_name":"Dopravn\u00ed podnik m\u011bsta Hradce Kr\u00e1lov\u00e9","article_publisher":"https:\/\/www.facebook.com\/dopravnipodnikhk\/","article_modified_time":"2026-04-20T07:48:42+00:00","og_image":[{"url":"https:\/\/www.dpmhk.cz\/wp-content\/uploads\/2025\/12\/MAN_DISP-768x476.jpg","type":"","width":"","height":""}],"twitter_card":"summary_large_image","twitter_misc":{"Est. reading time":"2 minutes"},"schema":{"@context":"https:\/\/schema.org","@graph":[{"@type":"WebPage","@id":"https:\/\/www.dpmhk.cz\/ostatni-sluzby\/zajezdova-doprava\/nabidka\/","url":"https:\/\/www.dpmhk.cz\/ostatni-sluzby\/zajezdova-doprava\/nabidka\/","name":"Offer of tour transport for companies, institutions, private events - Hradec Kr\u00e1lov\u00e9 City Transport Company","isPartOf":{"@id":"https:\/\/www.dpmhk.cz\/cz\/#website"},"primaryImageOfPage":{"@id":"https:\/\/www.dpmhk.cz\/ostatni-sluzby\/zajezdova-doprava\/nabidka\/#primaryimage"},"image":{"@id":"https:\/\/www.dpmhk.cz\/ostatni-sluzby\/zajezdova-doprava\/nabidka\/#primaryimage"},"thumbnailUrl":"https:\/\/www.dpmhk.cz\/wp-content\/uploads\/2025\/12\/MAN_DISP-768x476.jpg","datePublished":"2025-11-19T07:33:45+00:00","dateModified":"2026-04-20T07:48:42+00:00","description":"Choose DPmHK tour transport for companies, school trips, sporting events and private parties with quality buses and professional drivers.","breadcrumb":{"@id":"https:\/\/www.dpmhk.cz\/ostatni-sluzby\/zajezdova-doprava\/nabidka\/#breadcrumb"},"inLanguage":"en-US","potentialAction":[{"@type":"ReadAction","target":["https:\/\/www.dpmhk.cz\/ostatni-sluzby\/zajezdova-doprava\/nabidka\/"]}]},{"@type":"ImageObject","inLanguage":"en-US","@id":"https:\/\/www.dpmhk.cz\/ostatni-sluzby\/zajezdova-doprava\/nabidka\/#primaryimage","url":"https:\/\/www.dpmhk.cz\/wp-content\/uploads\/2025\/12\/MAN_DISP-768x476.jpg","contentUrl":"https:\/\/www.dpmhk.cz\/wp-content\/uploads\/2025\/12\/MAN_DISP-768x476.jpg"},{"@type":"BreadcrumbList","@id":"https:\/\/www.dpmhk.cz\/ostatni-sluzby\/zajezdova-doprava\/nabidka\/#breadcrumb","itemListElement":[{"@type":"ListItem","position":1,"name":"Dom\u016f","item":"https:\/\/www.dpmhk.cz\/"},{"@type":"ListItem","position":2,"name":"Ostatn\u00ed slu\u017eby","item":"https:\/\/dpmhk.cz\/cz\/ostatni-sluzby\/"},{"@type":"ListItem","position":3,"name":"Z\u00e1jezdov\u00e1 doprava","item":"https:\/\/www.dpmhk.cz\/ostatni-sluzby\/zajezdova-doprava\/"},{"@type":"ListItem","position":4,"name":"Nab\u00eddka"}]},{"@type":"WebSite","@id":"https:\/\/www.dpmhk.cz\/cz\/#website","url":"https:\/\/www.dpmhk.cz\/cz\/","name":"Hradec Kr\u00e1lov\u00e9 City Transport Company","description":"Official website","publisher":{"@id":"https:\/\/www.dpmhk.cz\/cz\/#organization"},"alternateName":"Dopravn\u00ed podnik m\u011bsta Hradce Kr\u00e1lov\u00e9","potentialAction":[{"@type":"SearchAction","target":{"@type":"EntryPoint","urlTemplate":"https:\/\/www.dpmhk.cz\/cz\/?s={search_term_string}"},"query-input":{"@type":"PropertyValueSpecification","valueRequired":true,"valueName":"search_term_string"}}],"inLanguage":"en-US"},{"@type":["Organization","Place"],"@id":"https:\/\/www.dpmhk.cz\/cz\/#organization","name":"Hradec Kr\u00e1lov\u00e9 City Transport Company, a.s.","alternateName":"DPmHK","url":"https:\/\/www.dpmhk.cz\/cz\/","logo":{"@id":"https:\/\/www.dpmhk.cz\/ostatni-sluzby\/zajezdova-doprava\/nabidka\/#local-main-organization-logo"},"image":{"@id":"https:\/\/www.dpmhk.cz\/ostatni-sluzby\/zajezdova-doprava\/nabidka\/#local-main-organization-logo"},"sameAs":["https:\/\/www.facebook.com\/dopravnipodnikhk\/","https:\/\/www.instagram.com\/dopravnipodnikhk\/","https:\/\/www.youtube.com\/@dopravnipodnik-hk"],"legalName":"Dopravn\u00ed podnik m\u011bsta Hradce Kr\u00e1lov\u00e9, a.s.","foundingDate":"1948-04-26","numberOfEmployees":{"@type":"QuantitativeValue","minValue":"201","maxValue":"500"},"ownershipFundingInfo":"https:\/\/dpmhk.cz\/cz\/o-nas\/o-spolecnosti\/","actionableFeedbackPolicy":"https:\/\/dpmhk.cz\/cz\/o-nas\/dokumenty-formulare\/","ethicsPolicy":"https:\/\/dpmhk.cz\/cz\/o-nas\/o-spolecnosti\/","diversityStaffingReport":"https:\/\/dpmhk.cz\/cz\/kariera\/","address":{"@id":"https:\/\/www.dpmhk.cz\/ostatni-sluzby\/zajezdova-doprava\/nabidka\/#local-main-place-address"},"telephone":["+420 495 089 271","+420 495 546 095"],"contactPoint":{"@type":"ContactPoint","email":"info@dpmhk.cz"},"openingHoursSpecification":[{"@type":"OpeningHoursSpecification","dayOfWeek":["Monday","Wednesday"],"opens":"07:00","closes":"17:00"},{"@type":"OpeningHoursSpecification","dayOfWeek":["Tuesday","Thursday"],"opens":"07:00","closes":"16:30"},{"@type":"OpeningHoursSpecification","dayOfWeek":["Friday"],"opens":"07:00","closes":"15:00"},{"@type":"OpeningHoursSpecification","dayOfWeek":["Saturday","Sunday"],"opens":"00:00","closes":"00:00"}],"vatID":"CZ25267213","taxID":"25267213"},{"@type":"PostalAddress","@id":"https:\/\/www.dpmhk.cz\/ostatni-sluzby\/zajezdova-doprava\/nabidka\/#local-main-place-address","streetAddress":"Pouchovsk\u00e1 153","addressLocality":"Hradec Kr\u00e1lov\u00e9","postalCode":"500 03","addressRegion":"Aktivn\u00ed","addressCountry":"CZ"},{"@type":"ImageObject","inLanguage":"en-US","@id":"https:\/\/www.dpmhk.cz\/ostatni-sluzby\/zajezdova-doprava\/nabidka\/#local-main-organization-logo","url":"https:\/\/dpmhk.cz\/wp-content\/uploads\/2025\/11\/DP_HK_Logo_cerne2025-1.svg","contentUrl":"https:\/\/dpmhk.cz\/wp-content\/uploads\/2025\/11\/DP_HK_Logo_cerne2025-1.svg","width":123,"height":60,"caption":"Dopravn\u00ed podnik m\u011bsta Hradce Kr\u00e1lov\u00e9, a.s."}]},"geo.placename":"Hradec Kr\u00e1lov\u00e9","geo.region":"Czech Republic"},"_links":{"self":[{"href":"https:\/\/dpmhk.cz\/en\/wp-json\/wp\/v2\/pages\/7336","targetHints":{"allow":["GET"]}}],"collection":[{"href":"https:\/\/dpmhk.cz\/en\/wp-json\/wp\/v2\/pages"}],"about":[{"href":"https:\/\/dpmhk.cz\/en\/wp-json\/wp\/v2\/types\/page"}],"author":[{"embeddable":true,"href":"https:\/\/dpmhk.cz\/en\/wp-json\/wp\/v2\/users\/4"}],"replies":[{"embeddable":true,"href":"https:\/\/dpmhk.cz\/en\/wp-json\/wp\/v2\/comments?post=7336"}],"version-history":[{"count":5,"href":"https:\/\/dpmhk.cz\/en\/wp-json\/wp\/v2\/pages\/7336\/revisions"}],"predecessor-version":[{"id":23220,"href":"https:\/\/dpmhk.cz\/en\/wp-json\/wp\/v2\/pages\/7336\/revisions\/23220"}],"up":[{"embeddable":true,"href":"https:\/\/dpmhk.cz\/en\/wp-json\/wp\/v2\/pages\/7047"}],"wp:attachment":[{"href":"https:\/\/dpmhk.cz\/en\/wp-json\/wp\/v2\/media?parent=7336"}],"curies":[{"name":"wp","href":"https:\/\/api.w.org\/{rel}","templated":true}]}}