{"id":7715,"date":"2025-11-20T08:23:22","date_gmt":"2025-11-20T07:23:22","guid":{"rendered":"https:\/\/www.dopravnipodnikhk.cz\/?page_id=7715"},"modified":"2026-02-27T07:50:26","modified_gmt":"2026-02-27T06:50:26","slug":"integrated-risk-management-system","status":"publish","type":"page","link":"https:\/\/dpmhk.cz\/en\/o-nas\/o-spolecnosti\/integrovany-system-rizeni\/","title":{"rendered":"Integrated management system"},"content":{"rendered":"<div data-elementor-type=\"wp-page\" data-elementor-id=\"7715\" class=\"elementor elementor-7715\" wpc-filter-elementor-widget=\"1\" data-elementor-post-type=\"page\">\n\t\t\t\t<div class=\"elementor-element elementor-element-0315f35 e-flex e-con-boxed e-con e-parent\" data-id=\"0315f35\" data-element_type=\"container\" data-e-type=\"container\">\n\t\t\t\t\t<div class=\"e-con-inner\">\n\t\t\t\t<div class=\"elementor-element elementor-element-c455651 elementor-widget elementor-widget-wp-widget-bcn_widget\" data-id=\"c455651\" data-element_type=\"widget\" data-e-type=\"widget\" data-widget_type=\"wp-widget-bcn_widget.default\">\n\t\t\t\t<div class=\"elementor-widget-container\">\n\t\t\t\t\t<nav aria-label=\"Breadcrumb\" class=\"breadcrumbs\" vocab=\"https:\/\/schema.org\/\" typeof=\"BreadcrumbList\"><span property=\"itemListElement\" typeof=\"ListItem\"><a property=\"item\" typeof=\"WebPage\" title=\"Go to the Hradec Kr\u00e1lov\u00e9 Transport Company.\" href=\"https:\/\/dpmhk.cz\/en\" class=\"home\" aria-current=\"page\"><span property=\"name\" class=\"sr-only\">Home<\/span><i class=\"fa fa-home\" aria-hidden=\"rute\"><\/i><\/a><meta property=\"position\" content=\"1\"><\/span><\/nav>\t\t\t\t<\/div>\n\t\t\t\t<\/div>\n\t\t\t\t\t<\/div>\n\t\t\t\t<\/div>\n\t\t<div class=\"elementor-element elementor-element-5925999 e-flex e-con-boxed e-con e-parent\" data-id=\"5925999\" data-element_type=\"container\" data-e-type=\"container\">\n\t\t\t\t\t<div class=\"e-con-inner\">\n\t\t\t\t<div class=\"elementor-element elementor-element-5b2390d elementor-widget__width-initial elementor-widget-mobile__width-initial elementor-widget elementor-widget-heading\" data-id=\"5b2390d\" data-element_type=\"widget\" data-e-type=\"widget\" data-widget_type=\"heading.default\">\n\t\t\t\t<div class=\"elementor-widget-container\">\n\t\t\t\t\t<h1 class=\"elementor-heading-title elementor-size-default\">ISO standards<\/h1>\t\t\t\t<\/div>\n\t\t\t\t<\/div>\n\t\t\t\t\t<\/div>\n\t\t\t\t<\/div>\n\t\t<div class=\"elementor-element elementor-element-ec5e3b3 e-flex e-con-boxed e-con e-parent\" data-id=\"ec5e3b3\" data-element_type=\"container\" data-e-type=\"container\">\n\t\t\t\t\t<div class=\"e-con-inner\">\n\t\t\t\t<div class=\"elementor-element elementor-element-5fdc752 elementor-widget__width-initial elementor-widget elementor-widget-text-editor\" data-id=\"5fdc752\" data-element_type=\"widget\" data-e-type=\"widget\" data-widget_type=\"text-editor.default\">\n\t\t\t\t<div class=\"elementor-widget-container\">\n\t\t\t\t\t\t\t\t\t<p>The main goal of the company Dopravn\u00ed podnik m\u011bsta Hradce Kr\u00e1lov\u00e9, a.s. is to provide quality and reliable services to its customers and passengers. Therefore, the company has implemented a quality management system according to the standard\u00a0<strong>ISO 9001<\/strong>for public transport, bus and trolleybus servicing and vehicle painting. Simultaneously with the introduction of the quality management system, the implementation of standards\u00a0<strong>ISO 14001<\/strong>to enhance environmental protection and\u00a0<strong>ISO 45001<\/strong>, which ensures standards of protection for its own employees, visitors and passengers against potential threats to their health.<\/p><p>The certification audit was performed by the accredited company CERT-ACO, s.r.o. on 27-28 June 2006. The aim of the established\u00a0<strong>Integrated management system\u00a0<\/strong>is the company's intention to provide a high level of quality service to its customers and passengers through professionally trained employees who have the required experience and knowledge. At the same time, not only legal but also other regulations are demonstrably complied with to protect the safety of employees and other stakeholders, as well as to protect the environment as much as possible. According to the above-mentioned standards, the certificate holder is obliged to demonstrate compliance with these standards on an annual basis and to continue to develop and improve the system.<\/p>\t\t\t\t\t\t\t\t<\/div>\n\t\t\t\t<\/div>\n\t\t\t\t\t<\/div>\n\t\t\t\t<\/div>\n\t\t<div class=\"elementor-element elementor-element-07268d0 e-flex e-con-boxed e-con e-parent\" data-id=\"07268d0\" data-element_type=\"container\" data-e-type=\"container\">\n\t\t\t\t\t<div class=\"e-con-inner\">\n\t\t\t\t<div class=\"elementor-element elementor-element-7b3d651 elementor-widget elementor-widget-heading\" data-id=\"7b3d651\" data-element_type=\"widget\" data-e-type=\"widget\" data-widget_type=\"heading.default\">\n\t\t\t\t<div class=\"elementor-widget-container\">\n\t\t\t\t\t<h2 class=\"elementor-heading-title elementor-size-default\">Downloads<\/h2>\t\t\t\t<\/div>\n\t\t\t\t<\/div>\n\t\t\t\t\t<\/div>\n\t\t\t\t<\/div>\n\t\t<div class=\"elementor-element elementor-element-42e2d0a e-flex e-con-boxed e-con e-parent\" data-id=\"42e2d0a\" data-element_type=\"container\" data-e-type=\"container\">\n\t\t\t\t\t<div class=\"e-con-inner\">\n\t\t<div class=\"elementor-element elementor-element-9dc70be e-con-full e-flex e-con e-child\" data-id=\"9dc70be\" data-element_type=\"container\" data-e-type=\"container\">\n\t\t\t\t<div class=\"elementor-element elementor-element-fdf6fd6 elementor-view-default elementor-widget elementor-widget-icon\" data-id=\"fdf6fd6\" data-element_type=\"widget\" data-e-type=\"widget\" data-widget_type=\"icon.default\">\n\t\t\t\t<div class=\"elementor-widget-container\">\n\t\t\t\t\t\t\t<div class=\"elementor-icon-wrapper\">\n\t\t\t<div class=\"elementor-icon\">\n\t\t\t<i aria-hidden=\"true\" class=\"far fa-file-pdf\"><\/i>\t\t\t<\/div>\n\t\t<\/div>\n\t\t\t\t\t\t<\/div>\n\t\t\t\t<\/div>\n\t\t\t\t<div class=\"elementor-element elementor-element-7c040e8 elementor-widget-mobile__width-initial elementor-widget elementor-widget-text-editor\" data-id=\"7c040e8\" data-element_type=\"widget\" data-e-type=\"widget\" data-widget_type=\"text-editor.default\">\n\t\t\t\t<div class=\"elementor-widget-container\">\n\t\t\t\t\t\t\t\t\t<p><a href=\"https:\/\/www.dpmhk.cz\/wp-content\/uploads\/2025\/11\/Strategicke_cile_2024_2027.pdf\">Strategic objectives 2024 - 2027<\/a><\/p>\t\t\t\t\t\t\t\t<\/div>\n\t\t\t\t<\/div>\n\t\t\t\t<\/div>\n\t\t<div class=\"elementor-element elementor-element-877dd86 e-con-full e-flex e-con e-child\" data-id=\"877dd86\" data-element_type=\"container\" data-e-type=\"container\">\n\t\t\t\t<div class=\"elementor-element elementor-element-7dff6b8 elementor-view-default elementor-widget elementor-widget-icon\" data-id=\"7dff6b8\" data-element_type=\"widget\" data-e-type=\"widget\" data-widget_type=\"icon.default\">\n\t\t\t\t<div class=\"elementor-widget-container\">\n\t\t\t\t\t\t\t<div class=\"elementor-icon-wrapper\">\n\t\t\t<div class=\"elementor-icon\">\n\t\t\t<i aria-hidden=\"true\" class=\"far fa-file-pdf\"><\/i>\t\t\t<\/div>\n\t\t<\/div>\n\t\t\t\t\t\t<\/div>\n\t\t\t\t<\/div>\n\t\t\t\t<div class=\"elementor-element elementor-element-0c0f57e elementor-widget-mobile__width-initial elementor-widget__width-initial elementor-widget elementor-widget-text-editor\" data-id=\"0c0f57e\" data-element_type=\"widget\" data-e-type=\"widget\" data-widget_type=\"text-editor.default\">\n\t\t\t\t<div class=\"elementor-widget-container\">\n\t\t\t\t\t\t\t\t\t<p><a href=\"https:\/\/www.dpmhk.cz\/wp-content\/uploads\/2025\/11\/Politika_a_cile_na_roky_2025_2027.pdf\">Policy and targets for 2025 - 2027<\/a><\/p>\t\t\t\t\t\t\t\t<\/div>\n\t\t\t\t<\/div>\n\t\t\t\t<\/div>\n\t\t<div class=\"elementor-element elementor-element-6f71e81 e-con-full e-flex e-con e-child\" data-id=\"6f71e81\" data-element_type=\"container\" data-e-type=\"container\">\n\t\t\t\t<div class=\"elementor-element elementor-element-bbd394e elementor-view-default elementor-widget elementor-widget-icon\" data-id=\"bbd394e\" data-element_type=\"widget\" data-e-type=\"widget\" data-widget_type=\"icon.default\">\n\t\t\t\t<div class=\"elementor-widget-container\">\n\t\t\t\t\t\t\t<div class=\"elementor-icon-wrapper\">\n\t\t\t<div class=\"elementor-icon\">\n\t\t\t<i aria-hidden=\"true\" class=\"far fa-file-pdf\"><\/i>\t\t\t<\/div>\n\t\t<\/div>\n\t\t\t\t\t\t<\/div>\n\t\t\t\t<\/div>\n\t\t\t\t<div class=\"elementor-element elementor-element-5f544f1 elementor-widget elementor-widget-text-editor\" data-id=\"5f544f1\" data-element_type=\"widget\" data-e-type=\"widget\" data-widget_type=\"text-editor.default\">\n\t\t\t\t<div class=\"elementor-widget-container\">\n\t\t\t\t\t\t\t\t\t<p><a href=\"https:\/\/www.dpmhk.cz\/wp-content\/uploads\/2025\/11\/Certifikat_ISO_9001.pdf\">ISO 9001:2015 certificate<\/a><\/p>\t\t\t\t\t\t\t\t<\/div>\n\t\t\t\t<\/div>\n\t\t\t\t<\/div>\n\t\t<div class=\"elementor-element elementor-element-e814868 e-con-full e-flex e-con e-child\" data-id=\"e814868\" data-element_type=\"container\" data-e-type=\"container\">\n\t\t\t\t<div class=\"elementor-element elementor-element-2226c88 elementor-view-default elementor-widget elementor-widget-icon\" data-id=\"2226c88\" data-element_type=\"widget\" data-e-type=\"widget\" data-widget_type=\"icon.default\">\n\t\t\t\t<div class=\"elementor-widget-container\">\n\t\t\t\t\t\t\t<div class=\"elementor-icon-wrapper\">\n\t\t\t<div class=\"elementor-icon\">\n\t\t\t<i aria-hidden=\"true\" class=\"far fa-file-pdf\"><\/i>\t\t\t<\/div>\n\t\t<\/div>\n\t\t\t\t\t\t<\/div>\n\t\t\t\t<\/div>\n\t\t\t\t<div class=\"elementor-element elementor-element-7f0ff76 elementor-widget elementor-widget-text-editor\" data-id=\"7f0ff76\" data-element_type=\"widget\" data-e-type=\"widget\" data-widget_type=\"text-editor.default\">\n\t\t\t\t<div class=\"elementor-widget-container\">\n\t\t\t\t\t\t\t\t\t<p><a href=\"https:\/\/www.dpmhk.cz\/wp-content\/uploads\/2025\/11\/Certifikat_ISO_14001.pdf\">ISO 14001:2015 certificate<\/a><\/p>\t\t\t\t\t\t\t\t<\/div>\n\t\t\t\t<\/div>\n\t\t\t\t<\/div>\n\t\t<div class=\"elementor-element elementor-element-dbe8bc3 e-con-full e-flex e-con e-child\" data-id=\"dbe8bc3\" data-element_type=\"container\" data-e-type=\"container\">\n\t\t\t\t<div class=\"elementor-element elementor-element-a0eaa7f elementor-view-default elementor-widget elementor-widget-icon\" data-id=\"a0eaa7f\" data-element_type=\"widget\" data-e-type=\"widget\" data-widget_type=\"icon.default\">\n\t\t\t\t<div class=\"elementor-widget-container\">\n\t\t\t\t\t\t\t<div class=\"elementor-icon-wrapper\">\n\t\t\t<div class=\"elementor-icon\">\n\t\t\t<i aria-hidden=\"true\" class=\"far fa-file-pdf\"><\/i>\t\t\t<\/div>\n\t\t<\/div>\n\t\t\t\t\t\t<\/div>\n\t\t\t\t<\/div>\n\t\t\t\t<div class=\"elementor-element elementor-element-3b64c28 elementor-widget elementor-widget-text-editor\" data-id=\"3b64c28\" data-element_type=\"widget\" data-e-type=\"widget\" data-widget_type=\"text-editor.default\">\n\t\t\t\t<div class=\"elementor-widget-container\">\n\t\t\t\t\t\t\t\t\t<p><a href=\"https:\/\/www.dpmhk.cz\/wp-content\/uploads\/2025\/11\/Certifikat_ISO_45001.pdf\">ISO 45001:2018 certificate<\/a><\/p>\t\t\t\t\t\t\t\t<\/div>\n\t\t\t\t<\/div>\n\t\t\t\t<\/div>\n\t\t\t\t\t<\/div>\n\t\t\t\t<\/div>\n\t\t\t\t<\/div>","protected":false},"excerpt":{"rendered":"<p>Normy ISO Hlavn\u00edm c\u00edlem spole\u010dnosti Dopravn\u00ed podnik m\u011bsta Hradce Kr\u00e1lov\u00e9, a.s. je poskytov\u00e1n\u00ed kvalitn\u00edch a spolehliv\u00fdch slu\u017eeb sv\u00fdm z\u00e1kazn\u00edk\u016fm a cestuj\u00edc\u00edm. Proto spole\u010dnost zavedla syst\u00e9m \u0159\u00edzen\u00ed jakosti podle normy\u00a0ISO 9001pro provozy m\u011bstsk\u00e1 hromadn\u00e1 doprava, servis autobus\u016f a trolejbus\u016f a lakov\u00e1n\u00ed vozidel. Sou\u010dasn\u011b se zaveden\u00edm syst\u00e9mu \u0159\u00edzen\u00ed kvality prob\u011bhla implementace norem\u00a0ISO 14001pro zv\u00fd\u0161en\u00ed ochrany \u017eivotn\u00edho prost\u0159ed\u00ed [&hellip;]<\/p>\n","protected":false},"author":4,"featured_media":0,"parent":5217,"menu_order":0,"comment_status":"closed","ping_status":"closed","template":"","meta":{"_acf_changed":false,"footnotes":""},"class_list":["post-7715","page","type-page","status-publish","hentry"],"acf":[],"yoast_head":"<!-- This site is optimized with the Yoast SEO Premium plugin v27.3 (Yoast SEO v27.3) - https:\/\/yoast.com\/product\/yoast-seo-premium-wordpress\/ -->\n<title>Integrovan\u00fd syst\u00e9m \u0159\u00edzen\u00ed - Dopravn\u00ed podnik m\u011bsta Hradce Kr\u00e1lov\u00e9<\/title>\n<meta name=\"description\" content=\"ISO syst\u00e9m \u0159\u00edzen\u00ed DPmHK \u2013 zaji\u0161t\u011bn\u00ed kvality, bezpe\u010dnosti a ochrany \u017eivotn\u00edho prost\u0159ed\u00ed p\u0159i provozu MHD a servisn\u00edch slu\u017eb\u00e1ch.\" \/>\n<meta name=\"robots\" content=\"index, follow, max-snippet:-1, max-image-preview:large, max-video-preview:-1\" \/>\n<link rel=\"canonical\" href=\"https:\/\/www.dpmhk.cz\/o-nas\/o-spolecnosti\/integrovany-system-rizeni\/\" \/>\n<meta property=\"og:locale\" content=\"en_US\" \/>\n<meta property=\"og:type\" content=\"article\" \/>\n<meta property=\"og:title\" content=\"Integrovan\u00fd syst\u00e9m \u0159\u00edzen\u00ed\" \/>\n<meta property=\"og:description\" content=\"ISO syst\u00e9m \u0159\u00edzen\u00ed DPmHK \u2013 zaji\u0161t\u011bn\u00ed kvality, bezpe\u010dnosti a ochrany \u017eivotn\u00edho prost\u0159ed\u00ed p\u0159i provozu MHD a servisn\u00edch slu\u017eb\u00e1ch.\" \/>\n<meta property=\"og:url\" content=\"https:\/\/www.dpmhk.cz\/o-nas\/o-spolecnosti\/integrovany-system-rizeni\/\" \/>\n<meta property=\"og:site_name\" content=\"Dopravn\u00ed podnik m\u011bsta Hradce Kr\u00e1lov\u00e9\" \/>\n<meta property=\"article:publisher\" content=\"https:\/\/www.facebook.com\/dopravnipodnikhk\/\" \/>\n<meta property=\"article:modified_time\" content=\"2026-02-27T06:50:26+00:00\" \/>\n<meta property=\"og:image\" content=\"https:\/\/dpmhk.cz\/wp-content\/uploads\/2025\/11\/dopravni-podnik-hk-oznacnik-zastavka.jpg\" \/>\n\t<meta property=\"og:image:width\" content=\"1600\" \/>\n\t<meta property=\"og:image:height\" content=\"1067\" \/>\n\t<meta property=\"og:image:type\" content=\"image\/jpeg\" \/>\n<meta name=\"twitter:card\" content=\"summary_large_image\" \/>\n<meta name=\"twitter:label1\" content=\"Est. reading time\" \/>\n\t<meta name=\"twitter:data1\" content=\"2 minutes\" \/>\n<script type=\"application\/ld+json\" class=\"yoast-schema-graph\">{\"@context\":\"https:\\\/\\\/schema.org\",\"@graph\":[{\"@type\":\"WebPage\",\"@id\":\"https:\\\/\\\/www.dpmhk.cz\\\/o-nas\\\/o-spolecnosti\\\/integrovany-system-rizeni\\\/\",\"url\":\"https:\\\/\\\/www.dpmhk.cz\\\/o-nas\\\/o-spolecnosti\\\/integrovany-system-rizeni\\\/\",\"name\":\"Integrovan\u00fd syst\u00e9m \u0159\u00edzen\u00ed - Dopravn\u00ed podnik m\u011bsta Hradce Kr\u00e1lov\u00e9\",\"isPartOf\":{\"@id\":\"https:\\\/\\\/www.dpmhk.cz\\\/cz\\\/#website\"},\"datePublished\":\"2025-11-20T07:23:22+00:00\",\"dateModified\":\"2026-02-27T06:50:26+00:00\",\"description\":\"ISO syst\u00e9m \u0159\u00edzen\u00ed DPmHK \u2013 zaji\u0161t\u011bn\u00ed kvality, bezpe\u010dnosti a ochrany \u017eivotn\u00edho prost\u0159ed\u00ed p\u0159i provozu MHD a servisn\u00edch slu\u017eb\u00e1ch.\",\"breadcrumb\":{\"@id\":\"https:\\\/\\\/www.dpmhk.cz\\\/o-nas\\\/o-spolecnosti\\\/integrovany-system-rizeni\\\/#breadcrumb\"},\"inLanguage\":\"en-US\",\"potentialAction\":[{\"@type\":\"ReadAction\",\"target\":[\"https:\\\/\\\/www.dpmhk.cz\\\/o-nas\\\/o-spolecnosti\\\/integrovany-system-rizeni\\\/\"]}]},{\"@type\":\"BreadcrumbList\",\"@id\":\"https:\\\/\\\/www.dpmhk.cz\\\/o-nas\\\/o-spolecnosti\\\/integrovany-system-rizeni\\\/#breadcrumb\",\"itemListElement\":[{\"@type\":\"ListItem\",\"position\":1,\"name\":\"Dom\u016f\",\"item\":\"https:\\\/\\\/www.dpmhk.cz\\\/cz\\\/\"},{\"@type\":\"ListItem\",\"position\":2,\"name\":\"O n\u00e1s\",\"item\":\"https:\\\/\\\/www.dpmhk.cz\\\/cz\\\/o-nas\\\/\"},{\"@type\":\"ListItem\",\"position\":3,\"name\":\"O spole\u010dnosti\",\"item\":\"https:\\\/\\\/www.dpmhk.cz\\\/cz\\\/o-nas\\\/o-spolecnosti\\\/\"},{\"@type\":\"ListItem\",\"position\":4,\"name\":\"Integrovan\u00fd syst\u00e9m \u0159\u00edzen\u00ed\"}]},{\"@type\":\"WebSite\",\"@id\":\"https:\\\/\\\/www.dpmhk.cz\\\/cz\\\/#website\",\"url\":\"https:\\\/\\\/www.dpmhk.cz\\\/cz\\\/\",\"name\":\"Dopravn\u00ed podnik m\u011bsta Hradce Kr\u00e1lov\u00e9\",\"description\":\"Ofici\u00e1ln\u00ed webov\u00e9 str\u00e1nky\",\"publisher\":{\"@id\":\"https:\\\/\\\/www.dpmhk.cz\\\/cz\\\/#organization\"},\"alternateName\":\"Dopravn\u00ed podnik m\u011bsta Hradce Kr\u00e1lov\u00e9\",\"potentialAction\":[{\"@type\":\"SearchAction\",\"target\":{\"@type\":\"EntryPoint\",\"urlTemplate\":\"https:\\\/\\\/www.dpmhk.cz\\\/cz\\\/?s={search_term_string}\"},\"query-input\":{\"@type\":\"PropertyValueSpecification\",\"valueRequired\":true,\"valueName\":\"search_term_string\"}}],\"inLanguage\":\"en-US\"},{\"@type\":[\"Organization\",\"Place\"],\"@id\":\"https:\\\/\\\/www.dpmhk.cz\\\/cz\\\/#organization\",\"name\":\"Dopravn\u00ed podnik m\u011bsta Hradce Kr\u00e1lov\u00e9, a.s.\",\"alternateName\":\"DPmHK\",\"url\":\"https:\\\/\\\/www.dpmhk.cz\\\/cz\\\/\",\"logo\":{\"@id\":\"https:\\\/\\\/www.dpmhk.cz\\\/o-nas\\\/o-spolecnosti\\\/integrovany-system-rizeni\\\/#local-main-organization-logo\"},\"image\":{\"@id\":\"https:\\\/\\\/www.dpmhk.cz\\\/o-nas\\\/o-spolecnosti\\\/integrovany-system-rizeni\\\/#local-main-organization-logo\"},\"sameAs\":[\"https:\\\/\\\/www.facebook.com\\\/dopravnipodnikhk\\\/\",\"https:\\\/\\\/www.instagram.com\\\/dopravnipodnikhk\\\/\",\"https:\\\/\\\/www.youtube.com\\\/@dopravnipodnik-hk\"],\"legalName\":\"Dopravn\u00ed podnik m\u011bsta Hradce Kr\u00e1lov\u00e9, a.s.\",\"foundingDate\":\"1948-04-26\",\"numberOfEmployees\":{\"@type\":\"QuantitativeValue\",\"minValue\":\"201\",\"maxValue\":\"500\"},\"ownershipFundingInfo\":\"https:\\\/\\\/www.dpmhk.cz\\\/cz\\\/o-nas\\\/o-spolecnosti\\\/\",\"actionableFeedbackPolicy\":\"https:\\\/\\\/www.dpmhk.cz\\\/cz\\\/o-nas\\\/dokumenty-formulare\\\/\",\"ethicsPolicy\":\"https:\\\/\\\/www.dpmhk.cz\\\/cz\\\/o-nas\\\/o-spolecnosti\\\/\",\"diversityStaffingReport\":\"https:\\\/\\\/www.dpmhk.cz\\\/cz\\\/kariera\\\/\",\"address\":{\"@id\":\"https:\\\/\\\/www.dpmhk.cz\\\/o-nas\\\/o-spolecnosti\\\/integrovany-system-rizeni\\\/#local-main-place-address\"},\"telephone\":[\"+420 495 089 271\",\"+420 495 546 095\"],\"contactPoint\":{\"@type\":\"ContactPoint\",\"email\":\"info@dpmhk.cz\"},\"openingHoursSpecification\":[{\"@type\":\"OpeningHoursSpecification\",\"dayOfWeek\":[\"Monday\",\"Wednesday\"],\"opens\":\"07:00\",\"closes\":\"17:00\"},{\"@type\":\"OpeningHoursSpecification\",\"dayOfWeek\":[\"Tuesday\",\"Thursday\"],\"opens\":\"07:00\",\"closes\":\"16:30\"},{\"@type\":\"OpeningHoursSpecification\",\"dayOfWeek\":[\"Friday\"],\"opens\":\"07:00\",\"closes\":\"15:00\"},{\"@type\":\"OpeningHoursSpecification\",\"dayOfWeek\":[\"Saturday\",\"Sunday\"],\"opens\":\"00:00\",\"closes\":\"00:00\"}],\"vatID\":\"CZ25267213\",\"taxID\":\"25267213\"},{\"@type\":\"PostalAddress\",\"@id\":\"https:\\\/\\\/www.dpmhk.cz\\\/o-nas\\\/o-spolecnosti\\\/integrovany-system-rizeni\\\/#local-main-place-address\",\"streetAddress\":\"Pouchovsk\u00e1 153\",\"addressLocality\":\"Hradec Kr\u00e1lov\u00e9\",\"postalCode\":\"500 03\",\"addressRegion\":\"Aktivn\u00ed\",\"addressCountry\":\"CZ\"},{\"@type\":\"ImageObject\",\"inLanguage\":\"en-US\",\"@id\":\"https:\\\/\\\/www.dpmhk.cz\\\/o-nas\\\/o-spolecnosti\\\/integrovany-system-rizeni\\\/#local-main-organization-logo\",\"url\":\"https:\\\/\\\/dpmhk.cz\\\/wp-content\\\/uploads\\\/2025\\\/11\\\/DP_HK_Logo_cerne2025-1.svg\",\"contentUrl\":\"https:\\\/\\\/dpmhk.cz\\\/wp-content\\\/uploads\\\/2025\\\/11\\\/DP_HK_Logo_cerne2025-1.svg\",\"width\":123,\"height\":60,\"caption\":\"Dopravn\u00ed podnik m\u011bsta Hradce Kr\u00e1lov\u00e9, a.s.\"}]}<\/script>\n<meta name=\"geo.placename\" content=\"Hradec Kr\u00e1lov\u00e9\" \/>\n<meta name=\"geo.region\" content=\"Czech Republic\" \/>\n<!-- \/ Yoast SEO Premium plugin. -->","yoast_head_json":{"title":"Integrated Management System - Hradec Kr\u00e1lov\u00e9 City Transport Company","description":"ISO management system DPmHK - ensuring quality, safety and environmental protection in public transport operation and services.","robots":{"index":"index","follow":"follow","max-snippet":"max-snippet:-1","max-image-preview":"max-image-preview:large","max-video-preview":"max-video-preview:-1"},"canonical":"https:\/\/www.dpmhk.cz\/o-nas\/o-spolecnosti\/integrovany-system-rizeni\/","og_locale":"en_US","og_type":"article","og_title":"Integrovan\u00fd syst\u00e9m \u0159\u00edzen\u00ed","og_description":"ISO syst\u00e9m \u0159\u00edzen\u00ed DPmHK \u2013 zaji\u0161t\u011bn\u00ed kvality, bezpe\u010dnosti a ochrany \u017eivotn\u00edho prost\u0159ed\u00ed p\u0159i provozu MHD a servisn\u00edch slu\u017eb\u00e1ch.","og_url":"https:\/\/www.dpmhk.cz\/o-nas\/o-spolecnosti\/integrovany-system-rizeni\/","og_site_name":"Dopravn\u00ed podnik m\u011bsta Hradce Kr\u00e1lov\u00e9","article_publisher":"https:\/\/www.facebook.com\/dopravnipodnikhk\/","article_modified_time":"2026-02-27T06:50:26+00:00","og_image":[{"width":1600,"height":1067,"url":"https:\/\/dpmhk.cz\/wp-content\/uploads\/2025\/11\/dopravni-podnik-hk-oznacnik-zastavka.jpg","type":"image\/jpeg"}],"twitter_card":"summary_large_image","twitter_misc":{"Est. reading time":"2 minutes"},"schema":{"@context":"https:\/\/schema.org","@graph":[{"@type":"WebPage","@id":"https:\/\/www.dpmhk.cz\/o-nas\/o-spolecnosti\/integrovany-system-rizeni\/","url":"https:\/\/www.dpmhk.cz\/o-nas\/o-spolecnosti\/integrovany-system-rizeni\/","name":"Integrated Management System - Hradec Kr\u00e1lov\u00e9 City Transport Company","isPartOf":{"@id":"https:\/\/www.dpmhk.cz\/cz\/#website"},"datePublished":"2025-11-20T07:23:22+00:00","dateModified":"2026-02-27T06:50:26+00:00","description":"ISO management system DPmHK - ensuring quality, safety and environmental protection in public transport operation and services.","breadcrumb":{"@id":"https:\/\/www.dpmhk.cz\/o-nas\/o-spolecnosti\/integrovany-system-rizeni\/#breadcrumb"},"inLanguage":"en-US","potentialAction":[{"@type":"ReadAction","target":["https:\/\/www.dpmhk.cz\/o-nas\/o-spolecnosti\/integrovany-system-rizeni\/"]}]},{"@type":"BreadcrumbList","@id":"https:\/\/www.dpmhk.cz\/o-nas\/o-spolecnosti\/integrovany-system-rizeni\/#breadcrumb","itemListElement":[{"@type":"ListItem","position":1,"name":"Dom\u016f","item":"https:\/\/www.dpmhk.cz\/cz\/"},{"@type":"ListItem","position":2,"name":"O n\u00e1s","item":"https:\/\/www.dpmhk.cz\/cz\/o-nas\/"},{"@type":"ListItem","position":3,"name":"O spole\u010dnosti","item":"https:\/\/www.dpmhk.cz\/cz\/o-nas\/o-spolecnosti\/"},{"@type":"ListItem","position":4,"name":"Integrovan\u00fd syst\u00e9m \u0159\u00edzen\u00ed"}]},{"@type":"WebSite","@id":"https:\/\/www.dpmhk.cz\/cz\/#website","url":"https:\/\/www.dpmhk.cz\/cz\/","name":"Hradec Kr\u00e1lov\u00e9 City Transport Company","description":"Official website","publisher":{"@id":"https:\/\/www.dpmhk.cz\/cz\/#organization"},"alternateName":"Dopravn\u00ed podnik m\u011bsta Hradce Kr\u00e1lov\u00e9","potentialAction":[{"@type":"SearchAction","target":{"@type":"EntryPoint","urlTemplate":"https:\/\/www.dpmhk.cz\/cz\/?s={search_term_string}"},"query-input":{"@type":"PropertyValueSpecification","valueRequired":true,"valueName":"search_term_string"}}],"inLanguage":"en-US"},{"@type":["Organization","Place"],"@id":"https:\/\/www.dpmhk.cz\/cz\/#organization","name":"Hradec Kr\u00e1lov\u00e9 City Transport Company, a.s.","alternateName":"DPmHK","url":"https:\/\/www.dpmhk.cz\/cz\/","logo":{"@id":"https:\/\/www.dpmhk.cz\/o-nas\/o-spolecnosti\/integrovany-system-rizeni\/#local-main-organization-logo"},"image":{"@id":"https:\/\/www.dpmhk.cz\/o-nas\/o-spolecnosti\/integrovany-system-rizeni\/#local-main-organization-logo"},"sameAs":["https:\/\/www.facebook.com\/dopravnipodnikhk\/","https:\/\/www.instagram.com\/dopravnipodnikhk\/","https:\/\/www.youtube.com\/@dopravnipodnik-hk"],"legalName":"Dopravn\u00ed podnik m\u011bsta Hradce Kr\u00e1lov\u00e9, a.s.","foundingDate":"1948-04-26","numberOfEmployees":{"@type":"QuantitativeValue","minValue":"201","maxValue":"500"},"ownershipFundingInfo":"https:\/\/www.dpmhk.cz\/cz\/o-nas\/o-spolecnosti\/","actionableFeedbackPolicy":"https:\/\/www.dpmhk.cz\/cz\/o-nas\/dokumenty-formulare\/","ethicsPolicy":"https:\/\/www.dpmhk.cz\/cz\/o-nas\/o-spolecnosti\/","diversityStaffingReport":"https:\/\/www.dpmhk.cz\/cz\/kariera\/","address":{"@id":"https:\/\/www.dpmhk.cz\/o-nas\/o-spolecnosti\/integrovany-system-rizeni\/#local-main-place-address"},"telephone":["+420 495 089 271","+420 495 546 095"],"contactPoint":{"@type":"ContactPoint","email":"info@dpmhk.cz"},"openingHoursSpecification":[{"@type":"OpeningHoursSpecification","dayOfWeek":["Monday","Wednesday"],"opens":"07:00","closes":"17:00"},{"@type":"OpeningHoursSpecification","dayOfWeek":["Tuesday","Thursday"],"opens":"07:00","closes":"16:30"},{"@type":"OpeningHoursSpecification","dayOfWeek":["Friday"],"opens":"07:00","closes":"15:00"},{"@type":"OpeningHoursSpecification","dayOfWeek":["Saturday","Sunday"],"opens":"00:00","closes":"00:00"}],"vatID":"CZ25267213","taxID":"25267213"},{"@type":"PostalAddress","@id":"https:\/\/www.dpmhk.cz\/o-nas\/o-spolecnosti\/integrovany-system-rizeni\/#local-main-place-address","streetAddress":"Pouchovsk\u00e1 153","addressLocality":"Hradec Kr\u00e1lov\u00e9","postalCode":"500 03","addressRegion":"Aktivn\u00ed","addressCountry":"CZ"},{"@type":"ImageObject","inLanguage":"en-US","@id":"https:\/\/www.dpmhk.cz\/o-nas\/o-spolecnosti\/integrovany-system-rizeni\/#local-main-organization-logo","url":"https:\/\/dpmhk.cz\/wp-content\/uploads\/2025\/11\/DP_HK_Logo_cerne2025-1.svg","contentUrl":"https:\/\/dpmhk.cz\/wp-content\/uploads\/2025\/11\/DP_HK_Logo_cerne2025-1.svg","width":123,"height":60,"caption":"Dopravn\u00ed podnik m\u011bsta Hradce Kr\u00e1lov\u00e9, a.s."}]},"geo.placename":"Hradec Kr\u00e1lov\u00e9","geo.region":"Czech Republic"},"_links":{"self":[{"href":"https:\/\/dpmhk.cz\/en\/wp-json\/wp\/v2\/pages\/7715","targetHints":{"allow":["GET"]}}],"collection":[{"href":"https:\/\/dpmhk.cz\/en\/wp-json\/wp\/v2\/pages"}],"about":[{"href":"https:\/\/dpmhk.cz\/en\/wp-json\/wp\/v2\/types\/page"}],"author":[{"embeddable":true,"href":"https:\/\/dpmhk.cz\/en\/wp-json\/wp\/v2\/users\/4"}],"replies":[{"embeddable":true,"href":"https:\/\/dpmhk.cz\/en\/wp-json\/wp\/v2\/comments?post=7715"}],"version-history":[{"count":5,"href":"https:\/\/dpmhk.cz\/en\/wp-json\/wp\/v2\/pages\/7715\/revisions"}],"predecessor-version":[{"id":20017,"href":"https:\/\/dpmhk.cz\/en\/wp-json\/wp\/v2\/pages\/7715\/revisions\/20017"}],"up":[{"embeddable":true,"href":"https:\/\/dpmhk.cz\/en\/wp-json\/wp\/v2\/pages\/5217"}],"wp:attachment":[{"href":"https:\/\/dpmhk.cz\/en\/wp-json\/wp\/v2\/media?parent=7715"}],"curies":[{"name":"wp","href":"https:\/\/api.w.org\/{rel}","templated":true}]}}